{"id":4990,"date":"2018-10-04T05:14:57","date_gmt":"2018-10-04T03:14:57","guid":{"rendered":"https:\/\/paxspain.com\/inicio\/"},"modified":"2025-11-13T13:14:21","modified_gmt":"2025-11-13T12:14:21","slug":"inicio","status":"publish","type":"page","link":"https:\/\/paxspain.com\/es\/","title":{"rendered":"Inicio"},"content":{"rendered":"<p>[et_pb_section fb_built=\u00bb1&#8243; fullwidth=\u00bbon\u00bb _builder_version=\u00bb4.24.2&#8243; _module_preset=\u00bbdefault\u00bb global_colors_info=\u00bb{}\u00bb][et_pb_fullwidth_header _builder_version=\u00bb4.24.2&#8243; _module_preset=\u00bbdefault\u00bb min_height=\u00bb70px\u00bb custom_padding=\u00bb25px||4px|||\u00bb global_colors_info=\u00bb{}\u00bb][\/et_pb_fullwidth_header][\/et_pb_section][et_pb_section fb_built=\u00bb1&#8243; fullwidth=\u00bbon\u00bb _builder_version=\u00bb4.24.2&#8243; _module_preset=\u00bbdefault\u00bb global_colors_info=\u00bb{}\u00bb][et_pb_fullwidth_slider use_bg_overlay=\u00bbon\u00bb bg_overlay_color=\u00bb#000000&#8243; use_text_overlay=\u00bboff\u00bb _builder_version=\u00bb4.27.4&#8243; _module_preset=\u00bbdefault\u00bb header_text_align=\u00bbcenter\u00bb body_text_align=\u00bbcenter\u00bb body_font_size=\u00bb20px\u00bb background_image=\u00bbhttps:\/\/paxspain.com\/wp-content\/uploads\/2023\/04\/b52780d2-b66c-4e89-af95-ee54f9a8191c.jpeg\u00bb module_alignment=\u00bbcenter\u00bb content_width_tablet=\u00bb90%\u00bb content_width_phone=\u00bb99%\u00bb content_width_last_edited=\u00bbon|phone\u00bb min_height=\u00bb58vh\u00bb min_height_tablet=\u00bb55vh\u00bb min_height_phone=\u00bb67vh\u00bb min_height_last_edited=\u00bbon|phone\u00bb custom_css_slide_description=\u00bbmax-width:900px;\u00bb global_colors_info=\u00bb{}\u00bb custom_css_slide_description_last_edited=\u00bboff|tablet\u00bb][et_pb_slide heading=\u00bbVentilair Group\u00bb button_text=\u00bbComprar ahora\u00bb button_link=\u00bb#shop\u00bb use_bg_overlay=\u00bboff\u00bb use_text_overlay=\u00bbon\u00bb _builder_version=\u00bb4.27.4&#8243; _module_preset=\u00bbdefault\u00bb body_text_align=\u00bbcenter\u00bb background_image=\u00bbhttps:\/\/paxspain.com\/wp-content\/uploads\/2023\/04\/d8ce7c49-5a35-47a0-8b5e-003747b76971.jpeg\u00bb background_enable_image=\u00bbon\u00bb text_orientation=\u00bbcenter\u00bb width_last_edited=\u00bboff|desktop\u00bb max_width=\u00bb800px\u00bb max_width_tablet=\u00bb76%\u00bb max_width_last_edited=\u00bboff|phone\u00bb display_conditions=\u00bbW3siaWQiOiIyZDBjZTBmNy1mZWY5LTRkMDMtOGZlNS1lMmFhMjRhNjQ3NjYiLCJjb25kaXRpb24iOiJkYXRlVGltZSIsImNvbmRpdGlvblNldHRpbmdzIjp7ImRpc3BsYXlSdWxlIjoiaXNBZnRlciIsImRhdGUiOiIyMDIzLTEyLTIxIiwidGltZSI6IjAwOjAxIiwid2Vla2RheXMiOiJ8IiwiYWxsRGF5Ijoib24iLCJmcm9tVGltZSI6IjAwOjAwIiwidW50aWxUaW1lIjoiMDA6MDAiLCJyZXBlYXQiOiJvZmYiLCJyZXBlYXRGcmVxdWVuY3kiOiJtb250aGx5IiwicmVwZWF0RnJlcXVlbmN5U3BlY2lmaWNEYXlzIjoid2Vla2x5IiwicmVwZWF0RW5kIjoibmV2ZXIiLCJyZXBlYXRVbnRpbERhdGUiOiIyMDIzLTExLTE3IiwicmVwZWF0VGltZXMiOiIzIiwiYWRtaW5MYWJlbCI6IkRhdGUgJiBUaW1lIiwiZW5hYmxlQ29uZGl0aW9uIjoib24ifSwib3BlcmF0b3IiOiJPUiJ9XQ==\u00bb header_font_size_tablet=\u00bb43px\u00bb header_font_size_phone=\u00bb35px\u00bb header_font_size_last_edited=\u00bbon|tablet\u00bb body_font_size_tablet=\u00bb\u00bb body_font_size_phone=\u00bb15px\u00bb body_font_size_last_edited=\u00bbon|desktop\u00bb global_colors_info=\u00bb{}\u00bb custom_css_slide_container_last_edited=\u00bboff|desktop\u00bb sticky_transition=\u00bbon\u00bb]<\/p>\n<p>Suministro de productos de ventilaci\u00f3n innovadores e inteligentes y una magn\u00edfica gama de calentadores de toallas el\u00e9ctricos.<\/p>\n<p>[\/et_pb_slide][et_pb_slide heading=\u00bbPAX Spain\u00bb button_text=\u00bbComprar ahora\u00bb button_link=\u00bb#shop\u00bb use_bg_overlay=\u00bboff\u00bb use_text_overlay=\u00bbon\u00bb _builder_version=\u00bb4.27.4&#8243; _module_preset=\u00bbdefault\u00bb body_text_align=\u00bbcenter\u00bb background_image=\u00bbhttps:\/\/paxspain.com\/wp-content\/uploads\/2023\/04\/216ef62c-561e-4479-8a39-476e000d87de.jpeg\u00bb background_enable_image=\u00bbon\u00bb text_orientation=\u00bbcenter\u00bb width_last_edited=\u00bboff|desktop\u00bb max_width=\u00bb800px\u00bb max_width_tablet=\u00bb76%\u00bb max_width_last_edited=\u00bboff|phone\u00bb display_conditions=\u00bbW3siaWQiOiIyZDBjZTBmNy1mZWY5LTRkMDMtOGZlNS1lMmFhMjRhNjQ3NjYiLCJjb25kaXRpb24iOiJkYXRlVGltZSIsImNvbmRpdGlvblNldHRpbmdzIjp7ImRpc3BsYXlSdWxlIjoiaXNBZnRlciIsImRhdGUiOiIyMDIzLTEyLTIxIiwidGltZSI6IjAwOjAxIiwid2Vla2RheXMiOiJ8IiwiYWxsRGF5Ijoib24iLCJmcm9tVGltZSI6IjAwOjAwIiwidW50aWxUaW1lIjoiMDA6MDAiLCJyZXBlYXQiOiJvZmYiLCJyZXBlYXRGcmVxdWVuY3kiOiJtb250aGx5IiwicmVwZWF0RnJlcXVlbmN5U3BlY2lmaWNEYXlzIjoid2Vla2x5IiwicmVwZWF0RW5kIjoibmV2ZXIiLCJyZXBlYXRVbnRpbERhdGUiOiIyMDIzLTExLTE3IiwicmVwZWF0VGltZXMiOiIzIiwiYWRtaW5MYWJlbCI6IkRhdGUgJiBUaW1lIiwiZW5hYmxlQ29uZGl0aW9uIjoib24ifSwib3BlcmF0b3IiOiJPUiJ9XQ==\u00bb header_font_size_tablet=\u00bb43px\u00bb header_font_size_phone=\u00bb35px\u00bb header_font_size_last_edited=\u00bbon|tablet\u00bb body_font_size_tablet=\u00bb\u00bb body_font_size_phone=\u00bb15px\u00bb body_font_size_last_edited=\u00bbon|desktop\u00bb global_colors_info=\u00bb{}\u00bb custom_css_slide_container_last_edited=\u00bboff|desktop\u00bb sticky_transition=\u00bbon\u00bb]<\/p>\n<p>Ventilair Group es el proveedor exclusivo de productos de ventilaci\u00f3n y calentadores de toallas Pax en Espa\u00f1a y Portugal.<\/p>\n<p>[\/et_pb_slide][\/et_pb_fullwidth_slider][\/et_pb_section][et_pb_section fb_built=\u00bb1&#8243; _builder_version=\u00bb4.24.2&#8243; _module_preset=\u00bbdefault\u00bb custom_padding=\u00bb||14px|||\u00bb global_colors_info=\u00bb{}\u00bb][et_pb_row column_structure=\u00bb1_5,3_5,1_5&#8243; _builder_version=\u00bb4.20.4&#8243; _module_preset=\u00bbdefault\u00bb global_colors_info=\u00bb{}\u00bb][et_pb_column type=\u00bb1_5&#8243; _builder_version=\u00bb4.20.4&#8243; _module_preset=\u00bbdefault\u00bb global_colors_info=\u00bb{}\u00bb][\/et_pb_column][et_pb_column type=\u00bb3_5&#8243; _builder_version=\u00bb4.20.4&#8243; _module_preset=\u00bbdefault\u00bb global_colors_info=\u00bb{}\u00bb][et_pb_text _builder_version=\u00bb4.24.2&#8243; _module_preset=\u00bbdefault\u00bb text_orientation=\u00bbcenter\u00bb global_colors_info=\u00bb{}\u00bb]<\/p>\n<h1>BIENVENIDOS A VENTILAIR GROUP y su comercio electr\u00f3nico &#8211; Pax Spain<\/h1>\n<p>[\/et_pb_text][et_pb_text _builder_version=\u00bb4.20.4&#8243; _module_preset=\u00bbdefault\u00bb header_3_font_size=\u00bb19px\u00bb text_orientation=\u00bbcenter\u00bb custom_margin=\u00bb||11px|||\u00bb global_colors_info=\u00bb{}\u00bb]<\/p>\n<h3> Podr\u00e1s encontrar y comprar online una amplia selecci\u00f3n de sistemas de ventilaci\u00f3n y toalleros el\u00e9ctricos para hacer del lugar donde vives, trabajas o estudias un rinc\u00f3n m\u00e1s saludable.<\/h3>\n<p>[\/et_pb_text][et_pb_text _builder_version=\u00bb4.27.4&#8243; _module_preset=\u00bbdefault\u00bb text_font_size=\u00bb18px\u00bb text_orientation=\u00bbcenter\u00bb global_colors_info=\u00bb{}\u00bb]<\/p>\n<p><strong>Ventilair Group<\/strong> es un distribuidor y proveedor directo de productos l\u00edderes, como <strong>Pax<\/strong>, <strong>Fresh<\/strong>, <strong>Tempra<\/strong>, y <strong>Vent-Axia<\/strong>, de la firma <strong>Volution Group<\/strong> de Suecia y Reino Unido, reconocidos fabricantes, junto con <strong>BSK<\/strong>, que lleva la l\u00ednea de <strong>Zephyr<\/strong>, <strong>Scholar<\/strong>, <strong>Purifa<\/strong>, entre otros, y tambi\u00e9n un referente en tecnolog\u00eda de \u00faltima generaci\u00f3n.  <\/p>\n<p><strong>Ventilair Group<\/strong> se permite ofrecerte soluciones innovadoras en ventilaci\u00f3n, asegurando calidad, eficiencia y bienestar en cada espacio.<\/p>\n<p>[\/et_pb_text][\/et_pb_column][et_pb_column type=\u00bb1_5&#8243; _builder_version=\u00bb4.20.4&#8243; _module_preset=\u00bbdefault\u00bb global_colors_info=\u00bb{}\u00bb][\/et_pb_column][\/et_pb_row][\/et_pb_section][et_pb_section fb_built=\u00bb1&#8243; module_id=\u00bbtienda\u00bb _builder_version=\u00bb4.24.2&#8243; _module_preset=\u00bbdefault\u00bb custom_margin=\u00bb4px|||||\u00bb custom_padding=\u00bb||7px|||\u00bb global_colors_info=\u00bb{}\u00bb][et_pb_row _builder_version=\u00bb4.20.4&#8243; _module_preset=\u00bbdefault\u00bb global_colors_info=\u00bb{}\u00bb][et_pb_column type=\u00bb4_4&#8243; _builder_version=\u00bb4.20.4&#8243; _module_preset=\u00bbdefault\u00bb global_colors_info=\u00bb{}\u00bb][et_pb_text _builder_version=\u00bb4.20.4&#8243; _module_preset=\u00bbdefault\u00bb global_colors_info=\u00bb{}\u00bb]<\/p>\n<h2>NUESTROS PRODUCTOS<\/h2>\n<p>[\/et_pb_text][et_pb_code _builder_version=\u00bb4.27.4&#8243; _module_preset=\u00bbdefault\u00bb global_colors_info=\u00bb{}\u00bb]<div class=\"woocommerce columns-4\"><ul class=\"products columns-4\">\n<li class=\"product-category product first\">\n\t<a aria-label=\"Visitar la categor\u00eda de producto Calienta toallas\" href=\"https:\/\/paxspain.com\/es\/category\/calienta-toallas\/\"><img decoding=\"async\" src=\"https:\/\/paxspain.com\/wp-content\/uploads\/2023\/04\/Flex-U_bathroom_digital_jpg-e1680731678810-300x300.jpeg\" alt=\"Calienta toallas\" width=\"300\" height=\"\" \/>\t\t<h2 class=\"woocommerce-loop-category__title\">\n\t\t\tCalienta toallas <mark class=\"count\">(54)<\/mark>\t\t<\/h2>\n\t\t<\/a><\/li>\n<li class=\"product-category product\">\n\t<a aria-label=\"Visitar la categor\u00eda de producto Deshumidificadores\" href=\"https:\/\/paxspain.com\/es\/category\/deshumidificadores\/\"><img decoding=\"async\" src=\"https:\/\/paxspain.com\/wp-content\/uploads\/2023\/10\/dehumidifiers-paxspain-300x300.jpg\" alt=\"Deshumidificadores\" width=\"300\" height=\"\" \/>\t\t<h2 class=\"woocommerce-loop-category__title\">\n\t\t\tDeshumidificadores <mark class=\"count\">(3)<\/mark>\t\t<\/h2>\n\t\t<\/a><\/li>\n<li class=\"product-category product\">\n\t<a aria-label=\"Visitar la categor\u00eda de producto Edici\u00f3n Negra\" href=\"https:\/\/paxspain.com\/es\/category\/edicion-negra\/\"><img decoding=\"async\" src=\"https:\/\/paxspain.com\/wp-content\/uploads\/2023\/04\/Toppslider_Pax_BlackEdition_1920x600-e1680733470616-300x300.jpeg\" alt=\"Edici\u00f3n Negra\" width=\"300\" height=\"\" \/>\t\t<h2 class=\"woocommerce-loop-category__title\">\n\t\t\tEdici\u00f3n Negra <mark class=\"count\">(16)<\/mark>\t\t<\/h2>\n\t\t<\/a><\/li>\n<li class=\"product-category product last\">\n\t<a aria-label=\"Visitar la categor\u00eda de producto PAX EOS\" href=\"https:\/\/paxspain.com\/es\/category\/pax-eos-es\/\"><img decoding=\"async\" src=\"https:\/\/paxspain.com\/wp-content\/uploads\/2023\/10\/PAX-Eos-100H-paxspain06-300x300.jpeg\" alt=\"PAX EOS\" width=\"300\" height=\"\" \/>\t\t<h2 class=\"woocommerce-loop-category__title\">\n\t\t\tPAX EOS <mark class=\"count\">(2)<\/mark>\t\t<\/h2>\n\t\t<\/a><\/li>\n<li class=\"product-category product first\">\n\t<a aria-label=\"Visitar la categor\u00eda de producto Productos de ventilaci\u00f3n\" href=\"https:\/\/paxspain.com\/es\/category\/productos-de-ventilacion\/\"><img decoding=\"async\" src=\"https:\/\/paxspain.com\/wp-content\/uploads\/2023\/04\/maxresdefault-e1680732127467-300x300.jpg\" alt=\"Productos de ventilaci\u00f3n\" width=\"300\" height=\"\" \/>\t\t<h2 class=\"woocommerce-loop-category__title\">\n\t\t\tProductos de ventilaci\u00f3n <mark class=\"count\">(12)<\/mark>\t\t<\/h2>\n\t\t<\/a><\/li>\n<li class=\"product-category product\">\n\t<a aria-label=\"Visitar la categor\u00eda de producto Purificadores de aire\" href=\"https:\/\/paxspain.com\/es\/category\/purificadores-de-aire\/\"><img decoding=\"async\" src=\"https:\/\/paxspain.com\/wp-content\/uploads\/2025\/08\/Purifa-airflow-300x300.jpg\" alt=\"Purificadores de aire\" width=\"300\" height=\"\" \/>\t\t<h2 class=\"woocommerce-loop-category__title\">\n\t\t\tPurificadores de aire <mark class=\"count\">(3)<\/mark>\t\t<\/h2>\n\t\t<\/a><\/li>\n<li class=\"product-category product\">\n\t<a aria-label=\"Visitar la categor\u00eda de producto Recuperaci\u00f3n Descentralizada de Calor\" href=\"https:\/\/paxspain.com\/es\/category\/recuperacion-descentralizada-de-calor\/\"><img decoding=\"async\" src=\"https:\/\/paxspain.com\/wp-content\/uploads\/2025\/08\/ZEPHYR-Decentralized-Heat-Recovery-Device-1-300x300.png\" alt=\"Recuperaci\u00f3n Descentralizada de Calor\" width=\"300\" height=\"\" \/>\t\t<h2 class=\"woocommerce-loop-category__title\">\n\t\t\tRecuperaci\u00f3n Descentralizada de Calor <mark class=\"count\">(11)<\/mark>\t\t<\/h2>\n\t\t<\/a><\/li>\n<li class=\"product-category product last\">\n\t<a aria-label=\"Visitar la categor\u00eda de producto Rejillas de ventilaci\u00f3n\" href=\"https:\/\/paxspain.com\/es\/category\/rejillas-de-ventilacion\/\"><img decoding=\"async\" src=\"https:\/\/paxspain.com\/wp-content\/uploads\/2023\/04\/20230308091347_640843bbad492-300x214.webp\" alt=\"Rejillas de ventilaci\u00f3n\" width=\"300\" height=\"\" srcset=\"https:\/\/paxspain.com\/wp-content\/uploads\/2023\/04\/20230308091347_640843bbad492-300x214.webp 300w, https:\/\/paxspain.com\/wp-content\/uploads\/2023\/04\/20230308091347_640843bbad492-600x428.webp 600w, https:\/\/paxspain.com\/wp-content\/uploads\/2023\/04\/20230308091347_640843bbad492-768x548.webp 768w, https:\/\/paxspain.com\/wp-content\/uploads\/2023\/04\/20230308091347_640843bbad492.webp 1000w\" sizes=\"(max-width: 300px) 100vw, 300px\" \/>\t\t<h2 class=\"woocommerce-loop-category__title\">\n\t\t\tRejillas de ventilaci\u00f3n <mark class=\"count\">(9)<\/mark>\t\t<\/h2>\n\t\t<\/a><\/li>\n<\/ul>\n<\/div>[\/et_pb_code][et_pb_text _builder_version=\u00bb4.20.4&#8243; _module_preset=\u00bbdefault\u00bb text_font_size=\u00bb18px\u00bb text_orientation=\u00bbcenter\u00bb global_colors_info=\u00bb{}\u00bb]<\/p>\n<p>Para ver los detalles de cada producto, haz clic en la imagen seleccionada y despl\u00e1zate hacia abajo.<\/p>\n<p>Se facilita toda la informaci\u00f3n sobre el producto.<\/p>\n<p>[\/et_pb_text][\/et_pb_column][\/et_pb_row][\/et_pb_section][et_pb_section fb_built=\u00bb1&#8243; _builder_version=\u00bb4.20.4&#8243; _module_preset=\u00bbdefault\u00bb background_image=\u00bbhttps:\/\/paxspain.com\/wp-content\/uploads\/2023\/04\/216ef62c-561e-4479-8a39-476e000d87de.jpeg\u00bb parallax=\u00bbon\u00bb global_colors_info=\u00bb{}\u00bb][et_pb_row column_structure=\u00bb3_5,2_5&#8243; _builder_version=\u00bb4.20.4&#8243; _module_preset=\u00bbdefault\u00bb custom_padding=\u00bb||100px|||\u00bb global_colors_info=\u00bb{}\u00bb][et_pb_column type=\u00bb3_5&#8243; _builder_version=\u00bb4.20.4&#8243; _module_preset=\u00bbdefault\u00bb global_colors_info=\u00bb{}\u00bb][\/et_pb_column][et_pb_column type=\u00bb2_5&#8243; _builder_version=\u00bb4.20.4&#8243; _module_preset=\u00bbdefault\u00bb background_color=\u00bb#FFFFFF\u00bb custom_padding=\u00bb30px|30px|30px|30px|true|true\u00bb global_colors_info=\u00bb{}\u00bb][et_pb_text _builder_version=\u00bb4.20.4&#8243; _module_preset=\u00bbdefault\u00bb global_colors_info=\u00bb{}\u00bb]<\/p>\n<h2>VENTILACI\u00d3N EN EL HOGAR<\/h2>\n<p>Trabajando en estrecha colaboraci\u00f3n con los l\u00edderes del sector en la fabricaci\u00f3n de productos de ventilaci\u00f3n, nuestra gama de productos tiene todo lo que necesitas para mantener la m\u00e1xima calidad del aire en tu hogar o negocio.<\/p>\n<p>Suministramos a varias salas de exposici\u00f3n de cuartos de ba\u00f1o y nos encantar\u00eda conocer la opini\u00f3n de cualquier otro minorista, incluidos los mayoristas de material el\u00e9ctrico, sobre la posibilidad de almacenar y vender cualquiera de nuestros productos.<\/p>\n<p>[\/et_pb_text][et_pb_button button_url=\u00bbhttps:\/\/paxspain.com\/es\/category\/productos-de-ventilacion\/\u00bb button_text=\u00bbComprar productos de ventilaci\u00f3n\u00bb _builder_version=\u00bb4.20.4&#8243; _module_preset=\u00bbdefault\u00bb global_colors_info=\u00bb{}\u00bb][\/et_pb_button][\/et_pb_column][\/et_pb_row][\/et_pb_section][et_pb_section fb_built=\u00bb1&#8243; admin_label=\u00bbsection\u00bb _builder_version=\u00bb4.16&#8243; global_colors_info=\u00bb{}\u00bb][et_pb_row column_structure=\u00bb3_5,2_5&#8243; _builder_version=\u00bb4.20.4&#8243; _module_preset=\u00bbdefault\u00bb global_colors_info=\u00bb{}\u00bb][et_pb_column type=\u00bb3_5&#8243; _builder_version=\u00bb4.20.4&#8243; _module_preset=\u00bbdefault\u00bb global_colors_info=\u00bb{}\u00bb][et_pb_text _builder_version=\u00bb4.20.4&#8243; _module_preset=\u00bbdefault\u00bb global_colors_info=\u00bb{}\u00bb]<\/p>\n<h2>Calientatoallas PAX<\/h2>\n<p>[\/et_pb_text][et_pb_text _builder_version=\u00bb4.20.4&#8243; _module_preset=\u00bbdefault\u00bb global_colors_info=\u00bb{}\u00bb]<\/p>\n<p>Como proveedores exclusivos de productos Pax en Espa\u00f1a y Portugal, Ventilair Group se complace en anunciar la disponibilidad de calentadores de toallas de alta calidad en el sitio web de Pax Espa\u00f1a.<\/p>\n<p>Imagina tener siempre a mano una toalla seca y caliente despu\u00e9s de la ducha, \u00a1nos encanta esa sensaci\u00f3n!<\/p>\n<p>Adem\u00e1s, tu toalla se mantendr\u00e1 fresca durante m\u00e1s tiempo al secarse r\u00e1pidamente. Dale un toque de alegr\u00eda a tu d\u00eda a d\u00eda con un calentador de toallas de Pax.<\/p>\n<p>[\/et_pb_text][et_pb_button button_url=\u00bbhttps:\/\/paxspain.com\/es\/category\/calienta-toallas\/\u00bb button_text=\u00bbComprar calentadores de toallas\u00bb _builder_version=\u00bb4.20.4&#8243; _module_preset=\u00bbdefault\u00bb global_colors_info=\u00bb{}\u00bb][\/et_pb_button][\/et_pb_column][et_pb_column type=\u00bb2_5&#8243; _builder_version=\u00bb4.20.4&#8243; _module_preset=\u00bbdefault\u00bb global_colors_info=\u00bb{}\u00bb][et_pb_image src=\u00bbhttps:\/\/paxspain.com\/wp-content\/uploads\/2023\/04\/313970318_1284091219095047_1547312413237648233_n.jpg\u00bb title_text=\u00bb313970318_1284091219095047_1547312413237648233_n\u00bb _builder_version=\u00bb4.20.4&#8243; _module_preset=\u00bbdefault\u00bb global_colors_info=\u00bb{}\u00bb][\/et_pb_image][\/et_pb_column][\/et_pb_row][\/et_pb_section][et_pb_section fb_built=\u00bb1&#8243; _builder_version=\u00bb4.20.4&#8243; _module_preset=\u00bbdefault\u00bb background_color=\u00bb#ededed\u00bb global_colors_info=\u00bb{}\u00bb][et_pb_row column_structure=\u00bb3_5,2_5&#8243; _builder_version=\u00bb4.20.4&#8243; _module_preset=\u00bbdefault\u00bb global_colors_info=\u00bb{}\u00bb][et_pb_column type=\u00bb3_5&#8243; _builder_version=\u00bb4.20.4&#8243; _module_preset=\u00bbdefault\u00bb global_colors_info=\u00bb{}\u00bb][et_pb_text _builder_version=\u00bb4.20.4&#8243; _module_preset=\u00bbdefault\u00bb global_colors_info=\u00bb{}\u00bb]<\/p>\n<h2>Descubre la EDICI\u00d3N NEGRA<\/h2>\n<p>[\/et_pb_text][et_pb_text _builder_version=\u00bb4.20.4&#8243; _module_preset=\u00bbdefault\u00bb global_colors_info=\u00bb{}\u00bb]Estos productos de color negro mate combinan la elegancia atemporal con el chic industrial, para realzar cualquier cuarto de ba\u00f1o, cocina o recibidor.[\/et_pb_text][et_pb_button button_url=\u00bbhttps:\/\/paxspain.com\/es\/category\/edicion-negra\/\u00bb button_text=\u00bbTienda Black Edition\u00bb _builder_version=\u00bb4.20.4&#8243; _module_preset=\u00bbdefault\u00bb global_colors_info=\u00bb{}\u00bb][\/et_pb_button][\/et_pb_column][et_pb_column type=\u00bb2_5&#8243; _builder_version=\u00bb4.20.4&#8243; _module_preset=\u00bbdefault\u00bb global_colors_info=\u00bb{}\u00bb][et_pb_text _builder_version=\u00bb4.20.4&#8243; _module_preset=\u00bbdefault\u00bb background_video_mp4=\u00bbhttps:\/\/paxspain.com\/wp-content\/uploads\/2023\/04\/322071630_487335416912185_1732390265915017182_n.mp4&#8243; custom_css_main_element=\u00bb-webkit-aspect-ratio: 1;||aspect-ratio:1;\u00bb global_colors_info=\u00bb{}\u00bb][\/et_pb_text][\/et_pb_column][\/et_pb_row][\/et_pb_section]<\/p>\n","protected":false},"excerpt":{"rendered":"<p>Suministro de productos de ventilaci\u00f3n innovadores e inteligentes y una magn\u00edfica gama de calentadores de toallas el\u00e9ctricos.Ventilair Group es el proveedor exclusivo de productos de ventilaci\u00f3n y calentadores de toallas Pax en Espa\u00f1a y Portugal.BIENVENIDOS A VENTILAIR GROUP y su comercio electr\u00f3nico &#8211; Pax Spain Podr\u00e1s encontrar y comprar online una amplia selecci\u00f3n de sistemas [&hellip;]<\/p>\n","protected":false},"author":1,"featured_media":0,"parent":0,"menu_order":0,"comment_status":"closed","ping_status":"closed","template":"","meta":{"_et_pb_use_builder":"on","_et_pb_old_content":"","_et_gb_content_width":"","footnotes":""},"class_list":["post-4990","page","type-page","status-publish","hentry"],"jetpack_sharing_enabled":true,"_links":{"self":[{"href":"https:\/\/paxspain.com\/es\/wp-json\/wp\/v2\/pages\/4990","targetHints":{"allow":["GET"]}}],"collection":[{"href":"https:\/\/paxspain.com\/es\/wp-json\/wp\/v2\/pages"}],"about":[{"href":"https:\/\/paxspain.com\/es\/wp-json\/wp\/v2\/types\/page"}],"author":[{"embeddable":true,"href":"https:\/\/paxspain.com\/es\/wp-json\/wp\/v2\/users\/1"}],"replies":[{"embeddable":true,"href":"https:\/\/paxspain.com\/es\/wp-json\/wp\/v2\/comments?post=4990"}],"version-history":[{"count":14,"href":"https:\/\/paxspain.com\/es\/wp-json\/wp\/v2\/pages\/4990\/revisions"}],"predecessor-version":[{"id":9355,"href":"https:\/\/paxspain.com\/es\/wp-json\/wp\/v2\/pages\/4990\/revisions\/9355"}],"wp:attachment":[{"href":"https:\/\/paxspain.com\/es\/wp-json\/wp\/v2\/media?parent=4990"}],"curies":[{"name":"wp","href":"https:\/\/api.w.org\/{rel}","templated":true}]}}