{"id":5004,"date":"2021-03-09T17:43:47","date_gmt":"2021-03-09T16:43:47","guid":{"rendered":"https:\/\/paxspain.com\/politica-de-privacidad\/"},"modified":"2024-12-18T15:37:16","modified_gmt":"2024-12-18T14:37:16","slug":"politica-de-privacidad","status":"publish","type":"page","link":"https:\/\/paxspain.com\/es\/politica-de-privacidad\/","title":{"rendered":"Pol\u00edtica de Privacidad"},"content":{"rendered":"\n<p>El sitio web <a href=\"https:\/\/paxspain.com\/es\/\">https:\/\/paxspain.com<\/a> es propiedad de PAX SPAIN, que es responsable del tratamiento de tus datos personales.<\/p>\n\n<p>Hemos adoptado esta Pol\u00edtica de Privacidad, que determina c\u00f3mo procesamos la informaci\u00f3n recogida por <a href=\"https:\/\/paxspain.com\/es\/\">https:\/\/paxspain.com<\/a> y tambi\u00e9n proporciona las razones por las que necesitamos recoger ciertos datos personales sobre ti. Por lo tanto, debes leer esta Pol\u00edtica de Privacidad antes de utilizar el sitio web <a href=\"https:\/\/paxspain.com\/es\/\">https:\/\/paxspain.com<\/a>.<\/p>\n\n<p>Cuidamos tus datos personales y nos comprometemos a garantizar su confidencialidad y seguridad.<\/p>\n\n<p>Informaci\u00f3n personal que recopilamos: Cuando visitas <a href=\"https:\/\/paxspain.com\/es\/\">https:\/\/paxspain.com,<\/a> recopilamos autom\u00e1ticamente cierta informaci\u00f3n sobre tu dispositivo, incluida informaci\u00f3n sobre tu navegador web, direcci\u00f3n IP, zona horaria y algunas de las cookies instaladas en tu dispositivo. Adem\u00e1s, mientras navegas, recopilamos informaci\u00f3n sobre las p\u00e1ginas web o productos individuales que ves, qu\u00e9 sitios web o t\u00e9rminos de b\u00fasqueda te remitieron al sitio web y c\u00f3mo interact\u00faas con \u00e9l. Nos referimos a esta informaci\u00f3n recopilada autom\u00e1ticamente como \u00abInformaci\u00f3n del dispositivo\u00bb. Adem\u00e1s, podemos recopilar datos personales que nos proporciones (incluyendo, entre otros, nombre, apellidos, direcci\u00f3n, informaci\u00f3n de pago, etc.) durante el registro para poder cumplir el acuerdo.<\/p>\n\n<p>\u00bfPor qu\u00e9 tratamos tus datos? Nuestra m\u00e1xima prioridad es la seguridad de los datos de los clientes, por lo que s\u00f3lo podemos procesar un m\u00ednimo de datos de los usuarios, en la medida en que sea absolutamente necesario para mantener el sitio web. La informaci\u00f3n recogida autom\u00e1ticamente s\u00f3lo se utiliza para identificar posibles casos de abuso y establecer informaci\u00f3n estad\u00edstica sobre el uso del sitio web. Esta informaci\u00f3n estad\u00edstica no se agrega de forma que identifique a ning\u00fan usuario concreto del sistema.<\/p>\n\n<p>Puedes visitar el sitio web sin decirnos qui\u00e9n eres ni revelar ninguna informaci\u00f3n por la que alguien pueda identificarte como una persona concreta. Sin embargo, si deseas utilizar algunas de las funciones del sitio web, o quieres recibir nuestro bolet\u00edn de noticias o proporcionar m\u00e1s detalles rellenando un formulario, es posible que nos proporciones datos personales como tu correo electr\u00f3nico, nombre, apellidos, ciudad de residencia, organizaci\u00f3n y n\u00famero de tel\u00e9fono. Puedes optar por no facilitar tus datos personales, pero es posible que no puedas aprovechar algunas de las funciones del sitio web. Por ejemplo, no podr\u00e1s recibir nuestro bolet\u00edn de noticias ni ponerte en contacto con nosotros directamente desde el sitio web. Los usuarios que no est\u00e9n seguros de qu\u00e9 informaci\u00f3n es obligatoria pueden ponerse en contacto con nosotros a trav\u00e9s de <a href=\"mailto:info@paxspain.com\">info@paxspain.com.<\/a><\/p>\n\n<p>Tus derechos: Si eres residente europeo, tienes los siguientes derechos en relaci\u00f3n con tus datos personales:<\/p>\n\n<p>El derecho a ser informado. El derecho de acceso. El derecho de rectificaci\u00f3n. El derecho al borrado. Derecho a restringir el tratamiento. Derecho a la portabilidad de los datos. El derecho de oposici\u00f3n. Derechos en relaci\u00f3n con la toma de decisiones automatizada y la elaboraci\u00f3n de perfiles. Si deseas ejercer este derecho, ponte en contacto con nosotros a trav\u00e9s de la informaci\u00f3n de contacto que figura a continuaci\u00f3n.<\/p>\n\n<p>Adem\u00e1s, si eres residente europeo, te informamos de que estamos procesando tu informaci\u00f3n para cumplir los contratos que podamos tener contigo (por ejemplo, si haces un pedido a trav\u00e9s del sitio web), o de otro modo para perseguir nuestros intereses comerciales leg\u00edtimos enumerados anteriormente. Adem\u00e1s, ten en cuenta que tu informaci\u00f3n puede ser transferida fuera de Europa, incluso a Canad\u00e1 y Estados Unidos.<\/p>\n\n<p>Enlaces a otros sitios web: Nuestro sitio web puede contener enlaces a otros sitios web que no son de nuestra propiedad ni est\u00e1n bajo nuestro control. Ten en cuenta que no somos responsables de dichos sitios web ni de las pr\u00e1cticas de privacidad de terceros. Te recomendamos que tengas cuidado cuando salgas de nuestro sitio web y leas las declaraciones de privacidad de cada sitio web que pueda recoger informaci\u00f3n personal.<\/p>\n\n<p>Seguridad de la informaci\u00f3n: Aseguramos la informaci\u00f3n que nos proporcionas en servidores inform\u00e1ticos en un entorno controlado y seguro, protegidos del acceso, uso o divulgaci\u00f3n no autorizados. Mantenemos medidas de seguridad administrativas, t\u00e9cnicas y f\u00edsicas razonables para proteger contra el acceso, uso, modificaci\u00f3n y divulgaci\u00f3n no autorizados de los datos personales bajo nuestro control y custodia. Sin embargo, no se puede garantizar la transmisi\u00f3n de datos a trav\u00e9s de Internet o de redes inal\u00e1mbricas.<\/p>\n\n<p>Divulgaci\u00f3n legal: Divulgaremos cualquier informaci\u00f3n que recopilemos, utilicemos o recibamos si as\u00ed lo exige o permite la ley, como para cumplir una citaci\u00f3n o proceso legal similar, y cuando creamos de buena fe que la divulgaci\u00f3n es necesaria para proteger nuestros derechos, proteger tu seguridad o la de otros, investigar un fraude o responder a una solicitud gubernamental.<\/p>\n\n<p>Informaci\u00f3n de contacto: Si deseas ponerte en contacto con nosotros para obtener m\u00e1s informaci\u00f3n sobre esta Pol\u00edtica o deseas ponerte en contacto con nosotros sobre cualquier asunto relacionado con los derechos individuales y tu informaci\u00f3n personal, puedes enviarnos un correo electr\u00f3nico a <a href=\"mailto:info@paxspain.com\">info@paxspain.com.<\/a><\/p>\n","protected":false},"excerpt":{"rendered":"<p>El sitio web https:\/\/paxspain.com es propiedad de PAX SPAIN, que es responsable del tratamiento de tus datos personales. Hemos adoptado esta Pol\u00edtica de Privacidad, que determina c\u00f3mo procesamos la informaci\u00f3n recogida por https:\/\/paxspain.com y tambi\u00e9n proporciona las razones por las que necesitamos recoger ciertos datos personales sobre ti. Por lo tanto, debes leer esta Pol\u00edtica [&hellip;]<\/p>\n","protected":false},"author":1,"featured_media":0,"parent":0,"menu_order":0,"comment_status":"closed","ping_status":"closed","template":"","meta":{"_et_pb_use_builder":"","_et_pb_old_content":"","_et_gb_content_width":"","footnotes":""},"class_list":["post-5004","page","type-page","status-publish","hentry"],"jetpack_sharing_enabled":true,"_links":{"self":[{"href":"https:\/\/paxspain.com\/es\/wp-json\/wp\/v2\/pages\/5004","targetHints":{"allow":["GET"]}}],"collection":[{"href":"https:\/\/paxspain.com\/es\/wp-json\/wp\/v2\/pages"}],"about":[{"href":"https:\/\/paxspain.com\/es\/wp-json\/wp\/v2\/types\/page"}],"author":[{"embeddable":true,"href":"https:\/\/paxspain.com\/es\/wp-json\/wp\/v2\/users\/1"}],"replies":[{"embeddable":true,"href":"https:\/\/paxspain.com\/es\/wp-json\/wp\/v2\/comments?post=5004"}],"version-history":[{"count":2,"href":"https:\/\/paxspain.com\/es\/wp-json\/wp\/v2\/pages\/5004\/revisions"}],"predecessor-version":[{"id":5009,"href":"https:\/\/paxspain.com\/es\/wp-json\/wp\/v2\/pages\/5004\/revisions\/5009"}],"wp:attachment":[{"href":"https:\/\/paxspain.com\/es\/wp-json\/wp\/v2\/media?parent=5004"}],"curies":[{"name":"wp","href":"https:\/\/api.w.org\/{rel}","templated":true}]}}