{"id":10270,"date":"2025-12-24T13:04:39","date_gmt":"2025-12-24T12:04:39","guid":{"rendered":"https:\/\/paxspain.com\/?post_type=product&#038;p=10270"},"modified":"2026-02-26T18:35:36","modified_gmt":"2026-02-26T17:35:36","slug":"flex-i-6-550-momento-ii-copy","status":"publish","type":"product","link":"https:\/\/paxspain.com\/es\/producto\/flex-i-6-550-momento-ii-copy\/","title":{"rendered":"Flex I 6\/550 Negro Momento II"},"content":{"rendered":"<p data-start=\"2001\" data-end=\"2382\">El <strong>toallero el\u00e9ctrico<\/strong> <strong>PAX Flex I 6\/550 Negro Momento II<\/strong> est\u00e1 dise\u00f1ado para situaciones donde la capacidad de secado es cr\u00edtica. Con seis brazos giratorios, es ideal para ba\u00f1os familiares grandes, espacios compartidos o hogares donde se toman varias duchas cada d\u00eda. A pesar de su alta capacidad, el toallero mantiene un aspecto ordenado gracias a su dise\u00f1o delgado y montado en la pared.  <\/p>\n<p data-start=\"2001\" data-end=\"2382\">Cada brazo gira de forma independiente hasta 180\u00b0, permitiendo que las toallas se separen para mejorar el flujo de aire y acelerar el secado. Esto facilita el secado de toallas de ba\u00f1o, toallas de mano y albornoces al mismo tiempo sin amontonamientos. Cuando el toallero no est\u00e1 en uso, los brazos se pueden plegar ordenadamente contra la pared para minimizar el impacto visual y liberar espacio.  <\/p>\n<p data-start=\"2001\" data-end=\"2382\">El <strong data-start=\"2816\" data-end=\"2846\">sistema de control Momento II&#x2122;<\/strong> integrado proporciona un control flexible sobre los tiempos de calentamiento y los niveles de potencia. Utilizando la aplicaci\u00f3n PAX a trav\u00e9s de Bluetooth, puede crear horarios que se adapten a su rutina diaria, asegurando que las toallas est\u00e9n calientes cuando sea necesario sin que el toallero funcione continuamente. El control manual tambi\u00e9n est\u00e1 disponible para un calentamiento r\u00e1pido y bajo demanda. El sistema se puede emparejar con ventiladores de ba\u00f1o PAX compatibles para automatizar el calentamiento en funci\u00f3n de los niveles de humedad.   <\/p>\n<p data-start=\"2001\" data-end=\"2382\">Dise\u00f1ado espec\u00edficamente para el secado de toallas en lugar de la calefacci\u00f3n de la habitaci\u00f3n, el <strong>toallero calefactable Flex I 6\/550<\/strong> proporciona un calor constante a la vez que resulta econ\u00f3mico de usar. Ayuda a que las toallas se sequen m\u00e1s r\u00e1pido y se mantengan m\u00e1s frescas entre usos, mejorando el confort diario sin un consumo de energ\u00eda innecesario. <\/p>\n<p data-start=\"2001\" data-end=\"2382\">Adecuado para ambientes h\u00famedos, este toallero el\u00e9ctrico calefactable est\u00e1 dise\u00f1ado para el uso diario en el ba\u00f1o. El formato de montaje en pared mantiene los suelos despejados, mientras que la instalaci\u00f3n flexible a la izquierda o a la derecha permite que se adapte perfectamente a una amplia gama de dise\u00f1os de ba\u00f1o. <\/p>\n<p><strong>Informaci\u00f3n del producto:<\/strong><\/p>\n<p>N\u00famero de art\u00edculo<br \/>\n26-2039<\/p>\n<p>Fase de alimentaci\u00f3n el\u00e9ctrica<br \/>\n1-Fase<\/p>\n<p>Protecci\u00f3n IP<br \/>\nIP 44<\/p>\n<p>Clase de aislamiento<br \/>\nII<\/p>\n<p>Material<br \/>\nAcero inoxidable, pl\u00e1stico<\/p>\n<p>Anchura (mm)<br \/>\n559<\/p>\n<p>Profundidad (mm)<br \/>\n112<\/p>\n<p>Altura (mm)<br \/>\n 677<\/p>\n<p>Tipo de instalaci\u00f3n<br \/>\nPared<\/p>\n<p>Nombre del producto<br \/>\nFlex I 6\/550, giratorio Momento II<\/p>\n<p>Consumo de energ\u00eda (W)<br \/>\n 60<\/p>\n<p>Funciones<br \/>\nFuncionamiento con temporizador, Temporizador repetitivo, Control de potencia<\/p>\n<p>Tensi\u00f3n de alimentaci\u00f3n (V)<br \/>\n230V CA<\/p>\n<p>Opci\u00f3n inal\u00e1mbrica<br \/>\nBluetooth LE<\/p>\n<p>Detalle del material pl\u00e1stico<br \/>\nABS<\/p>\n<p>C\u00f3digo Etim<br \/>\nEC003624<\/p>\n<p>EAN 13<br \/>\n 7391477620147<\/p>\n","protected":false},"excerpt":{"rendered":"<p>El <strong data-start=\"1408\" data-end=\"1445\">toallero calefactable PAX Flex I 6\/550 Negro Momento II<\/strong> est\u00e1 dise\u00f1ado para ba\u00f1os con un uso intensivo de toallas. Con un moderno acabado en negro mate, cuenta con <strong data-start=\"1557\" data-end=\"1592\">seis brazos giratorios independientes<\/strong> que proporcionan un generoso espacio de secado, manteniendo un perfil delgado y montado en la pared. El <strong data-start=\"1691\" data-end=\"1712\">temporizador Momento II&#x2122;<\/strong> integrado le permite controlar la calefacci\u00f3n a trav\u00e9s de la aplicaci\u00f3n PAX o mediante un sencillo manejo manual. Adecuado para ambientes de ba\u00f1o, este toallero el\u00e9ctrico ofrece un calor fiable, un uso flexible y un acabado limpio y contempor\u00e1neo para hogares con mucha actividad.   <\/p>\n<ul>\n<li data-start=\"3897\" data-end=\"3950\">\n<p data-start=\"3899\" data-end=\"3950\">Toallero calefactable negro mate para ba\u00f1os modernos<\/p>\n<\/li>\n<li data-start=\"3951\" data-end=\"4000\">\n<p data-start=\"3953\" data-end=\"4000\">Seis brazos giratorios para una m\u00e1xima capacidad de secado<\/p>\n<\/li>\n<li data-start=\"4001\" data-end=\"4055\">\n<p data-start=\"4003\" data-end=\"4055\">Temporizador inteligente Momento II con control por aplicaci\u00f3n y manual<\/p>\n<\/li>\n<li data-start=\"4056\" data-end=\"4088\">\n<p data-start=\"4058\" data-end=\"4088\">Dise\u00f1o compacto, montado en la pared<\/p>\n<\/li>\n<li data-start=\"4089\" data-end=\"4139\">\n<p data-start=\"4091\" data-end=\"4139\">Calentamiento eficiente de toallas el\u00e9ctrico para uso diario<\/p>\n<\/li>\n<\/ul>\n<p>&nbsp;<\/p>\n","protected":false},"featured_media":10273,"comment_status":"open","ping_status":"closed","template":"","meta":{"_et_pb_use_builder":"","_et_pb_old_content":"","_et_gb_content_width":""},"product_brand":[134],"product_cat":[76,80],"product_tag":[],"class_list":{"0":"post-10270","1":"product","2":"type-product","3":"status-publish","4":"has-post-thumbnail","6":"product_brand-pax","7":"product_cat-calienta-toallas","8":"product_cat-edicion-negra","9":"pa_product-type-toallero-calefactable","11":"first","12":"instock","13":"taxable","14":"shipping-taxable","15":"purchasable","16":"product-type-simple"},"jetpack_sharing_enabled":true,"_links":{"self":[{"href":"https:\/\/paxspain.com\/es\/wp-json\/wp\/v2\/product\/10270","targetHints":{"allow":["GET"]}}],"collection":[{"href":"https:\/\/paxspain.com\/es\/wp-json\/wp\/v2\/product"}],"about":[{"href":"https:\/\/paxspain.com\/es\/wp-json\/wp\/v2\/types\/product"}],"replies":[{"embeddable":true,"href":"https:\/\/paxspain.com\/es\/wp-json\/wp\/v2\/comments?post=10270"}],"wp:featuredmedia":[{"embeddable":true,"href":"https:\/\/paxspain.com\/es\/wp-json\/wp\/v2\/media\/10273"}],"wp:attachment":[{"href":"https:\/\/paxspain.com\/es\/wp-json\/wp\/v2\/media?parent=10270"}],"wp:term":[{"taxonomy":"product_brand","embeddable":true,"href":"https:\/\/paxspain.com\/es\/wp-json\/wp\/v2\/product_brand?post=10270"},{"taxonomy":"product_cat","embeddable":true,"href":"https:\/\/paxspain.com\/es\/wp-json\/wp\/v2\/product_cat?post=10270"},{"taxonomy":"product_tag","embeddable":true,"href":"https:\/\/paxspain.com\/es\/wp-json\/wp\/v2\/product_tag?post=10270"}],"curies":[{"name":"wp","href":"https:\/\/api.w.org\/{rel}","templated":true}]}}