{"id":10531,"date":"2026-01-22T12:00:38","date_gmt":"2026-01-22T11:00:38","guid":{"rendered":"https:\/\/paxspain.com\/product\/tubo-de-pared-para-fresh-flow-550-mm\/"},"modified":"2026-03-18T17:35:48","modified_gmt":"2026-03-18T16:35:48","slug":"tubo-de-pared-para-fresh-flow-550-mm","status":"publish","type":"product","link":"https:\/\/paxspain.com\/es\/producto\/tubo-de-pared-para-fresh-flow-550-mm\/","title":{"rendered":"Tubo de pared para Fresh Flow 550 mm"},"content":{"rendered":"<div class=\"row attribute-categories js-hide-row \" data-rowid=\"191\">\n<div class=\"col-sm-12 \" data-columnid=\"310\">\n<section id=\"section_443\" class=\"section section_Content section_443 \" data-lazysection-routevalues=\"{\"sectionid\":443}\" data-lazyload=\"false\" data-action=\"Home\/ContentSection\" data-sectionid=\"443\" data-view=\"Content\/_ContentDetail\">El tubo de pared Fresh Flow 550 mm est\u00e1 dise\u00f1ado para instalaciones de ventilaci\u00f3n que requieren un conducto de longitud fija a trav\u00e9s de una pared exterior. Proporciona una v\u00eda pr\u00e1ctica para el aporte de aire fresco o la extracci\u00f3n de aire, y constituye una parte esencial de una configuraci\u00f3n de ventilaci\u00f3n montada en pared. Adecuado para diversas aplicaciones dom\u00e9sticas, este tubo de pared ofrece una soluci\u00f3n sencilla para proyectos en los que se necesitan trayectos de flujo de aire fiables sin complejidad innecesaria.  <\/p>\n<h3>C\u00f3digos de los art\u00edculos<\/h3>\n<\/section>\n<section id=\"section_437\" class=\"section section_ProductAttributes section_437 \" data-lazysection-routevalues=\"{\"sectionid\":437}\" data-lazyload=\"false\" data-action=\"ProductDetail\/AttributeSection\" data-sectionid=\"437\" data-view=\"ProductDetail\/_AttributePlaceholders_Single_List\">\n<div class=\"product-additional-content\">\n<dl class=\"dl-horizontal\">\n<dt>N\u00ba art:<\/dt>\n<dd>810080<\/dd>\n<dt>EAN 13:<\/dt>\n<dd>7318118100806<\/dd>\n<dt>ETIM:<\/dt>\n<dd>EC011444<\/dd>\n<dt>E-nr:<\/dt>\n<dd>9302612<\/dd>\n<dt>RSK:<\/dt>\n<dd>8786941<\/dd>\n<\/dl>\n<\/div>\n<\/section>\n<\/div>\n<\/div>\n<div class=\"row attribute-categories js-hide-row \" data-rowid=\"192\">\n<div class=\"col-sm-12 \" data-columnid=\"312\">\n<section id=\"section_444\" class=\"section section_Content section_444 \" data-lazysection-routevalues=\"{\"sectionid\":444}\" data-lazyload=\"false\" data-action=\"Home\/ContentSection\" data-sectionid=\"444\" data-view=\"Content\/_ContentDetail\">\n<h3>Medidas<\/h3>\n<\/section>\n<section id=\"section_440\" class=\"section section_ProductAttributes section_440 \" data-lazysection-routevalues=\"{\"sectionid\":440}\" data-lazyload=\"false\" data-action=\"ProductDetail\/AttributeSection\" data-sectionid=\"440\" data-view=\"ProductDetail\/_AttributePlaceholders_Single_List\">\n<div class=\"product-additional-content\">\n<dl class=\"dl-horizontal\">\n<dt>Dimensi\u00f3n del canal \u00d8 :<\/dt>\n<dd>160 mm<\/dd>\n<dt>Profundidad del producto:<\/dt>\n<dd>550 mm<\/dd>\n<dt>Peso del producto:<\/dt>\n<dd>0,8 kg<\/dd>\n<dt>Producto Medida Circular \u00d8:<\/dt>\n<dd>160 mm<\/dd>\n<\/dl>\n<\/div>\n<\/section>\n<\/div>\n<\/div>\n<div class=\"row attribute-categories js-hide-row \" data-rowid=\"193\">\n<div class=\"col-sm-12 \" data-columnid=\"314\">\n<section id=\"section_445\" class=\"section section_Content section_445 \" data-lazysection-routevalues=\"{\"sectionid\":445}\" data-lazyload=\"false\" data-action=\"Home\/ContentSection\" data-sectionid=\"445\" data-view=\"Content\/_ContentDetail\">\n<h3>Caracter\u00edsticas<\/h3>\n<\/section>\n<section id=\"section_442\" class=\"section section_ProductAttributes section_442 \" data-lazysection-routevalues=\"{\"sectionid\":442}\" data-lazyload=\"false\" data-action=\"ProductDetail\/AttributeSection\" data-sectionid=\"442\" data-view=\"ProductDetail\/_AttributePlaceholders_Single_List\">\n<div class=\"product-additional-content\">\n<dl class=\"dl-horizontal\">\n<dt>Tipo de instalaci\u00f3n, pared, techo, etc:<\/dt>\n<dd>Pared exterior<\/dd>\n<dt>Color:<\/dt>\n<dd>Gris<\/dd>\n<dt>Material:<\/dt>\n<dd>Pl\u00e1stico<\/dd>\n<dt>Material Pl\u00e1stico Detalle:<\/dt>\n<dd>PP<\/dd>\n<\/dl>\n<\/div>\n<\/section>\n<\/div>\n<\/div>\n","protected":false},"excerpt":{"rendered":"<p>Tubo de pared adicional de 550 mm para la instalaci\u00f3n de unidades Flow FDX cuando se requieren tubos extendidos, adem\u00e1s del tubo de 310 mm incluido con cada unidad FDX.<\/p>\n","protected":false},"featured_media":10530,"comment_status":"closed","ping_status":"closed","template":"","meta":{"_et_pb_use_builder":"","_et_pb_old_content":"","_et_gb_content_width":""},"product_brand":[],"product_cat":[108],"product_tag":[],"class_list":{"0":"post-10531","1":"product","2":"type-product","3":"status-publish","4":"has-post-thumbnail","6":"product_cat-accesorios-flow-fdx","8":"first","9":"instock","10":"taxable","11":"shipping-taxable","12":"purchasable","13":"product-type-simple"},"jetpack_sharing_enabled":true,"_links":{"self":[{"href":"https:\/\/paxspain.com\/es\/wp-json\/wp\/v2\/product\/10531","targetHints":{"allow":["GET"]}}],"collection":[{"href":"https:\/\/paxspain.com\/es\/wp-json\/wp\/v2\/product"}],"about":[{"href":"https:\/\/paxspain.com\/es\/wp-json\/wp\/v2\/types\/product"}],"replies":[{"embeddable":true,"href":"https:\/\/paxspain.com\/es\/wp-json\/wp\/v2\/comments?post=10531"}],"wp:featuredmedia":[{"embeddable":true,"href":"https:\/\/paxspain.com\/es\/wp-json\/wp\/v2\/media\/10530"}],"wp:attachment":[{"href":"https:\/\/paxspain.com\/es\/wp-json\/wp\/v2\/media?parent=10531"}],"wp:term":[{"taxonomy":"product_brand","embeddable":true,"href":"https:\/\/paxspain.com\/es\/wp-json\/wp\/v2\/product_brand?post=10531"},{"taxonomy":"product_cat","embeddable":true,"href":"https:\/\/paxspain.com\/es\/wp-json\/wp\/v2\/product_cat?post=10531"},{"taxonomy":"product_tag","embeddable":true,"href":"https:\/\/paxspain.com\/es\/wp-json\/wp\/v2\/product_tag?post=10531"}],"curies":[{"name":"wp","href":"https:\/\/api.w.org\/{rel}","templated":true}]}}