{"id":10777,"date":"2026-02-06T17:24:18","date_gmt":"2026-02-06T16:24:18","guid":{"rendered":"https:\/\/paxspain.com\/product\/natura\/"},"modified":"2026-02-09T13:05:57","modified_gmt":"2026-02-09T12:05:57","slug":"natura","status":"publish","type":"product","link":"https:\/\/paxspain.com\/es\/producto\/natura\/","title":{"rendered":"Natura"},"content":{"rendered":"<p data-start=\"2528\" data-end=\"2781\">El <strong data-start=\"2532\" data-end=\"2552\">Ventilair Natura<\/strong> est\u00e1 dise\u00f1ado para espacios que requieren algo m\u00e1s que ventilaci\u00f3n b\u00e1sica. Como ventilador de recuperaci\u00f3n de calor de pared, combina una gesti\u00f3n eficiente del flujo de aire, rendimiento t\u00e9rmico y un control f\u00e1cil de usar en un formato delgado y ligero. <\/p>\n<p data-start=\"2783\" data-end=\"3083\">En el n\u00facleo del sistema se encuentra un <strong data-start=\"2814\" data-end=\"2850\">intercambiador de calor de flujo cruzado<\/strong>, dise\u00f1ado para recuperar el calor del aire extra\u00eddo y transferirlo al aire fresco entrante. Con una <strong data-start=\"2949\" data-end=\"2988\">eficiencia de temperatura de hasta el 90 %<\/strong>, Natura ayuda a mantener el confort interior al tiempo que reduce la p\u00e9rdida de calor innecesaria durante la ventilaci\u00f3n. <\/p>\n<p data-start=\"3085\" data-end=\"3438\">La unidad est\u00e1 dise\u00f1ada para su <strong data-start=\"3110\" data-end=\"3139\">instalaci\u00f3n en pared<\/strong>, lo que la hace adecuada tanto para proyectos nuevos como para aplicaciones de modernizaci\u00f3n donde el espacio del techo o el enrutamiento de conductos pueden ser limitados. Su construcci\u00f3n incluye <strong data-start=\"3286\" data-end=\"3304\">aislamiento EPP<\/strong>, que contribuye a un factor de forma ligero al tiempo que ayuda a reducir la p\u00e9rdida de calor y a prevenir la condensaci\u00f3n interna durante el funcionamiento. <\/p>\n<p data-start=\"3440\" data-end=\"3769\">La ventilaci\u00f3n es impulsada por un <strong data-start=\"3468\" data-end=\"3494\">motor de CC de bajo consumo<\/strong>, que permite un flujo de aire eficiente con un consumo de energ\u00eda controlado. Para entornos nocturnos o sensibles al ruido, Natura cuenta con un <strong data-start=\"3626\" data-end=\"3643\">modo de reposo<\/strong> con niveles de sonido de tan solo <strong data-start=\"3672\" data-end=\"3682\">35 dBA<\/strong>, lo que lo hace adecuado para dormitorios y espacios habitables donde el funcionamiento silencioso es esencial. <\/p>\n<p data-start=\"3771\" data-end=\"4109\">La calidad del aire interior se mantiene mediante un <strong data-start=\"3813\" data-end=\"3846\">sistema de filtraci\u00f3n multietapa<\/strong>, que incluye un filtro primario y un <strong data-start=\"3879\" data-end=\"3892\">filtro F7<\/strong>, con un <strong data-start=\"3902\" data-end=\"3926\">filtro HEPA opcional<\/strong> disponible para aplicaciones que requieren un mayor rendimiento de filtraci\u00f3n. Esto hace que Natura sea adecuado para entornos donde las part\u00edculas en el aire y la limpieza general del aire son una preocupaci\u00f3n. <\/p>\n<p data-start=\"4111\" data-end=\"4514\">La flexibilidad de control es una caracter\u00edstica clave de Ventilair Natura. La unidad admite <strong data-start=\"4187\" data-end=\"4205\">control remoto<\/strong>, <strong data-start=\"4207\" data-end=\"4233\">control mediante aplicaci\u00f3n para smartphone<\/strong> y un <strong data-start=\"4241\" data-end=\"4263\">panel de pantalla t\u00e1ctil<\/strong>, lo que permite a los usuarios gestionar la configuraci\u00f3n de ventilaci\u00f3n de la forma que mejor se adapte a su espacio. Una <strong data-start=\"4365\" data-end=\"4409\">pantalla de temperatura y un monitor de humedad<\/strong> integrados proporcionan informaci\u00f3n en tiempo real sobre las condiciones interiores, lo que permite realizar ajustes informados en lugar de conjeturas.  <\/p>\n<p data-start=\"4516\" data-end=\"4834\">Dise\u00f1ado para funcionar como parte de una estrategia m\u00e1s amplia de confort interior, Ventilair Natura puede complementar otros sistemas de ventilaci\u00f3n dentro del edificio. Si bien las zonas con mucha humedad pueden seguir dependiendo de la extracci\u00f3n dedicada, un HRV de pared como Natura favorece un suministro constante de aire fresco y un equilibrio t\u00e9rmico en las habitaciones ocupadas. <\/p>\n<p data-start=\"4836\" data-end=\"5069\">Ventilair Natura est\u00e1 dirigido a hogares y locales comerciales que requieren una soluci\u00f3n de ventilaci\u00f3n refinada y de alto rendimiento que equilibre la eficiencia, la monitorizaci\u00f3n del confort, la filtraci\u00f3n y el funcionamiento silencioso en una sola unidad de pared.<\/p>\n","protected":false},"excerpt":{"rendered":"<p>El <strong data-start=\"1995\" data-end=\"2015\">Ventilair Natura<\/strong> es un ventilador de recuperaci\u00f3n de calor de pared dise\u00f1ado para proporcionar aire fresco equilibrado con una m\u00ednima p\u00e9rdida de energ\u00eda. Utilizando un intercambiador de calor de flujo cruzado y un motor de CC de bajo consumo, favorece unas condiciones interiores confortables al tiempo que funciona silenciosamente en segundo plano. Con opciones de control inteligente, filtraci\u00f3n avanzada y monitorizaci\u00f3n integrada de la temperatura y la humedad, Natura es adecuado para hogares y espacios donde la calidad del aire, el confort y el bajo nivel de ruido son igualmente importantes.  <\/p>\n","protected":false},"featured_media":10781,"comment_status":"closed","ping_status":"closed","template":"","meta":{"_et_pb_use_builder":"","_et_pb_old_content":"","_et_gb_content_width":""},"product_brand":[154],"product_cat":[105,90],"product_tag":[],"class_list":{"0":"post-10777","1":"product","2":"type-product","3":"status-publish","4":"has-post-thumbnail","6":"product_brand-ventilair","7":"product_cat-recuperacion-descentralizada-de-calor","8":"product_cat-unidades-de-recuperacion-de-calor","9":"pa_product-type-ventilador-de-recuperacion-de-calor-descentralizado","11":"first","12":"instock","13":"taxable","14":"shipping-taxable","15":"purchasable","16":"product-type-simple"},"jetpack_sharing_enabled":true,"_links":{"self":[{"href":"https:\/\/paxspain.com\/es\/wp-json\/wp\/v2\/product\/10777","targetHints":{"allow":["GET"]}}],"collection":[{"href":"https:\/\/paxspain.com\/es\/wp-json\/wp\/v2\/product"}],"about":[{"href":"https:\/\/paxspain.com\/es\/wp-json\/wp\/v2\/types\/product"}],"replies":[{"embeddable":true,"href":"https:\/\/paxspain.com\/es\/wp-json\/wp\/v2\/comments?post=10777"}],"wp:featuredmedia":[{"embeddable":true,"href":"https:\/\/paxspain.com\/es\/wp-json\/wp\/v2\/media\/10781"}],"wp:attachment":[{"href":"https:\/\/paxspain.com\/es\/wp-json\/wp\/v2\/media?parent=10777"}],"wp:term":[{"taxonomy":"product_brand","embeddable":true,"href":"https:\/\/paxspain.com\/es\/wp-json\/wp\/v2\/product_brand?post=10777"},{"taxonomy":"product_cat","embeddable":true,"href":"https:\/\/paxspain.com\/es\/wp-json\/wp\/v2\/product_cat?post=10777"},{"taxonomy":"product_tag","embeddable":true,"href":"https:\/\/paxspain.com\/es\/wp-json\/wp\/v2\/product_tag?post=10777"}],"curies":[{"name":"wp","href":"https:\/\/api.w.org\/{rel}","templated":true}]}}