{"id":10829,"date":"2026-02-06T17:24:18","date_gmt":"2026-02-06T16:24:18","guid":{"rendered":"https:\/\/paxspain.com\/product\/mistral-con-sensor-de-humedad-wifi-funcion-de-emparejamiento\/"},"modified":"2026-02-18T19:54:24","modified_gmt":"2026-02-18T18:54:24","slug":"mistral-con-sensor-de-humedad-wifi-funcion-de-emparejamiento","status":"publish","type":"product","link":"https:\/\/paxspain.com\/es\/producto\/mistral-con-sensor-de-humedad-wifi-funcion-de-emparejamiento\/","title":{"rendered":"Mistral (con sensor de humedad + wifi + funci\u00f3n de emparejamiento)"},"content":{"rendered":"<p data-start=\"2656\" data-end=\"3007\">El Ventilair <strong data-start=\"2676\" data-end=\"2687\">Mistral<\/strong> es un ventilador de recuperaci\u00f3n de calor para una sola habitaci\u00f3n dise\u00f1ado para proporcionar una ventilaci\u00f3n equilibrada con una p\u00e9rdida de energ\u00eda m\u00ednima. Dise\u00f1ado para la instalaci\u00f3n descentralizada, funciona de forma independiente en cada habitaci\u00f3n, lo que lo hace particularmente adecuado para apartamentos, proyectos de modernizaci\u00f3n y espacios donde los sistemas de conductos centralizados no son pr\u00e1cticos. <\/p>\n<p data-start=\"3009\" data-end=\"3491\">En el coraz\u00f3n del sistema se encuentra un <strong data-start=\"3041\" data-end=\"3080\">intercambiador de calor cer\u00e1mico regenerativo<\/strong>, que alterna la direcci\u00f3n del flujo de aire aproximadamente cada 75 segundos. Durante la extracci\u00f3n, el aire caliente del interior pasa a trav\u00e9s del n\u00facleo cer\u00e1mico, almacenando energ\u00eda t\u00e9rmica. Cuando el flujo de aire se invierte, el aire fresco entrante absorbe este calor almacenado antes de entrar en la habitaci\u00f3n. Este proceso permite una <strong data-start=\"3359\" data-end=\"3389\">recuperaci\u00f3n de calor de hasta el 97 %<\/strong>, lo que ayuda a mantener el confort interior al tiempo que reduce la demanda de calefacci\u00f3n.   <\/p>\n<p data-start=\"3493\" data-end=\"3868\">Ventilair Mistral ofrece m\u00faltiples modos de funcionamiento, incluyendo <strong data-start=\"3554\" data-end=\"3570\">regeneraci\u00f3n<\/strong>, <strong data-start=\"3572\" data-end=\"3582\">suministro<\/strong>, <strong data-start=\"3584\" data-end=\"3595\">extracci\u00f3n<\/strong> y <strong data-start=\"3601\" data-end=\"3632\">entrada y salida combinadas<\/strong>, lo que permite adaptar el comportamiento de la ventilaci\u00f3n a las condiciones de la habitaci\u00f3n. El flujo de aire se puede ajustar a <strong data-start=\"3722\" data-end=\"3744\">20, 40 o 60 m\u00b3\/h<\/strong>, lo que lo hace adecuado para una ventilaci\u00f3n de fondo suave o una mayor demanda cuando sea necesario. <\/p>\n<p data-start=\"3870\" data-end=\"4283\">Un <strong data-start=\"3881\" data-end=\"3900\">sensor de humedad<\/strong> incorporado permite que la unidad responda autom\u00e1ticamente al aumento de los niveles de humedad. Cuando la humedad supera el umbral definido por el usuario, el sistema puede cambiar temporalmente al modo de extracci\u00f3n para reducir la humedad interior antes de volver a su funcionamiento anterior. Esto hace que Mistral sea particularmente eficaz en habitaciones ocupadas donde la humedad fluct\u00faa durante el uso diario.  <\/p>\n<p data-start=\"4285\" data-end=\"4608\">A pesar de su rendimiento, Mistral est\u00e1 dise\u00f1ado para un <strong data-start=\"4334\" data-end=\"4367\">funcionamiento excepcionalmente silencioso<\/strong>, con niveles de presi\u00f3n sonora tan bajos como <strong data-start=\"4406\" data-end=\"4420\">18,9 dB(A)<\/strong> a baja velocidad y <strong data-start=\"4438\" data-end=\"4452\">28,7 dB(A)<\/strong> al m\u00e1ximo flujo de aire. Esto lo hace adecuado para un uso continuo en dormitorios, estudios y otros espacios sensibles al ruido. <\/p>\n<p data-start=\"4610\" data-end=\"5000\">El control est\u00e1 disponible a trav\u00e9s de la <strong data-start=\"4635\" data-end=\"4647\">aplicaci\u00f3n WiFi<\/strong>, lo que permite ajustar la velocidad del ventilador, el modo de funcionamiento, la programaci\u00f3n, los ajustes de humedad y las alertas de filtro desde un smartphone. La <strong data-start=\"4771\" data-end=\"4800\">funci\u00f3n de emparejamiento inal\u00e1mbrico<\/strong> permite que dos o m\u00e1s unidades trabajen juntas en una configuraci\u00f3n de l\u00edder\/seguidor, equilibrando el flujo de aire de suministro y extracci\u00f3n en varias habitaciones sin cableado adicional. <\/p>\n<p data-start=\"5002\" data-end=\"5175\">Con un dise\u00f1o compacto y minimalista y una <strong data-start=\"5040\" data-end=\"5065\">resistencia al agua IPX2<\/strong>, el Ventilair Mistral se integra perfectamente en los interiores modernos al tiempo que permite un funcionamiento fiable a largo plazo.<\/p>\n","protected":false},"excerpt":{"rendered":"<p>El Ventilair <strong data-start=\"2088\" data-end=\"2099\">Mistral<\/strong> es un ventilador de recuperaci\u00f3n de calor descentralizado dise\u00f1ado para un suministro de aire fresco continuo y silencioso en habitaciones individuales. Utilizando el intercambio de calor regenerativo, alterna el flujo de aire para recuperar el calor del aire extra\u00eddo, manteniendo al mismo tiempo el confort interior. Con la detecci\u00f3n de humedad integrada, el control de la aplicaci\u00f3n WiFi y el emparejamiento inal\u00e1mbrico entre unidades, Mistral adapta la ventilaci\u00f3n autom\u00e1ticamente sin necesidad de conductos ni ventanas abiertas. Ideal para dormitorios, salas de estar y apartamentos donde el bajo nivel de ruido y la eficiencia energ\u00e9tica son importantes.   <\/p>\n<p><a href=\"https:\/\/paxspain.com\/wp-content\/uploads\/2026\/02\/MISTRAL-VENTILAIR-2026-es.pdf\">Cat\u00e1logo de Ventilair Mistral en espa\u00f1ol<\/a><br \/>\n<a href=\"https:\/\/paxspain.com\/wp-content\/uploads\/2026\/02\/ventilair-mistral-en-compressed-1.pdf\">Cat\u00e1logo de Ventilair Mistral en ingl\u00e9s<\/a><\/p>\n","protected":false},"featured_media":10833,"comment_status":"closed","ping_status":"closed","template":"","meta":{"_et_pb_use_builder":"","_et_pb_old_content":"","_et_gb_content_width":""},"product_brand":[154],"product_cat":[105,90],"product_tag":[],"class_list":{"0":"post-10829","1":"product","2":"type-product","3":"status-publish","4":"has-post-thumbnail","6":"product_brand-ventilair","7":"product_cat-recuperacion-descentralizada-de-calor","8":"product_cat-unidades-de-recuperacion-de-calor","9":"pa_product-type-ventilador-de-recuperacion-de-calor-descentralizado","11":"first","12":"instock","13":"taxable","14":"shipping-taxable","15":"purchasable","16":"product-type-simple"},"jetpack_sharing_enabled":true,"_links":{"self":[{"href":"https:\/\/paxspain.com\/es\/wp-json\/wp\/v2\/product\/10829","targetHints":{"allow":["GET"]}}],"collection":[{"href":"https:\/\/paxspain.com\/es\/wp-json\/wp\/v2\/product"}],"about":[{"href":"https:\/\/paxspain.com\/es\/wp-json\/wp\/v2\/types\/product"}],"replies":[{"embeddable":true,"href":"https:\/\/paxspain.com\/es\/wp-json\/wp\/v2\/comments?post=10829"}],"wp:featuredmedia":[{"embeddable":true,"href":"https:\/\/paxspain.com\/es\/wp-json\/wp\/v2\/media\/10833"}],"wp:attachment":[{"href":"https:\/\/paxspain.com\/es\/wp-json\/wp\/v2\/media?parent=10829"}],"wp:term":[{"taxonomy":"product_brand","embeddable":true,"href":"https:\/\/paxspain.com\/es\/wp-json\/wp\/v2\/product_brand?post=10829"},{"taxonomy":"product_cat","embeddable":true,"href":"https:\/\/paxspain.com\/es\/wp-json\/wp\/v2\/product_cat?post=10829"},{"taxonomy":"product_tag","embeddable":true,"href":"https:\/\/paxspain.com\/es\/wp-json\/wp\/v2\/product_tag?post=10829"}],"curies":[{"name":"wp","href":"https:\/\/api.w.org\/{rel}","templated":true}]}}