{"id":10872,"date":"2026-02-09T17:55:56","date_gmt":"2026-02-09T16:55:56","guid":{"rendered":"https:\/\/paxspain.com\/product\/fresco\/"},"modified":"2026-03-26T16:53:07","modified_gmt":"2026-03-26T15:53:07","slug":"fresco","status":"publish","type":"product","link":"https:\/\/paxspain.com\/es\/producto\/fresco\/","title":{"rendered":"Fresco"},"content":{"rendered":"<p data-start=\"2347\" data-end=\"2674\">El <strong data-start=\"2351\" data-end=\"2371\">Ventilair Fresco<\/strong> ofrece un enfoque sencillo para la purificaci\u00f3n del aire personal al combinar la comodidad de un <strong data-start=\"2478\" data-end=\"2494\">purificador de aire<\/strong> port\u00e1til con la simplicidad de un <strong data-start=\"2521\" data-end=\"2536\">ionizador de aire<\/strong>. En lugar de depender de la filtraci\u00f3n tradicional, Fresco utiliza la ionizaci\u00f3n para favorecer una sensaci\u00f3n de aire m\u00e1s limpio en entornos cerrados y cotidianos. <\/p>\n<p data-start=\"2676\" data-end=\"3101\">Los ionizadores de aire funcionan liberando iones con carga negativa en el aire. Estos iones interact\u00faan con part\u00edculas en el aire, como el polvo fino, lo que favorece que se agrupen y se depositen en lugar de permanecer suspendidas. Como resultado, el aire circundante puede sentirse m\u00e1s fresco y limpio sin necesidad de filtros f\u00edsicos. Esto convierte a Fresco en una opci\u00f3n pr\u00e1ctica para los usuarios que desean los beneficios de un purificador de aire sin la sustituci\u00f3n continua de filtros.   <\/p>\n<p data-start=\"3103\" data-end=\"3434\">Dado que Ventilair Fresco <strong data-start=\"3131\" data-end=\"3145\">no tiene filtro<\/strong>, el mantenimiento es m\u00ednimo. No hay consumibles que gestionar, lo que lo hace muy adecuado para un uso continuo o regular en espacios personales. Su tama\u00f1o compacto permite colocarlo discretamente en un escritorio, una mesita de noche, una estanter\u00eda o en un veh\u00edculo, donde los purificadores de aire m\u00e1s grandes ser\u00edan intrusivos.  <\/p>\n<p data-start=\"3436\" data-end=\"3783\">La unidad est\u00e1 dise\u00f1ada para un <strong data-start=\"3461\" data-end=\"3480\">funcionamiento silencioso<\/strong>, lo que permite su uso durante el trabajo, la relajaci\u00f3n o el sue\u00f1o. Un modo de baja potencia espec\u00edfico reduce los indicadores visuales y mantiene el ruido al m\u00ednimo, lo que lo hace adecuado para dormitorios o espacios compartidos. Los controles sencillos permiten al usuario cambiar f\u00e1cilmente entre los modos de funcionamiento, sin necesidad de aplicaciones o ajustes complejos.  <\/p>\n<p data-start=\"3785\" data-end=\"4073\">Ventilair Fresco se alimenta a trav\u00e9s de una entrada de bajo voltaje y cuenta con una <strong data-start=\"3850\" data-end=\"3883\">bater\u00eda recargable integrada<\/strong>, lo que le permite funcionar independientemente de una toma de corriente fija durante per\u00edodos prolongados. Esto lo convierte en un purificador de aire realmente port\u00e1til, adecuado para su uso en casa, en la oficina o de viaje. <\/p>\n<p data-start=\"4075\" data-end=\"4382\">Adem\u00e1s de la reducci\u00f3n de part\u00edculas, la purificaci\u00f3n del aire basada en ionizadores puede ayudar a controlar los olores cotidianos, lo que contribuye a un ambiente interior m\u00e1s agradable sin el uso de fragancias o aerosoles qu\u00edmicos. Por lo tanto, Fresco es muy adecuado para espacios de trabajo, salas de estar y veh\u00edculos donde el aire puede sentirse r\u00e1pidamente viciado. <\/p>\n<p data-start=\"4384\" data-end=\"4637\">Es importante considerar a Ventilair Fresco como un <strong data-start=\"4429\" data-end=\"4463\">purificador de aire personal o local<\/strong>, en lugar de una soluci\u00f3n para toda la habitaci\u00f3n o toda la casa. Complementa las estrategias m\u00e1s amplias de ventilaci\u00f3n y calidad del aire, ofreciendo un apoyo espec\u00edfico donde la gente pasa la mayor parte del tiempo. <\/p>\n<p data-start=\"4639\" data-end=\"4838\">Para los usuarios que buscan un purificador de aire compacto y port\u00e1til que tambi\u00e9n funcione como ionizador de aire, Ventilair Fresco ofrece una opci\u00f3n sencilla y de bajo esfuerzo centrada en la comodidad diaria en lugar de la complejidad.<\/p>\n","protected":false},"excerpt":{"rendered":"<p>El <strong data-start=\"1845\" data-end=\"1865\">Ventilair Fresco<\/strong> es un <strong data-start=\"1879\" data-end=\"1911\">purificador de aire e ionizador de aire<\/strong> compacto dise\u00f1ado para espacios personales donde se prefiere una frescura del aire sencilla y de bajo mantenimiento. Utilizando la tecnolog\u00eda de ionizaci\u00f3n en lugar de filtros reemplazables, ayuda a reducir las part\u00edculas en el aire y los olores cotidianos mientras funciona silenciosamente en segundo plano. Peque\u00f1o, port\u00e1til y f\u00e1cil de alimentar, Fresco es adecuado para escritorios, dormitorios, oficinas y veh\u00edculos donde un purificador de aire de tama\u00f1o completo ser\u00eda innecesario.  <\/p>\n<p><a href=\"https:\/\/paxspain.com\/wp-content\/uploads\/2026\/02\/FRESCO-VERSION-ENGLISH-FIN.pdf\">Descargar Folleto Ventilair Fresco Ionizador &#8211; Ingl\u00e9s<\/a><\/p>\n<div style=\"width: 640px;\" class=\"wp-video\"><video class=\"wp-video-shortcode\" id=\"video-10872-1\" width=\"640\" height=\"368\" preload=\"metadata\" controls=\"controls\"><source type=\"video\/mp4\" src=\"https:\/\/paxspain.com\/wp-content\/uploads\/2026\/02\/Ventilair-Fresco-Promo-Video.mp4?_=1\" \/><a href=\"https:\/\/paxspain.com\/wp-content\/uploads\/2026\/02\/Ventilair-Fresco-Promo-Video.mp4\">https:\/\/paxspain.com\/wp-content\/uploads\/2026\/02\/Ventilair-Fresco-Promo-Video.mp4<\/a><\/video><\/div>\n","protected":false},"featured_media":11156,"comment_status":"closed","ping_status":"closed","template":"","meta":{"_et_pb_use_builder":"","_et_pb_old_content":"","_et_gb_content_width":""},"product_brand":[154],"product_cat":[111],"product_tag":[],"class_list":{"0":"post-10872","1":"product","2":"type-product","3":"status-publish","4":"has-post-thumbnail","6":"product_brand-ventilair","7":"product_cat-purificadores-de-aire","8":"pa_product-type-purificador-de-aire","10":"first","11":"instock","12":"taxable","13":"shipping-taxable","14":"purchasable","15":"product-type-simple"},"jetpack_sharing_enabled":true,"_links":{"self":[{"href":"https:\/\/paxspain.com\/es\/wp-json\/wp\/v2\/product\/10872","targetHints":{"allow":["GET"]}}],"collection":[{"href":"https:\/\/paxspain.com\/es\/wp-json\/wp\/v2\/product"}],"about":[{"href":"https:\/\/paxspain.com\/es\/wp-json\/wp\/v2\/types\/product"}],"replies":[{"embeddable":true,"href":"https:\/\/paxspain.com\/es\/wp-json\/wp\/v2\/comments?post=10872"}],"wp:featuredmedia":[{"embeddable":true,"href":"https:\/\/paxspain.com\/es\/wp-json\/wp\/v2\/media\/11156"}],"wp:attachment":[{"href":"https:\/\/paxspain.com\/es\/wp-json\/wp\/v2\/media?parent=10872"}],"wp:term":[{"taxonomy":"product_brand","embeddable":true,"href":"https:\/\/paxspain.com\/es\/wp-json\/wp\/v2\/product_brand?post=10872"},{"taxonomy":"product_cat","embeddable":true,"href":"https:\/\/paxspain.com\/es\/wp-json\/wp\/v2\/product_cat?post=10872"},{"taxonomy":"product_tag","embeddable":true,"href":"https:\/\/paxspain.com\/es\/wp-json\/wp\/v2\/product_tag?post=10872"}],"curies":[{"name":"wp","href":"https:\/\/api.w.org\/{rel}","templated":true}]}}