{"id":10924,"date":"2026-02-11T18:57:15","date_gmt":"2026-02-11T17:57:15","guid":{"rendered":"https:\/\/paxspain.com\/product\/calma-sensor-de-co2\/"},"modified":"2026-02-11T18:57:15","modified_gmt":"2026-02-11T17:57:15","slug":"calma-sensor-de-co2","status":"publish","type":"product","link":"https:\/\/paxspain.com\/es\/producto\/calma-sensor-de-co2\/","title":{"rendered":"Calma &#8211; Sensor de CO2"},"content":{"rendered":"<p data-start=\"2028\" data-end=\"2350\">El <strong data-start=\"2032\" data-end=\"2062\">Sensor de CO\u2082 Ventilair Calma<\/strong> es un accesorio opcional dise\u00f1ado para mejorar la inteligencia de los sistemas de ventilaci\u00f3n con recuperaci\u00f3n de calor Ventilair Calma compatibles. Al supervisar de forma continua los niveles de di\u00f3xido de carbono en interiores, permite que el sistema ajuste el caudal de aire de manera din\u00e1mica en funci\u00f3n de la ocupaci\u00f3n y de las condiciones de calidad del aire. <\/p>\n<p data-start=\"2352\" data-end=\"2726\">La concentraci\u00f3n de di\u00f3xido de carbono es un indicador de uso com\u00fan de la calidad del aire interior y de los niveles de ocupaci\u00f3n. En espacios como salones, oficinas, salas de reuniones o aulas, los niveles de CO\u2082 pueden aumentar r\u00e1pidamente cuando hay varias personas. Sin un control sensible, los sistemas de ventilaci\u00f3n pueden quedarse cortos en momentos de m\u00e1ximo uso u operar innecesariamente cuando las estancias est\u00e1n desocupadas.  <\/p>\n<p data-start=\"2728\" data-end=\"3028\">Al integrar un sensor de CO\u2082, el sistema Calma puede aumentar autom\u00e1ticamente las tasas de ventilaci\u00f3n cuando los niveles de CO\u2082 superan umbrales predefinidos y reducir el caudal de aire cuando los niveles vuelven a la normalidad. Esto favorece un enfoque equilibrado de la ventilaci\u00f3n: mantiene el confort interior y evita un consumo energ\u00e9tico excesivo. <\/p>\n<p data-start=\"3030\" data-end=\"3433\">La ventilaci\u00f3n controlada por demanda es especialmente beneficiosa en entornos con ocupaci\u00f3n variable. En lugar de depender solo de temporizadores o de la selecci\u00f3n manual de velocidad, el sistema reacciona en tiempo real a las condiciones cambiantes. Esto hace que el Sensor de CO\u2082 Ventilair Calma sea adecuado para apartamentos, promociones residenciales, oficinas y otros espacios comerciales ligeros donde la eficiencia y el confort son igual de importantes.  <\/p>\n<p data-start=\"3435\" data-end=\"3678\">El sensor est\u00e1 dise\u00f1ado espec\u00edficamente para su uso con la gama Ventilair Calma y se integra directamente con el sistema de control de la unidad. No es un monitor independiente de la calidad del aire y debe conectarse a un ventilador con recuperaci\u00f3n de calor Calma compatible. <\/p>\n<p data-start=\"3680\" data-end=\"3907\">Para prescriptores e instaladores, el Sensor de CO\u2082 ofrece una v\u00eda pr\u00e1ctica para actualizar un sistema est\u00e1ndar de recuperaci\u00f3n de calor a una ventilaci\u00f3n controlada por demanda. Permite mejorar la gesti\u00f3n del aire interior sin sustituir la unidad principal. <\/p>\n<p data-start=\"3909\" data-end=\"4058\">Si necesita una ventilaci\u00f3n que responda de forma inteligente a los niveles de ocupaci\u00f3n, el Sensor de CO\u2082 Ventilair Calma ofrece una actualizaci\u00f3n escalable y eficaz.<\/p>\n","protected":false},"excerpt":{"rendered":"<p>El <strong data-start=\"1537\" data-end=\"1567\">Sensor de CO\u2082 Ventilair Calma<\/strong> permite la ventilaci\u00f3n controlada por demanda al supervisar los niveles de di\u00f3xido de carbono en interiores y ajustar el caudal de aire autom\u00e1ticamente. Dise\u00f1ado para su uso con ventiladores con recuperaci\u00f3n de calor Ventilair Calma, permite un funcionamiento m\u00e1s inteligente del sistema en funci\u00f3n de la ocupaci\u00f3n y de las condiciones de calidad del aire. Ideal para entornos residenciales y comerciales ligeros donde la ventilaci\u00f3n debe responder al uso real y no a horarios fijos.  <\/p>\n","protected":false},"featured_media":10925,"comment_status":"closed","ping_status":"closed","template":"","meta":{"_et_pb_use_builder":"","_et_pb_old_content":"","_et_gb_content_width":""},"product_brand":[154],"product_cat":[164],"product_tag":[],"class_list":{"0":"post-10924","1":"product","2":"type-product","3":"status-publish","4":"has-post-thumbnail","6":"product_brand-ventilair","7":"product_cat-accesorios-ventilair-calma","9":"first","10":"instock","11":"taxable","12":"shipping-taxable","13":"purchasable","14":"product-type-simple"},"jetpack_sharing_enabled":true,"_links":{"self":[{"href":"https:\/\/paxspain.com\/es\/wp-json\/wp\/v2\/product\/10924","targetHints":{"allow":["GET"]}}],"collection":[{"href":"https:\/\/paxspain.com\/es\/wp-json\/wp\/v2\/product"}],"about":[{"href":"https:\/\/paxspain.com\/es\/wp-json\/wp\/v2\/types\/product"}],"replies":[{"embeddable":true,"href":"https:\/\/paxspain.com\/es\/wp-json\/wp\/v2\/comments?post=10924"}],"wp:featuredmedia":[{"embeddable":true,"href":"https:\/\/paxspain.com\/es\/wp-json\/wp\/v2\/media\/10925"}],"wp:attachment":[{"href":"https:\/\/paxspain.com\/es\/wp-json\/wp\/v2\/media?parent=10924"}],"wp:term":[{"taxonomy":"product_brand","embeddable":true,"href":"https:\/\/paxspain.com\/es\/wp-json\/wp\/v2\/product_brand?post=10924"},{"taxonomy":"product_cat","embeddable":true,"href":"https:\/\/paxspain.com\/es\/wp-json\/wp\/v2\/product_cat?post=10924"},{"taxonomy":"product_tag","embeddable":true,"href":"https:\/\/paxspain.com\/es\/wp-json\/wp\/v2\/product_tag?post=10924"}],"curies":[{"name":"wp","href":"https:\/\/api.w.org\/{rel}","templated":true}]}}