{"id":11471,"date":"2026-03-27T16:19:22","date_gmt":"2026-03-27T15:19:22","guid":{"rendered":"https:\/\/paxspain.com\/product\/rejilla-redonda-de-acero-inoxidable-mistral\/"},"modified":"2026-03-27T16:19:22","modified_gmt":"2026-03-27T15:19:22","slug":"rejilla-redonda-de-acero-inoxidable-mistral","status":"publish","type":"product","link":"https:\/\/paxspain.com\/es\/producto\/rejilla-redonda-de-acero-inoxidable-mistral\/","title":{"rendered":"Rejilla redonda de acero inoxidable Mistral"},"content":{"rendered":"<p data-start=\"1993\" data-end=\"2193\">La <strong data-start=\"1997\" data-end=\"2047\">rejilla redonda de acero inoxidable Ventilair Mistral<\/strong> es un accesorio de ventilaci\u00f3n dise\u00f1ado para proporcionar un acabado limpio, duradero y visualmente refinado a las aberturas de pared en instalaciones Ventilair Mistral.<\/p>\n<p data-start=\"2195\" data-end=\"2560\">En los sistemas de ventilaci\u00f3n de pared, las rejillas se utilizan para cubrir el punto por donde el aire entra o sale del edificio. Permiten el paso del flujo de aire a la vez que ayudan a proteger la abertura y mantienen un aspecto impecable en la superficie de la pared. Esta versi\u00f3n de acero inoxidable ofrece la misma funci\u00f3n que una rejilla est\u00e1ndar, pero con una mayor durabilidad y un acabado m\u00e1s robusto.  <\/p>\n<p data-start=\"2562\" data-end=\"2861\">Su <strong data-start=\"2566\" data-end=\"2598\">fabricaci\u00f3n en acero inoxidable<\/strong> hace que esta rejilla sea especialmente adecuada para lugares donde se requiere una mayor resistencia al desgaste o a la exposici\u00f3n ambiental.<\/p>\n<p data-start=\"2863\" data-end=\"3175\">En comparaci\u00f3n con las alternativas de pl\u00e1stico, una rejilla de acero inoxidable proporciona una sensaci\u00f3n de mayor solidez y mantiene mejor su aspecto con el paso del tiempo. Tambi\u00e9n es la opci\u00f3n preferida en proyectos donde la calidad visual y la consistencia de los materiales son importantes, como en promociones residenciales modernas o entornos comerciales ligeros. <\/p>\n<p data-start=\"3177\" data-end=\"3431\">El formato redondo de la rejilla permite que se integre perfectamente con la instalaci\u00f3n del sistema Mistral, proporcionando un acabado equilibrado y discreto en la pared exterior.<\/p>\n<p data-start=\"3433\" data-end=\"3681\">La rejilla redonda de acero inoxidable Ventilair Mistral est\u00e1 dise\u00f1ada para el recuperador de calor Ventilair Mistral. Si busca una alternativa m\u00e1s duradera y visualmente refinada a la rejilla de pl\u00e1stico est\u00e1ndar, la rejilla redonda de acero inoxidable es una opci\u00f3n pr\u00e1ctica. <\/p>\n","protected":false},"excerpt":{"rendered":"<p>La <strong data-start=\"1596\" data-end=\"1646\">rejilla redonda de acero inoxidable Ventilair Mistral<\/strong> proporciona un acabado duradero y refinado para las aberturas de ventilaci\u00f3n. Dise\u00f1ada para su uso con el sistema Ventilair Mistral, cubre la penetraci\u00f3n en la pared permitiendo que el flujo de aire pase libremente. Su fabricaci\u00f3n en acero inoxidable ofrece una alternativa m\u00e1s robusta y visualmente superior a las rejillas de pl\u00e1stico est\u00e1ndar.  <\/p>\n","protected":false},"featured_media":11479,"comment_status":"closed","ping_status":"closed","template":"","meta":{"_et_pb_use_builder":"","_et_pb_old_content":"","_et_gb_content_width":""},"product_brand":[154],"product_cat":[200],"product_tag":[],"class_list":{"0":"post-11471","1":"product","2":"type-product","3":"status-publish","4":"has-post-thumbnail","6":"product_brand-ventilair","7":"product_cat-accesorios-mistral","9":"first","10":"instock","11":"taxable","12":"shipping-taxable","13":"purchasable","14":"product-type-simple"},"jetpack_sharing_enabled":true,"_links":{"self":[{"href":"https:\/\/paxspain.com\/es\/wp-json\/wp\/v2\/product\/11471","targetHints":{"allow":["GET"]}}],"collection":[{"href":"https:\/\/paxspain.com\/es\/wp-json\/wp\/v2\/product"}],"about":[{"href":"https:\/\/paxspain.com\/es\/wp-json\/wp\/v2\/types\/product"}],"replies":[{"embeddable":true,"href":"https:\/\/paxspain.com\/es\/wp-json\/wp\/v2\/comments?post=11471"}],"wp:featuredmedia":[{"embeddable":true,"href":"https:\/\/paxspain.com\/es\/wp-json\/wp\/v2\/media\/11479"}],"wp:attachment":[{"href":"https:\/\/paxspain.com\/es\/wp-json\/wp\/v2\/media?parent=11471"}],"wp:term":[{"taxonomy":"product_brand","embeddable":true,"href":"https:\/\/paxspain.com\/es\/wp-json\/wp\/v2\/product_brand?post=11471"},{"taxonomy":"product_cat","embeddable":true,"href":"https:\/\/paxspain.com\/es\/wp-json\/wp\/v2\/product_cat?post=11471"},{"taxonomy":"product_tag","embeddable":true,"href":"https:\/\/paxspain.com\/es\/wp-json\/wp\/v2\/product_tag?post=11471"}],"curies":[{"name":"wp","href":"https:\/\/api.w.org\/{rel}","templated":true}]}}