{"id":11483,"date":"2026-03-27T13:55:00","date_gmt":"2026-03-27T12:55:00","guid":{"rendered":"https:\/\/paxspain.com\/product\/regenerador-de-acumulacion-de-calor-tipo-bola\/"},"modified":"2026-03-27T13:55:00","modified_gmt":"2026-03-27T12:55:00","slug":"regenerador-de-acumulacion-de-calor-tipo-bola","status":"publish","type":"product","link":"https:\/\/paxspain.com\/es\/producto\/regenerador-de-acumulacion-de-calor-tipo-bola\/","title":{"rendered":"Regenerador de acumulaci\u00f3n de calor tipo bola"},"content":{"rendered":"","protected":false},"excerpt":{"rendered":"<p>El <strong data-start=\"1701\" data-end=\"1757\">Regenerador de acumulaci\u00f3n de calor tipo bola Ventilair Mistral<\/strong> es un n\u00facleo de recuperaci\u00f3n de calor alternativo dise\u00f1ado para su uso con el sistema de ventilaci\u00f3n Mistral. Al utilizar una estructura tipo bola en lugar del dise\u00f1o est\u00e1ndar de panal, almacena y libera calor durante el ciclo de flujo de aire alterno de la unidad, favoreciendo una ventilaci\u00f3n eficiente y manteniendo el confort interior. <\/p>\n","protected":false},"featured_media":11485,"comment_status":"closed","ping_status":"closed","template":"","meta":{"_et_pb_use_builder":"","_et_pb_old_content":"","_et_gb_content_width":""},"product_brand":[154],"product_cat":[200],"product_tag":[],"class_list":{"0":"post-11483","1":"product","2":"type-product","3":"status-publish","4":"has-post-thumbnail","6":"product_brand-ventilair","7":"product_cat-accesorios-mistral","9":"first","10":"instock","11":"taxable","12":"shipping-taxable","13":"purchasable","14":"product-type-simple"},"jetpack_sharing_enabled":true,"_links":{"self":[{"href":"https:\/\/paxspain.com\/es\/wp-json\/wp\/v2\/product\/11483","targetHints":{"allow":["GET"]}}],"collection":[{"href":"https:\/\/paxspain.com\/es\/wp-json\/wp\/v2\/product"}],"about":[{"href":"https:\/\/paxspain.com\/es\/wp-json\/wp\/v2\/types\/product"}],"replies":[{"embeddable":true,"href":"https:\/\/paxspain.com\/es\/wp-json\/wp\/v2\/comments?post=11483"}],"wp:featuredmedia":[{"embeddable":true,"href":"https:\/\/paxspain.com\/es\/wp-json\/wp\/v2\/media\/11485"}],"wp:attachment":[{"href":"https:\/\/paxspain.com\/es\/wp-json\/wp\/v2\/media?parent=11483"}],"wp:term":[{"taxonomy":"product_brand","embeddable":true,"href":"https:\/\/paxspain.com\/es\/wp-json\/wp\/v2\/product_brand?post=11483"},{"taxonomy":"product_cat","embeddable":true,"href":"https:\/\/paxspain.com\/es\/wp-json\/wp\/v2\/product_cat?post=11483"},{"taxonomy":"product_tag","embeddable":true,"href":"https:\/\/paxspain.com\/es\/wp-json\/wp\/v2\/product_tag?post=11483"}],"curies":[{"name":"wp","href":"https:\/\/api.w.org\/{rel}","templated":true}]}}