{"id":11504,"date":"2026-03-27T16:04:27","date_gmt":"2026-03-27T15:04:27","guid":{"rendered":"https:\/\/paxspain.com\/product\/rejilla-redonda-de-plastico-mistral\/"},"modified":"2026-03-27T16:52:04","modified_gmt":"2026-03-27T15:52:04","slug":"rejilla-redonda-de-plastico-mistral","status":"publish","type":"product","link":"https:\/\/paxspain.com\/es\/producto\/rejilla-redonda-de-plastico-mistral\/","title":{"rendered":"Rejilla redonda de pl\u00e1stico Mistral"},"content":{"rendered":"<p data-start=\"2130\" data-end=\"2355\">La <strong data-start=\"2134\" data-end=\"2176\">rejilla redonda de pl\u00e1stico Ventilair Mistral<\/strong> es un accesorio de ventilaci\u00f3n dise\u00f1ado para proporcionar un acabado ordenado y funcional en las aberturas de pared exterior del sistema de ventilaci\u00f3n con recuperaci\u00f3n de calor descentralizada Ventilair Mistral.<\/p>\n<p data-start=\"2357\" data-end=\"2633\">En las instalaciones de ventilaci\u00f3n pasamuros, el punto por el que el aire entra o sale del edificio requiere una cubierta protectora y visualmente aceptable. Una rejilla cumple esta funci\u00f3n, ya que permite el paso del aire mientras cubre la abertura y ayuda a evitar la entrada de residuos de mayor tama\u00f1o. <\/p>\n<p data-start=\"2635\" data-end=\"3001\">Esta rejilla redonda de pl\u00e1stico es una <strong data-start=\"2666\" data-end=\"2701\">soluci\u00f3n sencilla y discreta<\/strong> para rematar las salidas de ventilaci\u00f3n. Su dise\u00f1o permite que el aire circule libremente por la abertura, manteniendo un aspecto limpio en la superficie de la pared. <\/p>\n<p data-start=\"3003\" data-end=\"3284\">En comparaci\u00f3n con las rejillas exteriores, que ofrecen una protecci\u00f3n adicional frente a la intemperie, una rejilla presenta un perfil m\u00e1s compacto y minimalista. Esto la hace adecuada para instalaciones en las que se necesita minimizar la proyecci\u00f3n desde la pared o en las que se prefiere un acabado visual sencillo. <\/p>\n<p data-start=\"3286\" data-end=\"3533\">La <strong data-start=\"3290\" data-end=\"3326\">construcci\u00f3n ligera de pl\u00e1stico<\/strong> facilita la manipulaci\u00f3n y la instalaci\u00f3n, por lo que es adecuada tanto para instalaciones nuevas como para proyectos de reforma. Su aspecto neutro ayuda a integrarla en una amplia variedad de superficies de pared exterior. <\/p>\n<p data-start=\"3535\" data-end=\"3747\">La rejilla redonda de pl\u00e1stico Ventilair Mistral est\u00e1 dise\u00f1ada para ser compatible con el sistema Mistral y puede utilizarse como parte de la instalaci\u00f3n completa junto con tubos de pared, rejillas exteriores y componentes internos.<\/p>\n<p data-start=\"3749\" data-end=\"3900\">Si busca una forma sencilla y eficaz de rematar una abertura de ventilaci\u00f3n, la rejilla redonda de pl\u00e1stico ofrece una soluci\u00f3n pr\u00e1ctica y discreta.<\/p>\n","protected":false},"excerpt":{"rendered":"<p data-start=\"1685\" data-end=\"2085\">La <strong data-start=\"1689\" data-end=\"1731\">rejilla redonda de pl\u00e1stico Ventilair Mistral<\/strong> est\u00e1 dise\u00f1ada para proporcionar un acabado limpio y sencillo en las aberturas de ventilaci\u00f3n exteriores. Adecuada para su uso con el sistema Ventilair Mistral, cubre la perforaci\u00f3n en la pared permitiendo el paso libre del aire. Su dise\u00f1o redondo y su construcci\u00f3n ligera de pl\u00e1stico la convierten en una opci\u00f3n pr\u00e1ctica para instalaciones en las que se requiere una soluci\u00f3n discreta y sencilla.  <\/p>\n","protected":false},"featured_media":11514,"comment_status":"closed","ping_status":"closed","template":"","meta":{"_et_pb_use_builder":"","_et_pb_old_content":"","_et_gb_content_width":""},"product_brand":[154],"product_cat":[200],"product_tag":[],"class_list":{"0":"post-11504","1":"product","2":"type-product","3":"status-publish","4":"has-post-thumbnail","6":"product_brand-ventilair","7":"product_cat-accesorios-mistral","9":"first","10":"instock","11":"taxable","12":"shipping-taxable","13":"purchasable","14":"product-type-simple"},"jetpack_sharing_enabled":true,"_links":{"self":[{"href":"https:\/\/paxspain.com\/es\/wp-json\/wp\/v2\/product\/11504","targetHints":{"allow":["GET"]}}],"collection":[{"href":"https:\/\/paxspain.com\/es\/wp-json\/wp\/v2\/product"}],"about":[{"href":"https:\/\/paxspain.com\/es\/wp-json\/wp\/v2\/types\/product"}],"replies":[{"embeddable":true,"href":"https:\/\/paxspain.com\/es\/wp-json\/wp\/v2\/comments?post=11504"}],"wp:featuredmedia":[{"embeddable":true,"href":"https:\/\/paxspain.com\/es\/wp-json\/wp\/v2\/media\/11514"}],"wp:attachment":[{"href":"https:\/\/paxspain.com\/es\/wp-json\/wp\/v2\/media?parent=11504"}],"wp:term":[{"taxonomy":"product_brand","embeddable":true,"href":"https:\/\/paxspain.com\/es\/wp-json\/wp\/v2\/product_brand?post=11504"},{"taxonomy":"product_cat","embeddable":true,"href":"https:\/\/paxspain.com\/es\/wp-json\/wp\/v2\/product_cat?post=11504"},{"taxonomy":"product_tag","embeddable":true,"href":"https:\/\/paxspain.com\/es\/wp-json\/wp\/v2\/product_tag?post=11504"}],"curies":[{"name":"wp","href":"https:\/\/api.w.org\/{rel}","templated":true}]}}