{"id":5047,"date":"2023-04-03T21:36:39","date_gmt":"2023-04-03T21:36:39","guid":{"rendered":"https:\/\/paxspain.com\/product\/limbo-blanco-momento-ii\/"},"modified":"2026-02-26T18:56:20","modified_gmt":"2026-02-26T17:56:20","slug":"limbo-blanco-momento-ii","status":"publish","type":"product","link":"https:\/\/paxspain.com\/es\/producto\/limbo-blanco-momento-ii\/","title":{"rendered":"Limbo White Momento II"},"content":{"rendered":"<p>El <strong data-start=\"1666\" data-end=\"1710\">toallero calefactable blanco Limbo Momento II<\/strong> ofrece una forma limpia y discreta de mantener las toallas calientes y listas para usar. Su dise\u00f1o vertical y estilizado se adapta tanto a ba\u00f1os compactos como a ba\u00f1os m\u00e1s grandes, mientras que el acabado blanco se integra sin esfuerzo en interiores claros. Con un <strong data-start=\"1937\" data-end=\"1958\">temporizador Momento II&#x2122;<\/strong> integrado, permite un control sencillo manual o mediante app para tener calor justo cuando lo necesita.  <\/p>\n<p><strong>Informaci\u00f3n del producto:<\/strong><\/p>\n<p>N\u00famero de art\u00edculo<br \/>\n 3551-12<\/p>\n<p>Fase de alimentaci\u00f3n el\u00e9ctrica<br \/>\n1-Fase<\/p>\n<p>Protecci\u00f3n IP<br \/>\nIP 44<\/p>\n<p>Clase de aislamiento<br \/>\nII<\/p>\n<p>Material<br \/>\nAcero, pl\u00e1stico<\/p>\n<p>Ancho (mm)<br \/>\n 75<\/p>\n<p>Profundidad (mm)<br \/>\n 125<\/p>\n<p>Altura (mm)<br \/>\n 1399<\/p>\n<p>Tipo de instalaci\u00f3n<br \/>\nPared<\/p>\n<p>Nombre del producto<br \/>\nLimbo Momento II negro<\/p>\n<p>Consumo de energ\u00eda (W)<br \/>\n 24<\/p>\n<p>Funciones<br \/>\nFuncionamiento con temporizador, Temporizador repetitivo, Control de potencia<\/p>\n<p>Tensi\u00f3n de alimentaci\u00f3n (V)<br \/>\n230V CA<\/p>\n<p>Opci\u00f3n inal\u00e1mbrica<br \/>\nBluetooth LE<\/p>\n<p>Detalle del material pl\u00e1stico<br \/>\nABS<\/p>\n<p>C\u00f3digo Etim<br \/>\nEC003624<\/p>\n<p>EAN 13<br \/>\n 7391477355124<\/p>\n","protected":false},"excerpt":{"rendered":"<p>Limbo es un toallero el\u00e9ctrico con un dise\u00f1o delgado y discreto. El calentador mide s\u00f3lo 5\u00d7140 cm, lo que facilita su colocaci\u00f3n. Elige entre las versiones en negro, blanco y acero inoxidable.<\/p>\n<p>El calentador de toallas viene completo con el soporte Momento II&#x2122; para instalaci\u00f3n el\u00e9ctrica oculta colocado en la parte inferior.<\/p>\n<p>El temporizador Momento II&#x2122; incorporado puede controlarse mediante la aplicaci\u00f3n o manualmente. A trav\u00e9s de la aplicaci\u00f3n tambi\u00e9n es posible ajustar distintos niveles de potencia, programar cu\u00e1ndo se calentar\u00e1 el secatoallas y emparejarlo con el ventilador de ba\u00f1o Pax Norte.  Entonces, el calentador de toallas se enciende autom\u00e1ticamente cuando el sensor de humedad del ventilador detecta un aumento del nivel de humedad, por ejemplo, cuando empiezas a ducharte.<\/p>\n","protected":false},"featured_media":4629,"comment_status":"open","ping_status":"closed","template":"","meta":{"_et_pb_use_builder":"","_et_pb_old_content":"","_et_gb_content_width":""},"product_brand":[134],"product_cat":[76],"product_tag":[],"class_list":{"0":"post-5047","1":"product","2":"type-product","3":"status-publish","4":"has-post-thumbnail","6":"product_brand-pax","7":"product_cat-calienta-toallas","8":"product_shipping_class-calentador-de-toallas-con-envio-gratis","9":"pa_product-type-toallero-calefactable","11":"first","12":"instock","13":"taxable","14":"shipping-taxable","15":"purchasable","16":"product-type-simple"},"jetpack_sharing_enabled":true,"_links":{"self":[{"href":"https:\/\/paxspain.com\/es\/wp-json\/wp\/v2\/product\/5047","targetHints":{"allow":["GET"]}}],"collection":[{"href":"https:\/\/paxspain.com\/es\/wp-json\/wp\/v2\/product"}],"about":[{"href":"https:\/\/paxspain.com\/es\/wp-json\/wp\/v2\/types\/product"}],"replies":[{"embeddable":true,"href":"https:\/\/paxspain.com\/es\/wp-json\/wp\/v2\/comments?post=5047"}],"wp:featuredmedia":[{"embeddable":true,"href":"https:\/\/paxspain.com\/es\/wp-json\/wp\/v2\/media\/4629"}],"wp:attachment":[{"href":"https:\/\/paxspain.com\/es\/wp-json\/wp\/v2\/media?parent=5047"}],"wp:term":[{"taxonomy":"product_brand","embeddable":true,"href":"https:\/\/paxspain.com\/es\/wp-json\/wp\/v2\/product_brand?post=5047"},{"taxonomy":"product_cat","embeddable":true,"href":"https:\/\/paxspain.com\/es\/wp-json\/wp\/v2\/product_cat?post=5047"},{"taxonomy":"product_tag","embeddable":true,"href":"https:\/\/paxspain.com\/es\/wp-json\/wp\/v2\/product_tag?post=5047"}],"curies":[{"name":"wp","href":"https:\/\/api.w.org\/{rel}","templated":true}]}}