{"id":5053,"date":"2023-04-03T21:50:54","date_gmt":"2023-04-03T21:50:54","guid":{"rendered":"https:\/\/paxspain.com\/product\/jazz-4-700-momento-ii\/"},"modified":"2026-02-26T18:56:21","modified_gmt":"2026-02-26T17:56:21","slug":"jazz-4-700-momento-ii","status":"publish","type":"product","link":"https:\/\/paxspain.com\/es\/producto\/jazz-4-700-momento-ii\/","title":{"rendered":"Jazz 4\/700 Momento II"},"content":{"rendered":"<p data-start=\"2285\" data-end=\"2671\">El <strong data-start=\"2289\" data-end=\"2340\">toallero el\u00e9ctrico PAX Jazz 4\/700 Momento II<\/strong> combina el dise\u00f1o escandinavo con un control de calefacci\u00f3n inteligente. Su acabado en acero inoxidable pulido y sus cuatro barras espaciadas uniformemente crean una apariencia ordenada y discreta que se adapta tanto a interiores de ba\u00f1o contempor\u00e1neos como cl\u00e1sicos. Con una <strong data-start=\"2575\" data-end=\"2592\">altura de 700 mm<\/strong>, proporciona espacio adicional para toallas m\u00e1s grandes sin sobrecargar la pared.  <\/p>\n<p data-start=\"2709\" data-end=\"2976\">En el centro del Jazz 4\/700 se encuentra el <strong data-start=\"2748\" data-end=\"2777\">sistema de control Momento II<\/strong>, que ofrece mucha m\u00e1s flexibilidad que un interruptor b\u00e1sico de encendido\/apagado. Puede operar el toallero directamente usando el temporizador integrado, o conectarse v\u00eda Bluetooth a la aplicaci\u00f3n PAX en su smartphone o tablet. <\/p>\n<p data-start=\"2978\" data-end=\"3001\">Usando la aplicaci\u00f3n, puede:<\/p>\n<ul data-start=\"3002\" data-end=\"3155\">\n<li data-start=\"3002\" data-end=\"3043\">\n<p data-start=\"3004\" data-end=\"3043\">Crear programas de calefacci\u00f3n personalizados<\/p>\n<\/li>\n<li data-start=\"3044\" data-end=\"3090\">\n<p data-start=\"3046\" data-end=\"3090\">Ajustar los niveles de potencia para adaptarse a las rutinas diarias<\/p>\n<\/li>\n<li data-start=\"3091\" data-end=\"3155\">\n<p data-start=\"3093\" data-end=\"3155\">Combinar el calentamiento de toallas con otros productos de ventilaci\u00f3n de ba\u00f1o<\/p>\n<\/li>\n<\/ul>\n<p data-start=\"3157\" data-end=\"3365\">Cuando se combina con un <strong data-start=\"3187\" data-end=\"3213\">extractor de ba\u00f1o<\/strong> compatible con sensor de humedad, el toallero puede arrancar autom\u00e1ticamente a medida que aumentan los niveles de humedad, ideal para la comodidad despu\u00e9s de la ducha y un mejor secado de las toallas.<\/p>\n<p data-start=\"3413\" data-end=\"3771\">El <strong>Jazz 4\/700<\/strong> se suministra con un discreto <strong data-start=\"3456\" data-end=\"3487\">soporte de montaje Momento II<\/strong> que permite una instalaci\u00f3n el\u00e9ctrica oculta desde la esquina inferior izquierda o derecha. Esto mantiene el cableado oculto y las l\u00edneas visuales limpias del toallero. La unidad est\u00e1 dise\u00f1ada para una conexi\u00f3n el\u00e9ctrica fija, con accesorios opcionales disponibles si se requiere una soluci\u00f3n enchufable.  <\/p>\n<p data-start=\"3773\" data-end=\"3919\">Con clasificaci\u00f3n <strong data-start=\"3779\" data-end=\"3787\">IP44<\/strong>, el toallero es adecuado para entornos de ba\u00f1o y ofrece un rendimiento fiable en \u00e1reas expuestas a salpicaduras o humedad.<\/p>\n<p data-start=\"3956\" data-end=\"4227\">Dise\u00f1ado para el uso diario, el toallero calefactable <strong>Jazz 4\/700<\/strong> proporciona un calor constante manteniendo bajo el consumo de energ\u00eda. El dise\u00f1o montado en la pared asegura que el calor se aplique directamente a las toallas, ayud\u00e1ndolas a secarse m\u00e1s r\u00e1pido y a mantenerse c\u00f3modamente calientes sin calentar innecesariamente toda la habitaci\u00f3n. <\/p>\n<ul data-start=\"4276\" data-end=\"4559\">\n<li data-start=\"4276\" data-end=\"4318\">\n<p data-start=\"4278\" data-end=\"4318\">Temporizador Bluetooth inteligente con control por aplicaci\u00f3n<\/p>\n<\/li>\n<li data-start=\"4319\" data-end=\"4381\">\n<p data-start=\"4321\" data-end=\"4381\">Funcionamiento autom\u00e1tico cuando se combina con ventiladores con sensor de humedad<\/p>\n<\/li>\n<li data-start=\"4382\" data-end=\"4428\">\n<p data-start=\"4384\" data-end=\"4428\">Formato m\u00e1s alto para mayor capacidad de toallas<\/p>\n<\/li>\n<li data-start=\"4429\" data-end=\"4497\">\n<p data-start=\"4431\" data-end=\"4497\">Acabado en acero inoxidable pulido para mayor durabilidad y f\u00e1cil limpieza<\/p>\n<\/li>\n<li data-start=\"4498\" data-end=\"4559\">\n<p data-start=\"4500\" data-end=\"4559\">Funcionamiento el\u00e9ctrico de bajo consumo con programaci\u00f3n precisa<\/p>\n<\/li>\n<\/ul>\n<p data-start=\"4561\" data-end=\"4751\">El <strong data-start=\"4565\" data-end=\"4594\">PAX Jazz 4\/700 Momento II<\/strong> es un toallero calefactable pr\u00e1ctico y bien dise\u00f1ado que equilibra comodidad, control y eficiencia.<\/p>\n<p><strong>Informaci\u00f3n del producto:<\/strong><\/p>\n<p>N\u00famero de art\u00edculo<br \/>\n3526-7<\/p>\n<p>Fase de alimentaci\u00f3n el\u00e9ctrica<br \/>\n1-Fase<\/p>\n<p>Protecci\u00f3n IP<br \/>\nIP 44<\/p>\n<p>Clase de aislamiento<br \/>\nII<\/p>\n<p>Material<br \/>\nAcero inoxidable, pl\u00e1stico<\/p>\n<p>Ancho (mm)<br \/>\n 699<\/p>\n<p>Profundidad (mm)<br \/>\n 107<\/p>\n<p>Altura (mm)<br \/>\n 701<\/p>\n<p>Tipo de instalaci\u00f3n<br \/>\nPared<\/p>\n<p>Nombre del producto<br \/>\nJazz 4\/700 Momento II<\/p>\n<p>Consumo de energ\u00eda(W)<br \/>\n55<\/p>\n<p>Funciones<br \/>\nFuncionamiento con temporizador, Temporizador repetitivo, Control de potencia<\/p>\n<p>Tensi\u00f3n de alimentaci\u00f3n (V)<br \/>\n230V CA<\/p>\n<p>Opci\u00f3n inal\u00e1mbrica<br \/>\nBluetooth LE<\/p>\n<p>Detalle del material pl\u00e1stico<br \/>\nABS<\/p>\n<p>C\u00f3digo Etim<br \/>\nEC003624<\/p>\n<p>EAN 13<br \/>\n 7391477352611<\/p>\n","protected":false},"excerpt":{"rendered":"<p>El <strong data-start=\"1528\" data-end=\"1557\">PAX Jazz 4\/700 Momento II<\/strong> es un toallero el\u00e9ctrico inteligente dise\u00f1ado para proporcionar toallas c\u00e1lidas y secas exactamente cuando las necesita. Con cuatro barras horizontales y un perfil m\u00e1s alto de 700 mm, ofrece espacio adicional para colgar mientras mantiene un aspecto limpio y minimalista. El <strong data-start=\"1801\" data-end=\"1821\">temporizador Momento II<\/strong> integrado permite el control manual o la programaci\u00f3n mediante la aplicaci\u00f3n Bluetooth, lo que le brinda total flexibilidad sobre los tiempos de calentamiento y los niveles de potencia. Cuando se combina con un extractor de ba\u00f1o PAX compatible, el toallero puede arrancar autom\u00e1ticamente a medida que aumenta la humedad. Con acabado en acero inoxidable pulido y montado en la pared para una entrega eficiente del calor, es una mejora pr\u00e1ctica para ba\u00f1os modernos.    <\/p>\n","protected":false},"featured_media":4669,"comment_status":"open","ping_status":"closed","template":"","meta":{"_et_pb_use_builder":"","_et_pb_old_content":"","_et_gb_content_width":""},"product_brand":[134],"product_cat":[76],"product_tag":[],"class_list":{"0":"post-5053","1":"product","2":"type-product","3":"status-publish","4":"has-post-thumbnail","6":"product_brand-pax","7":"product_cat-calienta-toallas","8":"product_shipping_class-calentador-de-toallas-con-envio-gratis","9":"pa_product-type-toallero-calefactable","11":"first","12":"instock","13":"taxable","14":"shipping-taxable","15":"purchasable","16":"product-type-simple"},"jetpack_sharing_enabled":true,"_links":{"self":[{"href":"https:\/\/paxspain.com\/es\/wp-json\/wp\/v2\/product\/5053","targetHints":{"allow":["GET"]}}],"collection":[{"href":"https:\/\/paxspain.com\/es\/wp-json\/wp\/v2\/product"}],"about":[{"href":"https:\/\/paxspain.com\/es\/wp-json\/wp\/v2\/types\/product"}],"replies":[{"embeddable":true,"href":"https:\/\/paxspain.com\/es\/wp-json\/wp\/v2\/comments?post=5053"}],"wp:featuredmedia":[{"embeddable":true,"href":"https:\/\/paxspain.com\/es\/wp-json\/wp\/v2\/media\/4669"}],"wp:attachment":[{"href":"https:\/\/paxspain.com\/es\/wp-json\/wp\/v2\/media?parent=5053"}],"wp:term":[{"taxonomy":"product_brand","embeddable":true,"href":"https:\/\/paxspain.com\/es\/wp-json\/wp\/v2\/product_brand?post=5053"},{"taxonomy":"product_cat","embeddable":true,"href":"https:\/\/paxspain.com\/es\/wp-json\/wp\/v2\/product_cat?post=5053"},{"taxonomy":"product_tag","embeddable":true,"href":"https:\/\/paxspain.com\/es\/wp-json\/wp\/v2\/product_tag?post=5053"}],"curies":[{"name":"wp","href":"https:\/\/api.w.org\/{rel}","templated":true}]}}