{"id":5056,"date":"2023-04-03T21:50:54","date_gmt":"2023-04-03T21:50:54","guid":{"rendered":"https:\/\/paxspain.com\/product\/jazz-6-700-momento-ii\/"},"modified":"2026-02-26T18:56:23","modified_gmt":"2026-02-26T17:56:23","slug":"jazz-6-700-momento-ii","status":"publish","type":"product","link":"https:\/\/paxspain.com\/es\/producto\/jazz-6-700-momento-ii\/","title":{"rendered":"Jazz 6\/700 Momento II"},"content":{"rendered":"<p data-start=\"2290\" data-end=\"2692\">El <strong data-start=\"2294\" data-end=\"2345\">toallero el\u00e9ctrico PAX Jazz 6\/700 Momento II<\/strong> est\u00e1 dise\u00f1ado para ba\u00f1os que se benefician de una mayor altura en lugar de anchura adicional. Sus seis barras uniformemente espaciadas ofrecen un amplio espacio para colgar toallas, mientras que la <strong data-start=\"2505\" data-end=\"2522\">altura de 700 mm<\/strong> permite un mejor flujo de aire y un secado m\u00e1s r\u00e1pido. El acabado en acero inoxidable pulido aporta un aspecto refinado y moderno que se integra f\u00e1cilmente en una amplia variedad de estilos de ba\u00f1o.  <\/p>\n<p data-start=\"2694\" data-end=\"2861\">Esta configuraci\u00f3n convierte al Jazz 6\/700 en una excelente opci\u00f3n intermedia, ya que ofrece m\u00e1s capacidad que los modelos compactos sin el volumen visual de los dise\u00f1os m\u00e1s anchos o con m\u00e1s barras.<\/p>\n<p data-start=\"2899\" data-end=\"3152\">El <strong data-start=\"2914\" data-end=\"2943\">sistema de control Momento II<\/strong> integrado le ofrece total flexibilidad sobre c\u00f3mo y cu\u00e1ndo funciona el toallero. Puede utilizar el temporizador incorporado para un control manual sencillo o conectarse por Bluetooth a la aplicaci\u00f3n PAX para una programaci\u00f3n m\u00e1s avanzada. <\/p>\n<p data-start=\"3154\" data-end=\"3179\">A trav\u00e9s de la aplicaci\u00f3n, puede:<\/p>\n<ul data-start=\"3180\" data-end=\"3334\">\n<li data-start=\"3180\" data-end=\"3221\">\n<p data-start=\"3182\" data-end=\"3221\">Establecer programas de calefacci\u00f3n diarios o semanales<\/p>\n<\/li>\n<li data-start=\"3222\" data-end=\"3272\">\n<p data-start=\"3224\" data-end=\"3272\">Ajustar los niveles de potencia seg\u00fan las rutinas del hogar<\/p>\n<\/li>\n<li data-start=\"3273\" data-end=\"3334\">\n<p data-start=\"3275\" data-end=\"3334\">Coordinar el calentamiento de toallas con los productos de ventilaci\u00f3n del ba\u00f1o<\/p>\n<\/li>\n<\/ul>\n<p data-start=\"3336\" data-end=\"3585\">Al vincularse con un <strong data-start=\"3366\" data-end=\"3392\">extractor de ba\u00f1o<\/strong> compatible equipado con sensor de humedad, el toallero puede ponerse en marcha autom\u00e1ticamente cuando aumentan los niveles de humedad, garantizando que las toallas comiencen a calentarse durante o inmediatamente despu\u00e9s de la ducha, sin intervenci\u00f3n manual. <\/p>\n<p data-start=\"3633\" data-end=\"3999\">El <strong>Jazz 6\/700<\/strong> se suministra con un discreto <strong data-start=\"3676\" data-end=\"3707\">soporte de montaje Momento II<\/strong>, que permite una conexi\u00f3n el\u00e9ctrica oculta desde el lado inferior izquierdo o derecho. Esto mantiene el cableado oculto y preserva las l\u00edneas verticales y limpias del toallero. La unidad est\u00e1 dise\u00f1ada para una instalaci\u00f3n el\u00e9ctrica fija, con accesorios opcionales disponibles si se prefiere una conexi\u00f3n por enchufe.  <\/p>\n<p data-start=\"4001\" data-end=\"4114\">Con una <strong data-start=\"4009\" data-end=\"4024\">clasificaci\u00f3n IP44<\/strong>, el toallero es apto para entornos de ba\u00f1o expuestos a la humedad y las salpicaduras.<\/p>\n<p data-start=\"4149\" data-end=\"4423\">En lugar de calentar toda la estancia, el Jazz 6\/700 concentra el calor directamente en las toallas. Este enfoque espec\u00edfico ayuda a que las toallas se sequen m\u00e1s r\u00e1pido manteniendo el consumo de energ\u00eda bajo control. La programaci\u00f3n inteligente garantiza que el toallero solo est\u00e9 activo cuando sea necesario, \u00a1reduciendo el tiempo de funcionamiento innecesario!  <\/p>\n<ul data-start=\"4472\" data-end=\"4762\">\n<li data-start=\"4472\" data-end=\"4531\">\n<p data-start=\"4474\" data-end=\"4531\">Dise\u00f1o de seis barras con perfil m\u00e1s alto para un mejor secado<\/p>\n<\/li>\n<li data-start=\"4532\" data-end=\"4574\">\n<p data-start=\"4534\" data-end=\"4574\">Temporizador inteligente Bluetooth con control por aplicaci\u00f3n<\/p>\n<\/li>\n<li data-start=\"4575\" data-end=\"4633\">\n<p data-start=\"4577\" data-end=\"4633\">Inicio autom\u00e1tico al vincularse con extractores con sensor de humedad<\/p>\n<\/li>\n<li data-start=\"4634\" data-end=\"4702\">\n<p data-start=\"4636\" data-end=\"4702\">Acabado en acero inoxidable pulido para mayor durabilidad y facilidad de limpieza<\/p>\n<\/li>\n<li data-start=\"4703\" data-end=\"4762\">\n<p data-start=\"4705\" data-end=\"4762\">Calefacci\u00f3n el\u00e9ctrica de bajo consumo con programaci\u00f3n precisa<\/p>\n<\/li>\n<\/ul>\n<p data-start=\"4764\" data-end=\"4916\">El toallero <strong data-start=\"4768\" data-end=\"4797\">PAX Jazz 6\/700 Momento II<\/strong> es una excelente elecci\u00f3n para ba\u00f1os en los que se busca un control m\u00e1s inteligente, mayor capacidad para toallas y un dise\u00f1o vertical refinado.<\/p>\n<p><strong>Informaci\u00f3n del producto:<\/strong><\/p>\n<p>N\u00famero de art\u00edculo<br \/>\n3526-2<\/p>\n<p>Fase de alimentaci\u00f3n el\u00e9ctrica<br \/>\n1-Fase<\/p>\n<p>Protecci\u00f3n IP<br \/>\nIP 44<\/p>\n<p>Clase de aislamiento<br \/>\nII<\/p>\n<p>Material<br \/>\nAcero inoxidable, pl\u00e1stico<\/p>\n<p>Ancho (mm)<br \/>\n 699<\/p>\n<p>Profundidad (mm)<br \/>\n 107<\/p>\n<p>Altura (mm)<br \/>\n 1021<\/p>\n<p>Tipo de instalaci\u00f3n<br \/>\nPared<\/p>\n<p>Nombre del producto<br \/>\nJazz 6\/700 Momento II<\/p>\n<p>Consumo de energ\u00eda (W)<br \/>\n 85<\/p>\n<p>Funciones<br \/>\nFuncionamiento con temporizador, Temporizador repetitivo, Control de potencia<\/p>\n<p>Tensi\u00f3n de alimentaci\u00f3n (V)<br \/>\n230V CA<\/p>\n<p>Opci\u00f3n inal\u00e1mbrica<br \/>\nBluetooth LE<\/p>\n<p>Detalle del material pl\u00e1stico<br \/>\nABS<\/p>\n<p>C\u00f3digo Etim<br \/>\nEC003624<\/p>\n<p>EAN 13<br \/>\n 7391477352628<\/p>\n","protected":false},"excerpt":{"rendered":"<p>El <strong data-start=\"1520\" data-end=\"1549\">PAX Jazz 6\/550 Momento II<\/strong> es un toallero el\u00e9ctrico compacto que ofrece una mayor capacidad para toallas sin ocupar espacio adicional en la pared. Con seis barras horizontales y una altura de 550 mm, es ideal para ba\u00f1os peque\u00f1os que necesitan espacio para varias toallas. El <strong data-start=\"1797\" data-end=\"1817\">temporizador Momento II<\/strong> integrado permite el control manual o la programaci\u00f3n mediante la aplicaci\u00f3n Bluetooth, lo que facilita el ajuste de los tiempos de calefacci\u00f3n y la gesti\u00f3n del consumo energ\u00e9tico. Al vincularse con un extractor de ba\u00f1o PAX compatible, el toallero puede ponerse en marcha autom\u00e1ticamente cuando aumenta la humedad. Con un acabado en acero inoxidable pulido y montaje en pared para un calor eficiente, combina practicidad con un dise\u00f1o limpio y moderno.    <\/p>\n","protected":false},"featured_media":4667,"comment_status":"open","ping_status":"closed","template":"","meta":{"_et_pb_use_builder":"","_et_pb_old_content":"","_et_gb_content_width":""},"product_brand":[134],"product_cat":[76],"product_tag":[],"class_list":{"0":"post-5056","1":"product","2":"type-product","3":"status-publish","4":"has-post-thumbnail","6":"product_brand-pax","7":"product_cat-calienta-toallas","8":"product_shipping_class-calentador-de-toallas-con-envio-gratis","9":"pa_product-type-toallero-calefactable","11":"first","12":"instock","13":"taxable","14":"shipping-taxable","15":"purchasable","16":"product-type-simple"},"jetpack_sharing_enabled":true,"_links":{"self":[{"href":"https:\/\/paxspain.com\/es\/wp-json\/wp\/v2\/product\/5056","targetHints":{"allow":["GET"]}}],"collection":[{"href":"https:\/\/paxspain.com\/es\/wp-json\/wp\/v2\/product"}],"about":[{"href":"https:\/\/paxspain.com\/es\/wp-json\/wp\/v2\/types\/product"}],"replies":[{"embeddable":true,"href":"https:\/\/paxspain.com\/es\/wp-json\/wp\/v2\/comments?post=5056"}],"wp:featuredmedia":[{"embeddable":true,"href":"https:\/\/paxspain.com\/es\/wp-json\/wp\/v2\/media\/4667"}],"wp:attachment":[{"href":"https:\/\/paxspain.com\/es\/wp-json\/wp\/v2\/media?parent=5056"}],"wp:term":[{"taxonomy":"product_brand","embeddable":true,"href":"https:\/\/paxspain.com\/es\/wp-json\/wp\/v2\/product_brand?post=5056"},{"taxonomy":"product_cat","embeddable":true,"href":"https:\/\/paxspain.com\/es\/wp-json\/wp\/v2\/product_cat?post=5056"},{"taxonomy":"product_tag","embeddable":true,"href":"https:\/\/paxspain.com\/es\/wp-json\/wp\/v2\/product_tag?post=5056"}],"curies":[{"name":"wp","href":"https:\/\/api.w.org\/{rel}","templated":true}]}}