{"id":5062,"date":"2023-04-03T21:50:54","date_gmt":"2023-04-03T21:50:54","guid":{"rendered":"https:\/\/paxspain.com\/product\/blues-8-550-momento-ii\/"},"modified":"2026-02-26T18:57:20","modified_gmt":"2026-02-26T17:57:20","slug":"blues-8-550-momento-ii","status":"publish","type":"product","link":"https:\/\/paxspain.com\/es\/producto\/blues-8-550-momento-ii\/","title":{"rendered":"Blues 8\/550 Momento II"},"content":{"rendered":"<p data-start=\"2239\" data-end=\"2720\">Transforme su ba\u00f1o con el<strong data-start=\"2272\" data-end=\"2324\"> toallero el\u00e9ctrico Pax Blues 8\/550 Momento II, <\/strong>una soluci\u00f3n inteligente y elegante para tener toallas c\u00e1lidas y secas siempre que las necesite. Con un dise\u00f1o elegante de tubos horizontales redondeados, este modelo de 550 mm de ancho complementa los interiores contempor\u00e1neos a la vez que ofrece un rendimiento fiable. Fabricado en acero inoxidable pulido y dise\u00f1ado para una mayor durabilidad, es ideal para el uso diario en hogares modernos y ba\u00f1os con mucho ajetreo.  <\/p>\n<p data-start=\"2761\" data-end=\"3249\">El <strong data-start=\"2804\" data-end=\"2831\">sistema de temporizador Momento II <\/strong>le ofrece un control flexible sobre los patrones de calefacci\u00f3n. Utilice la intuitiva <strong data-start=\"2907\" data-end=\"2926\">aplicaci\u00f3n Pax Connect<\/strong> para establecer horarios de calefacci\u00f3n, ajustar los niveles de potencia o encender y apagar la unidad a distancia. Tambi\u00e9n se incluye una opci\u00f3n de control manual para realizar ajustes sencillos sin necesidad de usar el tel\u00e9fono. Esta funcionalidad inteligente facilita una gesti\u00f3n energ\u00e9tica sencilla y eficiente, para que solo caliente sus toallas cuando sea necesario.   <\/p>\n<p data-start=\"3299\" data-end=\"3699\">Para mayor comodidad, puede emparejar el Blues 8\/550 con un <strong data-start=\"3358\" data-end=\"3399\">ventilador de ba\u00f1o Bluetooth Pax compatible<\/strong>. Cuando la humedad aumenta, por ejemplo, despu\u00e9s de ducharse, el toallero puede encenderse autom\u00e1ticamente bas\u00e1ndose en los datos del sensor del ventilador. Este emparejamiento inteligente le ofrece un control manos libres y garantiza que sus toallas se calienten en el momento justo sin necesidad de intervenci\u00f3n manual.  <\/p>\n<p data-start=\"3749\" data-end=\"4219\">Dise\u00f1ado para <strong data-start=\"3762\" data-end=\"3779\">montaje en pared<\/strong>, el Pax Blues 8\/550 incluye un <strong data-start=\"3810\" data-end=\"3870\">soporte Momento II para una instalaci\u00f3n el\u00e9ctrica oculta<\/strong>, discretamente situado en la parte inferior derecha. Con <strong data-start=\"3912\" data-end=\"3931\">protecci\u00f3n IP44<\/strong> contra salpicaduras y humedad, es seguro para entornos de ba\u00f1o. La construcci\u00f3n de acero inoxidable resiste la corrosi\u00f3n y mantiene su aspecto pulido con el tiempo, mientras que su profundidad compacta y perfil delgado lo hacen adecuado para la mayor\u00eda de los dise\u00f1os de ba\u00f1o.  <\/p>\n<p data-start=\"4255\" data-end=\"4700\">Tanto si est\u00e1 renovando el ba\u00f1o familiar como si est\u00e1 a\u00f1adiendo un toque acogedor a un ba\u00f1o en suite, este toallero combina est\u00e9tica con un rendimiento inteligente. Es ideal para secar toallas r\u00e1pidamente, reducir la humedad y crear una experiencia de ba\u00f1o m\u00e1s acogedora. Con control por aplicaci\u00f3n, activaci\u00f3n autom\u00e1tica por sensor y un uso energ\u00e9tico sensato, el <strong>Pax Blues 8\/550 Momento II<\/strong> est\u00e1 dise\u00f1ado para ofrecer confort y comodidad cada d\u00eda.  <\/p>\n<p><strong>Informaci\u00f3n del producto:<\/strong><\/p>\n<p>N\u00famero de art\u00edculo<br \/>\n3525-6<\/p>\n<p>Fase de alimentaci\u00f3n el\u00e9ctrica<br \/>\n1-Fase<\/p>\n<p>Protecci\u00f3n IP<br \/>\nIP 44<\/p>\n<p>Clase de aislamiento<br \/>\nII<\/p>\n<p>Material<br \/>\nAcero inoxidable, pl\u00e1stico<\/p>\n<p>Ancho (mm)<br \/>\n 549<\/p>\n<p>Profundidad (mm)<br \/>\n 119<\/p>\n<p>Altura (mm)<br \/>\n 1341<\/p>\n<p>Tipo de instalaci\u00f3n<br \/>\nPared<\/p>\n<p>Nombre del producto<br \/>\nBlues 8\/550 Momento II<\/p>\n<p>Consumo de energ\u00eda (W)<br \/>\n 85<\/p>\n<p>Funciones<br \/>\nTemporizador de ejecuci\u00f3n, Temporizador repetitivo, Control de potencia<\/p>\n<p>Tensi\u00f3n de alimentaci\u00f3n (V)<br \/>\n230V CA<\/p>\n<p>Opci\u00f3n inal\u00e1mbrica<br \/>\nBluetooth LE<\/p>\n<p>Detalle del material pl\u00e1stico<br \/>\nABS<\/p>\n<p>C\u00f3digo Etim<br \/>\nEC003624<\/p>\n<p>EAN 13<br \/>\n 7391477352567<\/p>\n","protected":false},"excerpt":{"rendered":"<p>El <strong data-start=\"1459\" data-end=\"1489\">Pax Blues 8\/550 Momento II<\/strong> es un elegante <strong data-start=\"1505\" data-end=\"1547\">toallero el\u00e9ctrico controlable por aplicaci\u00f3n<\/strong> con acabado en acero inoxidable pulido. Dise\u00f1ado para montaje en pared, proporciona un calor fiable para mantener las toallas c\u00e1lidas, secas y listas para usar. Su <strong data-start=\"1688\" data-end=\"1717\">temporizador Momento II integrado<\/strong> le permite programar la calefacci\u00f3n y ajustar los niveles de potencia, ya sea manualmente o a trav\u00e9s de la aplicaci\u00f3n Pax Connect. Empareje con un ventilador de ba\u00f1o Bluetooth compatible para que se active autom\u00e1ticamente cuando la humedad aumente despu\u00e9s de una ducha. Con <strong data-start=\"1932\" data-end=\"1957\">protecci\u00f3n IP44 contra el agua<\/strong> y funcionalidad inteligente, este toallero combina comodidad con el confort moderno del ba\u00f1o. Perfecto para hogares que buscan estilo y control inteligente.     <\/p>\n","protected":false},"featured_media":4661,"comment_status":"open","ping_status":"closed","template":"","meta":{"_et_pb_use_builder":"","_et_pb_old_content":"","_et_gb_content_width":""},"product_brand":[134],"product_cat":[76],"product_tag":[],"class_list":{"0":"post-5062","1":"product","2":"type-product","3":"status-publish","4":"has-post-thumbnail","6":"product_brand-pax","7":"product_cat-calienta-toallas","8":"product_shipping_class-calentador-de-toallas-con-envio-gratis","9":"pa_product-type-toallero-calefactable","11":"first","12":"instock","13":"taxable","14":"shipping-taxable","15":"purchasable","16":"product-type-simple"},"jetpack_sharing_enabled":true,"_links":{"self":[{"href":"https:\/\/paxspain.com\/es\/wp-json\/wp\/v2\/product\/5062","targetHints":{"allow":["GET"]}}],"collection":[{"href":"https:\/\/paxspain.com\/es\/wp-json\/wp\/v2\/product"}],"about":[{"href":"https:\/\/paxspain.com\/es\/wp-json\/wp\/v2\/types\/product"}],"replies":[{"embeddable":true,"href":"https:\/\/paxspain.com\/es\/wp-json\/wp\/v2\/comments?post=5062"}],"wp:featuredmedia":[{"embeddable":true,"href":"https:\/\/paxspain.com\/es\/wp-json\/wp\/v2\/media\/4661"}],"wp:attachment":[{"href":"https:\/\/paxspain.com\/es\/wp-json\/wp\/v2\/media?parent=5062"}],"wp:term":[{"taxonomy":"product_brand","embeddable":true,"href":"https:\/\/paxspain.com\/es\/wp-json\/wp\/v2\/product_brand?post=5062"},{"taxonomy":"product_cat","embeddable":true,"href":"https:\/\/paxspain.com\/es\/wp-json\/wp\/v2\/product_cat?post=5062"},{"taxonomy":"product_tag","embeddable":true,"href":"https:\/\/paxspain.com\/es\/wp-json\/wp\/v2\/product_tag?post=5062"}],"curies":[{"name":"wp","href":"https:\/\/api.w.org\/{rel}","templated":true}]}}