{"id":5072,"date":"2023-04-03T21:50:54","date_gmt":"2023-04-03T21:50:54","guid":{"rendered":"https:\/\/paxspain.com\/product\/jazz-6-550-momento-ii\/"},"modified":"2026-02-26T18:56:23","modified_gmt":"2026-02-26T17:56:23","slug":"jazz-6-550-momento-ii","status":"publish","type":"product","link":"https:\/\/paxspain.com\/es\/producto\/jazz-6-550-momento-ii\/","title":{"rendered":"Jazz 6\/550 Momento II"},"content":{"rendered":"<p data-start=\"2267\" data-end=\"2693\">El <strong data-start=\"2271\" data-end=\"2322\">toallero el\u00e9ctrico PAX Jazz 6\/550 Momento II<\/strong> est\u00e1 dise\u00f1ado para ba\u00f1os con espacio limitado, pero con gran necesidad de toallas. Al aumentar el n\u00famero de barras a seis manteniendo una altura compacta de <strong data-start=\"2462\" data-end=\"2479\">550 mm<\/strong>, ofrece una gran capacidad sin recargar la estancia. El acabado en acero inoxidable pulido aporta un aspecto neutro y moderno que encaja tanto en ba\u00f1os contempor\u00e1neos como tradicionales.  <\/p>\n<p data-start=\"2731\" data-end=\"2995\">Este modelo incluye el <strong data-start=\"2755\" data-end=\"2784\">sistema de control Momento II<\/strong>, que ofrece un control de calefacci\u00f3n flexible mucho m\u00e1s all\u00e1 de un simple interruptor. El toallero puede manejarse manualmente con el temporizador integrado o conectarse por Bluetooth a la aplicaci\u00f3n PAX para una programaci\u00f3n avanzada. <\/p>\n<p data-start=\"2997\" data-end=\"3023\">Con el control por aplicaci\u00f3n, puede:<\/p>\n<ul data-start=\"3024\" data-end=\"3205\">\n<li data-start=\"3024\" data-end=\"3081\">\n<p data-start=\"3026\" data-end=\"3081\">Establecer programas de calefacci\u00f3n precisos seg\u00fan sus rutinas diarias<\/p>\n<\/li>\n<li data-start=\"3082\" data-end=\"3137\">\n<p data-start=\"3084\" data-end=\"3137\">Ajustar los niveles de potencia para evitar un consumo de energ\u00eda innecesario<\/p>\n<\/li>\n<li data-start=\"3138\" data-end=\"3205\">\n<p data-start=\"3140\" data-end=\"3205\">Coordinar el calentamiento de toallas con otros productos de ventilaci\u00f3n del ba\u00f1o<\/p>\n<\/li>\n<\/ul>\n<p data-start=\"3207\" data-end=\"3419\">Al vincularse con un <strong>extractor de ba\u00f1o PAX<\/strong> compatible con sensor de humedad, el toallero puede encenderse autom\u00e1ticamente cuando sube el nivel de humedad, ayudando a calentar y secar las toallas en cuanto empieza la ducha.<\/p>\n<p data-start=\"3467\" data-end=\"3813\">El Jazz 6\/550 se suministra con un discreto <strong data-start=\"3510\" data-end=\"3541\">soporte de montaje Momento II<\/strong> que permite una conexi\u00f3n el\u00e9ctrica oculta desde la esquina inferior izquierda o derecha. Esto mantiene el cableado escondido y preserva las l\u00edneas depuradas del toallero. La unidad est\u00e1 dise\u00f1ada para instalaci\u00f3n fija, con accesorios opcionales si se requiere conexi\u00f3n por enchufe.  <\/p>\n<p data-start=\"3815\" data-end=\"3935\">Con una <strong data-start=\"3823\" data-end=\"3838\">clasificaci\u00f3n IP44<\/strong>, el toallero es apto para entornos de ba\u00f1o con salpicaduras y humedad.<\/p>\n<p data-start=\"3969\" data-end=\"4241\">Dise\u00f1ado para un uso regular, el Jazz 6\/550 ofrece calor directo a las toallas en lugar de calentar toda la estancia. Este enfoque permite que las toallas se sequen m\u00e1s r\u00e1pido y mantiene los costes de funcionamiento bajo control. La programaci\u00f3n inteligente garantiza que la unidad solo est\u00e9 activa cuando sea necesario.  <\/p>\n<ul data-start=\"4290\" data-end=\"4548\">\n<li data-start=\"4290\" data-end=\"4338\">\n<p data-start=\"4292\" data-end=\"4338\">Dise\u00f1o de seis barras para mayor capacidad de toallas<\/p>\n<\/li>\n<li data-start=\"4339\" data-end=\"4379\">\n<p data-start=\"4341\" data-end=\"4379\">Altura compacta para ba\u00f1os peque\u00f1os<\/p>\n<\/li>\n<li data-start=\"4380\" data-end=\"4422\">\n<p data-start=\"4382\" data-end=\"4422\">Temporizador inteligente Bluetooth con control por aplicaci\u00f3n<\/p>\n<\/li>\n<li data-start=\"4423\" data-end=\"4481\">\n<p data-start=\"4425\" data-end=\"4481\">Encendido autom\u00e1tico al vincularse con extractores con sensor de humedad<\/p>\n<\/li>\n<li data-start=\"4482\" data-end=\"4548\">\n<p data-start=\"4484\" data-end=\"4548\">Acabado en acero inoxidable pulido para mayor durabilidad y facilidad de limpieza<\/p>\n<\/li>\n<\/ul>\n<p data-start=\"4550\" data-end=\"4708\">El <strong data-start=\"4554\" data-end=\"4583\">PAX Jazz 6\/550 Momento II<\/strong> es una soluci\u00f3n equilibrada para ba\u00f1os que requieren un control m\u00e1s inteligente y m\u00e1s espacio para toallas.<\/p>\n<p><strong>Informaci\u00f3n del producto:<\/strong><\/p>\n<p>N\u00famero de art\u00edculo<br \/>\n3525-2<\/p>\n<p>Fase de alimentaci\u00f3n el\u00e9ctrica<br \/>\n1-Fase<\/p>\n<p>Protecci\u00f3n IP<br \/>\nIP 44<\/p>\n<p>Clase de aislamiento<br \/>\nII<\/p>\n<p>Material<br \/>\nAcero inoxidable, pl\u00e1stico<\/p>\n<p>Ancho (mm)<br \/>\n 549<\/p>\n<p>Profundidad (mm)<br \/>\n 107<\/p>\n<p>Altura (mm)<br \/>\n 1021<\/p>\n<p>Tipo de instalaci\u00f3n<br \/>\nPared<\/p>\n<p>Nombre del producto<br \/>\nJazz 6\/550 Momento II<\/p>\n<p>Consumo de energ\u00eda (W)<br \/>\n 65<\/p>\n<p>Funciones<br \/>\nFuncionamiento con temporizador, Temporizador repetitivo, Control de potencia<\/p>\n<p>Tensi\u00f3n de alimentaci\u00f3n (V)<br \/>\n230V CA<\/p>\n<p>Opci\u00f3n inal\u00e1mbrica<br \/>\nBluetooth LE<\/p>\n<p>Detalle del material pl\u00e1stico<br \/>\nABS<\/p>\n<p>C\u00f3digo Etim<br \/>\nEC003624<\/p>\n<p>EAN 13<br \/>\n 7391477352529<\/p>\n","protected":false},"excerpt":{"rendered":"<p data-start=\"1516\" data-end=\"2171\">El <strong data-start=\"1520\" data-end=\"1549\">PAX Jazz 6\/550 Momento II<\/strong> es un toallero el\u00e9ctrico compacto que ofrece mayor capacidad sin ocupar espacio adicional en la pared. Con seis barras horizontales y una altura de 550 mm, es ideal para ba\u00f1os peque\u00f1os que necesitan espacio para varias toallas. El <strong data-start=\"1797\" data-end=\"1817\">temporizador Momento II<\/strong> integrado permite el control manual o la programaci\u00f3n por aplicaci\u00f3n Bluetooth, facilitando el ajuste de los tiempos de calentamiento y la gesti\u00f3n del consumo energ\u00e9tico. Al vincularse con un extractor de ba\u00f1o PAX compatible, el toallero puede encenderse autom\u00e1ticamente al aumentar la humedad. Con acabado en acero inoxidable pulido y montaje en pared para un calor eficiente, combina practicidad con un dise\u00f1o moderno y depurado.    <\/p>\n","protected":false},"featured_media":4673,"comment_status":"open","ping_status":"closed","template":"","meta":{"_et_pb_use_builder":"","_et_pb_old_content":"","_et_gb_content_width":""},"product_brand":[134],"product_cat":[76],"product_tag":[],"class_list":{"0":"post-5072","1":"product","2":"type-product","3":"status-publish","4":"has-post-thumbnail","6":"product_brand-pax","7":"product_cat-calienta-toallas","8":"pa_product-type-toallero-calefactable","10":"first","11":"instock","12":"taxable","13":"shipping-taxable","14":"purchasable","15":"product-type-simple"},"jetpack_sharing_enabled":true,"_links":{"self":[{"href":"https:\/\/paxspain.com\/es\/wp-json\/wp\/v2\/product\/5072","targetHints":{"allow":["GET"]}}],"collection":[{"href":"https:\/\/paxspain.com\/es\/wp-json\/wp\/v2\/product"}],"about":[{"href":"https:\/\/paxspain.com\/es\/wp-json\/wp\/v2\/types\/product"}],"replies":[{"embeddable":true,"href":"https:\/\/paxspain.com\/es\/wp-json\/wp\/v2\/comments?post=5072"}],"wp:featuredmedia":[{"embeddable":true,"href":"https:\/\/paxspain.com\/es\/wp-json\/wp\/v2\/media\/4673"}],"wp:attachment":[{"href":"https:\/\/paxspain.com\/es\/wp-json\/wp\/v2\/media?parent=5072"}],"wp:term":[{"taxonomy":"product_brand","embeddable":true,"href":"https:\/\/paxspain.com\/es\/wp-json\/wp\/v2\/product_brand?post=5072"},{"taxonomy":"product_cat","embeddable":true,"href":"https:\/\/paxspain.com\/es\/wp-json\/wp\/v2\/product_cat?post=5072"},{"taxonomy":"product_tag","embeddable":true,"href":"https:\/\/paxspain.com\/es\/wp-json\/wp\/v2\/product_tag?post=5072"}],"curies":[{"name":"wp","href":"https:\/\/api.w.org\/{rel}","templated":true}]}}