{"id":5099,"date":"2023-04-03T21:51:13","date_gmt":"2023-04-03T21:51:13","guid":{"rendered":"https:\/\/paxspain.com\/product\/blues-6-700-momento-ii\/"},"modified":"2026-02-26T18:57:23","modified_gmt":"2026-02-26T17:57:23","slug":"blues-6-700-momento-ii","status":"publish","type":"product","link":"https:\/\/paxspain.com\/es\/producto\/blues-6-700-momento-ii\/","title":{"rendered":"Blues 6\/700 Momento II"},"content":{"rendered":"<p data-start=\"2427\" data-end=\"2817\">El <strong data-start=\"2431\" data-end=\"2470\">toallero calefactado PAX Blues 6\/700 Momento II<\/strong> es ideal para hogares que necesitan m\u00e1s espacio para secar toallas de forma eficiente. Su perfil m\u00e1s alto y sus m\u00faltiples barras horizontales ofrecen un amplio espacio para colgarlas, por lo que es perfecto para ba\u00f1os familiares, ba\u00f1os en suite y espacios compartidos. El acabado en acero inoxidable pulido aporta un aspecto limpio y contempor\u00e1neo que se integra sin esfuerzo con los accesorios de ba\u00f1o modernos.  <\/p>\n<p data-start=\"2865\" data-end=\"3233\">Este toallero calefactado est\u00e1 equipado con el <strong data-start=\"2909\" data-end=\"2939\">sistema de control Momento II&#x2122;<\/strong>, que le ofrece total flexibilidad sobre cu\u00e1ndo y c\u00f3mo se calientan sus toallas. Puede manejar el toallero directamente con el control integrado o conectarlo por Bluetooth a la app de PAX. Desde la app, puede configurar programaciones diarias o semanales, ajustar los niveles de calor y gestionar el consumo de energ\u00eda con facilidad.  <\/p>\n<p data-start=\"3235\" data-end=\"3506\">Para una configuraci\u00f3n m\u00e1s automatizada, el toallero calefactado puede emparejarse con extractores de ba\u00f1o PAX compatibles. Cuando aumenta la humedad tras ducharse o ba\u00f1arse, el sistema puede activar la calefacci\u00f3n autom\u00e1ticamente, ayudando a que las toallas se sequen m\u00e1s r\u00e1pido y mejorando el confort general del ba\u00f1o. <\/p>\n<p data-start=\"3552\" data-end=\"3947\">Dise\u00f1ado espec\u00edficamente para entornos de ba\u00f1o, el Blues 6\/700 Momento II funciona con una alimentaci\u00f3n el\u00e9ctrica est\u00e1ndar de 230 V y cuenta con protecci\u00f3n contra salpicaduras para una instalaci\u00f3n segura. El soporte de montaje oculto mantiene el cableado escondido, garantizando un acabado limpio y despejado una vez instalado. A pesar de su mayor tama\u00f1o, el toallero est\u00e1 dise\u00f1ado para ofrecer una emisi\u00f3n de calor eficiente sin desperdicio innecesario de energ\u00eda.  <\/p>\n<p data-start=\"3985\" data-end=\"4334\">Tanto si calienta toallas para una rutina matinal ajetreada como si se asegura de que se sequen bien entre usos, este toallero el\u00e9ctrico ofrece un rendimiento fiable a diario. La mayor altura aporta flexibilidad para varias toallas, y la programaci\u00f3n inteligente hace que solo funcione cuando se necesita. As\u00ed se mantiene el confort sin ajustes manuales constantes.  <\/p>\n<ul data-start=\"4359\" data-end=\"4522\">\n<li data-start=\"4359\" data-end=\"4407\">\n<p data-start=\"4361\" data-end=\"4407\">Toallero el\u00e9ctrico Blues 6\/700 Momento II<\/p>\n<\/li>\n<li data-start=\"4408\" data-end=\"4470\">\n<p data-start=\"4410\" data-end=\"4470\">Temporizador Bluetooth Momento II&#x2122; integrado y soporte de control<\/p>\n<\/li>\n<li data-start=\"4471\" data-end=\"4522\">\n<p data-start=\"4473\" data-end=\"4522\">Sistema de montaje en pared con conexiones ocultas<\/p>\n<\/li>\n<\/ul>\n<p data-start=\"4524\" data-end=\"4593\"><em data-start=\"4524\" data-end=\"4531\">Nota:<\/em> El cable con enchufe se vende por separado si se necesita para conexi\u00f3n a toma de corriente.<\/p>\n<p data-start=\"4635\" data-end=\"4881\">El Blues 6\/700 Momento II es una excelente opci\u00f3n para quienes buscan dise\u00f1o moderno, control inteligente y un secado de toallas pr\u00e1ctico. Se integra a la perfecci\u00f3n en ba\u00f1os contempor\u00e1neos donde importan el confort, la eficiencia y una est\u00e9tica limpia. <\/p>\n<p><strong>Informaci\u00f3n del producto:<\/strong><\/p>\n<p>N\u00famero de art\u00edculo<br \/>\n3526-5<\/p>\n<p>Fase de alimentaci\u00f3n el\u00e9ctrica<br \/>\n1-Fase<\/p>\n<p>Protecci\u00f3nIP<br \/>\nIP 44<\/p>\n<p>AislamientoClase<br \/>\nII<\/p>\n<p>Material<br \/>\nAcero inoxidable, pl\u00e1stico<\/p>\n<p>Ancho (mm)<br \/>\n 699<\/p>\n<p>Profundidad (mm)<br \/>\n 132<\/p>\n<p>Altura (mm)<br \/>\n 1021<\/p>\n<p>Tipo de instalaci\u00f3n<br \/>\nPared<\/p>\n<p>Nombre del producto<br \/>\n Blues 6\/700 Momento II<\/p>\n<p>Consumo de energ\u00eda (W)<br \/>\n 85<\/p>\n<p>Funciones<br \/>\nFuncionamiento con temporizador, temporizador repetitivo, control de potencia<\/p>\n<p>Tensi\u00f3n de alimentaci\u00f3n (V)<br \/>\n230V CA<\/p>\n<p>Opci\u00f3n inal\u00e1mbrica<br \/>\nBluetooth LE<\/p>\n<p>Detalle del material pl\u00e1stico<br \/>\nABS<\/p>\n<p>EtimCode<br \/>\nEC003624<\/p>\n<p>EAN 13<br \/>\n 7391477352659<\/p>\n","protected":false},"excerpt":{"rendered":"<p>El <strong data-start=\"1747\" data-end=\"1777\">PAX Blues 6\/700 Momento II<\/strong> es un toallero el\u00e9ctrico dise\u00f1ado para ba\u00f1os que necesitan mayor capacidad de secado sin renunciar al estilo. Con acabado en acero inoxidable pulido, ofrece toallas c\u00e1lidas y secas a la vez que realza el aspecto general del espacio. El <strong data-start=\"2024\" data-end=\"2045\">temporizador Momento II&#x2122;<\/strong> integrado permite control manual o programaci\u00f3n mediante la app por Bluetooth, para tener calor justo cuando lo desea. Para mayor comodidad, el toallero puede emparejarse con extractores de ba\u00f1o PAX compatibles para activarse autom\u00e1ticamente cuando aumenta la humedad. \u00a1Una soluci\u00f3n inteligente y eficiente para ba\u00f1os familiares modernos!    <\/p>\n","protected":false},"featured_media":4657,"comment_status":"open","ping_status":"closed","template":"","meta":{"_et_pb_use_builder":"","_et_pb_old_content":"","_et_gb_content_width":""},"product_brand":[134],"product_cat":[76],"product_tag":[],"class_list":{"0":"post-5099","1":"product","2":"type-product","3":"status-publish","4":"has-post-thumbnail","6":"product_brand-pax","7":"product_cat-calienta-toallas","8":"product_shipping_class-calentador-de-toallas-con-envio-gratis","9":"pa_product-type-toallero-calefactable","11":"first","12":"instock","13":"taxable","14":"shipping-taxable","15":"purchasable","16":"product-type-simple"},"jetpack_sharing_enabled":true,"_links":{"self":[{"href":"https:\/\/paxspain.com\/es\/wp-json\/wp\/v2\/product\/5099","targetHints":{"allow":["GET"]}}],"collection":[{"href":"https:\/\/paxspain.com\/es\/wp-json\/wp\/v2\/product"}],"about":[{"href":"https:\/\/paxspain.com\/es\/wp-json\/wp\/v2\/types\/product"}],"replies":[{"embeddable":true,"href":"https:\/\/paxspain.com\/es\/wp-json\/wp\/v2\/comments?post=5099"}],"wp:featuredmedia":[{"embeddable":true,"href":"https:\/\/paxspain.com\/es\/wp-json\/wp\/v2\/media\/4657"}],"wp:attachment":[{"href":"https:\/\/paxspain.com\/es\/wp-json\/wp\/v2\/media?parent=5099"}],"wp:term":[{"taxonomy":"product_brand","embeddable":true,"href":"https:\/\/paxspain.com\/es\/wp-json\/wp\/v2\/product_brand?post=5099"},{"taxonomy":"product_cat","embeddable":true,"href":"https:\/\/paxspain.com\/es\/wp-json\/wp\/v2\/product_cat?post=5099"},{"taxonomy":"product_tag","embeddable":true,"href":"https:\/\/paxspain.com\/es\/wp-json\/wp\/v2\/product_tag?post=5099"}],"curies":[{"name":"wp","href":"https:\/\/api.w.org\/{rel}","templated":true}]}}