{"id":5101,"date":"2023-04-03T21:51:23","date_gmt":"2023-04-03T21:51:23","guid":{"rendered":"https:\/\/paxspain.com\/product\/jazz-8-700-momento-ii\/"},"modified":"2026-02-26T18:57:22","modified_gmt":"2026-02-26T17:57:22","slug":"jazz-8-700-momento-ii","status":"publish","type":"product","link":"https:\/\/paxspain.com\/es\/producto\/jazz-8-700-momento-ii\/","title":{"rendered":"Jazz 8\/700 Momento II"},"content":{"rendered":"<p data-start=\"2305\" data-end=\"2725\">El <strong data-start=\"2309\" data-end=\"2360\">toallero el\u00e9ctrico PAX Jazz 8\/700 Momento II<\/strong> est\u00e1 dise\u00f1ado para hogares que exigen capacidad y control. Con <strong data-start=\"2434\" data-end=\"2474\">ocho barras horizontales espaciadas uniformemente<\/strong> y una <strong data-start=\"2481\" data-end=\"2498\">altura de 700 mm<\/strong>, ofrece un amplio espacio para calentar y secar varias toallas simult\u00e1neamente. Esto lo hace especialmente adecuado para ba\u00f1os familiares, ba\u00f1os en suite utilizados por m\u00e1s de una persona o cualquier espacio donde las toallas se roten con frecuencia.  <\/p>\n<p data-start=\"2727\" data-end=\"2896\">El acabado de acero inoxidable pulido proporciona un aspecto limpio y contempor\u00e1neo que se integra f\u00e1cilmente en dise\u00f1os de ba\u00f1o modernos, a la vez que es duradero y f\u00e1cil de mantener.<\/p>\n<p data-start=\"2934\" data-end=\"3190\">En el coraz\u00f3n del Jazz 8\/700 se encuentra el <strong data-start=\"2971\" data-end=\"3000\">sistema de control Momento II<\/strong>, que ofrece una flexibilidad m\u00e1s all\u00e1 de un temporizador est\u00e1ndar. El toallero se puede operar directamente utilizando los controles integrados o conectarse v\u00eda Bluetooth a la aplicaci\u00f3n PAX para una programaci\u00f3n avanzada. <\/p>\n<p data-start=\"3192\" data-end=\"3218\">Con el control por aplicaci\u00f3n, usted puede:<\/p>\n<ul data-start=\"3219\" data-end=\"3369\">\n<li data-start=\"3219\" data-end=\"3260\">\n<p data-start=\"3221\" data-end=\"3260\">Establecer horarios de calefacci\u00f3n diarios o semanales<\/p>\n<\/li>\n<li data-start=\"3261\" data-end=\"3307\">\n<p data-start=\"3263\" data-end=\"3307\">Ajustar los niveles de potencia para adaptarse a los patrones de uso<\/p>\n<\/li>\n<li data-start=\"3308\" data-end=\"3369\">\n<p data-start=\"3310\" data-end=\"3369\">Coordinar el calentamiento de toallas con productos de ventilaci\u00f3n de ba\u00f1o<\/p>\n<\/li>\n<\/ul>\n<p data-start=\"3371\" data-end=\"3615\">Cuando se empareja con un <strong data-start=\"3401\" data-end=\"3427\">extractor de ba\u00f1o<\/strong> compatible con sensor de humedad, el toallero puede arrancar autom\u00e1ticamente a medida que aumentan los niveles de humedad, asegurando que las toallas comiencen a calentarse durante o inmediatamente despu\u00e9s de la ducha, sin necesidad de intervenci\u00f3n manual.<\/p>\n<p data-start=\"3664\" data-end=\"4016\">El Jazz 8\/700 se suministra con un <strong data-start=\"3698\" data-end=\"3729\">soporte de montaje Momento II<\/strong> que permite una conexi\u00f3n el\u00e9ctrica oculta desde la esquina inferior izquierda o derecha. Esto mantiene el cableado oculto y preserva las l\u00edneas limpias del toallero. La unidad est\u00e1 dise\u00f1ada para una instalaci\u00f3n el\u00e9ctrica fija, con accesorios opcionales disponibles si se requiere una soluci\u00f3n enchufable.  <\/p>\n<p data-start=\"4018\" data-end=\"4138\">Con una <strong data-start=\"4026\" data-end=\"4041\">clasificaci\u00f3n IP44<\/strong>, el toallero es adecuado para entornos de ba\u00f1o donde hay humedad y salpicaduras.<\/p>\n<p data-start=\"4173\" data-end=\"4474\">A pesar de su tama\u00f1o y gran n\u00famero de barras, el Jazz 8\/700 est\u00e1 dise\u00f1ado para un funcionamiento el\u00e9ctrico eficiente. El calor se entrega directamente a las toallas en lugar de calentar toda la habitaci\u00f3n, ayudando a que las toallas se sequen m\u00e1s r\u00e1pido mientras se mantiene el consumo de energ\u00eda bajo control. La programaci\u00f3n inteligente asegura que el toallero funcione solo cuando sea necesario.  <\/p>\n<ul data-start=\"4523\" data-end=\"4791\">\n<li data-start=\"4523\" data-end=\"4571\">\n<p data-start=\"4525\" data-end=\"4571\">Dise\u00f1o de ocho barras para m\u00e1xima capacidad de toallas<\/p>\n<\/li>\n<li data-start=\"4572\" data-end=\"4622\">\n<p data-start=\"4574\" data-end=\"4622\">Perfil m\u00e1s alto para un mejor flujo de aire y secado<\/p>\n<\/li>\n<li data-start=\"4623\" data-end=\"4665\">\n<p data-start=\"4625\" data-end=\"4665\">Temporizador inteligente Bluetooth con control por aplicaci\u00f3n<\/p>\n<\/li>\n<li data-start=\"4666\" data-end=\"4724\">\n<p data-start=\"4668\" data-end=\"4724\">Arranque autom\u00e1tico al emparejarse con ventiladores con sensor de humedad<\/p>\n<\/li>\n<li data-start=\"4725\" data-end=\"4791\">\n<p data-start=\"4727\" data-end=\"4791\">Acabado de acero inoxidable pulido para durabilidad y f\u00e1cil limpieza<\/p>\n<\/li>\n<\/ul>\n<p data-start=\"4793\" data-end=\"4955\">El <strong data-start=\"4797\" data-end=\"4826\">PAX Jazz 8\/700 Momento II<\/strong> es una excelente opci\u00f3n para ba\u00f1os m\u00e1s grandes o concurridos, combinando una generosa capacidad con un control inteligente y eficiencia diaria.<\/p>\n<p><strong>Informaci\u00f3n del producto:<\/strong><\/p>\n<p>N\u00famero de art\u00edculo<br \/>\n3526-3<\/p>\n<p>Fase de alimentaci\u00f3n el\u00e9ctrica<br \/>\n1-Fase<\/p>\n<p>Protecci\u00f3n IP<br \/>\nIP 44<\/p>\n<p>Clase de aislamiento<br \/>\nII<\/p>\n<p>Material<br \/>\nAcero inoxidable, pl\u00e1stico<\/p>\n<p>Ancho (mm)<br \/>\n 699<\/p>\n<p>Profundidad (mm)<br \/>\n 107<\/p>\n<p>Altura (mm)<br \/>\n 1341<\/p>\n<p>Tipo de instalaci\u00f3n<br \/>\nPared<\/p>\n<p>Nombre del producto<br \/>\nJazz 8\/700 Momento II<\/p>\n<p>Consumo de energ\u00eda (W)<br \/>\n 110<\/p>\n<p>Funciones<br \/>\nFuncionamiento con temporizador, Temporizador repetitivo, Control de potencia<\/p>\n<p>Tensi\u00f3n de alimentaci\u00f3n (V)<br \/>\n230V CA<\/p>\n<p>Opci\u00f3n inal\u00e1mbrica<br \/>\nBluetooth LE<\/p>\n<p>Detalle del material pl\u00e1stico<br \/>\nABS<\/p>\n<p>C\u00f3digo Etim<br \/>\nEC003624<\/p>\n<p>EAN 13<br \/>\n 7391477352635<\/p>\n","protected":false},"excerpt":{"rendered":"<p data-start=\"1529\" data-end=\"2201\">El <strong data-start=\"1533\" data-end=\"1562\">PAX Jazz 8\/700 Momento II<\/strong> es un toallero el\u00e9ctrico de alta capacidad dise\u00f1ado para ba\u00f1os donde se necesitan calentar varias toallas a la vez. Con ocho barras horizontales y un perfil m\u00e1s alto de 700 mm, proporciona un generoso espacio para colgar mientras mantiene una apariencia limpia y moderna. El <strong data-start=\"1824\" data-end=\"1844\">temporizador Momento II<\/strong> integrado permite el control manual o la programaci\u00f3n por aplicaci\u00f3n Bluetooth, ofreciendo un control preciso sobre los tiempos de calentamiento y el uso de energ\u00eda. Cuando se empareja con un extractor de ba\u00f1o PAX compatible, el toallero puede arrancar autom\u00e1ticamente a medida que aumenta la humedad. Acabado en acero inoxidable pulido y montado en la pared para un calor eficiente, es una soluci\u00f3n ideal para ba\u00f1os familiares y compartidos.    <\/p>\n","protected":false},"featured_media":4665,"comment_status":"open","ping_status":"closed","template":"","meta":{"_et_pb_use_builder":"","_et_pb_old_content":"","_et_gb_content_width":""},"product_brand":[134],"product_cat":[76],"product_tag":[],"class_list":{"0":"post-5101","1":"product","2":"type-product","3":"status-publish","4":"has-post-thumbnail","6":"product_brand-pax","7":"product_cat-calienta-toallas","8":"product_shipping_class-calentador-de-toallas-con-envio-gratis","9":"pa_product-type-toallero-calefactable","11":"first","12":"instock","13":"taxable","14":"shipping-taxable","15":"purchasable","16":"product-type-simple"},"jetpack_sharing_enabled":true,"_links":{"self":[{"href":"https:\/\/paxspain.com\/es\/wp-json\/wp\/v2\/product\/5101","targetHints":{"allow":["GET"]}}],"collection":[{"href":"https:\/\/paxspain.com\/es\/wp-json\/wp\/v2\/product"}],"about":[{"href":"https:\/\/paxspain.com\/es\/wp-json\/wp\/v2\/types\/product"}],"replies":[{"embeddable":true,"href":"https:\/\/paxspain.com\/es\/wp-json\/wp\/v2\/comments?post=5101"}],"wp:featuredmedia":[{"embeddable":true,"href":"https:\/\/paxspain.com\/es\/wp-json\/wp\/v2\/media\/4665"}],"wp:attachment":[{"href":"https:\/\/paxspain.com\/es\/wp-json\/wp\/v2\/media?parent=5101"}],"wp:term":[{"taxonomy":"product_brand","embeddable":true,"href":"https:\/\/paxspain.com\/es\/wp-json\/wp\/v2\/product_brand?post=5101"},{"taxonomy":"product_cat","embeddable":true,"href":"https:\/\/paxspain.com\/es\/wp-json\/wp\/v2\/product_cat?post=5101"},{"taxonomy":"product_tag","embeddable":true,"href":"https:\/\/paxspain.com\/es\/wp-json\/wp\/v2\/product_tag?post=5101"}],"curies":[{"name":"wp","href":"https:\/\/api.w.org\/{rel}","templated":true}]}}