{"id":5103,"date":"2023-04-04T20:57:30","date_gmt":"2023-04-04T20:57:30","guid":{"rendered":"https:\/\/paxspain.com\/product\/flex-i-2-550-negro-momento-ii\/"},"modified":"2026-02-26T18:57:28","modified_gmt":"2026-02-26T17:57:28","slug":"flex-i-2-550-negro-momento-ii","status":"publish","type":"product","link":"https:\/\/paxspain.com\/es\/producto\/flex-i-2-550-negro-momento-ii\/","title":{"rendered":"Flex I 2\/550 Negro Momento II"},"content":{"rendered":"<p data-start=\"2195\" data-end=\"2607\">Acabado en acero lacado negro mate duradero, el <strong>toallero calefactable PAX Flex I 2\/550 Negro Momento II<\/strong> est\u00e1 dise\u00f1ado para rendir y elevar la est\u00e9tica de su ba\u00f1o. Es ideal para interiores modernos donde el estilo y la funci\u00f3n son importantes. <\/p>\n<p data-start=\"2195\" data-end=\"2607\">Con <strong data-start=\"2660\" data-end=\"2694\">dos brazos giratorios individualmente<\/strong>, cada uno puede rotar hasta 180\u00b0, lo que le brinda la flexibilidad de optimizar el espacio de secado o plegarlos cuando no los necesite. El dise\u00f1o de tubo recto facilita colgar y retirar las toallas con la m\u00ednima complicaci\u00f3n. Ya sea que seque toallas de mano o s\u00e1banas de ba\u00f1o, \u00a1este toallero se adapta a sus necesidades!  <\/p>\n<p data-start=\"2195\" data-end=\"2607\">El <strong data-start=\"3082\" data-end=\"3103\">temporizador Momento II&#x2122;<\/strong> integrado ofrece un control avanzado sobre su toallero calefactable. Configure horarios y niveles de potencia personalizados directamente desde la aplicaci\u00f3n PAX para disfrutar de toallas calientes exactamente cuando las desee. Para mayor comodidad, comb\u00ednelo con un ventilador de ba\u00f1o PAX y deje que el sensor de humedad active la calefacci\u00f3n autom\u00e1ticamente despu\u00e9s de una ducha de vapor. Tambi\u00e9n dispone de <strong data-start=\"3429\" data-end=\"3447\">control manual<\/strong> completo si prefiere una experiencia sencilla y tradicional.   <\/p>\n<p data-start=\"3027\" data-end=\"3533\">La conectividad Bluetooth LE permite un control perfecto desde su smartphone a trav\u00e9s de la aplicaci\u00f3n PAX Connect. Ajuste los horarios de calefacci\u00f3n, reduzca el consumo de energ\u00eda y supervise el rendimiento, todo sin tocar el toallero. Es una excelente combinaci\u00f3n de tecnolog\u00eda inteligente y utilidad diaria.  <\/p>\n<p data-start=\"3535\" data-end=\"3866\">Con un <strong data-start=\"3904\" data-end=\"3930\">consumo de energ\u00eda de 20 W<\/strong>, clasificaci\u00f3n de protecci\u00f3n contra el agua IP44 y una construcci\u00f3n robusta en acero lacado y pl\u00e1stico ABS, este toallero calefactable est\u00e1 dise\u00f1ado para soportar la humedad y las exigencias de los entornos de ba\u00f1o. La instalaci\u00f3n flexible permite el montaje a la derecha o a la izquierda, adapt\u00e1ndose a su espacio. <\/p>\n<p><strong>Informaci\u00f3n del producto:<\/strong><\/p>\n<p>N\u00famero de art\u00edculo<br \/>\n26-2035<\/p>\n<p>Fase de alimentaci\u00f3n el\u00e9ctrica<br \/>\n1-Fase<\/p>\n<p>Protecci\u00f3n IP<br \/>\nIP 44<\/p>\n<p>Clase de aislamiento<br \/>\nII<\/p>\n<p>Material<br \/>\nAcero, pl\u00e1stico<\/p>\n<p>Anchura (mm)<br \/>\n559<\/p>\n<p>Profundidad (mm)<br \/>\n112<\/p>\n<p>Altura (mm)<br \/>\n 323<\/p>\n<p>Tipo de instalaci\u00f3n<br \/>\nPared<\/p>\n<p>Nombre del producto<br \/>\nFlex I 2\/550 giratorio Momento II negro<\/p>\n<p>Consumo de energ\u00eda (W)<br \/>\n 20<\/p>\n<p>Funciones<br \/>\nFuncionamiento con temporizador, Temporizador repetitivo, Control de potencia<\/p>\n<p>Tensi\u00f3n de alimentaci\u00f3n (V)<br \/>\n230V CA<\/p>\n<p>Opci\u00f3n inal\u00e1mbrica<br \/>\nBluetooth LE<\/p>\n<p>Detalle del material pl\u00e1stico<br \/>\nABS<\/p>\n<p>C\u00f3digo Etim<br \/>\nEC003624<\/p>\n<p>EAN 13<br \/>\n 7391477620208<\/p>\n","protected":false},"excerpt":{"rendered":"<p>El <strong data-start=\"1491\" data-end=\"1528\">PAX Flex I 2\/550 Negro Momento II<\/strong> es un elegante toallero calefactable negro mate dise\u00f1ado para ba\u00f1os modernos. Con dos brazos giratorios individualmente, le ofrece opciones de secado flexibles a la vez que ahorra espacio. Completo con el <strong data-start=\"1718\" data-end=\"1739\">temporizador Momento II&#x2122;<\/strong>, controle los horarios de calefacci\u00f3n y los niveles de potencia manualmente o a trav\u00e9s de la aplicaci\u00f3n PAX, incluso emparej\u00e1ndolo con un ventilador de ba\u00f1o PAX para un funcionamiento autom\u00e1tico cuando aumenta la humedad. Con protecci\u00f3n IP44, conectividad Bluetooth LE e instalaci\u00f3n de montaje en pared, este toallero el\u00e9ctrico combina un estilo contempor\u00e1neo con una comodidad inteligente. Una mejora pr\u00e1ctica para mantener las toallas calientes, secas y frescas todos los d\u00edas.    <\/p>\n<p>&nbsp;<\/p>\n<ul>\n<li data-start=\"4287\" data-end=\"4344\">\n<p data-start=\"4289\" data-end=\"4344\">Acabado elegante en negro mate que combina con accesorios modernos<\/p>\n<\/li>\n<li data-start=\"4345\" data-end=\"4392\">\n<p data-start=\"4347\" data-end=\"4392\">Control manual y por aplicaci\u00f3n a trav\u00e9s del temporizador Momento II<\/p>\n<\/li>\n<li data-start=\"4393\" data-end=\"4443\">\n<p data-start=\"4395\" data-end=\"4443\">Conectividad Bluetooth LE y programaci\u00f3n inteligente<\/p>\n<\/li>\n<li data-start=\"4444\" data-end=\"4498\">\n<p data-start=\"4446\" data-end=\"4498\">Brazos giratorios ajustables para diversas necesidades de secado<\/p>\n<\/li>\n<li data-start=\"4499\" data-end=\"4555\">\n<p data-start=\"4501\" data-end=\"4555\">F\u00e1cil instalaci\u00f3n de montaje en pared y dise\u00f1o que ahorra espacio<\/p>\n<\/li>\n<\/ul>\n","protected":false},"featured_media":4693,"comment_status":"open","ping_status":"closed","template":"","meta":{"_et_pb_use_builder":"","_et_pb_old_content":"","_et_gb_content_width":""},"product_brand":[134],"product_cat":[76,80],"product_tag":[],"class_list":{"0":"post-5103","1":"product","2":"type-product","3":"status-publish","4":"has-post-thumbnail","6":"product_brand-pax","7":"product_cat-calienta-toallas","8":"product_cat-edicion-negra","9":"product_shipping_class-calentador-de-toallas-con-envio-gratis","10":"pa_product-type-toallero-calefactable","12":"first","13":"instock","14":"taxable","15":"shipping-taxable","16":"purchasable","17":"product-type-simple"},"jetpack_sharing_enabled":true,"_links":{"self":[{"href":"https:\/\/paxspain.com\/es\/wp-json\/wp\/v2\/product\/5103","targetHints":{"allow":["GET"]}}],"collection":[{"href":"https:\/\/paxspain.com\/es\/wp-json\/wp\/v2\/product"}],"about":[{"href":"https:\/\/paxspain.com\/es\/wp-json\/wp\/v2\/types\/product"}],"replies":[{"embeddable":true,"href":"https:\/\/paxspain.com\/es\/wp-json\/wp\/v2\/comments?post=5103"}],"wp:featuredmedia":[{"embeddable":true,"href":"https:\/\/paxspain.com\/es\/wp-json\/wp\/v2\/media\/4693"}],"wp:attachment":[{"href":"https:\/\/paxspain.com\/es\/wp-json\/wp\/v2\/media?parent=5103"}],"wp:term":[{"taxonomy":"product_brand","embeddable":true,"href":"https:\/\/paxspain.com\/es\/wp-json\/wp\/v2\/product_brand?post=5103"},{"taxonomy":"product_cat","embeddable":true,"href":"https:\/\/paxspain.com\/es\/wp-json\/wp\/v2\/product_cat?post=5103"},{"taxonomy":"product_tag","embeddable":true,"href":"https:\/\/paxspain.com\/es\/wp-json\/wp\/v2\/product_tag?post=5103"}],"curies":[{"name":"wp","href":"https:\/\/api.w.org\/{rel}","templated":true}]}}