{"id":5107,"date":"2023-04-03T21:51:25","date_gmt":"2023-04-03T21:51:25","guid":{"rendered":"https:\/\/paxspain.com\/product\/jazz-8-550-momento-ii\/"},"modified":"2026-02-26T18:57:28","modified_gmt":"2026-02-26T17:57:28","slug":"jazz-8-550-momento-ii","status":"publish","type":"product","link":"https:\/\/paxspain.com\/es\/producto\/jazz-8-550-momento-ii\/","title":{"rendered":"Jazz 8\/550 Momento II"},"content":{"rendered":"<p data-start=\"2259\" data-end=\"2664\">El <strong data-start=\"2263\" data-end=\"2314\">toallero el\u00e9ctrico PAX Jazz 8\/550 Momento II<\/strong> est\u00e1 dise\u00f1ado para ba\u00f1os donde el espacio vertical es limitado, pero la demanda de toallas es alta. Al combinar <strong data-start=\"2414\" data-end=\"2440\">ocho barras horizontales<\/strong> con una <strong data-start=\"2456\" data-end=\"2473\">altura reducida de 550 mm<\/strong>, este modelo ofrece una capacidad excepcional sin dominar la pared. Es especialmente adecuado para ba\u00f1os en suite, aseos y ba\u00f1os familiares donde es necesario calentar varias toallas a la vez.  <\/p>\n<p data-start=\"2666\" data-end=\"2832\">El acabado en acero inoxidable pulido confiere al toallero un aspecto limpio y moderno que complementa una amplia variedad de estilos de ba\u00f1o y resulta f\u00e1cil de mantener.<\/p>\n<p data-start=\"2870\" data-end=\"3135\">En el n\u00facleo del Jazz 8\/550 se encuentra el <strong data-start=\"2907\" data-end=\"2936\">sistema de control Momento II<\/strong>, dise\u00f1ado para que el calentamiento de toallas sea c\u00f3modo y eficiente energ\u00e9ticamente. El temporizador integrado permite un funcionamiento manual sencillo, mientras que la conectividad Bluetooth posibilita el control total mediante la app PAX. <\/p>\n<p data-start=\"3137\" data-end=\"3160\">Con la app, puede:<\/p>\n<ul data-start=\"3161\" data-end=\"3306\">\n<li data-start=\"3161\" data-end=\"3198\">\n<p data-start=\"3163\" data-end=\"3198\">Crear programaciones de calefacci\u00f3n personalizadas<\/p>\n<\/li>\n<li data-start=\"3199\" data-end=\"3245\">\n<p data-start=\"3201\" data-end=\"3245\">Ajustar los niveles de potencia seg\u00fan las rutinas diarias<\/p>\n<\/li>\n<li data-start=\"3246\" data-end=\"3306\">\n<p data-start=\"3248\" data-end=\"3306\">Integrar el calentamiento de toallas con productos de ventilaci\u00f3n del ba\u00f1o<\/p>\n<\/li>\n<\/ul>\n<p data-start=\"3308\" data-end=\"3558\">Al combinarlo con un <strong data-start=\"3338\" data-end=\"3364\">extractor de ba\u00f1o<\/strong> compatible equipado con sensor de humedad, el toallero puede encenderse autom\u00e1ticamente cuando aumentan los niveles de humedad, garantizando que las toallas comiencen a calentarse durante o inmediatamente despu\u00e9s de la ducha, sin intervenci\u00f3n manual.<\/p>\n<p data-start=\"3606\" data-end=\"3974\">El Jazz 8\/550 se suministra con un <strong data-start=\"3640\" data-end=\"3671\">soporte de montaje Momento II<\/strong> que permite una conexi\u00f3n el\u00e9ctrica oculta desde la esquina inferior izquierda o derecha. Esto mantiene el cableado oculto y preserva las l\u00edneas compactas y horizontales del toallero. La unidad est\u00e1 dise\u00f1ada para instalaci\u00f3n el\u00e9ctrica fija, con accesorios opcionales disponibles si se requiere una soluci\u00f3n con enchufe.  <\/p>\n<p data-start=\"3976\" data-end=\"4089\">Con una <strong data-start=\"3984\" data-end=\"3999\">clasificaci\u00f3n IP44<\/strong>, el toallero es adecuado para entornos de ba\u00f1o expuestos a humedad y salpicaduras.<\/p>\n<p data-start=\"4124\" data-end=\"4418\">A pesar de su elevado n\u00famero de barras, el Jazz 8\/550 est\u00e1 dise\u00f1ado para utilizar la energ\u00eda de forma eficiente. El calor se concentra directamente en las toallas en lugar de calentar toda la habitaci\u00f3n, ayudando a que las toallas se sequen m\u00e1s r\u00e1pido mientras se mantienen los costes de funcionamiento bajo control. La programaci\u00f3n inteligente garantiza que el toallero funcione solo cuando sea necesario.  <\/p>\n<ul data-start=\"4467\" data-end=\"4732\">\n<li data-start=\"4467\" data-end=\"4515\">\n<p data-start=\"4469\" data-end=\"4515\">Dise\u00f1o de ocho barras para m\u00e1xima capacidad de toallas<\/p>\n<\/li>\n<li data-start=\"4516\" data-end=\"4563\">\n<p data-start=\"4518\" data-end=\"4563\">Altura compacta ideal para espacios de pared limitados<\/p>\n<\/li>\n<li data-start=\"4564\" data-end=\"4606\">\n<p data-start=\"4566\" data-end=\"4606\">Temporizador Bluetooth inteligente con control por app<\/p>\n<\/li>\n<li data-start=\"4607\" data-end=\"4665\">\n<p data-start=\"4609\" data-end=\"4665\">Encendido autom\u00e1tico al combinarlo con extractores con sensor de humedad<\/p>\n<\/li>\n<li data-start=\"4666\" data-end=\"4732\">\n<p data-start=\"4668\" data-end=\"4732\">Acabado en acero inoxidable pulido para durabilidad y f\u00e1cil limpieza<\/p>\n<\/li>\n<\/ul>\n<p data-start=\"4734\" data-end=\"4883\">El <strong data-start=\"4738\" data-end=\"4767\">PAX Jazz 8\/550 Momento II<\/strong> es una excelente opci\u00f3n para ba\u00f1os que necesitan alta capacidad de toallas, control inteligente y una huella vertical compacta.<\/p>\n<p><strong>Informaci\u00f3n del producto:<\/strong><\/p>\n<p>N\u00famero de art\u00edculo<br \/>\n3525-3<\/p>\n<p>Fase de alimentaci\u00f3n el\u00e9ctrica<br \/>\n1-Fase<\/p>\n<p>Protecci\u00f3nIP<br \/>\nIP 44<\/p>\n<p>AislamientoClase<br \/>\nII<\/p>\n<p>Material<br \/>\nAcero inoxidable, pl\u00e1stico<\/p>\n<p>Ancho (mm)<br \/>\n 549<\/p>\n<p>Profundidad (mm)<br \/>\n 107<\/p>\n<p>Altura (mm)<br \/>\n 1341<\/p>\n<p>Tipo de instalaci\u00f3n<br \/>\nPared<\/p>\n<p>Nombre del producto<br \/>\n Jazz 8\/550 Momento II<\/p>\n<p>Consumo de energ\u00eda (W)<br \/>\n 85<\/p>\n<p>Funciones<br \/>\nFuncionamiento con temporizador, Temporizador repetitivo, Control de potencia<\/p>\n<p>Tensi\u00f3n de alimentaci\u00f3n (V)<br \/>\n230V CA<\/p>\n<p>Opci\u00f3n inal\u00e1mbrica<br \/>\nBluetooth LE<\/p>\n<p>Detalle del material pl\u00e1stico<br \/>\nABS<\/p>\n<p>EtimCode<br \/>\nEC003624<\/p>\n<p>EAN 13<br \/>\n 7391477352536<\/p>\n","protected":false},"excerpt":{"rendered":"<p>El <strong data-start=\"1504\" data-end=\"1533\">PAX Jazz 8\/550 Momento II<\/strong> es un toallero el\u00e9ctrico compacto dise\u00f1ado para ba\u00f1os que necesitan m\u00e1xima capacidad de toallas en un espacio vertical reducido. Con ocho barras horizontales y una altura de 550 mm, ofrece un generoso espacio de colgado sin extenderse m\u00e1s arriba en la pared. El <strong data-start=\"1789\" data-end=\"1809\">temporizador Momento II<\/strong> integrado permite control manual o programaci\u00f3n por app Bluetooth, permitiendo una gesti\u00f3n precisa de los tiempos de calefacci\u00f3n y el consumo energ\u00e9tico. Al combinarlo con un extractor de ba\u00f1o PAX compatible, el toallero puede encenderse autom\u00e1ticamente cuando aumenta la humedad. Con acabado en acero inoxidable pulido y montaje en pared para un calor eficiente, ofrece un rendimiento inteligente en formato compacto.    <\/p>\n","protected":false},"featured_media":4671,"comment_status":"open","ping_status":"closed","template":"","meta":{"_et_pb_use_builder":"","_et_pb_old_content":"","_et_gb_content_width":""},"product_brand":[134],"product_cat":[76],"product_tag":[],"class_list":{"0":"post-5107","1":"product","2":"type-product","3":"status-publish","4":"has-post-thumbnail","6":"product_brand-pax","7":"product_cat-calienta-toallas","8":"product_shipping_class-calentador-de-toallas-con-envio-gratis","9":"pa_product-type-toallero-calefactable","11":"first","12":"instock","13":"taxable","14":"shipping-taxable","15":"purchasable","16":"product-type-simple"},"jetpack_sharing_enabled":true,"_links":{"self":[{"href":"https:\/\/paxspain.com\/es\/wp-json\/wp\/v2\/product\/5107","targetHints":{"allow":["GET"]}}],"collection":[{"href":"https:\/\/paxspain.com\/es\/wp-json\/wp\/v2\/product"}],"about":[{"href":"https:\/\/paxspain.com\/es\/wp-json\/wp\/v2\/types\/product"}],"replies":[{"embeddable":true,"href":"https:\/\/paxspain.com\/es\/wp-json\/wp\/v2\/comments?post=5107"}],"wp:featuredmedia":[{"embeddable":true,"href":"https:\/\/paxspain.com\/es\/wp-json\/wp\/v2\/media\/4671"}],"wp:attachment":[{"href":"https:\/\/paxspain.com\/es\/wp-json\/wp\/v2\/media?parent=5107"}],"wp:term":[{"taxonomy":"product_brand","embeddable":true,"href":"https:\/\/paxspain.com\/es\/wp-json\/wp\/v2\/product_brand?post=5107"},{"taxonomy":"product_cat","embeddable":true,"href":"https:\/\/paxspain.com\/es\/wp-json\/wp\/v2\/product_cat?post=5107"},{"taxonomy":"product_tag","embeddable":true,"href":"https:\/\/paxspain.com\/es\/wp-json\/wp\/v2\/product_tag?post=5107"}],"curies":[{"name":"wp","href":"https:\/\/api.w.org\/{rel}","templated":true}]}}