{"id":5113,"date":"2023-04-04T20:57:30","date_gmt":"2023-04-04T20:57:30","guid":{"rendered":"https:\/\/paxspain.com\/product\/flex-u-2-650-negro-momento-ii\/"},"modified":"2026-02-26T18:57:29","modified_gmt":"2026-02-26T17:57:29","slug":"flex-u-2-650-negro-momento-ii","status":"publish","type":"product","link":"https:\/\/paxspain.com\/es\/producto\/flex-u-2-650-negro-momento-ii\/","title":{"rendered":"Flex U 2\/650 Negro Momento II"},"content":{"rendered":"<p>El <strong data-start=\"2218\" data-end=\"2273\">toallero el\u00e9ctrico PAX Flex U 2\/650 Negro Momento II<\/strong> combina un dise\u00f1o moderno con la practicidad diaria. Con su acabado en negro mate, este toallero aporta un aspecto limpio y contempor\u00e1neo a su ba\u00f1o, a la vez que ofrece un secado y calentamiento fiable para toallas y ropa de ba\u00f1o. Con dos brazos pivotantes en forma de U de 650 mm, el toallero maximiza el flujo de aire, ayudando a que las toallas se sequen de forma m\u00e1s r\u00e1pida y uniforme que los radiadores fijos tradicionales.  <\/p>\n<p>El <strong>sistema de temporizador Momento II<\/strong> ofrece control tanto manual como mediante aplicaci\u00f3n. Programe horarios de calefacci\u00f3n o ajuste los niveles de potencia directamente desde su smartphone a trav\u00e9s de la aplicaci\u00f3n PAX Connect. La interfaz de la aplicaci\u00f3n le ofrece la flexibilidad necesaria para adaptar los tiempos de secado a su rutina, ya sea para un calentamiento r\u00e1pido tras la ducha o un secado suave durante la noche.  <\/p>\n<p>Con una potencia de <strong data-start=\"3535\" data-end=\"3543\">43 W<\/strong>, este toallero el\u00e9ctrico logra el equilibrio entre eficiencia de secado y consumo energ\u00e9tico. Cumple con estrictos est\u00e1ndares de protecci\u00f3n y seguridad con <strong data-start=\"3681\" data-end=\"3707\">protecci\u00f3n contra salpicaduras IP44<\/strong> y aislamiento de Clase II, lo que lo hace apto para entornos de ba\u00f1o. La instalaci\u00f3n de montaje en pared le permite colocar el toallero para un f\u00e1cil acceso, y puede instalarse con orientaci\u00f3n a derecha o izquierda seg\u00fan su espacio.  <\/p>\n<p><strong>Informaci\u00f3n del producto:<\/strong><\/p>\n<p>N\u00famero de art\u00edculo<br \/>\n26-1039<\/p>\n<p>Fase de alimentaci\u00f3n el\u00e9ctrica<br \/>\n1-Fase<\/p>\n<p>Protecci\u00f3n IP<br \/>\nIP 44<\/p>\n<p>Clase de aislamiento<br \/>\nII<\/p>\n<p>Material<br \/>\nAcero, pl\u00e1stico<\/p>\n<p>Ancho (mm)<br \/>\n 654<\/p>\n<p>Profundidad (mm)<br \/>\n112<\/p>\n<p>Altura (mm)<br \/>\n549<\/p>\n<p>Tipo de instalaci\u00f3n<br \/>\nPared<\/p>\n<p>Nombre del producto<br \/>\nFlex U 2\/650 pivotante Momento II negro<\/p>\n<p>Consumo de energ\u00eda (W)<br \/>\n 43<\/p>\n<p>Funciones<br \/>\nFuncionamiento con temporizador, Temporizador repetitivo, Control de potencia<\/p>\n<p>Tensi\u00f3n de alimentaci\u00f3n (V)<br \/>\n230V CA<\/p>\n<p>Opci\u00f3n inal\u00e1mbrica<br \/>\nBluetooth LE<\/p>\n<p>Detalle del material pl\u00e1stico<br \/>\nABS<\/p>\n<p>C\u00f3digo Etim<br \/>\nEC003624<\/p>\n<p>EAN 13<br \/>\n 7391477610407<\/p>\n","protected":false},"excerpt":{"rendered":"<p>Mejore su ba\u00f1o con el <strong data-start=\"1463\" data-end=\"1507\">toallero el\u00e9ctrico PAX Flex U 2 650 Negro,<\/strong> un elegante calentador de toallas en negro mate dise\u00f1ado para el confort y la eficiencia diarios. Con dos brazos pivotantes en forma de U de 650 mm, este modelo garantiza un excelente flujo de aire alrededor de las toallas para un secado m\u00e1s r\u00e1pido y uniforme. <\/p>\n<p>El <strong data-start=\"1728\" data-end=\"1748\">temporizador Momento II<\/strong> integrado le permite calentar seg\u00fan un horario o vincularlo con la aplicaci\u00f3n PAX Connect para un control remoto y niveles de potencia personalizados. Para mayor comodidad, puede conectarse con un extractor de ba\u00f1o PAX Norte para que se active autom\u00e1ticamente cuando la humedad aumente tras la ducha. Su instalaci\u00f3n de montaje en pared y la flexibilidad de colocaci\u00f3n a derecha o izquierda lo hacen ideal para ba\u00f1os modernos.  <\/p>\n","protected":false},"featured_media":4681,"comment_status":"open","ping_status":"closed","template":"","meta":{"_et_pb_use_builder":"","_et_pb_old_content":"","_et_gb_content_width":""},"product_brand":[134],"product_cat":[76,80],"product_tag":[],"class_list":{"0":"post-5113","1":"product","2":"type-product","3":"status-publish","4":"has-post-thumbnail","6":"product_brand-pax","7":"product_cat-calienta-toallas","8":"product_cat-edicion-negra","9":"product_shipping_class-calentador-de-toallas-con-envio-gratis","10":"pa_product-type-toallero-calefactable","12":"first","13":"instock","14":"taxable","15":"shipping-taxable","16":"purchasable","17":"product-type-simple"},"jetpack_sharing_enabled":true,"_links":{"self":[{"href":"https:\/\/paxspain.com\/es\/wp-json\/wp\/v2\/product\/5113","targetHints":{"allow":["GET"]}}],"collection":[{"href":"https:\/\/paxspain.com\/es\/wp-json\/wp\/v2\/product"}],"about":[{"href":"https:\/\/paxspain.com\/es\/wp-json\/wp\/v2\/types\/product"}],"replies":[{"embeddable":true,"href":"https:\/\/paxspain.com\/es\/wp-json\/wp\/v2\/comments?post=5113"}],"wp:featuredmedia":[{"embeddable":true,"href":"https:\/\/paxspain.com\/es\/wp-json\/wp\/v2\/media\/4681"}],"wp:attachment":[{"href":"https:\/\/paxspain.com\/es\/wp-json\/wp\/v2\/media?parent=5113"}],"wp:term":[{"taxonomy":"product_brand","embeddable":true,"href":"https:\/\/paxspain.com\/es\/wp-json\/wp\/v2\/product_brand?post=5113"},{"taxonomy":"product_cat","embeddable":true,"href":"https:\/\/paxspain.com\/es\/wp-json\/wp\/v2\/product_cat?post=5113"},{"taxonomy":"product_tag","embeddable":true,"href":"https:\/\/paxspain.com\/es\/wp-json\/wp\/v2\/product_tag?post=5113"}],"curies":[{"name":"wp","href":"https:\/\/api.w.org\/{rel}","templated":true}]}}