{"id":5123,"date":"2023-04-04T20:57:34","date_gmt":"2023-04-04T20:57:34","guid":{"rendered":"https:\/\/paxspain.com\/product\/flex-i-4-550-negro-momento-ii\/"},"modified":"2026-02-26T18:39:11","modified_gmt":"2026-02-26T17:39:11","slug":"flex-i-4-550-negro-momento-ii","status":"publish","type":"product","link":"https:\/\/paxspain.com\/es\/producto\/flex-i-4-550-negro-momento-ii\/","title":{"rendered":"Flex I 4\/550 Negro Momento II"},"content":{"rendered":"<p data-start=\"2012\" data-end=\"2413\">El PAX Flex I 4\/550 Negro Momento II est\u00e1 dise\u00f1ado para hogares donde se usan varias toallas a diario. Con cuatro brazos pivotantes y un perfil fino de pared, ofrece un amplio espacio de secado manteniendo un aspecto ordenado y despejado. El acabado negro mate complementa los ba\u00f1os modernos, especialmente los que cuentan con grifer\u00eda oscura y un estilo minimalista.  <\/p>\n<p data-start=\"2012\" data-end=\"2413\">Cada brazo gira de forma independiente hasta 180\u00b0, lo que permite separar las toallas para mejorar el flujo de aire y acelerar el secado. Esta flexibilidad facilita secar a la vez toallas de ba\u00f1o, toallas de manos y albornoces. Cuando el toallero no se utiliza, los brazos pueden plegarse ordenadamente contra la pared para ahorrar espacio y reducir el impacto visual.  <\/p>\n<p data-start=\"2415\" data-end=\"2795\">El temporizador <strong data-start=\"2846\" data-end=\"2867\">Momento II&#x2122;<\/strong> integrado le permite controlar los tiempos de calentamiento y los niveles de potencia. Use la app de PAX por Bluetooth para configurar horarios que se adapten a su rutina diaria, asegurando toallas calientes despu\u00e9s de la ducha sin que el toallero funcione de forma continua. Tambi\u00e9n dispone de control manual para un uso r\u00e1pido bajo demanda. El sistema puede emparejarse con ventiladores de ba\u00f1o PAX compatibles para automatizar el calentamiento en funci\u00f3n de los niveles de humedad.   <\/p>\n<p data-start=\"2797\" data-end=\"3242\">Dise\u00f1ado espec\u00edficamente para secar toallas y no para calentar la estancia, el Flex I 4\/550 proporciona un calor estable y constante con un consumo energ\u00e9tico moderado. Ayuda a que las toallas se sequen m\u00e1s r\u00e1pido y se mantengan m\u00e1s frescas entre usos, mejorando el confort diario y manteniendo los costes de funcionamiento bajo control. <\/p>\n<p data-start=\"3244\" data-end=\"3545\">Dise\u00f1ado para rendir en entornos h\u00famedos, este toallero calefactado el\u00e9ctrico es apto para su instalaci\u00f3n en el ba\u00f1o y para uso diario. El dise\u00f1o de pared mantiene el suelo despejado, y la instalaci\u00f3n flexible a izquierda o derecha permite adaptarlo a una amplia variedad de distribuciones de ba\u00f1o. <\/p>\n<p><strong>Informaci\u00f3n del producto:<\/strong><\/p>\n<p>N\u00famero de art\u00edculo<br \/>\n26-2037<\/p>\n<p>Fase de alimentaci\u00f3n el\u00e9ctrica<br \/>\n1-Fase<\/p>\n<p>Protecci\u00f3n IP<br \/>\nIP 44<\/p>\n<p>Clase de aislamiento<br \/>\nII<\/p>\n<p>Material<br \/>\nAcero, pl\u00e1stico<\/p>\n<p>Anchura (mm)<br \/>\n559<\/p>\n<p>Profundidad (mm)<br \/>\n112<\/p>\n<p>Altura (mm)<br \/>\n 500<\/p>\n<p>Tipo de instalaci\u00f3n<br \/>\nPared<\/p>\n<p>Nombre del producto<br \/>\nFlex I 4\/550 pivotante Momento II negro<\/p>\n<p>Consumo de energ\u00eda (W)<br \/>\n 40<\/p>\n<p>Funciones<br \/>\nFuncionamiento con temporizador, Temporizador repetitivo, Control de potencia<\/p>\n<p>Tensi\u00f3n de alimentaci\u00f3n (V)<br \/>\n230V CA<\/p>\n<p>Opci\u00f3n inal\u00e1mbrica<br \/>\nBluetooth LE<\/p>\n<p>Detalle del material pl\u00e1stico<br \/>\nABS<\/p>\n<p>C\u00f3digo Etim<br \/>\nEC003624<\/p>\n<p>EAN 13<br \/>\n 7391477620222<\/p>\n","protected":false},"excerpt":{"rendered":"<p>El toallero calefactado <strong data-start=\"1407\" data-end=\"1444\">PAX Flex I 4\/550 Negro Momento II<\/strong> est\u00e1 pensado para ba\u00f1os donde importan la capacidad de secado y un dise\u00f1o limpio. Con un moderno acabado negro mate, incorpora <strong data-start=\"1578\" data-end=\"1614\">cuatro brazos pivotantes independientes<\/strong> que permiten secar varias toallas de forma eficiente sin dominar la pared. El <strong data-start=\"1705\" data-end=\"1726\">temporizador Momento II&#x2122;<\/strong> integrado ofrece un control preciso mediante la app de PAX o un sencillo manejo manual. Dise\u00f1ado para entornos de ba\u00f1o e instalaci\u00f3n en pared, este toallero el\u00e9ctrico proporciona calor fiable, uso flexible y un aspecto refinado y contempor\u00e1neo.   <\/p>\n<p>&nbsp;<\/p>\n<ul>\n<li data-start=\"3914\" data-end=\"3967\">\n<p data-start=\"3916\" data-end=\"3967\">Toallero calefactable negro mate para ba\u00f1os modernos<\/p>\n<\/li>\n<li data-start=\"3968\" data-end=\"4015\">\n<p data-start=\"3970\" data-end=\"4015\">Cuatro brazos pivotantes para una alta capacidad de secado<\/p>\n<\/li>\n<li data-start=\"4016\" data-end=\"4070\">\n<p data-start=\"4018\" data-end=\"4070\">Temporizador inteligente Momento II con control por aplicaci\u00f3n y manual<\/p>\n<\/li>\n<li data-start=\"4071\" data-end=\"4103\">\n<p data-start=\"4073\" data-end=\"4103\">Dise\u00f1o compacto, montado en la pared<\/p>\n<\/li>\n<li data-start=\"4104\" data-end=\"4157\">\n<p data-start=\"4106\" data-end=\"4157\">Calentamiento el\u00e9ctrico eficiente de toallas para el uso diario<\/p>\n<\/li>\n<\/ul>\n","protected":false},"featured_media":4689,"comment_status":"open","ping_status":"closed","template":"","meta":{"_et_pb_use_builder":"","_et_pb_old_content":"","_et_gb_content_width":""},"product_brand":[134],"product_cat":[76,80],"product_tag":[],"class_list":{"0":"post-5123","1":"product","2":"type-product","3":"status-publish","4":"has-post-thumbnail","6":"product_brand-pax","7":"product_cat-calienta-toallas","8":"product_cat-edicion-negra","9":"pa_product-type-toallero-calefactable","11":"first","12":"instock","13":"taxable","14":"shipping-taxable","15":"purchasable","16":"product-type-simple"},"jetpack_sharing_enabled":true,"_links":{"self":[{"href":"https:\/\/paxspain.com\/es\/wp-json\/wp\/v2\/product\/5123","targetHints":{"allow":["GET"]}}],"collection":[{"href":"https:\/\/paxspain.com\/es\/wp-json\/wp\/v2\/product"}],"about":[{"href":"https:\/\/paxspain.com\/es\/wp-json\/wp\/v2\/types\/product"}],"replies":[{"embeddable":true,"href":"https:\/\/paxspain.com\/es\/wp-json\/wp\/v2\/comments?post=5123"}],"wp:featuredmedia":[{"embeddable":true,"href":"https:\/\/paxspain.com\/es\/wp-json\/wp\/v2\/media\/4689"}],"wp:attachment":[{"href":"https:\/\/paxspain.com\/es\/wp-json\/wp\/v2\/media?parent=5123"}],"wp:term":[{"taxonomy":"product_brand","embeddable":true,"href":"https:\/\/paxspain.com\/es\/wp-json\/wp\/v2\/product_brand?post=5123"},{"taxonomy":"product_cat","embeddable":true,"href":"https:\/\/paxspain.com\/es\/wp-json\/wp\/v2\/product_cat?post=5123"},{"taxonomy":"product_tag","embeddable":true,"href":"https:\/\/paxspain.com\/es\/wp-json\/wp\/v2\/product_tag?post=5123"}],"curies":[{"name":"wp","href":"https:\/\/api.w.org\/{rel}","templated":true}]}}