{"id":5126,"date":"2023-04-04T20:57:33","date_gmt":"2023-04-04T20:57:33","guid":{"rendered":"https:\/\/paxspain.com\/product\/flex-u-2-450-negro-momento-ii\/"},"modified":"2026-02-26T18:38:51","modified_gmt":"2026-02-26T17:38:51","slug":"flex-u-2-450-negro-momento-ii","status":"publish","type":"product","link":"https:\/\/paxspain.com\/es\/producto\/flex-u-2-450-negro-momento-ii\/","title":{"rendered":"Flex U 2\/450 Negro Momento II"},"content":{"rendered":"<p data-start=\"2064\" data-end=\"2397\">El <strong>toallero el\u00e9ctrico PAX Flex U 2\/450 Negro Momento II<\/strong> est\u00e1 dise\u00f1ado para espacios donde cada cent\u00edmetro cuenta. Con un ancho reducido y una disposici\u00f3n sencilla de brazos fijos, se adapta perfectamente a ba\u00f1os integrados, aseos y ba\u00f1os compactos, ofreciendo un secado de toallas eficaz y confort diario. <\/p>\n<p data-start=\"2064\" data-end=\"2397\">A diferencia de los toalleros pivotantes, la gama Flex U utiliza una <strong data-start=\"2482\" data-end=\"2509\">configuraci\u00f3n de brazos fijos<\/strong> para un uso directo y sin complicaciones. Los dos brazos horizontales ofrecen una colocaci\u00f3n estable de las toallas y un flujo de aire constante, facilitando un secado eficiente sin necesidad de ajustes. Esta sencillez lo convierte en una opci\u00f3n pr\u00e1ctica para usuarios que prefieren la fiabilidad frente a la complejidad adicional.  <\/p>\n<p data-start=\"2399\" data-end=\"2781\">El sistema de <strong data-start=\"2832\" data-end=\"2862\">control integrado Momento II&#x2122;<\/strong> le ofrece flexibilidad sobre los tiempos de calentamiento y los niveles de potencia. Mediante la aplicaci\u00f3n PAX v\u00eda Bluetooth, puede crear programas que se ajusten a su rutina diaria, para que las toallas est\u00e9n calientes despu\u00e9s de la ducha sin que el toallero funcione innecesariamente. Tambi\u00e9n dispone de control manual para un calentamiento r\u00e1pido bajo demanda. El sistema puede vincularse con extractores de ba\u00f1o PAX compatibles para activar el calentamiento autom\u00e1ticamente cuando suben los niveles de humedad.   <\/p>\n<p data-start=\"2783\" data-end=\"3266\">Dise\u00f1ado espec\u00edficamente para el secado de toallas en lugar de la calefacci\u00f3n de estancias, el <strong>toallero radiador Flex U 2\/450<\/strong> proporciona un calor constante manteniendo un consumo econ\u00f3mico. Ayuda a que las toallas se sequen m\u00e1s r\u00e1pido y se mantengan frescas entre usos, mejorando la higiene y el confort sin un uso excesivo de energ\u00eda. <\/p>\n<p data-start=\"2783\" data-end=\"3266\">Apto para ambientes h\u00famedos, este toallero el\u00e9ctrico est\u00e1 fabricado para el uso diario en el ba\u00f1o. El formato de montaje en pared mantiene los suelos despejados y maximiza el espacio utilizable, mientras que el acabado en negro mate complementa los accesorios modernos y los dise\u00f1os de ba\u00f1o m\u00e1s oscuros. <\/p>\n<p><strong>Informaci\u00f3n del producto:<\/strong><\/p>\n<p>N\u00famero de art\u00edculo<br \/>\n26-1032<\/p>\n<p>Fase de alimentaci\u00f3n el\u00e9ctrica<br \/>\n1-Fase<\/p>\n<p>Protecci\u00f3n IP<br \/>\nIP 44<\/p>\n<p>Clase de aislamiento<br \/>\nII<\/p>\n<p>Material<br \/>\nAcero, pl\u00e1stico<\/p>\n<p>Anchura (mm)<br \/>\n454<\/p>\n<p>Profundidad (mm)<br \/>\n112<\/p>\n<p>Altura (mm)<br \/>\n549<\/p>\n<p>Tipo de instalaci\u00f3n<br \/>\nPared<\/p>\n<p>Nombre del producto<br \/>\nFlex U 2\/450 pivotante Momento II negro<\/p>\n<p>Consumo de energ\u00eda(W)<br \/>\n28<\/p>\n<p>Funciones<br \/>\nFuncionamiento con temporizador, Temporizador repetitivo, Control de potencia<\/p>\n<p>Tensi\u00f3n de alimentaci\u00f3n (V)<br \/>\n230V CA<\/p>\n<p>Opci\u00f3n inal\u00e1mbrica<br \/>\nBluetooth LE<\/p>\n<p>Detalle del material pl\u00e1stico<br \/>\nABS<\/p>\n<p>C\u00f3digo Etim<br \/>\nEC003624<\/p>\n<p>EAN 13<br \/>\n7391477610308<\/p>\n","protected":false},"excerpt":{"rendered":"<p>El <strong data-start=\"1432\" data-end=\"1469\">PAX Flex U 2\/450 Negro Momento II<\/strong> es un toallero el\u00e9ctrico compacto dise\u00f1ado para ba\u00f1os peque\u00f1os y aseos. Con un acabado en moderno negro mate, cuenta con <strong data-start=\"1601\" data-end=\"1619\">dos brazos fijos<\/strong> que proporcionan un secado de toallas sencillo y fiable sin ocupar espacio innecesario en la pared. El temporizador <strong data-start=\"1729\" data-end=\"1750\">Momento II&#x2122;<\/strong> integrado permite programar el calentamiento a trav\u00e9s de la aplicaci\u00f3n PAX o controlarlo manualmente, ofreci\u00e9ndole toallas calientes exactamente cuando las necesita. Apto para entornos de ba\u00f1o e instalaci\u00f3n en pared, este toallero ofrece un secado eficiente con un estilo limpio y sobrio.   <\/p>\n<p>&nbsp;<\/p>\n<ul>\n<li data-start=\"3893\" data-end=\"3950\">\n<p data-start=\"3895\" data-end=\"3950\">Toallero radiador negro compacto para ba\u00f1os peque\u00f1os<\/p>\n<\/li>\n<li data-start=\"3951\" data-end=\"4003\">\n<p data-start=\"3953\" data-end=\"4003\">Dise\u00f1o de dos brazos fijos para un secado sencillo y fiable<\/p>\n<\/li>\n<li data-start=\"4004\" data-end=\"4058\">\n<p data-start=\"4006\" data-end=\"4058\">Temporizador inteligente Momento II con control por aplicaci\u00f3n y manual<\/p>\n<\/li>\n<li data-start=\"4059\" data-end=\"4096\">\n<p data-start=\"4061\" data-end=\"4096\">Formato de pared para ahorrar espacio<\/p>\n<\/li>\n<li data-start=\"4097\" data-end=\"4147\">\n<p data-start=\"4099\" data-end=\"4147\">Calentamiento eficiente de toallas el\u00e9ctrico para uso diario<\/p>\n<\/li>\n<\/ul>\n","protected":false},"featured_media":4685,"comment_status":"open","ping_status":"closed","template":"","meta":{"_et_pb_use_builder":"","_et_pb_old_content":"","_et_gb_content_width":""},"product_brand":[134],"product_cat":[76,80],"product_tag":[],"class_list":{"0":"post-5126","1":"product","2":"type-product","3":"status-publish","4":"has-post-thumbnail","6":"product_brand-pax","7":"product_cat-calienta-toallas","8":"product_cat-edicion-negra","9":"product_shipping_class-calentador-de-toallas-con-envio-gratis","10":"pa_product-type-toallero-calefactable","12":"first","13":"instock","14":"taxable","15":"shipping-taxable","16":"purchasable","17":"product-type-simple"},"jetpack_sharing_enabled":true,"_links":{"self":[{"href":"https:\/\/paxspain.com\/es\/wp-json\/wp\/v2\/product\/5126","targetHints":{"allow":["GET"]}}],"collection":[{"href":"https:\/\/paxspain.com\/es\/wp-json\/wp\/v2\/product"}],"about":[{"href":"https:\/\/paxspain.com\/es\/wp-json\/wp\/v2\/types\/product"}],"replies":[{"embeddable":true,"href":"https:\/\/paxspain.com\/es\/wp-json\/wp\/v2\/comments?post=5126"}],"wp:featuredmedia":[{"embeddable":true,"href":"https:\/\/paxspain.com\/es\/wp-json\/wp\/v2\/media\/4685"}],"wp:attachment":[{"href":"https:\/\/paxspain.com\/es\/wp-json\/wp\/v2\/media?parent=5126"}],"wp:term":[{"taxonomy":"product_brand","embeddable":true,"href":"https:\/\/paxspain.com\/es\/wp-json\/wp\/v2\/product_brand?post=5126"},{"taxonomy":"product_cat","embeddable":true,"href":"https:\/\/paxspain.com\/es\/wp-json\/wp\/v2\/product_cat?post=5126"},{"taxonomy":"product_tag","embeddable":true,"href":"https:\/\/paxspain.com\/es\/wp-json\/wp\/v2\/product_tag?post=5126"}],"curies":[{"name":"wp","href":"https:\/\/api.w.org\/{rel}","templated":true}]}}