{"id":5127,"date":"2023-04-04T20:57:35","date_gmt":"2023-04-04T20:57:35","guid":{"rendered":"https:\/\/paxspain.com\/product\/flex-i-3-550-negro-momento-ii\/"},"modified":"2026-02-26T18:57:29","modified_gmt":"2026-02-26T17:57:29","slug":"flex-i-3-550-negro-momento-ii","status":"publish","type":"product","link":"https:\/\/paxspain.com\/es\/producto\/flex-i-3-550-negro-momento-ii\/","title":{"rendered":"Flex I 3\/550 Black Momento II"},"content":{"rendered":"<p data-start=\"1998\" data-end=\"2392\">El <strong>PAX Flex I 3\/550 Black Momento II<\/strong> es una soluci\u00f3n pr\u00e1ctica y elegante para mantener las toallas calientes y secas. Su acabado en negro mate encaja de forma natural en ba\u00f1os contempor\u00e1neos, combinando bien con grifer\u00eda oscura, accesorios e interiores minimalistas. Tras su dise\u00f1o depurado se encuentra un sistema de control inteligente creado para la comodidad diaria.  <\/p>\n<p data-start=\"1998\" data-end=\"2392\">Con <strong data-start=\"2449\" data-end=\"2485\">tres brazos pivotantes individuales<\/strong>, este toallero el\u00e9ctrico ofrece una mayor capacidad de secado en comparaci\u00f3n con los modelos de dos brazos. Cada brazo gira hasta 180\u00b0, lo que permite extender las toallas para un mejor flujo de aire y un secado m\u00e1s r\u00e1pido. Cuando no se utilizan, los brazos pueden plegarse contra la pared para reducir el desorden visual y liberar espacio.  <\/p>\n<p data-start=\"1998\" data-end=\"2392\">El temporizador integrado <strong data-start=\"2844\" data-end=\"2865\">Momento II&#x2122;<\/strong> le ofrece un control total sobre los tiempos de calentamiento y los niveles de potencia. Utilice la aplicaci\u00f3n PAX a trav\u00e9s de Bluetooth para crear horarios que se adapten a su rutina diaria, asegurando que las toallas est\u00e9n calientes cuando las necesite sin que el toallero funcione innecesariamente. Tambi\u00e9n dispone de control manual para un uso sencillo bajo demanda. El sistema puede vincularse con extractores de ba\u00f1o PAX compatibles para un funcionamiento automatizado basado en los niveles de humedad.   <\/p>\n<p data-start=\"1998\" data-end=\"2392\">Dise\u00f1ado para el secado de toallas m\u00e1s que para la calefacci\u00f3n de estancias, el Flex I 3\/550 proporciona un calor suave y constante con un bajo consumo energ\u00e9tico. Es una forma eficiente de mejorar el confort tras la ducha, ayudando a que las toallas se sequen m\u00e1s r\u00e1pido y se mantengan frescas entre usos. <\/p>\n<p data-start=\"1998\" data-end=\"2392\">Apto para su instalaci\u00f3n en entornos de ba\u00f1o, este toallero el\u00e9ctrico est\u00e1 dise\u00f1ado para soportar la humedad diaria. El formato de montaje en pared mantiene los suelos despejados, y su instalaci\u00f3n flexible a izquierda o derecha facilita su integraci\u00f3n en diferentes distribuciones de ba\u00f1o. <\/p>\n<p><strong>Informaci\u00f3n del producto:<\/strong><\/p>\n<p>N\u00famero de art\u00edculo<br \/>\n26-2036<\/p>\n<p>Fase de alimentaci\u00f3n el\u00e9ctrica<br \/>\n1-Fase<\/p>\n<p>Protecci\u00f3n IP<br \/>\nIP 44<\/p>\n<p>Clase de aislamiento<br \/>\nII<\/p>\n<p>Material<br \/>\nAcero, pl\u00e1stico<\/p>\n<p>Anchura (mm)<br \/>\n559<\/p>\n<p>Profundidad (mm)<br \/>\n112<\/p>\n<p>Altura (mm)<br \/>\n 411<\/p>\n<p>Tipo de instalaci\u00f3n<br \/>\nPared<\/p>\n<p>Nombre del producto<br \/>\nFlex I 3\/550 pivotante Momento II negro<\/p>\n<p>Consumo de energ\u00eda (W)<br \/>\n 30<\/p>\n<p>Funciones<br \/>\nTemporizador de retardo, Temporizador repetitivo, Control de potencia<\/p>\n<p>Tensi\u00f3n de alimentaci\u00f3n (V)<br \/>\n230V CA<\/p>\n<p>Opci\u00f3n inal\u00e1mbrica<br \/>\nBluetooth LE<\/p>\n<p>Detalle del material pl\u00e1stico<br \/>\nABS<\/p>\n<p>C\u00f3digo Etim<br \/>\nEC003624<\/p>\n<p>EAN 13<br \/>\n 7391477620215<\/p>\n","protected":false},"excerpt":{"rendered":"<p>El toallero el\u00e9ctrico <strong data-start=\"1419\" data-end=\"1456\">PAX Flex I 3\/550 Black Momento II<\/strong> combina un dise\u00f1o moderno con una funcionalidad inteligente. Con un elegante acabado en negro mate, cuenta con <strong data-start=\"1568\" data-end=\"1605\">tres brazos pivotantes independientes<\/strong> que le proporcionan un amplio espacio de secado sin ocupar toda la pared. El temporizador integrado <strong data-start=\"1687\" data-end=\"1708\">Momento II&#x2122;<\/strong> permite un control preciso a trav\u00e9s de la aplicaci\u00f3n PAX o un sencillo manejo manual. Dise\u00f1ado para ba\u00f1os y montaje en pared, este calentador de toallas el\u00e9ctrico las mantiene secas, calientes y listas, conservando un aspecto limpio y contempor\u00e1neo.   <\/p>\n<ul data-start=\"3920\" data-end=\"4162\">\n<li data-start=\"3920\" data-end=\"3973\">\n<p data-start=\"3922\" data-end=\"3973\">Toallero el\u00e9ctrico negro mate para interiores modernos<\/p>\n<\/li>\n<li data-start=\"3974\" data-end=\"4024\">\n<p data-start=\"3976\" data-end=\"4024\">Tres brazos pivotantes para mayor espacio de secado<\/p>\n<\/li>\n<li data-start=\"4025\" data-end=\"4079\">\n<p data-start=\"4027\" data-end=\"4079\">Temporizador inteligente Momento II con control por aplicaci\u00f3n y manual<\/p>\n<\/li>\n<li data-start=\"4080\" data-end=\"4111\">\n<p data-start=\"4082\" data-end=\"4111\">Dise\u00f1o compacto de montaje en pared<\/p>\n<\/li>\n<li data-start=\"4112\" data-end=\"4162\">\n<p data-start=\"4114\" data-end=\"4162\">Calentamiento eficiente de toallas el\u00e9ctrico para uso diario<\/p>\n<\/li>\n<\/ul>\n<p data-start=\"4164\" data-end=\"4334\">\n","protected":false},"featured_media":4691,"comment_status":"open","ping_status":"closed","template":"","meta":{"_et_pb_use_builder":"","_et_pb_old_content":"","_et_gb_content_width":""},"product_brand":[134],"product_cat":[76,80],"product_tag":[],"class_list":{"0":"post-5127","1":"product","2":"type-product","3":"status-publish","4":"has-post-thumbnail","6":"product_brand-pax","7":"product_cat-calienta-toallas","8":"product_cat-edicion-negra","9":"product_shipping_class-calentador-de-toallas-con-envio-gratis","10":"pa_product-type-toallero-calefactable","12":"first","13":"instock","14":"taxable","15":"shipping-taxable","16":"purchasable","17":"product-type-simple"},"jetpack_sharing_enabled":true,"_links":{"self":[{"href":"https:\/\/paxspain.com\/es\/wp-json\/wp\/v2\/product\/5127","targetHints":{"allow":["GET"]}}],"collection":[{"href":"https:\/\/paxspain.com\/es\/wp-json\/wp\/v2\/product"}],"about":[{"href":"https:\/\/paxspain.com\/es\/wp-json\/wp\/v2\/types\/product"}],"replies":[{"embeddable":true,"href":"https:\/\/paxspain.com\/es\/wp-json\/wp\/v2\/comments?post=5127"}],"wp:featuredmedia":[{"embeddable":true,"href":"https:\/\/paxspain.com\/es\/wp-json\/wp\/v2\/media\/4691"}],"wp:attachment":[{"href":"https:\/\/paxspain.com\/es\/wp-json\/wp\/v2\/media?parent=5127"}],"wp:term":[{"taxonomy":"product_brand","embeddable":true,"href":"https:\/\/paxspain.com\/es\/wp-json\/wp\/v2\/product_brand?post=5127"},{"taxonomy":"product_cat","embeddable":true,"href":"https:\/\/paxspain.com\/es\/wp-json\/wp\/v2\/product_cat?post=5127"},{"taxonomy":"product_tag","embeddable":true,"href":"https:\/\/paxspain.com\/es\/wp-json\/wp\/v2\/product_tag?post=5127"}],"curies":[{"name":"wp","href":"https:\/\/api.w.org\/{rel}","templated":true}]}}