{"id":5130,"date":"2023-04-04T20:57:34","date_gmt":"2023-04-04T20:57:34","guid":{"rendered":"https:\/\/paxspain.com\/product\/flex-i-5-550-negro-momento-ii\/"},"modified":"2026-02-26T18:38:37","modified_gmt":"2026-02-26T17:38:37","slug":"flex-i-5-550-negro-momento-ii","status":"publish","type":"product","link":"https:\/\/paxspain.com\/es\/producto\/flex-i-5-550-negro-momento-ii\/","title":{"rendered":"Flex I 5\/550 Negro Momento II"},"content":{"rendered":"<p data-start=\"2043\" data-end=\"2446\">El <strong>PAX Flex I 5\/550 Negro Momento II<\/strong> est\u00e1 dise\u00f1ado para hogares con un uso constante de toallas. Con cinco brazos pivotantes, ofrece un amplio espacio de secado para ba\u00f1os familiares, espacios compartidos o casas donde se toman varias duchas al d\u00eda. A pesar de su gran capacidad, el dise\u00f1o de pared mantiene el toallero visualmente ordenado y optimiza el espacio.  <\/p>\n<p data-start=\"2043\" data-end=\"2446\">Cada brazo gira de forma independiente hasta 180\u00b0, lo que permite separar las toallas para mejorar el flujo de aire y acelerar el secado. Esto facilita el secado simult\u00e1neo de toallas de ba\u00f1o, de mano y albornoces. Cuando no se utiliza, los brazos pueden plegarse contra la pared, reduciendo el desorden visual y liberando espacio.  <\/p>\n<p data-start=\"2043\" data-end=\"2446\">El temporizador integrado <strong data-start=\"2866\" data-end=\"2887\">Momento II&#x2122;<\/strong> le ofrece un control total sobre los tiempos de calentamiento y los niveles de potencia. Utilice la <strong>app PAX v\u00eda Bluetooth<\/strong> para programar horarios que se ajusten a su rutina diaria, garantizando que las toallas est\u00e9n calientes cuando las necesite sin que el toallero funcione continuamente. Tambi\u00e9n dispone de control manual para un calentamiento sencillo bajo demanda. El sistema puede emparejarse con extractores de ba\u00f1o PAX compatibles para automatizar el calentamiento seg\u00fan los niveles de humedad.   <\/p>\n<p data-start=\"2807\" data-end=\"3275\">Dise\u00f1ado espec\u00edficamente para el secado de toallas en lugar de la calefacci\u00f3n de estancias, el <strong>toallero el\u00e9ctrico Flex I 5\/550<\/strong> ofrece un calor constante con un consumo econ\u00f3mico. Ayuda a que las toallas se sequen m\u00e1s r\u00e1pido y se mantengan frescas entre usos, mejorando el confort sin un consumo energ\u00e9tico innecesario. <\/p>\n<p data-start=\"3277\" data-end=\"3575\">Apto para ambientes h\u00famedos, este toallero el\u00e9ctrico est\u00e1 fabricado para el uso diario en el ba\u00f1o. El formato de pared mantiene el suelo despejado, mientras que la instalaci\u00f3n flexible a izquierda o derecha facilita su integraci\u00f3n en una amplia gama de distribuciones de ba\u00f1o. <\/p>\n<p><strong>Informaci\u00f3n del producto:<\/strong><\/p>\n<p>N\u00famero de art\u00edculo<br \/>\n26-2038<\/p>\n<p>Fase de alimentaci\u00f3n el\u00e9ctrica<br \/>\n1-Fase<\/p>\n<p>Protecci\u00f3nIP<br \/>\nIP 44<\/p>\n<p>Clase de aislamiento<br \/>\nII<\/p>\n<p>Material<br \/>\nAcero, pl\u00e1stico<\/p>\n<p>Anchura (mm)<br \/>\n559<\/p>\n<p>Profundidad (mm)<br \/>\n112<\/p>\n<p>Altura (mm)<br \/>\n588<\/p>\n<p>Tipo de instalaci\u00f3n<br \/>\nPared<\/p>\n<p>Nombre del producto<br \/>\nFlex I 5\/550 pivotante Momento II negro<\/p>\n<p>Consumo de energ\u00eda(W)<br \/>\n50<\/p>\n<p>Funciones<br \/>\nFuncionamiento con temporizador, Temporizador repetitivo, Control de potencia<\/p>\n<p>Tensi\u00f3n de alimentaci\u00f3n (V)<br \/>\n230V CA<\/p>\n<p>Opci\u00f3n inal\u00e1mbrica<br \/>\nBluetooth LE<\/p>\n<p>Detalle del material pl\u00e1stico<br \/>\nABS<\/p>\n<p>C\u00f3digo Etim<br \/>\nEC003624<\/p>\n<p>EAN 13<br \/>\n 7391477620239<\/p>\n","protected":false},"excerpt":{"rendered":"<p>El toallero el\u00e9ctrico <strong data-start=\"1403\" data-end=\"1440\">PAX Flex I 5\/550 Negro Momento II<\/strong> est\u00e1 dise\u00f1ado para ba\u00f1os que necesitan la m\u00e1xima capacidad de secado sin renunciar al control ni al estilo. Con un acabado en moderno negro mate, cuenta con <strong data-start=\"1606\" data-end=\"1642\">cinco brazos pivotantes independientes<\/strong> que permiten secar varias toallas de forma eficiente manteniendo un dise\u00f1o compacto de pared. El temporizador integrado <strong data-start=\"1753\" data-end=\"1774\">Momento II&#x2122;<\/strong> permite una programaci\u00f3n precisa a trav\u00e9s de la app PAX o un funcionamiento manual sencillo. Apto para entornos de ba\u00f1o, este toallero el\u00e9ctrico ofrece un calor fiable, un uso flexible y un acabado limpio y contempor\u00e1neo.   <\/p>\n<p>&nbsp;<\/p>\n<ul>\n<li data-start=\"3927\" data-end=\"3980\">\n<p data-start=\"3929\" data-end=\"3980\">Toallero calefactable negro mate para ba\u00f1os modernos<\/p>\n<\/li>\n<li data-start=\"3981\" data-end=\"4031\">\n<p data-start=\"3983\" data-end=\"4031\">Cinco brazos pivotantes para una m\u00e1xima capacidad de secado<\/p>\n<\/li>\n<li data-start=\"4032\" data-end=\"4086\">\n<p data-start=\"4034\" data-end=\"4086\">Temporizador inteligente Momento II con control por aplicaci\u00f3n y manual<\/p>\n<\/li>\n<li data-start=\"4087\" data-end=\"4119\">\n<p data-start=\"4089\" data-end=\"4119\">Dise\u00f1o compacto, montado en la pared<\/p>\n<\/li>\n<li data-start=\"4120\" data-end=\"4170\">\n<p data-start=\"4122\" data-end=\"4170\">Calentamiento eficiente de toallas el\u00e9ctrico para uso diario<\/p>\n<\/li>\n<\/ul>\n","protected":false},"featured_media":4687,"comment_status":"open","ping_status":"closed","template":"","meta":{"_et_pb_use_builder":"","_et_pb_old_content":"","_et_gb_content_width":""},"product_brand":[134],"product_cat":[76,80],"product_tag":[],"class_list":{"0":"post-5130","1":"product","2":"type-product","3":"status-publish","4":"has-post-thumbnail","6":"product_brand-pax","7":"product_cat-calienta-toallas","8":"product_cat-edicion-negra","9":"product_shipping_class-calentador-de-toallas-con-envio-gratis","10":"pa_product-type-toallero-calefactable","12":"first","13":"instock","14":"taxable","15":"shipping-taxable","16":"purchasable","17":"product-type-simple"},"jetpack_sharing_enabled":true,"_links":{"self":[{"href":"https:\/\/paxspain.com\/es\/wp-json\/wp\/v2\/product\/5130","targetHints":{"allow":["GET"]}}],"collection":[{"href":"https:\/\/paxspain.com\/es\/wp-json\/wp\/v2\/product"}],"about":[{"href":"https:\/\/paxspain.com\/es\/wp-json\/wp\/v2\/types\/product"}],"replies":[{"embeddable":true,"href":"https:\/\/paxspain.com\/es\/wp-json\/wp\/v2\/comments?post=5130"}],"wp:featuredmedia":[{"embeddable":true,"href":"https:\/\/paxspain.com\/es\/wp-json\/wp\/v2\/media\/4687"}],"wp:attachment":[{"href":"https:\/\/paxspain.com\/es\/wp-json\/wp\/v2\/media?parent=5130"}],"wp:term":[{"taxonomy":"product_brand","embeddable":true,"href":"https:\/\/paxspain.com\/es\/wp-json\/wp\/v2\/product_brand?post=5130"},{"taxonomy":"product_cat","embeddable":true,"href":"https:\/\/paxspain.com\/es\/wp-json\/wp\/v2\/product_cat?post=5130"},{"taxonomy":"product_tag","embeddable":true,"href":"https:\/\/paxspain.com\/es\/wp-json\/wp\/v2\/product_tag?post=5130"}],"curies":[{"name":"wp","href":"https:\/\/api.w.org\/{rel}","templated":true}]}}