{"id":5141,"date":"2023-04-04T23:08:24","date_gmt":"2023-04-04T21:08:24","guid":{"rendered":"https:\/\/paxspain.com\/product\/ventilacion-mural-tl100de\/"},"modified":"2026-03-03T17:20:28","modified_gmt":"2026-03-03T16:20:28","slug":"ventilacion-mural-tl100de","status":"publish","type":"product","link":"https:\/\/paxspain.com\/es\/producto\/ventilacion-mural-tl100de\/","title":{"rendered":"TL100DE"},"content":{"rendered":"<p>La rejilla de ventilaci\u00f3n de pared TL100DE es una soluci\u00f3n de ventilaci\u00f3n pasiva dise\u00f1ada para favorecer el flujo de aire de fondo a trav\u00e9s de una pared exterior. Proporciona una forma sencilla de introducir aire fresco en una habitaci\u00f3n sin depender de sistemas motorizados. Adecuada para una variedad de espacios dom\u00e9sticos, esta rejilla de pared ayuda a reducir la acumulaci\u00f3n de aire viciado, manteniendo un funcionamiento sencillo y de bajo mantenimiento. Ideal para proyectos donde la simplicidad y la fiabilidad son la prioridad.   <\/p>\n<p><strong>Informaci\u00f3n del producto:<\/strong><\/p>\n<p>N\u00famero de art\u00edculo<br \/>\n629700<\/p>\n<p>Material<br \/>\nPl\u00e1stico<\/p>\n<p>Anchura (mm)<br \/>\n160<\/p>\n<p>Profundidad (mm)<br \/>\n408<\/p>\n<p>Altura (mm)<br \/>\n160<\/p>\n<p>Tipo de instalaci\u00f3n<br \/>\nPared exterior<\/p>\n<p>Nombre del producto<br \/>\nRejilla de ventilaci\u00f3n de pared TL100DE<\/p>\n<p>Funciones<br \/>\nProtecci\u00f3n contra la condensaci\u00f3n, Filtro, Protecci\u00f3n contra tormentas<\/p>\n<p>Detalle del material pl\u00e1stico<br \/>\nABS, PP<\/p>\n<p>C\u00f3digo Etim<br \/>\nEC011497<\/p>\n<p>EAN 13<br \/>\n7318116297003<\/p>\n","protected":false},"excerpt":{"rendered":"<p>Las rejillas de pared Fresh se pueden instalar en dormitorios y salas de estar, en cualquier lugar que necesite circular y proporcionar aire fresco.<br \/>\nUna regla general para asegurar el n\u00famero correcto de rejillas es una en cada dormitorio y dos en la sala de estar. En algunos casos, conviene aumentar el n\u00famero de rejillas de ventilaci\u00f3n, por ejemplo, si varias personas duermen en el mismo dormitorio o si el espacio habitable total es mayor de lo habitual.<\/p>\n<p>La serie Fresh TL DE son rejillas de pared elegantes que parecen desaparecer en la decoraci\u00f3n. Est\u00e1n totalmente cargados de tecnolog\u00eda, dise\u00f1o y funcionalidad. La TL DE viene de serie con protecci\u00f3n contra la condensaci\u00f3n y a prueba de tormentas. Tambi\u00e9n se puede pintar. El respiradero tiene una funci\u00f3n telesc\u00f3pica de 185-340 mm. Para paredes m\u00e1s gruesas, extiende con un tubo de m\u00f3dulo.<\/p>\n<p>Instalaci\u00f3n\/posicionamiento<br \/>\nEl respiradero se coloca en lo alto de la pared, a unos 220 cm del suelo o con el borde superior del respiradero a una distancia m\u00ednima de 10 cm del techo.<br \/>\nEl respiradero es excelente para utilizarlo con calefacci\u00f3n por suelo radiante.<br \/>\nSi es posible, el respiradero debe colocarse recto sobre el radiador. El calor ascendente del radiador se utiliza entonces en lo que se conoce como corriente de convecci\u00f3n.<\/p>\n<p>Distribuci\u00f3n c\u00f3moda del aire<br \/>\nEl patr\u00f3n de distribuci\u00f3n del aire se ha dise\u00f1ado cuidadosamente. El respiradero expulsa el aire hacia arriba y hacia los lados. El aire del exterior se mezcla muy eficazmente con el aire de la habitaci\u00f3n. El aire entrante alcanza una temperatura agradable a pocos dec\u00edmetros de la rejilla de ventilaci\u00f3n.<\/p>\n<p>La impermeabilizaci\u00f3n contra tormentas ahorra energ\u00eda<br \/>\nIndependientemente del viento o el tiempo, la impermeabilizaci\u00f3n contra tormentas desacelera las corrientes de aire elevadas, lo que contribuye a reducir los costes de calefacci\u00f3n en comparaci\u00f3n con una ventilaci\u00f3n tradicional. El aislamiento contra tormentas crea un buen confort en la habitaci\u00f3n y reduce el riesgo de corrientes de aire.<\/p>\n<p>Filtros y cuidados<br \/>\nMant\u00e9n una buena calidad del aire interior realizando el mantenimiento y la sustituci\u00f3n de los filtros con regularidad.<br \/>\nPara garantizar una buena calidad del aire y un flujo constante, el filtro debe limpiarse o sustituirse una o dos veces al a\u00f1o.<br \/>\nEl filtro est\u00e1ndar puede lavarse con una soluci\u00f3n jabonosa suave.<br \/>\nEl filtro de polen y el filtro flimmer deben sustituirse. El filtro se instala en un portafiltros situado detr\u00e1s de la parte delantera. La parte frontal se puede abrir f\u00e1cilmente para acceder al portafiltros.<br \/>\nCuando utilices un filtro de flimmer, tambi\u00e9n deber\u00e1s sustituir el portafiltros. Adem\u00e1s, no puede combinarse con la protecci\u00f3n contra tormentas.<\/p>\n<p><a href=\"https:\/\/paxspain.com\/wp-content\/uploads\/2023\/11\/Manual-Wall-vent-TL100DE.pdf\">Descargar Manual Ventilaci\u00f3n mural TL100DE<\/a><br \/>\n<a href=\"https:\/\/paxspain.com\/wp-content\/uploads\/2023\/11\/Product-sheet-Wall-vent-TL100D-EN.pdf\">Descargar ficha de producto del respiradero de pared TL100DE &#8211; Ingl\u00e9s<\/a><br \/>\n<a href=\"https:\/\/paxspain.com\/wp-content\/uploads\/2023\/11\/SPANISH-TL-DE-Product-Sheet.pdf\">Descargar ficha de producto del respiradero de pared TL100DE &#8211; Espa\u00f1ol<\/a><br \/>\n<a href=\"https:\/\/paxspain.com\/wp-content\/uploads\/2023\/11\/Folder-Wall-vent-TL-DE_TL-C-EN.pdf\">Descarga el material de venta de la Ventilaci\u00f3n de Pared TL100DE<\/a><\/p>\n<p><iframe loading=\"lazy\" title=\"Serie TL-DE fresca\" src=\"https:\/\/www.youtube.com\/embed\/BdfPlB-Y46I\" width=\"560\" height=\"315\" frameborder=\"0\" allowfullscreen=\"allowfullscreen\"><\/iframe><\/p>\n","protected":false},"featured_media":4721,"comment_status":"open","ping_status":"closed","template":"","meta":{"_et_pb_use_builder":"","_et_pb_old_content":"","_et_gb_content_width":""},"product_brand":[168],"product_cat":[84],"product_tag":[],"class_list":{"0":"post-5141","1":"product","2":"type-product","3":"status-publish","4":"has-post-thumbnail","6":"product_brand-fresh","7":"product_cat-rejillas-de-ventilacion","8":"pa_product-type-rejilla-de-pared","10":"first","11":"instock","12":"taxable","13":"shipping-taxable","14":"purchasable","15":"product-type-simple"},"jetpack_sharing_enabled":true,"_links":{"self":[{"href":"https:\/\/paxspain.com\/es\/wp-json\/wp\/v2\/product\/5141","targetHints":{"allow":["GET"]}}],"collection":[{"href":"https:\/\/paxspain.com\/es\/wp-json\/wp\/v2\/product"}],"about":[{"href":"https:\/\/paxspain.com\/es\/wp-json\/wp\/v2\/types\/product"}],"replies":[{"embeddable":true,"href":"https:\/\/paxspain.com\/es\/wp-json\/wp\/v2\/comments?post=5141"}],"wp:featuredmedia":[{"embeddable":true,"href":"https:\/\/paxspain.com\/es\/wp-json\/wp\/v2\/media\/4721"}],"wp:attachment":[{"href":"https:\/\/paxspain.com\/es\/wp-json\/wp\/v2\/media?parent=5141"}],"wp:term":[{"taxonomy":"product_brand","embeddable":true,"href":"https:\/\/paxspain.com\/es\/wp-json\/wp\/v2\/product_brand?post=5141"},{"taxonomy":"product_cat","embeddable":true,"href":"https:\/\/paxspain.com\/es\/wp-json\/wp\/v2\/product_cat?post=5141"},{"taxonomy":"product_tag","embeddable":true,"href":"https:\/\/paxspain.com\/es\/wp-json\/wp\/v2\/product_tag?post=5141"}],"curies":[{"name":"wp","href":"https:\/\/api.w.org\/{rel}","templated":true}]}}