{"id":5145,"date":"2023-04-04T21:08:30","date_gmt":"2023-04-04T19:08:30","guid":{"rendered":"https:\/\/paxspain.com\/product\/ventilacion-mural-tl80de-dbs-acustica\/"},"modified":"2026-03-03T17:21:00","modified_gmt":"2026-03-03T16:21:00","slug":"ventilacion-mural-tl80de-dbs-acustica","status":"publish","type":"product","link":"https:\/\/paxspain.com\/es\/producto\/ventilacion-mural-tl80de-dbs-acustica\/","title":{"rendered":"TL80DE dBs \u2013 Ac\u00fastico"},"content":{"rendered":"<p>La rejilla de pared TL80DE DBS es una soluci\u00f3n de ventilaci\u00f3n pasiva dise\u00f1ada para proporcionar un flujo de aire de fondo constante a trav\u00e9s de una pared exterior. Ofrece una forma sencilla de introducir aire fresco en una estancia sin depender de sistemas motorizados. Adecuada para diversos espacios dom\u00e9sticos, esta rejilla de pared se centra en un funcionamiento silencioso, bajo mantenimiento y practicidad diaria.  <\/p>\n<p><strong>Informaci\u00f3n del producto:<\/strong><\/p>\n<p>N\u00famero de art\u00edculo<br \/>\n629087<\/p>\n<p>Material<br \/>\nPl\u00e1stico<\/p>\n<p>Anchura (mm)<br \/>\n160<\/p>\n<p>Profundidad (mm)<br \/>\n428<\/p>\n<p>Altura (mm)<br \/>\n160<\/p>\n<p>Tipo de instalaci\u00f3n<br \/>\nPared exterior<\/p>\n<p>Nombre del producto<br \/>\nRejilla de pared TL80DE dBs<\/p>\n<p>Funciones<br \/>\nProtecci\u00f3n contra condensaci\u00f3n, Filtro, Protecci\u00f3n contra tormentas, Reducci\u00f3n de ruido<\/p>\n<p>Detalle del material pl\u00e1stico<br \/>\nABS<\/p>\n<p>C\u00f3digo Etim<br \/>\nEC011497<\/p>\n<p>EAN 13<br \/>\n7318116290875<\/p>\n","protected":false},"excerpt":{"rendered":"<p>La TL80DE dBs es una rejilla de pared con un dise\u00f1o muy discreto. La pieza frontal puede empapelarse o pintarse. El respiradero est\u00e1 equipado con un grueso aislamiento contra la condensaci\u00f3n, protecci\u00f3n contra la sobreventilaci\u00f3n, protecci\u00f3n contra tormentas y filtro. La protecci\u00f3n contra tormentas evita la p\u00e9rdida de energ\u00eda por el impacto del viento. El flujo de aire se regula con la pieza frontal, que tiene un mecanismo para cambiar el \u00e1ngulo de apertura. La pieza frontal se abre por el borde superior y empuja el aire hacia arriba, lo que proporciona un patr\u00f3n de distribuci\u00f3n confortable incluso cuando se utiliza calefacci\u00f3n por suelo radiante.<\/p>\n<p>Rejilla de pared con reducci\u00f3n de ruido:<br \/>\nLa rejilla de pared TL80DE dBs incorpora un tubo de reducci\u00f3n de ruido en lugar de un tubo de pared est\u00e1ndar. El tubo de reducci\u00f3n de ruido puede cortarse f\u00e1cilmente a la longitud adecuada con un c\u00fater.<br \/>\nLongitud de tubo est\u00e1ndar 360 mm. <\/p>\n<p>Parte interior de la rejilla:<br \/>\nLa parte interior de la rejilla cuenta con un grueso aislamiento contra condensaci\u00f3n, un filtro est\u00e1ndar (polvo\/insectos) y una pieza frontal angulada hacia arriba en el borde superior para ajustar el flujo. El filtro se instala en un cartucho filtrante, que est\u00e1 equipado con una protecci\u00f3n contra el agua corriente. La pieza frontal tiene cuatro posiciones de apertura para variar el flujo de aire. El patr\u00f3n de distribuci\u00f3n se ha desarrollado cuidadosamente para adaptarse a los sistemas de calefacci\u00f3n por suelo radiante. El respiradero libera el aire hacia arriba y hacia los lados. La mezcla con aire ambiente es muy eficaz. El aire refrigerado alcanza una temperatura agradable a pocos dec\u00edmetros de la rejilla de ventilaci\u00f3n.<\/p>\n<p>Instalaci\u00f3n\/posicionamiento:<br \/>\nLa rejilla debe colocarse en la parte alta de la pared. Si hay un radiador, lo mejor es intentar colocar la rejilla de ventilaci\u00f3n por encima de \u00e9l. Con esta posici\u00f3n, aprovechas el flujo de convecci\u00f3n y consigues el mejor nivel de confort. El respiradero es excelente para utilizarlo con calefacci\u00f3n por suelo radiante, ya que se dise\u00f1\u00f3 especialmente para ello.<\/p>\n<p>Funcionamiento\/mantenimiento:<br \/>\nPara garantizar una buena calidad del aire y mantener el flujo de aire, el filtro debe limpiarse\/sustituirse 1-2 veces al a\u00f1o. El filtro est\u00e1ndar puede lavarse con una soluci\u00f3n jabonosa suave. Hay que cambiar los filtros de Polen y Flimmer. El filtro se instala en un cartucho filtrante detr\u00e1s de la pieza delantera. Se retira f\u00e1cilmente soltando la parte delantera de los enganches inferiores y luego levant\u00e1ndola. Tira del cartucho filtrante en l\u00ednea recta hacia fuera del chasis de ventilaci\u00f3n.<\/p>\n<p>Accesorios:<br \/>\nHay disponible una serie completa de accesorios para la rejilla que ofrecen mayor flexibilidad.<\/p>\n<p><a href=\"https:\/\/paxspain.com\/wp-content\/uploads\/2023\/04\/Product-sheet-Wall-vent-TL100D-EN.pdf\">Descargar ficha de producto ac\u00fastico TL80DE dBS &#8211; ingl\u00e9s<\/a><br \/>\n<a href=\"https:\/\/paxspain.com\/wp-content\/uploads\/2023\/11\/SPANISH-TL-DE-Product-Sheet.pdf\">Descargar ficha de producto ac\u00fastico TL80DE dBS &#8211; espa\u00f1ol<\/a><br \/>\n<a href=\"https:\/\/paxspain.com\/wp-content\/uploads\/2023\/04\/Folder-Wall-vent-TL-DE_TL-C-EN.pdf\">Descargar material de ventas ac\u00fastico TL80DE dBS<\/a><br \/>\n<a href=\"https:\/\/paxspain.com\/wp-content\/uploads\/2023\/04\/Manual-Wall-vent-TL80DE-dBs.pdf\">Descargar manual ac\u00fastico TL80DE dBS<\/a><\/p>\n<p><iframe loading=\"lazy\" title=\"Serie TL-DE fresca\" src=\"https:\/\/www.youtube.com\/embed\/BdfPlB-Y46I\" width=\"560\" height=\"315\" frameborder=\"0\" allowfullscreen=\"allowfullscreen\"><\/iframe><\/p>\n","protected":false},"featured_media":4717,"comment_status":"open","ping_status":"closed","template":"","meta":{"_et_pb_use_builder":"","_et_pb_old_content":"","_et_gb_content_width":""},"product_brand":[168],"product_cat":[84],"product_tag":[],"class_list":{"0":"post-5145","1":"product","2":"type-product","3":"status-publish","4":"has-post-thumbnail","6":"product_brand-fresh","7":"product_cat-rejillas-de-ventilacion","8":"pa_product-type-rejilla-de-pared","10":"first","11":"instock","12":"taxable","13":"shipping-taxable","14":"purchasable","15":"product-type-simple"},"jetpack_sharing_enabled":true,"_links":{"self":[{"href":"https:\/\/paxspain.com\/es\/wp-json\/wp\/v2\/product\/5145","targetHints":{"allow":["GET"]}}],"collection":[{"href":"https:\/\/paxspain.com\/es\/wp-json\/wp\/v2\/product"}],"about":[{"href":"https:\/\/paxspain.com\/es\/wp-json\/wp\/v2\/types\/product"}],"replies":[{"embeddable":true,"href":"https:\/\/paxspain.com\/es\/wp-json\/wp\/v2\/comments?post=5145"}],"wp:featuredmedia":[{"embeddable":true,"href":"https:\/\/paxspain.com\/es\/wp-json\/wp\/v2\/media\/4717"}],"wp:attachment":[{"href":"https:\/\/paxspain.com\/es\/wp-json\/wp\/v2\/media?parent=5145"}],"wp:term":[{"taxonomy":"product_brand","embeddable":true,"href":"https:\/\/paxspain.com\/es\/wp-json\/wp\/v2\/product_brand?post=5145"},{"taxonomy":"product_cat","embeddable":true,"href":"https:\/\/paxspain.com\/es\/wp-json\/wp\/v2\/product_cat?post=5145"},{"taxonomy":"product_tag","embeddable":true,"href":"https:\/\/paxspain.com\/es\/wp-json\/wp\/v2\/product_tag?post=5145"}],"curies":[{"name":"wp","href":"https:\/\/api.w.org\/{rel}","templated":true}]}}