{"id":5149,"date":"2023-04-04T22:03:34","date_gmt":"2023-04-04T20:03:34","guid":{"rendered":"https:\/\/paxspain.com\/product\/pax-norte-blanco\/"},"modified":"2026-04-08T18:24:34","modified_gmt":"2026-04-08T16:24:34","slug":"pax-norte-blanco","status":"publish","type":"product","link":"https:\/\/paxspain.com\/es\/producto\/pax-norte-blanco\/","title":{"rendered":"Norte Blanco"},"content":{"rendered":"<p><strong>Informaci\u00f3n del producto:<\/strong><\/p>\n<p>N\u00famero de art\u00edculo<br \/>\n1560-1<\/p>\n<p>Fase de alimentaci\u00f3n el\u00e9ctrica<br \/>\n1-Fase<\/p>\n<p>Protecci\u00f3n IP<br \/>\nIP 44<\/p>\n<p>Clase de aislamiento<br \/>\nII<\/p>\n<p>Capacidad m\u00e1xima (m3\/h)<br \/>\n110<\/p>\n<p>Nivel de presi\u00f3n ac\u00fastica 3 m dB(A)<br \/>\n17-20<\/p>\n<p>Material<br \/>\nPl\u00e1stico<\/p>\n<p>Presi\u00f3n m\u00e1xima (Pa)<br \/>\n25<\/p>\n<p>Profundidad (mm)<br \/>\n81<\/p>\n<p>Tipo de instalaci\u00f3n<br \/>\nHorizontal, Vertical<\/p>\n<p>Nombre del producto<br \/>\nPax Norte blanco<\/p>\n<p>Consumo de energ\u00eda(W)<br \/>\n4<\/p>\n<p>Funciones<br \/>\nHumidostato inteligente, Sensor de luz, Sensor de temperatura, Temporizador de retardo, Temporizador de funcionamiento, Volumen constante, Conmutar en directo<\/p>\n<p>Certificado medioambiental<br \/>\nSundaHus, WEEE, REACH<\/p>\n<p>Tensi\u00f3n de alimentaci\u00f3n (V)<br \/>\n12V DC, 100V AC, 110V AC, 230V AC<\/p>\n<p>Opci\u00f3n inal\u00e1mbrica<br \/>\nBluetooth LE<\/p>\n<p>Tipo de motor<br \/>\nEC<\/p>\n<p>Detalle del material pl\u00e1stico<br \/>\nABS<\/p>\n<p>C\u00f3digo Etim<br \/>\nEC001141<\/p>\n<p>EAN 13<br \/>\n7391477156011<\/p>\n<p>Circular\u00d8(mm)<br \/>\n177<\/p>\n","protected":false},"excerpt":{"rendered":"<p>Pax Norte, conocido en algunos mercados como Svara o Pulsar, es un ventilador de ba\u00f1o totalmente autom\u00e1tico, listo para usar en su configuraci\u00f3n predeterminada. El ajuste b\u00e1sico del ventilador es para funcionamiento continuo a baja velocidad con el humidostato y los sensores de luz activados con tres modos de velocidad.<\/p>\n<p>Pax Norte funciona continuamente con un caudal b\u00e1sico de unos 30 m\u00b3\/h.<br \/>\nCuando se enciende una luz o cuando cambian las sombras al moverse alguien por la habitaci\u00f3n, el caudal aumenta a unos 60 m\u00b3\/h.<br \/>\nSi la humedad aumenta r\u00e1pidamente, por ejemplo cuando est\u00e1 encendida la ducha, el ventilador sube al caudal m\u00e1ximo de unos 95 m\u00b3\/h.<br \/>\nCuando se ha eliminado la humedad, el ventilador vuelve al caudal b\u00e1sico de unos 30 m\u00b3\/h.<br \/>\nEsto garantiza una circulaci\u00f3n constante de aire sano y un mejor clima interior en toda la casa.<\/p>\n<p>Pax Norte es extremadamente silencioso y, por supuesto, est\u00e1 homologado para su uso en espacios h\u00famedos.<\/p>\n<p>La app te permite seleccionar varias funciones y hacer ajustes<br \/>\nSi quieres m\u00e1s funciones y ajustes, puedes descargarte la app inteligente de Pax \u00abPax Wireless\u00bb. Con la app puedes utilizar una funci\u00f3n de calendario inteligente, el modo boost, la funci\u00f3n de ventilaci\u00f3n y puedes programar tu ventilador para que sea un transmisor de calor.<br \/>\nA trav\u00e9s de la app tambi\u00e9n puedes emparejar tu ventilador con tu <a href=\"https:\/\/paxspain.com\/category\/towel-warmer\/\">calentador de toallas<\/a> con temporizador Momento II&#x2122;.  Entonces, el calentador de toallas se enciende autom\u00e1ticamente cuando el sensor de humedad del ventilador detecta un aumento del nivel de humedad, por ejemplo, cuando empiezas a ducharte.<\/p>\n<p>Innovaci\u00f3n en cada detalle<br \/>\nPax Norte se ha desarrollado y se fabrica en Suecia. Como de costumbre, hemos adoptado un planteamiento inflexible con respecto a los materiales, el medio ambiente y la calidad. Norte est\u00e1 repleta de tecnolog\u00eda de control de \u00faltima generaci\u00f3n y su rendimiento es m\u00e1s de un 20% superior al de los modelos anteriores. Pax Norte tambi\u00e9n ofrece un consumo energ\u00e9tico m\u00ednimo y es muy f\u00e1cil de limpiar. <\/p>\n<p>Un ventilador con posibilidades inesperadas<br \/>\nPax Norte se desarroll\u00f3 para varios mercados, adem\u00e1s del dom\u00e9stico. La entrada de 12 voltios integrada permite utilizar el ventilador en barcos y autocaravanas, por ejemplo. Puede que Pax Norte sea uno de los abanicos m\u00e1s vers\u00e1tiles que hemos fabricado nunca.<\/p>\n<p>Y, como todos los productos Pax, todos y cada uno de los ventiladores han sido sometidos a minuciosas pruebas de calidad y seguridad. Por eso ofrecemos una garant\u00eda de 5 a\u00f1os para tu Pax Norte. <\/p>\n<p>Lo que obtienes con un Pax Norte\u00ae:<br \/>\n&#8211; Ventilador de ba\u00f1o totalmente autom\u00e1tico, listo para usar por defecto<br \/>\n&#8211; Posibilidad de seleccionar varias funciones y hacer ajustes mediante la app Pax Wireless<br \/>\n&#8211; F\u00e1cil de instalar y usar<br \/>\n&#8211; Muy silencioso 17-20dB (A) 3m<br \/>\n&#8211; Eficaz, 110 m3 \/ h de soplado libre<br \/>\n&#8211; Ahorro de energ\u00eda, m\u00e1ximo 4 W<br \/>\n&#8211; Funci\u00f3n Boost<br \/>\n&#8211; Entrada independiente de 12 V<br \/>\n&#8211; Seguro y protegido. Cada ventilador se somete a pruebas exhaustivas<br \/>\n&#8211; Desarrollado y fabricado en Suecia <\/p>\n<p><a href=\"https:\/\/paxspain.com\/wp-content\/uploads\/2023\/04\/Folder-Bathroom-fan-Norte-EN.pdf\">Descargar folleto de PAX Norte &#8211; Ingl\u00e9s<\/a><br \/>\n<a href=\"https:\/\/paxspain.com\/wp-content\/uploads\/2023\/04\/Pax-Norte-ESPANOL.pdf\">Descargar folleto de PAX Norte &#8211; Espa\u00f1ol<\/a><br \/>\n<a href=\"https:\/\/paxspain.com\/wp-content\/uploads\/2023\/04\/Folder-Bathroom-fan-Norte-DE.pdf\">Descargar folleto de PAX Norte &#8211; Alem\u00e1n<\/a><br \/>\n<a href=\"https:\/\/paxspain.com\/wp-content\/uploads\/2023\/04\/Manual-Bathroom-fan-Norte-Multi.pdf\">Descargar el manual de Pax Norte<\/a><br \/>\n<a href=\"https:\/\/paxspain.com\/wp-content\/uploads\/2023\/04\/Pax-Norte-Product-Sheet.pdf\">Descargar ficha t\u00e9cnica de PAX Norte &#8211; Ingl\u00e9s<\/a><br \/>\n<a href=\"https:\/\/paxspain.com\/wp-content\/uploads\/2023\/04\/Spanish-PAX-Norte-Black_White-Product-Sheet.pdfhttps:\/\/paxspain.com\/wp-content\/uploads\/2023\/04\/Spanish-PAX-Norte-Black_White-Product-Sheet.pdf\">Descargar ficha t\u00e9cnica de PAX Norte &#8211; Espa\u00f1ol<\/a><\/p>\n<div style=\"width: 480px;\" class=\"wp-video\"><video class=\"wp-video-shortcode\" id=\"video-5149-1\" width=\"480\" height=\"848\" preload=\"metadata\" controls=\"controls\"><source type=\"video\/mp4\" src=\"https:\/\/paxspain.com\/wp-content\/uploads\/2026\/01\/VID-20260115-WA0001.mp4?_=1\" \/><a href=\"https:\/\/paxspain.com\/wp-content\/uploads\/2026\/01\/VID-20260115-WA0001.mp4\">https:\/\/paxspain.com\/wp-content\/uploads\/2026\/01\/VID-20260115-WA0001.mp4<\/a><\/video><\/div>\n<p>&nbsp;<\/p>\n","protected":false},"featured_media":4725,"comment_status":"open","ping_status":"closed","template":"","meta":{"_et_pb_use_builder":"","_et_pb_old_content":"","_et_gb_content_width":""},"product_brand":[134],"product_cat":[81],"product_tag":[],"class_list":{"0":"post-5149","1":"product","2":"type-product","3":"status-publish","4":"has-post-thumbnail","6":"product_brand-pax","7":"product_cat-productos-de-ventilacion","8":"pa_product-type-ventilador-de-bano","10":"first","11":"instock","12":"taxable","13":"shipping-taxable","14":"purchasable","15":"product-type-simple"},"jetpack_sharing_enabled":true,"_links":{"self":[{"href":"https:\/\/paxspain.com\/es\/wp-json\/wp\/v2\/product\/5149","targetHints":{"allow":["GET"]}}],"collection":[{"href":"https:\/\/paxspain.com\/es\/wp-json\/wp\/v2\/product"}],"about":[{"href":"https:\/\/paxspain.com\/es\/wp-json\/wp\/v2\/types\/product"}],"replies":[{"embeddable":true,"href":"https:\/\/paxspain.com\/es\/wp-json\/wp\/v2\/comments?post=5149"}],"wp:featuredmedia":[{"embeddable":true,"href":"https:\/\/paxspain.com\/es\/wp-json\/wp\/v2\/media\/4725"}],"wp:attachment":[{"href":"https:\/\/paxspain.com\/es\/wp-json\/wp\/v2\/media?parent=5149"}],"wp:term":[{"taxonomy":"product_brand","embeddable":true,"href":"https:\/\/paxspain.com\/es\/wp-json\/wp\/v2\/product_brand?post=5149"},{"taxonomy":"product_cat","embeddable":true,"href":"https:\/\/paxspain.com\/es\/wp-json\/wp\/v2\/product_cat?post=5149"},{"taxonomy":"product_tag","embeddable":true,"href":"https:\/\/paxspain.com\/es\/wp-json\/wp\/v2\/product_tag?post=5149"}],"curies":[{"name":"wp","href":"https:\/\/api.w.org\/{rel}","templated":true}]}}