{"id":5152,"date":"2023-04-04T22:03:35","date_gmt":"2023-04-04T22:03:35","guid":{"rendered":"https:\/\/paxspain.com\/product\/flex-u-4-450-pivotante-momento-ii\/"},"modified":"2026-02-26T18:57:36","modified_gmt":"2026-02-26T17:57:36","slug":"flex-u-4-450-pivotante-momento-ii","status":"publish","type":"product","link":"https:\/\/paxspain.com\/es\/producto\/flex-u-4-450-pivotante-momento-ii\/","title":{"rendered":"Flex U 4\/450 Momento II"},"content":{"rendered":"<p data-start=\"2043\" data-end=\"2309\">El <strong>toallero calefactable<\/strong> <strong data-start=\"2047\" data-end=\"2087\">PAX Flex U 4\/450 Pivoting Momento II<\/strong> est\u00e1 dise\u00f1ado para ba\u00f1os que necesitan m\u00e1s espacio para toallas sin aumentar el tama\u00f1o total del toallero. Con cuatro brazos en forma de U de 450 mm, ofrece varios puntos de colgado manteni\u00e9ndose compacto en la pared. Cada brazo pivota de forma independiente, lo que permite separar las toallas en lugar de superponerlas. Esto mejora el flujo de aire y ayuda a que las toallas se sequen m\u00e1s r\u00e1pido y de forma m\u00e1s uniforme entre usos.   <\/p>\n<p data-start=\"2517\" data-end=\"2771\">Este toallero calefactable incorpora el <strong data-start=\"2548\" data-end=\"2577\">sistema de control Momento II<\/strong>, que le ofrece un control flexible y preciso de los tiempos de calentamiento. El toallero puede utilizarse manualmente o conectarse a la app de PAX, lo que le permite crear horarios de calentamiento que se adapten a su rutina diaria. Los ciclos de calentamiento temporizados ayudan a que las toallas est\u00e9n calientes despu\u00e9s de la ducha, evitando un consumo de energ\u00eda innecesario. Este enfoque controlado hace que el toallero sea pr\u00e1ctico para el uso diario en hogares con mucha actividad.   <\/p>\n<p data-start=\"3001\" data-end=\"3274\">Con su compacta longitud de brazo de 450 mm, el<strong> Flex U 4\/450<\/strong> es especialmente adecuado para ba\u00f1os peque\u00f1os, ba\u00f1os en suite y aseos. Su dise\u00f1o vertical y estilizado ayuda a mantener despejada la pared, mientras que los brazos pivotantes facilitan poner y quitar las toallas en espacios m\u00e1s reducidos. La orientaci\u00f3n de montaje flexible permite colocar el toallero para adaptarlo a elementos existentes como lavabos, duchas o ba\u00f1eras.  <\/p>\n<p data-start=\"3442\" data-end=\"3636\">Un toallero calefactable mejora algo m\u00e1s que el confort. Al ayudar a que las toallas se sequen correctamente entre usos, el <strong>Flex U 4\/450<\/strong> puede reducir la humedad persistente y los olores, favoreciendo un ambiente de ba\u00f1o m\u00e1s fresco. El brazo adicional aumenta la capacidad de secado sin aumentar el tama\u00f1o, lo que lo convierte en una opci\u00f3n pr\u00e1ctica para hogares que rotan las toallas con frecuencia.  <\/p>\n<p data-start=\"3820\" data-end=\"4134\">If you&#8217;re looking for a <strong data-start=\"3844\" data-end=\"3865\">heated towel rail<\/strong> that combines compact sizing, higher towel capacity and smart control, the <strong>PAX Flex U 4\/450 Pivoting Momento II<\/strong> <strong>heated towel rail<\/strong> offers a practical and well-balanced solution. It delivers everyday comfort with a clean design that integrates easily into a wide range of bathroom styles! <\/p>\n<p><strong>Informaci\u00f3n del producto:<\/strong><\/p>\n<p>N\u00famero de art\u00edculo<br \/>\n26-1009<\/p>\n<p>Fase de alimentaci\u00f3n el\u00e9ctrica<br \/>\n1-Fase<\/p>\n<p>Protecci\u00f3n IP<br \/>\nIP 44<\/p>\n<p>Clase de aislamiento<br \/>\nII<\/p>\n<p>Material<br \/>\nAcero inoxidable, pl\u00e1stico<\/p>\n<p>Anchura (mm)<br \/>\n454<\/p>\n<p>Profundidad (mm)<br \/>\n112<\/p>\n<p>Altura (mm)<br \/>\n 952<\/p>\n<p>Tipo de instalaci\u00f3n<br \/>\nPared<\/p>\n<p>Nombre del producto<br \/>\nFlex U 4\/450 pivotante Momento II<\/p>\n<p>Consumo de energ\u00eda(W)<br \/>\n55<\/p>\n<p>Funciones<br \/>\nFuncionamiento con temporizador, Temporizador repetitivo, Control de potencia<\/p>\n<p>Tensi\u00f3n de alimentaci\u00f3n (V)<br \/>\n230V CA<\/p>\n<p>Opci\u00f3n inal\u00e1mbrica<br \/>\nBluetooth LE<\/p>\n<p>Detalle del material pl\u00e1stico<br \/>\nABS<\/p>\n<p>C\u00f3digo Etim<br \/>\nEC003624<\/p>\n<p>EAN 13<br \/>\n 7391477610124<\/p>\n","protected":false},"excerpt":{"rendered":"<p>El <strong data-start=\"1363\" data-end=\"1421\">toallero calefactable PAX Flex U 4\/450 Pivoting Momento II<\/strong> ofrece dimensiones compactas con mayor capacidad para toallas. Con cuatro brazos pivotantes de 450 mm, permite separar las toallas para mejorar el flujo de aire y un secado m\u00e1s eficiente. <\/p>\n<p>El <strong data-start=\"1611\" data-end=\"1631\">temporizador Momento II<\/strong> integrado le permite controlar los tiempos de calentamiento, manualmente o mediante conexi\u00f3n con la app, garantizando calor cuando se necesita sin funcionamiento innecesario. Su dise\u00f1o fino, de montaje en pared, lo hace ideal para ba\u00f1os peque\u00f1os, ba\u00f1os en suite y espacios de servicio donde importan el rendimiento, la flexibilidad y una instalaci\u00f3n limpia. <\/p>\n","protected":false},"featured_media":4749,"comment_status":"open","ping_status":"closed","template":"","meta":{"_et_pb_use_builder":"","_et_pb_old_content":"","_et_gb_content_width":""},"product_brand":[134],"product_cat":[76],"product_tag":[],"class_list":{"0":"post-5152","1":"product","2":"type-product","3":"status-publish","4":"has-post-thumbnail","6":"product_brand-pax","7":"product_cat-calienta-toallas","8":"product_shipping_class-calentador-de-toallas-con-envio-gratis","9":"pa_product-type-toallero-calefactable","11":"first","12":"instock","13":"taxable","14":"shipping-taxable","15":"purchasable","16":"product-type-simple"},"jetpack_sharing_enabled":true,"_links":{"self":[{"href":"https:\/\/paxspain.com\/es\/wp-json\/wp\/v2\/product\/5152","targetHints":{"allow":["GET"]}}],"collection":[{"href":"https:\/\/paxspain.com\/es\/wp-json\/wp\/v2\/product"}],"about":[{"href":"https:\/\/paxspain.com\/es\/wp-json\/wp\/v2\/types\/product"}],"replies":[{"embeddable":true,"href":"https:\/\/paxspain.com\/es\/wp-json\/wp\/v2\/comments?post=5152"}],"wp:featuredmedia":[{"embeddable":true,"href":"https:\/\/paxspain.com\/es\/wp-json\/wp\/v2\/media\/4749"}],"wp:attachment":[{"href":"https:\/\/paxspain.com\/es\/wp-json\/wp\/v2\/media?parent=5152"}],"wp:term":[{"taxonomy":"product_brand","embeddable":true,"href":"https:\/\/paxspain.com\/es\/wp-json\/wp\/v2\/product_brand?post=5152"},{"taxonomy":"product_cat","embeddable":true,"href":"https:\/\/paxspain.com\/es\/wp-json\/wp\/v2\/product_cat?post=5152"},{"taxonomy":"product_tag","embeddable":true,"href":"https:\/\/paxspain.com\/es\/wp-json\/wp\/v2\/product_tag?post=5152"}],"curies":[{"name":"wp","href":"https:\/\/api.w.org\/{rel}","templated":true}]}}