{"id":5153,"date":"2023-04-04T22:03:35","date_gmt":"2023-04-04T22:03:35","guid":{"rendered":"https:\/\/paxspain.com\/product\/blues-6-550-momento-ii\/"},"modified":"2026-02-26T18:57:37","modified_gmt":"2026-02-26T17:57:37","slug":"blues-6-550-momento-ii","status":"publish","type":"product","link":"https:\/\/paxspain.com\/es\/producto\/blues-6-550-momento-ii\/","title":{"rendered":"Blues 6\/550 Momento II"},"content":{"rendered":"<p data-start=\"2137\" data-end=\"2491\">El <strong data-start=\"2141\" data-end=\"2180\">toallero calefactable Blues 6\/550 Momento II<\/strong> de PAX Spain es m\u00e1s que un accesorio funcional y elegante para su ba\u00f1o. Con tubos redondos suavemente curvados en acero inoxidable pulido, este toallero de pared aporta un aspecto suave y contempor\u00e1neo que complementa tanto interiores minimalistas como de estilo transicional. <\/p>\n<p data-start=\"2536\" data-end=\"2853\">El <strong data-start=\"2577\" data-end=\"2607\">sistema de control Momento II&#x2122;<\/strong> es una plataforma de temporizador inteligente que le ofrece una gesti\u00f3n flexible del calor. Use los controles integrados para programar horarios de calefacci\u00f3n o ajustar manualmente los niveles de potencia. Para a\u00fan m\u00e1s comodidad, con\u00e9ctese por Bluetooth a la app inal\u00e1mbrica de PAX. Desde la app, puede:   <\/p>\n<ul data-start=\"2854\" data-end=\"3098\">\n<li data-start=\"2854\" data-end=\"2892\">\n<p data-start=\"2856\" data-end=\"2892\">Configurar horarios de calefacci\u00f3n personalizados<\/p>\n<\/li>\n<li data-start=\"2893\" data-end=\"2931\">\n<p data-start=\"2895\" data-end=\"2931\">Ajustar los niveles de calor a distancia<\/p>\n<\/li>\n<li data-start=\"2932\" data-end=\"3098\">\n<p data-start=\"2934\" data-end=\"3098\">Emparejar el toallero calefactable con un ventilador de ba\u00f1o PAX Norte para activar el calor cuando aumente la humedad, perfecto para la comodidad despu\u00e9s de la ducha.<\/p>\n<\/li>\n<\/ul>\n<p data-start=\"3142\" data-end=\"3554\">Dise\u00f1ado para ba\u00f1os, el Blues 6\/550 funciona a <strong data-start=\"3194\" data-end=\"3225\">230 V AC con 65 W de potencia<\/strong> para una distribuci\u00f3n eficiente del calor. Su <strong data-start=\"3265\" data-end=\"3280\">clasificaci\u00f3n IP44<\/strong> significa que est\u00e1 protegido contra salpicaduras, lo que lo hace seguro en entornos h\u00famedos. La instalaci\u00f3n es sencilla. El soporte Momento II se sit\u00faa discretamente en la parte inferior derecha de la unidad, ocultando las conexiones el\u00e9ctricas para un acabado limpio.   <\/p>\n<p data-start=\"3586\" data-end=\"3939\">Tanto si est\u00e1 secando toallas despu\u00e9s del ba\u00f1o familiar como si simplemente quiere a\u00f1adir un toque de lujo a sus ma\u00f1anas, este toallero calefactable ofrece un rendimiento fiable d\u00eda tras d\u00eda. Sus 549 mm de ancho y 1021 mm de alto proporcionan un amplio espacio sin recargar la pared, mientras que su bajo consumo garantiza un funcionamiento econ\u00f3mico. <\/p>\n<ul data-start=\"3963\" data-end=\"4215\">\n<li data-start=\"3963\" data-end=\"4006\">\n<p data-start=\"3965\" data-end=\"4006\"><strong data-start=\"3965\" data-end=\"4004\">Toallero calefactable Blues 6\/550 Momento II<\/strong><\/p>\n<\/li>\n<li data-start=\"4007\" data-end=\"4052\">\n<p data-start=\"4009\" data-end=\"4052\">Soporte de montaje <strong data-start=\"4019\" data-end=\"4050\">Momento II<\/strong> oculto<\/p>\n<\/li>\n<li data-start=\"4053\" data-end=\"4215\">\n<p data-start=\"4055\" data-end=\"4215\">Conectividad Bluetooth para control mediante app<br data-start=\"4093\" data-end=\"4096\"><em data-start=\"4096\" data-end=\"4103\">Nota:<\/em> El cable con enchufe se vende por separado si necesita conectarlo a una toma de corriente.<\/p>\n<\/li>\n<\/ul>\n<p><strong>Informaci\u00f3n del producto: <\/strong><\/p>\n<p>N\u00famero de art\u00edculo<br \/>\n 3525-5<\/p>\n<p>Fase de alimentaci\u00f3n el\u00e9ctrica<br \/>\n1-Fase<\/p>\n<p>Protecci\u00f3nIP<br \/>\nIP 44<\/p>\n<p>AislamientoClase<br \/>\nII<\/p>\n<p>Material<br \/>\nAcero inoxidable, pl\u00e1stico<\/p>\n<p>Ancho (mm)<br \/>\n 549<\/p>\n<p>Profundidad (mm)<br \/>\n 119<\/p>\n<p>Altura (mm)<br \/>\n 1021<\/p>\n<p>Tipo de instalaci\u00f3n<br \/>\nPared<\/p>\n<p>Nombre del producto<br \/>\n Blues 6\/550 Momento II<\/p>\n<p>Consumo de energ\u00eda (W)<br \/>\n 65<\/p>\n<p>Funciones<br \/>\nTemporizador, temporizador repetitivo, control de potencia<\/p>\n<p>Tensi\u00f3n de alimentaci\u00f3n (V)<br \/>\n230V CA<\/p>\n<p>Opci\u00f3n inal\u00e1mbrica<br \/>\nBluetooth LE<\/p>\n<p>Detalle del material pl\u00e1stico<br \/>\nABS<\/p>\n<p>EtimCode<br \/>\nEC003624<\/p>\n<p>EAN 13<br \/>\n 7391477352550<\/p>\n","protected":false},"excerpt":{"rendered":"<p>El <strong data-start=\"1407\" data-end=\"1437\">PAX Blues 6\/550 Momento II<\/strong> es un toallero calefactable el\u00e9ctrico premium fabricado en acero inoxidable pulido, dise\u00f1ado para ofrecer toallas c\u00e1lidas y secas mientras mejora la est\u00e9tica de su ba\u00f1o. Equipado con el innovador <strong data-start=\"1619\" data-end=\"1640\">temporizador Momento II&#x2122;<\/strong>, puede controlar los horarios de calefacci\u00f3n y los niveles de potencia de forma manual o mediante la app con Bluetooth. Empareje con un ventilador de ba\u00f1o PAX Norte para iniciar autom\u00e1ticamente el calentamiento cuando aumente la humedad, por ejemplo, despu\u00e9s de una ducha. Con un perfil elegante de montaje en pared y una potencia eficiente de 65 W, este toallero combina funcionalidad y estilo moderno para el confort diario.   <\/p>\n","protected":false},"featured_media":4737,"comment_status":"open","ping_status":"closed","template":"","meta":{"_et_pb_use_builder":"","_et_pb_old_content":"","_et_gb_content_width":""},"product_brand":[134],"product_cat":[76],"product_tag":[],"class_list":{"0":"post-5153","1":"product","2":"type-product","3":"status-publish","4":"has-post-thumbnail","6":"product_brand-pax","7":"product_cat-calienta-toallas","8":"product_shipping_class-calentador-de-toallas-con-envio-gratis","9":"pa_product-type-toallero-calefactable","11":"first","12":"instock","13":"taxable","14":"shipping-taxable","15":"purchasable","16":"product-type-simple"},"jetpack_sharing_enabled":true,"_links":{"self":[{"href":"https:\/\/paxspain.com\/es\/wp-json\/wp\/v2\/product\/5153","targetHints":{"allow":["GET"]}}],"collection":[{"href":"https:\/\/paxspain.com\/es\/wp-json\/wp\/v2\/product"}],"about":[{"href":"https:\/\/paxspain.com\/es\/wp-json\/wp\/v2\/types\/product"}],"replies":[{"embeddable":true,"href":"https:\/\/paxspain.com\/es\/wp-json\/wp\/v2\/comments?post=5153"}],"wp:featuredmedia":[{"embeddable":true,"href":"https:\/\/paxspain.com\/es\/wp-json\/wp\/v2\/media\/4737"}],"wp:attachment":[{"href":"https:\/\/paxspain.com\/es\/wp-json\/wp\/v2\/media?parent=5153"}],"wp:term":[{"taxonomy":"product_brand","embeddable":true,"href":"https:\/\/paxspain.com\/es\/wp-json\/wp\/v2\/product_brand?post=5153"},{"taxonomy":"product_cat","embeddable":true,"href":"https:\/\/paxspain.com\/es\/wp-json\/wp\/v2\/product_cat?post=5153"},{"taxonomy":"product_tag","embeddable":true,"href":"https:\/\/paxspain.com\/es\/wp-json\/wp\/v2\/product_tag?post=5153"}],"curies":[{"name":"wp","href":"https:\/\/api.w.org\/{rel}","templated":true}]}}