{"id":5156,"date":"2023-04-04T22:03:35","date_gmt":"2023-04-04T22:03:35","guid":{"rendered":"https:\/\/paxspain.com\/product\/flex-u-2-650-pivotante-momento-ii\/"},"modified":"2026-02-26T18:57:34","modified_gmt":"2026-02-26T17:57:34","slug":"flex-u-2-650-pivotante-momento-ii","status":"publish","type":"product","link":"https:\/\/paxspain.com\/es\/producto\/flex-u-2-650-pivotante-momento-ii\/","title":{"rendered":"Flex U 2\/650 Momento II"},"content":{"rendered":"<p data-start=\"2070\" data-end=\"2414\">El <strong data-start=\"2074\" data-end=\"2114\">PAX Flex U 2 650 Pivoting Momento II<\/strong> es un toallero calefactable moderno dise\u00f1ado para el uso diario en el ba\u00f1o. Con dos brazos en forma de U de 650 mm, este modelo permite que cada brazo pivote de forma independiente. Este dise\u00f1o simple pero eficaz mejora la circulaci\u00f3n del aire alrededor de las toallas, ayud\u00e1ndolas a secarse m\u00e1s r\u00e1pido y de manera m\u00e1s uniforme en comparaci\u00f3n con los toalleros fijos. Los brazos pivotantes tambi\u00e9n facilitan la carga y descarga de las toallas, especialmente en ba\u00f1os compactos donde el espacio es limitado.   <\/p>\n<p data-start=\"2575\" data-end=\"2831\">El <strong>sistema de control Momento II<\/strong> integrado le ofrece un control preciso sobre cu\u00e1ndo y durante cu\u00e1nto tiempo se calienta el toallero. Puede operar el toallero manualmente o conectarlo a la aplicaci\u00f3n PAX Connect para crear programaciones que se adapten a su rutina. \u00a1Establezca ciclos de secado cortos despu\u00e9s de una ducha, o programe el toallero para calentar las toallas por la ma\u00f1ana y por la noche! Calentar solo cuando sea necesario ayuda a evitar el uso innecesario de energ\u00eda, manteniendo las toallas c\u00f3modas y secas.   <\/p>\n<p data-start=\"3085\" data-end=\"3381\">Este toallero calefactable est\u00e1 dise\u00f1ado para instalaci\u00f3n mural en ba\u00f1os. Su perfil delgado mantiene el toallero cerca de la pared, manteniendo un aspecto limpio y ordenado. La orientaci\u00f3n de montaje flexible permite la instalaci\u00f3n en cualquier lado, facilitando su posicionamiento alrededor de los accesorios existentes.  <\/p>\n<p data-start=\"3383\" data-end=\"3517\">El dise\u00f1o se centra en la practicidad diaria m\u00e1s que en la decoraci\u00f3n, lo que lo hace adecuado tanto para interiores de ba\u00f1o modernos como cl\u00e1sicos.<\/p>\n<p><strong>Informaci\u00f3n del producto:<\/strong><\/p>\n<p>N\u00famero de art\u00edculo<br \/>\n26-1019<\/p>\n<p>Fase de alimentaci\u00f3n el\u00e9ctrica<br \/>\n1-Fase<\/p>\n<p>Protecci\u00f3n IP<br \/>\nIP 44<\/p>\n<p>Clase de aislamiento<br \/>\nII<\/p>\n<p>Material<br \/>\nAcero inoxidable, pl\u00e1stico<\/p>\n<p>Ancho (mm)<br \/>\n 654<\/p>\n<p>Profundidad (mm)<br \/>\n112<\/p>\n<p>Altura (mm)<br \/>\n549<\/p>\n<p>Tipo de instalaci\u00f3n<br \/>\nPared<\/p>\n<p>Nombre del producto<br \/>\nFlex U 2\/650 pivotante Momento II<\/p>\n<p>Consumo de energ\u00eda (W)<br \/>\n 43<\/p>\n<p>Funciones<br \/>\nFuncionamiento con temporizador, Temporizador repetitivo, Control de potencia<\/p>\n<p>Tensi\u00f3n de alimentaci\u00f3n (V)<br \/>\n230V CA<\/p>\n<p>Opci\u00f3n inal\u00e1mbrica<br \/>\nBluetooth LE<\/p>\n<p>Detalle del material pl\u00e1stico<br \/>\nABS<\/p>\n<p>C\u00f3digo Etim<br \/>\nEC003624<\/p>\n<p>EAN 13<br \/>\n 7391477610209<\/p>\n","protected":false},"excerpt":{"rendered":"<p>El <strong data-start=\"1392\" data-end=\"1450\">toallero calefactable PAX Flex U 2 650 Pivoting Momento II<\/strong> est\u00e1 dise\u00f1ado para ba\u00f1os donde la flexibilidad y el control son importantes. Dos brazos pivotantes de 650 mm permiten que las toallas cuelguen libremente, mejorando el flujo de aire y ayud\u00e1ndolas a secarse de manera m\u00e1s uniforme. <\/p>\n<p>El <strong data-start=\"1636\" data-end=\"1656\">temporizador Momento II<\/strong> integrado le permite calentar las toallas solo cuando sea necesario, ya sea manualmente o mediante el control por aplicaci\u00f3n usando PAX Connect. Su dise\u00f1o limpio y moderno se adapta a una amplia gama de estilos de ba\u00f1o, mientras que la posici\u00f3n ajustable del brazo facilita su adaptaci\u00f3n a su rutina diaria. Un pr\u00e1ctico calentador de toallas que ofrece calidez, comodidad y un acabado mural ordenado.  <\/p>\n","protected":false},"featured_media":4745,"comment_status":"open","ping_status":"closed","template":"","meta":{"_et_pb_use_builder":"","_et_pb_old_content":"","_et_gb_content_width":""},"product_brand":[134],"product_cat":[76],"product_tag":[],"class_list":{"0":"post-5156","1":"product","2":"type-product","3":"status-publish","4":"has-post-thumbnail","6":"product_brand-pax","7":"product_cat-calienta-toallas","8":"product_shipping_class-calentador-de-toallas-con-envio-gratis","9":"pa_product-type-toallero-calefactable","11":"first","12":"instock","13":"taxable","14":"shipping-taxable","15":"purchasable","16":"product-type-simple"},"jetpack_sharing_enabled":true,"_links":{"self":[{"href":"https:\/\/paxspain.com\/es\/wp-json\/wp\/v2\/product\/5156","targetHints":{"allow":["GET"]}}],"collection":[{"href":"https:\/\/paxspain.com\/es\/wp-json\/wp\/v2\/product"}],"about":[{"href":"https:\/\/paxspain.com\/es\/wp-json\/wp\/v2\/types\/product"}],"replies":[{"embeddable":true,"href":"https:\/\/paxspain.com\/es\/wp-json\/wp\/v2\/comments?post=5156"}],"wp:featuredmedia":[{"embeddable":true,"href":"https:\/\/paxspain.com\/es\/wp-json\/wp\/v2\/media\/4745"}],"wp:attachment":[{"href":"https:\/\/paxspain.com\/es\/wp-json\/wp\/v2\/media?parent=5156"}],"wp:term":[{"taxonomy":"product_brand","embeddable":true,"href":"https:\/\/paxspain.com\/es\/wp-json\/wp\/v2\/product_brand?post=5156"},{"taxonomy":"product_cat","embeddable":true,"href":"https:\/\/paxspain.com\/es\/wp-json\/wp\/v2\/product_cat?post=5156"},{"taxonomy":"product_tag","embeddable":true,"href":"https:\/\/paxspain.com\/es\/wp-json\/wp\/v2\/product_tag?post=5156"}],"curies":[{"name":"wp","href":"https:\/\/api.w.org\/{rel}","templated":true}]}}