{"id":5160,"date":"2023-04-04T22:03:35","date_gmt":"2023-04-04T22:03:35","guid":{"rendered":"https:\/\/paxspain.com\/product\/jazz-4-550-momento-ii\/"},"modified":"2026-02-26T18:57:36","modified_gmt":"2026-02-26T17:57:36","slug":"jazz-4-550-momento-ii","status":"publish","type":"product","link":"https:\/\/paxspain.com\/es\/producto\/jazz-4-550-momento-ii\/","title":{"rendered":"Jazz 4\/550 Momento II"},"content":{"rendered":"<p data-start=\"2417\" data-end=\"2857\">El <strong data-start=\"2421\" data-end=\"2472\">toallero el\u00e9ctrico PAX Jazz 4\/550 Momento II<\/strong> combina un dise\u00f1o escandinavo minimalista con una funcionalidad inteligente avanzada. Su estructura de acero inoxidable pulido y sus cuatro barras horizontales ofrecen un aspecto elegante y un espacio pr\u00e1ctico para secar toallas y ropa de ba\u00f1o. Con una <strong data-start=\"2708\" data-end=\"2742\">anchura de 550 mm y una altura de 710 mm<\/strong>, se adapta perfectamente a la mayor\u00eda de los ba\u00f1os sin sobrecargar el espacio.  <\/p>\n<p data-start=\"2897\" data-end=\"3144\">El n\u00facleo del <strong>Jazz 4\/550<\/strong> es el <strong data-start=\"2935\" data-end=\"2955\">temporizador Momento II,<\/strong> un sistema de control inteligente que le ofrece opciones de calefacci\u00f3n flexibles. Utilice el temporizador integrado manualmente o con\u00e9ctelo por Bluetooth a la aplicaci\u00f3n PAX Wireless en su dispositivo m\u00f3vil. La aplicaci\u00f3n le permite:  <\/p>\n<ul data-start=\"3146\" data-end=\"3265\">\n<li data-start=\"3146\" data-end=\"3178\">\n<p data-start=\"3148\" data-end=\"3178\">Programar horarios de calefacci\u00f3n personalizados<\/p>\n<\/li>\n<li data-start=\"3179\" data-end=\"3227\">\n<p data-start=\"3181\" data-end=\"3227\">Ajustar los niveles de potencia para un uso eficiente de la energ\u00eda<\/p>\n<\/li>\n<li data-start=\"3228\" data-end=\"3265\">\n<p data-start=\"3230\" data-end=\"3265\">Emparejarlo con un extractor de ba\u00f1o compatible<\/p>\n<\/li>\n<\/ul>\n<p data-start=\"3267\" data-end=\"3503\">Al emparejarlo con un extractor PAX con sensor de humedad, el toallero puede empezar a calentar autom\u00e1ticamente cuando la humedad aumenta, como al empezar una ducha, para tener toallas calientes justo cuando las necesite.<\/p>\n<p data-start=\"3544\" data-end=\"3982\">La instalaci\u00f3n es sencilla gracias al discreto <strong data-start=\"3590\" data-end=\"3612\">soporte Momento II<\/strong> suministrado para el montaje el\u00e9ctrico oculto en la esquina inferior (izquierda o derecha). Aunque lo habitual es una instalaci\u00f3n fija, tambi\u00e9n puede a\u00f1adir un kit de cable y enchufe si prefiere una conexi\u00f3n a toma de corriente. Fabricado seg\u00fan el <strong data-start=\"3818\" data-end=\"3848\">est\u00e1ndar de protecci\u00f3n IP44<\/strong>, este toallero es apto para ba\u00f1os y cumple con los requisitos de seguridad pertinentes.  <\/p>\n<p data-start=\"4014\" data-end=\"4328\">Con un <strong data-start=\"4021\" data-end=\"4047\">consumo de 40 W<\/strong> y conexi\u00f3n de 230 V CA, el <strong>Jazz 4\/550<\/strong> ofrece un calor eficiente sin un gasto energ\u00e9tico excesivo. Su dise\u00f1o de pared garantiza que el calor se concentre donde m\u00e1s se necesita, manteniendo las toallas calientes y ayudando a caldear suavemente las superficies del ba\u00f1o tras su uso. <\/p>\n<ul data-start=\"4362\" data-end=\"4706\">\n<li data-start=\"4362\" data-end=\"4425\">\n<p data-start=\"4364\" data-end=\"4425\"><strong data-start=\"4364\" data-end=\"4385\">Control inteligente por app<\/strong> mediante Bluetooth para la m\u00e1xima comodidad<\/p>\n<\/li>\n<li data-start=\"4426\" data-end=\"4500\">\n<p data-start=\"4428\" data-end=\"4500\"><strong data-start=\"4428\" data-end=\"4464\">Inicio autom\u00e1tico con sensor de humedad<\/strong> al emparejarlo con un extractor compatible<\/p>\n<\/li>\n<li data-start=\"4501\" data-end=\"4566\">\n<p data-start=\"4503\" data-end=\"4566\"><strong data-start=\"4503\" data-end=\"4535\">Dise\u00f1o compacto y eficaz<\/strong> perfecto para ba\u00f1os modernos<\/p>\n<\/li>\n<li data-start=\"4567\" data-end=\"4638\">\n<p data-start=\"4569\" data-end=\"4638\"><strong data-start=\"4569\" data-end=\"4595\">Acabado en acero inoxidable<\/strong> resistente a la corrosi\u00f3n y f\u00e1cil de limpiar<\/p>\n<\/li>\n<li data-start=\"4639\" data-end=\"4706\">\n<p data-start=\"4641\" data-end=\"4706\"><strong data-start=\"4641\" data-end=\"4669\">Programaci\u00f3n de calefacci\u00f3n<\/strong> para ahorrar energ\u00eda y mejorar el confort<\/p>\n<\/li>\n<\/ul>\n<p data-start=\"4708\" data-end=\"4920\">Ya sea para renovar un ba\u00f1o o para una obra nueva, el <strong>PAX Jazz 4\/550 Momento II<\/strong> ofrece confort, estilo y funcionalidad inteligente en un toallero de excelente dise\u00f1o.<\/p>\n<p><strong>Informaci\u00f3n del producto:<\/strong><\/p>\n<p>N\u00famero de art\u00edculo<br \/>\n3525-7<\/p>\n<p>Fase de alimentaci\u00f3n el\u00e9ctrica<br \/>\n1-Fase<\/p>\n<p>Protecci\u00f3n IP<br \/>\nIP 44<\/p>\n<p>Clase de aislamiento<br \/>\nII<\/p>\n<p>Material<br \/>\nAcero inoxidable, pl\u00e1stico<\/p>\n<p>Ancho (mm)<br \/>\n 549<\/p>\n<p>Profundidad (mm)<br \/>\n 107<\/p>\n<p>Altura (mm)<br \/>\n 701<\/p>\n<p>Tipo de instalaci\u00f3n<br \/>\nPared<\/p>\n<p>Nombre del producto<br \/>\nJazz 4\/550 Momento II<\/p>\n<p>Consumo de energ\u00eda (W)<br \/>\n 40<\/p>\n<p>Funciones<br \/>\nFuncionamiento con temporizador, Temporizador repetitivo, Control de potencia<\/p>\n<p>Tensi\u00f3n de alimentaci\u00f3n (V)<br \/>\n230V CA<\/p>\n<p>Opci\u00f3n inal\u00e1mbrica<br \/>\nBluetooth LE<\/p>\n<p>Detalle del material pl\u00e1stico<br \/>\nABS<\/p>\n<p>C\u00f3digo Etim<br \/>\nEC003624<\/p>\n<p>EAN 13<br \/>\n 7391477352512<\/p>\n","protected":false},"excerpt":{"rendered":"<p>El <strong data-start=\"1653\" data-end=\"1682\">PAX Jazz 4\/550 Momento II<\/strong> es un toallero el\u00e9ctrico inteligente de pared dise\u00f1ado para ba\u00f1os modernos. Con acabado en acero inoxidable pulido, cuenta con cuatro barras horizontales y una anchura compacta de 550 mm, ideal para espacios reducidos. El <strong data-start=\"1903\" data-end=\"1923\">temporizador Momento II<\/strong> integrado ofrece control manual y por app mediante Bluetooth, permiti\u00e9ndole configurar tiempos de calentamiento, niveles de potencia y horarios f\u00e1cilmente. Al emparejarlo con un extractor de ba\u00f1o PAX, el toallero puede activarse autom\u00e1ticamente cuando sube la humedad. Con una potencia eficiente de 40 W y soporte de instalaci\u00f3n discreto incluido, esta unidad aporta calidez y comodidad con un aspecto limpio y contempor\u00e1neo.    <\/p>\n","protected":false},"featured_media":4739,"comment_status":"open","ping_status":"closed","template":"","meta":{"_et_pb_use_builder":"","_et_pb_old_content":"","_et_gb_content_width":""},"product_brand":[134],"product_cat":[76],"product_tag":[],"class_list":{"0":"post-5160","1":"product","2":"type-product","3":"status-publish","4":"has-post-thumbnail","6":"product_brand-pax","7":"product_cat-calienta-toallas","8":"product_shipping_class-calentador-de-toallas-con-envio-gratis","9":"pa_product-type-toallero-calefactable","11":"first","12":"instock","13":"taxable","14":"shipping-taxable","15":"purchasable","16":"product-type-simple"},"jetpack_sharing_enabled":true,"_links":{"self":[{"href":"https:\/\/paxspain.com\/es\/wp-json\/wp\/v2\/product\/5160","targetHints":{"allow":["GET"]}}],"collection":[{"href":"https:\/\/paxspain.com\/es\/wp-json\/wp\/v2\/product"}],"about":[{"href":"https:\/\/paxspain.com\/es\/wp-json\/wp\/v2\/types\/product"}],"replies":[{"embeddable":true,"href":"https:\/\/paxspain.com\/es\/wp-json\/wp\/v2\/comments?post=5160"}],"wp:featuredmedia":[{"embeddable":true,"href":"https:\/\/paxspain.com\/es\/wp-json\/wp\/v2\/media\/4739"}],"wp:attachment":[{"href":"https:\/\/paxspain.com\/es\/wp-json\/wp\/v2\/media?parent=5160"}],"wp:term":[{"taxonomy":"product_brand","embeddable":true,"href":"https:\/\/paxspain.com\/es\/wp-json\/wp\/v2\/product_brand?post=5160"},{"taxonomy":"product_cat","embeddable":true,"href":"https:\/\/paxspain.com\/es\/wp-json\/wp\/v2\/product_cat?post=5160"},{"taxonomy":"product_tag","embeddable":true,"href":"https:\/\/paxspain.com\/es\/wp-json\/wp\/v2\/product_tag?post=5160"}],"curies":[{"name":"wp","href":"https:\/\/api.w.org\/{rel}","templated":true}]}}