{"id":5164,"date":"2023-04-04T22:03:55","date_gmt":"2023-04-04T22:03:55","guid":{"rendered":"https:\/\/paxspain.com\/product\/flex-i-6-550-pivotante-momento-ii\/"},"modified":"2026-02-26T18:57:43","modified_gmt":"2026-02-26T17:57:43","slug":"flex-i-6-550-pivotante-momento-ii","status":"publish","type":"product","link":"https:\/\/paxspain.com\/es\/producto\/flex-i-6-550-pivotante-momento-ii\/","title":{"rendered":"Flex I 6\/550 Momento II"},"content":{"rendered":"<p data-start=\"1998\" data-end=\"2433\">El <strong>toallero el\u00e9ctrico pivotante PAX Flex I 6\/550 Momento II<\/strong> est\u00e1 dise\u00f1ado para hogares donde las toallas se usan constantemente. Con seis brazos pivotantes, ofrece la mayor capacidad de secado de la gama Flex I, lo que lo hace ideal para ba\u00f1os familiares grandes, espacios compartidos o viviendas con uso frecuente de la ducha. A pesar de su capacidad, el toallero mantiene un perfil delgado de montaje en pared que evita saturar la estancia.  <\/p>\n<p data-start=\"1998\" data-end=\"2433\">Cada brazo gira de forma independiente hasta 180\u00b0, lo que permite espaciar las toallas para mejorar la circulaci\u00f3n de aire y acelerar el secado. Esto facilita secar toallas de ba\u00f1o, toallas de mano y albornoces al mismo tiempo sin apilar ni superponer. Cuando no se usa, los brazos pueden plegarse ordenadamente contra la pared para reducir el desorden visual y liberar espacio.  <\/p>\n<p data-start=\"1998\" data-end=\"2433\">El <strong data-start=\"2873\" data-end=\"2903\">sistema de control Momento II&#x2122;<\/strong> integrado le ofrece control total sobre los tiempos de calefacci\u00f3n y los niveles de potencia. Mediante la aplicaci\u00f3n PAX v\u00eda Bluetooth, puede crear programaciones que se ajusten a su rutina diaria, garantizando que las toallas est\u00e9n calientes cuando las necesite sin que el toallero funcione continuamente. Tambi\u00e9n dispone de control manual para calefacci\u00f3n r\u00e1pida bajo demanda. El sistema puede emparejarse con ventiladores de ba\u00f1o PAX compatibles para automatizar la calefacci\u00f3n seg\u00fan los niveles de humedad tras la ducha.   <\/p>\n<p data-start=\"1998\" data-end=\"2433\">Dise\u00f1ado espec\u00edficamente para secar toallas en lugar de calentar la estancia, el <strong>toallero el\u00e9ctrico Flex I 6\/550<\/strong> proporciona un calor constante mientras mantiene un consumo econ\u00f3mico. Ayuda a que las toallas se sequen m\u00e1s r\u00e1pido y se mantengan m\u00e1s frescas entre usos, mejorando el confort diario sin consumo energ\u00e9tico innecesario. <\/p>\n<p data-start=\"1998\" data-end=\"2433\">Adecuado para ambientes h\u00famedos, este toallero el\u00e9ctrico est\u00e1 dise\u00f1ado para el uso diario en el ba\u00f1o. El formato de montaje en pared mantiene el suelo despejado, y la instalaci\u00f3n flexible a izquierda o derecha facilita su integraci\u00f3n en una amplia variedad de distribuciones de ba\u00f1o. <\/p>\n<p><strong>Informaci\u00f3n del producto:<\/strong><\/p>\n<p>N\u00famero de art\u00edculo<br \/>\n26-2034<\/p>\n<p>Fase de alimentaci\u00f3n el\u00e9ctrica<br \/>\n1-Fase<\/p>\n<p>Protecci\u00f3n IP<br \/>\nIP 44<\/p>\n<p>Clase de aislamiento<br \/>\nII<\/p>\n<p>Material<br \/>\nAcero inoxidable, pl\u00e1stico<\/p>\n<p>Anchura (mm)<br \/>\n559<\/p>\n<p>Profundidad (mm)<br \/>\n112<\/p>\n<p>Altura (mm)<br \/>\n 677<\/p>\n<p>Tipo de instalaci\u00f3n<br \/>\nPared<\/p>\n<p>Nombre del producto<br \/>\nFlex I 6\/550, giratorio Momento II<\/p>\n<p>Consumo de energ\u00eda (W)<br \/>\n 60<\/p>\n<p>Funciones<br \/>\nFuncionamiento con temporizador, Temporizador repetitivo, Control de potencia<\/p>\n<p>Tensi\u00f3n de alimentaci\u00f3n (V)<br \/>\n230V CA<\/p>\n<p>Opci\u00f3n inal\u00e1mbrica<br \/>\nBluetooth LE<\/p>\n<p>Detalle del material pl\u00e1stico<br \/>\nABS<\/p>\n<p>C\u00f3digo Etim<br \/>\nEC003624<\/p>\n<p>EAN 13<br \/>\n 7391477620147<\/p>\n","protected":false},"excerpt":{"rendered":"<p>El toallero el\u00e9ctrico <strong data-start=\"1380\" data-end=\"1420\">PAX Flex I 6\/550 Pivotante Momento II<\/strong> est\u00e1 dise\u00f1ado para ba\u00f1os donde la capacidad de secado es fundamental. Con <strong data-start=\"1505\" data-end=\"1540\">seis brazos pivotantes independientes<\/strong>, proporciona espacio generoso para m\u00faltiples toallas manteniendo un formato compacto de montaje en pared. El <strong data-start=\"1657\" data-end=\"1678\">temporizador Momento II&#x2122;<\/strong> integrado permite controlar la calefacci\u00f3n mediante la aplicaci\u00f3n PAX o mediante un sencillo funcionamiento manual. Adecuado para ambientes de ba\u00f1o y uso diario, este toallero el\u00e9ctrico ofrece secado eficiente, uso flexible y confort fiable para hogares grandes o ba\u00f1os compartidos.   <\/p>\n<p>&nbsp;<\/p>\n<ul data-start=\"3969\" data-end=\"4218\">\n<li data-start=\"3969\" data-end=\"4028\">\n<p data-start=\"3971\" data-end=\"4028\">Toallero el\u00e9ctrico con m\u00e1xima capacidad de secado<\/p>\n<\/li>\n<li data-start=\"4029\" data-end=\"4079\">\n<p data-start=\"4031\" data-end=\"4079\">Seis brazos pivotantes para colocaci\u00f3n flexible de toallas<\/p>\n<\/li>\n<li data-start=\"4080\" data-end=\"4134\">\n<p data-start=\"4082\" data-end=\"4134\">Temporizador inteligente Momento II con control por aplicaci\u00f3n y manual<\/p>\n<\/li>\n<li data-start=\"4135\" data-end=\"4167\">\n<p data-start=\"4137\" data-end=\"4167\">Dise\u00f1o compacto, montado en la pared<\/p>\n<\/li>\n<li data-start=\"4168\" data-end=\"4218\">\n<p data-start=\"4170\" data-end=\"4218\">Calentamiento eficiente de toallas el\u00e9ctrico para uso diario<\/p>\n<\/li>\n<\/ul>\n","protected":false},"featured_media":4755,"comment_status":"open","ping_status":"closed","template":"","meta":{"_et_pb_use_builder":"","_et_pb_old_content":"","_et_gb_content_width":""},"product_brand":[134],"product_cat":[76],"product_tag":[],"class_list":{"0":"post-5164","1":"product","2":"type-product","3":"status-publish","4":"has-post-thumbnail","6":"product_brand-pax","7":"product_cat-calienta-toallas","8":"pa_product-type-toallero-calefactable","10":"first","11":"instock","12":"taxable","13":"shipping-taxable","14":"purchasable","15":"product-type-simple"},"jetpack_sharing_enabled":true,"_links":{"self":[{"href":"https:\/\/paxspain.com\/es\/wp-json\/wp\/v2\/product\/5164","targetHints":{"allow":["GET"]}}],"collection":[{"href":"https:\/\/paxspain.com\/es\/wp-json\/wp\/v2\/product"}],"about":[{"href":"https:\/\/paxspain.com\/es\/wp-json\/wp\/v2\/types\/product"}],"replies":[{"embeddable":true,"href":"https:\/\/paxspain.com\/es\/wp-json\/wp\/v2\/comments?post=5164"}],"wp:featuredmedia":[{"embeddable":true,"href":"https:\/\/paxspain.com\/es\/wp-json\/wp\/v2\/media\/4755"}],"wp:attachment":[{"href":"https:\/\/paxspain.com\/es\/wp-json\/wp\/v2\/media?parent=5164"}],"wp:term":[{"taxonomy":"product_brand","embeddable":true,"href":"https:\/\/paxspain.com\/es\/wp-json\/wp\/v2\/product_brand?post=5164"},{"taxonomy":"product_cat","embeddable":true,"href":"https:\/\/paxspain.com\/es\/wp-json\/wp\/v2\/product_cat?post=5164"},{"taxonomy":"product_tag","embeddable":true,"href":"https:\/\/paxspain.com\/es\/wp-json\/wp\/v2\/product_tag?post=5164"}],"curies":[{"name":"wp","href":"https:\/\/api.w.org\/{rel}","templated":true}]}}