{"id":5168,"date":"2023-04-04T22:03:57","date_gmt":"2023-04-04T22:03:57","guid":{"rendered":"https:\/\/paxspain.com\/product\/flex-i-5-550-pivotante-momento-ii\/"},"modified":"2026-02-26T18:57:49","modified_gmt":"2026-02-26T17:57:49","slug":"flex-i-5-550-pivotante-momento-ii","status":"publish","type":"product","link":"https:\/\/paxspain.com\/es\/producto\/flex-i-5-550-pivotante-momento-ii\/","title":{"rendered":"Flex I 5\/550 Momento II"},"content":{"rendered":"<p data-start=\"1964\" data-end=\"2347\">El <strong>PAX Flex I 5\/550 Pivotante Momento II<\/strong> es ideal para ba\u00f1os familiares, espacios compartidos o viviendas con un uso intensivo de toallas. Al incorporar un quinto brazo pivotante, maximiza la capacidad de secado sin aumentar el espacio ocupado en la pared. A pesar de su mayor capacidad, el toallero mantiene un perfil delgado de montaje mural que se adapta tanto a ba\u00f1os grandes como compactos.  <\/p>\n<p data-start=\"1964\" data-end=\"2347\">Cada brazo gira de forma independiente hasta 180\u00b0, lo que permite espaciar las toallas uniformemente para mejorar la circulaci\u00f3n de aire y acelerar el secado. Esta flexibilidad facilita el secado simult\u00e1neo de toallas de ba\u00f1o, toallas de mano y albornoces. Cuando el toallero no est\u00e1 en uso, los brazos pueden plegarse ordenadamente contra la pared para reducir el impacto visual y liberar espacio.  <\/p>\n<p data-start=\"1964\" data-end=\"2347\">El <strong data-start=\"2778\" data-end=\"2808\">sistema de control Momento II&#x2122;<\/strong> integrado proporciona un control preciso sobre los tiempos de calefacci\u00f3n y los niveles de potencia. Utilice la app PAX mediante Bluetooth para programar horarios que se ajusten a su rutina diaria, garantizando que las toallas est\u00e9n calientes cuando las necesite sin que el toallero funcione todo el d\u00eda. Tambi\u00e9n est\u00e1 disponible el control manual para una calefacci\u00f3n directa bajo demanda. El sistema puede emparejarse con ventiladores de ba\u00f1o PAX compatibles para automatizar la calefacci\u00f3n seg\u00fan los niveles de humedad.   <\/p>\n<p data-start=\"1964\" data-end=\"2347\">Dise\u00f1ado espec\u00edficamente para el secado de toallas y no para la calefacci\u00f3n de la estancia, el <strong>toallero el\u00e9ctrico Flex I 5\/550<\/strong> proporciona un calor constante y uniforme con un consumo energ\u00e9tico moderado. Ayuda a que las toallas se sequen m\u00e1s r\u00e1pido y se mantengan m\u00e1s frescas entre usos, mejorando el confort mientras mantiene los costes de funcionamiento bajo control. <\/p>\n<p data-start=\"1964\" data-end=\"2347\">Adecuado para entornos h\u00famedos, este toallero el\u00e9ctrico est\u00e1 dise\u00f1ado para el uso diario en el ba\u00f1o. El formato de montaje mural mantiene el suelo despejado, y la instalaci\u00f3n flexible a izquierda o derecha facilita su integraci\u00f3n en una amplia variedad de distribuciones de ba\u00f1o. <\/p>\n<p><strong>Informaci\u00f3n del producto:<\/strong><\/p>\n<p>N\u00famero de art\u00edculo<br \/>\n26-2033<\/p>\n<p>Fase de alimentaci\u00f3n el\u00e9ctrica<br \/>\n1-Fase<\/p>\n<p>Protecci\u00f3n IP<br \/>\nIP 44<\/p>\n<p>Clase de aislamiento<br \/>\nII<\/p>\n<p>Material<br \/>\nAcero inoxidable, pl\u00e1stico<\/p>\n<p>Anchura (mm)<br \/>\n559<\/p>\n<p>Profundidad (mm)<br \/>\n112<\/p>\n<p>Altura (mm)<br \/>\n588<\/p>\n<p>Tipo de instalaci\u00f3n<br \/>\nPared<\/p>\n<p>Nombre del producto<br \/>\nFlex I 5\/550, pivotante Momento II<\/p>\n<p>Consumo de energ\u00eda(W)<br \/>\n50<\/p>\n<p>Funciones<br \/>\nFuncionamiento con temporizador, Temporizador repetitivo, Control de potencia<\/p>\n<p>Tensi\u00f3n de alimentaci\u00f3n (V)<br \/>\n230V CA<\/p>\n<p>Opci\u00f3n inal\u00e1mbrica<br \/>\nBluetooth LE<\/p>\n<p>Detalle del material pl\u00e1stico<br \/>\nABS<\/p>\n<p>C\u00f3digo Etim<br \/>\nEC003624<\/p>\n<p>EAN 13<br \/>\n7391477620130<\/p>\n","protected":false},"excerpt":{"rendered":"<p>El toallero el\u00e9ctrico <strong data-start=\"1386\" data-end=\"1426\">PAX Flex I 5\/550 Pivotante Momento II<\/strong> est\u00e1 dise\u00f1ado para ba\u00f1os donde la capacidad de secado es una prioridad. Con <strong data-start=\"1513\" data-end=\"1549\">cinco brazos pivotantes independientes<\/strong>, ofrece un espacio generoso para m\u00faltiples toallas manteniendo un formato compacto de montaje mural. El <strong data-start=\"1660\" data-end=\"1681\">temporizador Momento II&#x2122;<\/strong> integrado permite una programaci\u00f3n precisa mediante la app PAX o un sencillo control manual. Adecuado para entornos de ba\u00f1o y uso diario, este toallero el\u00e9ctrico ofrece un secado eficiente, uso flexible y confort fiable para hogares con mucha actividad.   <\/p>\n<p>&nbsp;<\/p>\n<ul>\n<li data-start=\"3861\" data-end=\"3920\">\n<p data-start=\"3863\" data-end=\"3920\">Toallero el\u00e9ctrico con m\u00e1xima capacidad de secado<\/p>\n<\/li>\n<li data-start=\"3921\" data-end=\"3972\">\n<p data-start=\"3923\" data-end=\"3972\">Cinco brazos pivotantes para una colocaci\u00f3n flexible de toallas<\/p>\n<\/li>\n<li data-start=\"3973\" data-end=\"4027\">\n<p data-start=\"3975\" data-end=\"4027\">Temporizador inteligente Momento II con control por aplicaci\u00f3n y manual<\/p>\n<\/li>\n<li data-start=\"4028\" data-end=\"4060\">\n<p data-start=\"4030\" data-end=\"4060\">Dise\u00f1o compacto, montado en la pared<\/p>\n<\/li>\n<li data-start=\"4061\" data-end=\"4111\">\n<p data-start=\"4063\" data-end=\"4111\">Calentamiento eficiente de toallas el\u00e9ctrico para uso diario<\/p>\n<\/li>\n<\/ul>\n","protected":false},"featured_media":4757,"comment_status":"open","ping_status":"closed","template":"","meta":{"_et_pb_use_builder":"","_et_pb_old_content":"","_et_gb_content_width":""},"product_brand":[134],"product_cat":[76],"product_tag":[],"class_list":{"0":"post-5168","1":"product","2":"type-product","3":"status-publish","4":"has-post-thumbnail","6":"product_brand-pax","7":"product_cat-calienta-toallas","8":"product_shipping_class-calentador-de-toallas-con-envio-gratis","9":"pa_product-type-toallero-calefactable","11":"first","12":"instock","13":"taxable","14":"shipping-taxable","15":"purchasable","16":"product-type-simple"},"jetpack_sharing_enabled":true,"_links":{"self":[{"href":"https:\/\/paxspain.com\/es\/wp-json\/wp\/v2\/product\/5168","targetHints":{"allow":["GET"]}}],"collection":[{"href":"https:\/\/paxspain.com\/es\/wp-json\/wp\/v2\/product"}],"about":[{"href":"https:\/\/paxspain.com\/es\/wp-json\/wp\/v2\/types\/product"}],"replies":[{"embeddable":true,"href":"https:\/\/paxspain.com\/es\/wp-json\/wp\/v2\/comments?post=5168"}],"wp:featuredmedia":[{"embeddable":true,"href":"https:\/\/paxspain.com\/es\/wp-json\/wp\/v2\/media\/4757"}],"wp:attachment":[{"href":"https:\/\/paxspain.com\/es\/wp-json\/wp\/v2\/media?parent=5168"}],"wp:term":[{"taxonomy":"product_brand","embeddable":true,"href":"https:\/\/paxspain.com\/es\/wp-json\/wp\/v2\/product_brand?post=5168"},{"taxonomy":"product_cat","embeddable":true,"href":"https:\/\/paxspain.com\/es\/wp-json\/wp\/v2\/product_cat?post=5168"},{"taxonomy":"product_tag","embeddable":true,"href":"https:\/\/paxspain.com\/es\/wp-json\/wp\/v2\/product_tag?post=5168"}],"curies":[{"name":"wp","href":"https:\/\/api.w.org\/{rel}","templated":true}]}}