{"id":5171,"date":"2023-04-04T22:03:57","date_gmt":"2023-04-04T22:03:57","guid":{"rendered":"https:\/\/paxspain.com\/product\/flex-i-4-550-pivotante-momento-ii\/"},"modified":"2026-02-26T18:57:44","modified_gmt":"2026-02-26T17:57:44","slug":"flex-i-4-550-pivotante-momento-ii","status":"publish","type":"product","link":"https:\/\/paxspain.com\/es\/producto\/flex-i-4-550-pivotante-momento-ii\/","title":{"rendered":"Flex I 4\/550 Momento II"},"content":{"rendered":"<p data-start=\"1984\" data-end=\"2369\">El PAX Flex I 4\/550 Pivoting Momento II es ideal para ba\u00f1os familiares o hogares donde se necesitan secar varias toallas al mismo tiempo. Al a\u00f1adir un cuarto brazo pivotante, maximiza el espacio de secado \u00fatil sin aumentar la huella total del toallero. El resultado es un toallero calefactable inteligente y eficiente en espacio, dise\u00f1ado para las rutinas diarias.  <\/p>\n<p data-start=\"1984\" data-end=\"2369\">Cada uno de los cuatro brazos gira independientemente hasta 180\u00b0, permitiendo espaciar las toallas para mejorar el flujo de aire y acelerar el secado. Cuando no est\u00e1n en uso, los brazos se pueden plegar ordenadamente contra la pared, manteniendo el ba\u00f1o limpio y despejado. Este dise\u00f1o pivotante tambi\u00e9n facilita colgar y retirar las toallas, incluso cuando el toallero est\u00e1 completamente cargado.  <\/p>\n<p data-start=\"1984\" data-end=\"2369\">El sistema de control <strong data-start=\"2818\" data-end=\"2848\">Momento II&#x2122;<\/strong> integrado le ofrece un control preciso sobre los tiempos de calentamiento y los niveles de potencia. Utilizando la aplicaci\u00f3n PAX v\u00eda Bluetooth, puede crear programaciones que se adapten a su rutina diaria, asegurando que las toallas est\u00e9n calientes cuando las necesite sin un consumo de energ\u00eda innecesario. Tambi\u00e9n est\u00e1 disponible el control manual para un funcionamiento sencillo y bajo demanda. El sistema se puede emparejar con ventiladores de ba\u00f1o PAX compatibles para automatizar el calentamiento en funci\u00f3n de los niveles de humedad.   <\/p>\n<p data-start=\"1984\" data-end=\"2369\">Dise\u00f1ado espec\u00edficamente para el secado de toallas en lugar de la calefacci\u00f3n de espacios, el Flex I 4\/550 proporciona un calor constante a la vez que resulta econ\u00f3mico de usar. Ayuda a que las toallas se sequen m\u00e1s r\u00e1pido y se mantengan m\u00e1s frescas entre usos, mejorando el confort sin a\u00f1adir costes energ\u00e9ticos innecesarios. <\/p>\n<p data-start=\"1984\" data-end=\"2369\">Dise\u00f1ado para ambientes h\u00famedos, este toallero el\u00e9ctrico calefactable es adecuado para la instalaci\u00f3n en ba\u00f1os y el uso diario. El formato de montaje en pared mantiene los suelos despejados, y las opciones de instalaci\u00f3n flexibles permiten que se adapte perfectamente a una amplia gama de dise\u00f1os de ba\u00f1o. <\/p>\n<p><strong>Informaci\u00f3n del producto:<\/strong><\/p>\n<p>N\u00famero de art\u00edculo<br \/>\n26-2032<\/p>\n<p>Fase de alimentaci\u00f3n el\u00e9ctrica<br \/>\n1-Fase<\/p>\n<p>Protecci\u00f3n IP<br \/>\nIP 44<\/p>\n<p>Clase de aislamiento<br \/>\nII<\/p>\n<p>Material<br \/>\nAcero inoxidable, pl\u00e1stico<\/p>\n<p>Anchura (mm)<br \/>\n559<\/p>\n<p>Profundidad (mm)<br \/>\n112<\/p>\n<p>Altura (mm)<br \/>\n 500<\/p>\n<p>Tipo de instalaci\u00f3n<br \/>\nPared<\/p>\n<p>Nombre del producto<br \/>\nFlex I 4\/550 pivotante Momento II<\/p>\n<p>Consumo de energ\u00eda (W)<br \/>\n 40<\/p>\n<p>Funciones<br \/>\nTemporizador de funcionamiento, Temporizador repetitivo, Control de potencia<\/p>\n<p>Tensi\u00f3n de alimentaci\u00f3n (V)<br \/>\n230V CA<\/p>\n<p>Opci\u00f3n inal\u00e1mbrica<br \/>\nBluetooth LE<\/p>\n<p>Detalle del material pl\u00e1stico<br \/>\nABS<\/p>\n<p>C\u00f3digo Etim<br \/>\nEC003624<\/p>\n<p>EAN 13<br \/>\n 7391477620123<\/p>\n","protected":false},"excerpt":{"rendered":"<p>El toallero calefactable <strong data-start=\"1400\" data-end=\"1440\">PAX Flex I 4\/550 Pivoting Momento II<\/strong> est\u00e1 dise\u00f1ado para ba\u00f1os donde la capacidad de secado es importante. Con <strong data-start=\"1521\" data-end=\"1557\">cuatro brazos pivotantes independientes<\/strong>, proporciona un espacio generoso para m\u00faltiples toallas manteniendo una huella compacta de montaje en pared. El <strong data-start=\"1670\" data-end=\"1691\">temporizador Momento II&#x2122;<\/strong> integrado le permite gestionar los programas de calentamiento a trav\u00e9s de la aplicaci\u00f3n PAX o mediante un sencillo control manual. Adecuado para entornos de ba\u00f1o y uso diario, este calentador de toallas el\u00e9ctrico ofrece un secado eficiente, flexibilidad pr\u00e1ctica y confort fiable.   <\/p>\n<p>&nbsp;<\/p>\n<ul>\n<li data-start=\"3891\" data-end=\"3947\">\n<p data-start=\"3893\" data-end=\"3947\">Toallero el\u00e9ctrico calefactable de alta capacidad de secado<\/p>\n<\/li>\n<li data-start=\"3948\" data-end=\"3999\">\n<p data-start=\"3950\" data-end=\"3999\">Cuatro brazos pivotantes para una colocaci\u00f3n flexible de las toallas<\/p>\n<\/li>\n<li data-start=\"4000\" data-end=\"4054\">\n<p data-start=\"4002\" data-end=\"4054\">Temporizador inteligente Momento II con control por aplicaci\u00f3n y manual<\/p>\n<\/li>\n<li data-start=\"4055\" data-end=\"4086\">\n<p data-start=\"4057\" data-end=\"4086\">Dise\u00f1o compacto de montaje en pared<\/p>\n<\/li>\n<li data-start=\"4087\" data-end=\"4137\">\n<p data-start=\"4089\" data-end=\"4137\">Calentamiento eficiente de toallas el\u00e9ctrico para uso diario<\/p>\n<\/li>\n<\/ul>\n","protected":false},"featured_media":4759,"comment_status":"open","ping_status":"closed","template":"","meta":{"_et_pb_use_builder":"","_et_pb_old_content":"","_et_gb_content_width":""},"product_brand":[134],"product_cat":[76],"product_tag":[],"class_list":{"0":"post-5171","1":"product","2":"type-product","3":"status-publish","4":"has-post-thumbnail","6":"product_brand-pax","7":"product_cat-calienta-toallas","8":"product_shipping_class-calentador-de-toallas-con-envio-gratis","9":"pa_product-type-toallero-calefactable","11":"first","12":"instock","13":"taxable","14":"shipping-taxable","15":"purchasable","16":"product-type-simple"},"jetpack_sharing_enabled":true,"_links":{"self":[{"href":"https:\/\/paxspain.com\/es\/wp-json\/wp\/v2\/product\/5171","targetHints":{"allow":["GET"]}}],"collection":[{"href":"https:\/\/paxspain.com\/es\/wp-json\/wp\/v2\/product"}],"about":[{"href":"https:\/\/paxspain.com\/es\/wp-json\/wp\/v2\/types\/product"}],"replies":[{"embeddable":true,"href":"https:\/\/paxspain.com\/es\/wp-json\/wp\/v2\/comments?post=5171"}],"wp:featuredmedia":[{"embeddable":true,"href":"https:\/\/paxspain.com\/es\/wp-json\/wp\/v2\/media\/4759"}],"wp:attachment":[{"href":"https:\/\/paxspain.com\/es\/wp-json\/wp\/v2\/media?parent=5171"}],"wp:term":[{"taxonomy":"product_brand","embeddable":true,"href":"https:\/\/paxspain.com\/es\/wp-json\/wp\/v2\/product_brand?post=5171"},{"taxonomy":"product_cat","embeddable":true,"href":"https:\/\/paxspain.com\/es\/wp-json\/wp\/v2\/product_cat?post=5171"},{"taxonomy":"product_tag","embeddable":true,"href":"https:\/\/paxspain.com\/es\/wp-json\/wp\/v2\/product_tag?post=5171"}],"curies":[{"name":"wp","href":"https:\/\/api.w.org\/{rel}","templated":true}]}}