{"id":5174,"date":"2023-04-04T22:04:02","date_gmt":"2023-04-04T22:04:02","guid":{"rendered":"https:\/\/paxspain.com\/product\/tr65-i-momento-ii\/"},"modified":"2026-02-26T18:57:50","modified_gmt":"2026-02-26T17:57:50","slug":"tr65-i-momento-ii","status":"publish","type":"product","link":"https:\/\/paxspain.com\/es\/producto\/tr65-i-momento-ii\/","title":{"rendered":"TR65 M2 Lite &#8211; Acero inoxidable"},"content":{"rendered":"<p>El <strong data-start=\"1301\" data-end=\"1322\">TR65 I Momento II<\/strong> es un <strong data-start=\"1338\" data-end=\"1359\">toallero calefactable<\/strong> el\u00e9ctrico dise\u00f1ado para ofrecer un confort diario fiable en el ba\u00f1o. Proporciona un calor constante para secar y calentar las toallas de forma eficiente, mientras que el <strong data-start=\"1505\" data-end=\"1525\">temporizador Momento II<\/strong> integrado permite un funcionamiento sencillo bajo demanda o programado. Con un dise\u00f1o limpio y moderno y una separaci\u00f3n pr\u00e1ctica entre barras, las toallas se cuelgan y se retiran f\u00e1cilmente. De instalaci\u00f3n mural y alimentaci\u00f3n el\u00e9ctrica, este toallero fiable y sin complicaciones mejora el confort sin complicar su rutina.   <\/p>\n<p><strong>Informaci\u00f3n del producto:<\/strong><\/p>\n<p>N\u00famero de art\u00edculo<br \/>\n3515-3<\/p>\n<p>Fase de alimentaci\u00f3n el\u00e9ctrica<br \/>\n1-Fase<\/p>\n<p>Protecci\u00f3nIP<br \/>\nIP 44<\/p>\n<p>Clase de aislamiento<br \/>\nII<\/p>\n<p>Material<br \/>\nAcero inoxidable, pl\u00e1stico<\/p>\n<p>Ancho (mm)<br \/>\n 494<\/p>\n<p>Profundidad (mm)<br \/>\n112<\/p>\n<p>Altura (mm)<br \/>\n 740<\/p>\n<p>Tipo de instalaci\u00f3n<br \/>\nPared<\/p>\n<p>Nombre del producto<br \/>\nTR65-i fijo\/pivotante Momento II<\/p>\n<p>Consumo de energ\u00eda (W)<br \/>\n 40<\/p>\n<p>Funciones<br \/>\nFuncionamiento con temporizador, Temporizador repetitivo, Control de potencia<\/p>\n<p>Tensi\u00f3n de alimentaci\u00f3n (V)<br \/>\n230V CA<\/p>\n<p>Opci\u00f3n inal\u00e1mbrica<br \/>\nBluetooth LE<\/p>\n<p>Detalle del material pl\u00e1stico<br \/>\nABS<\/p>\n<p>C\u00f3digo Etim<br \/>\nEC003624<\/p>\n<p>EAN 13<br \/>\n 7391477351768<\/p>\n","protected":false},"excerpt":{"rendered":"<p>Los calentadores TR son reversibles, lo que te ofrece varias opciones. T\u00fa mismo puedes decidir si quieres que sea fijo o pivotante. Para una instalaci\u00f3n fija en la pared, m\u00f3ntala con el soporte de montaje adicional suministrado. Estos toalleros calefactados son reversibles y se pueden instalar con la conexi\u00f3n a la red el\u00e9ctrica en cualquier esquina, lo que hace que TR sea f\u00e1cilmente ubicable en cualquier entorno.<\/p>\n<p>Elige entre tres anchuras, 460, 500 o 730 mm, todas tienen una altura de 750 mm.<\/p>\n<p>TR viene con Momento II&#x2122; instalado para instalaci\u00f3n el\u00e9ctrica oculta.<\/p>\n<p>El temporizador Momento II&#x2122; incorporado puede controlarse mediante la aplicaci\u00f3n o manualmente. A trav\u00e9s de la aplicaci\u00f3n tambi\u00e9n es posible ajustar distintos niveles de potencia, programar cu\u00e1ndo se calentar\u00e1 el secatoallas y emparejarlo con el ventilador de ba\u00f1o Pax Norte.  Entonces, el calentador de toallas se enciende autom\u00e1ticamente cuando el sensor de humedad del ventilador detecta un aumento del nivel de humedad, por ejemplo, cuando empiezas a ducharte.<\/p>\n","protected":false},"featured_media":9266,"comment_status":"open","ping_status":"closed","template":"","meta":{"_et_pb_use_builder":"","_et_pb_old_content":"","_et_gb_content_width":""},"product_brand":[134],"product_cat":[76],"product_tag":[],"class_list":{"0":"post-5174","1":"product","2":"type-product","3":"status-publish","4":"has-post-thumbnail","6":"product_brand-pax","7":"product_cat-calienta-toallas","8":"product_shipping_class-calentador-de-toallas-con-envio-gratis","9":"pa_product-type-toallero-calefactable","11":"first","12":"instock","13":"taxable","14":"shipping-taxable","15":"purchasable","16":"product-type-simple"},"jetpack_sharing_enabled":true,"_links":{"self":[{"href":"https:\/\/paxspain.com\/es\/wp-json\/wp\/v2\/product\/5174","targetHints":{"allow":["GET"]}}],"collection":[{"href":"https:\/\/paxspain.com\/es\/wp-json\/wp\/v2\/product"}],"about":[{"href":"https:\/\/paxspain.com\/es\/wp-json\/wp\/v2\/types\/product"}],"replies":[{"embeddable":true,"href":"https:\/\/paxspain.com\/es\/wp-json\/wp\/v2\/comments?post=5174"}],"wp:featuredmedia":[{"embeddable":true,"href":"https:\/\/paxspain.com\/es\/wp-json\/wp\/v2\/media\/9266"}],"wp:attachment":[{"href":"https:\/\/paxspain.com\/es\/wp-json\/wp\/v2\/media?parent=5174"}],"wp:term":[{"taxonomy":"product_brand","embeddable":true,"href":"https:\/\/paxspain.com\/es\/wp-json\/wp\/v2\/product_brand?post=5174"},{"taxonomy":"product_cat","embeddable":true,"href":"https:\/\/paxspain.com\/es\/wp-json\/wp\/v2\/product_cat?post=5174"},{"taxonomy":"product_tag","embeddable":true,"href":"https:\/\/paxspain.com\/es\/wp-json\/wp\/v2\/product_tag?post=5174"}],"curies":[{"name":"wp","href":"https:\/\/api.w.org\/{rel}","templated":true}]}}