{"id":5175,"date":"2023-04-04T22:03:58","date_gmt":"2023-04-04T22:03:58","guid":{"rendered":"https:\/\/paxspain.com\/product\/flex-i-3-550-pivotante-momento-ii\/"},"modified":"2026-02-26T18:57:48","modified_gmt":"2026-02-26T17:57:48","slug":"flex-i-3-550-pivotante-momento-ii","status":"publish","type":"product","link":"https:\/\/paxspain.com\/es\/producto\/flex-i-3-550-pivotante-momento-ii\/","title":{"rendered":"Flex I 3\/550 Momento II"},"content":{"rendered":"<p data-start=\"2058\" data-end=\"2440\">El <strong>toallero calefactado pivotante PAX Flex I 3\/550 Momento II<\/strong> est\u00e1 dise\u00f1ado para ba\u00f1os donde es necesario secar varias toallas a la vez. El tercer brazo pivotante aumenta el espacio de secado \u00fatil manteniendo el mismo dise\u00f1o compacto de pared. Es una mejora pr\u00e1ctica para ba\u00f1os familiares, en suite o viviendas con uso frecuente de la ducha. Cada brazo gira de forma independiente hasta 180\u00b0, lo que permite espaciar las toallas uniformemente para mejorar el flujo de aire y acelerar el secado. Cuando el toallero no est\u00e1 en uso, los brazos pueden plegarse para reducir el desorden visual y liberar espacio. Este dise\u00f1o pivotante tambi\u00e9n facilita colgar y retirar las toallas sin amontonarlas.     <\/p>\n<p data-start=\"2058\" data-end=\"2440\">El sistema de control integrado <strong data-start=\"2831\" data-end=\"2861\">Momento II&#x2122;<\/strong> le ofrece un control total sobre cu\u00e1ndo y c\u00f3mo se calienta el toallero. Utilice la aplicaci\u00f3n PAX a trav\u00e9s de Bluetooth para crear horarios que se adapten a su rutina, o cambie al control manual si prefiere una configuraci\u00f3n m\u00e1s sencilla. El calentamiento puede programarse para que las toallas est\u00e9n calientes despu\u00e9s de la ducha, evitando un consumo de energ\u00eda innecesario durante el d\u00eda.  <\/p>\n<p data-start=\"2058\" data-end=\"2440\">Dise\u00f1ado para la eficiencia diaria, el Flex I 3\/550 proporciona un calor constante adecuado para el secado de toallas sin un consumo excesivo de energ\u00eda. Ofrece una soluci\u00f3n equilibrada para usuarios que buscan comodidad y practicidad en lugar de un calentador de ba\u00f1o de alta potencia. <\/p>\n<p data-start=\"2058\" data-end=\"2440\">Fabricado para entornos h\u00famedos, este toallero calefactado es apto para su instalaci\u00f3n en ba\u00f1os y para el uso diario. El formato de pared mantiene los suelos despejados y funciona bien tanto en ba\u00f1os compactos como en los m\u00e1s grandes. Las opciones de instalaci\u00f3n flexible permiten que se adapte perfectamente a una amplia variedad de distribuciones.  <\/p>\n<p><strong>Informaci\u00f3n del producto:<\/strong><\/p>\n<p>N\u00famero de art\u00edculo<br \/>\n26-2031<\/p>\n<p>Fase de alimentaci\u00f3n el\u00e9ctrica<br \/>\n1-Fase<\/p>\n<p>Protecci\u00f3n IP<br \/>\nIP 44<\/p>\n<p>AislamientoClase<br \/>\nII<\/p>\n<p>Material<br \/>\nAcero inoxidable, pl\u00e1stico<\/p>\n<p>Anchura (mm)<br \/>\n559<\/p>\n<p>Profundidad (mm)<br \/>\n112<\/p>\n<p>Altura (mm)<br \/>\n 411<\/p>\n<p>Tipo de instalaci\u00f3n<br \/>\nPared<\/p>\n<p>Nombre del producto<br \/>\nFlex I 3\/550 pivotante Momento II<\/p>\n<p>Consumo de energ\u00eda (W)<br \/>\n 30<\/p>\n<p>Funciones<br \/>\nTemporizador de funcionamiento, temporizador repetitivo, control de potencia<\/p>\n<p>Tensi\u00f3n de alimentaci\u00f3n (V)<br \/>\n230V CA<\/p>\n<p>Opci\u00f3n inal\u00e1mbrica<br \/>\nBluetooth LE<\/p>\n<p>Detalle del material pl\u00e1stico<br \/>\nABS<\/p>\n<p>C\u00f3digo Etim<br \/>\nEC003624<\/p>\n<p>EAN 13<br \/>\n 7391477620116<\/p>\n","protected":false},"excerpt":{"rendered":"<p>El toallero calefactado <strong data-start=\"1438\" data-end=\"1478\">PAX Flex I 3\/550 pivotante Momento II<\/strong> est\u00e1 dise\u00f1ado para hogares que necesitan m\u00e1s espacio de secado sin renunciar al control o la eficiencia. Con <strong data-start=\"1600\" data-end=\"1637\">tres brazos pivotantes independientes<\/strong>, permite extender las toallas para un secado m\u00e1s r\u00e1pido o plegarlas contra la pared cuando no se utilizan. El temporizador integrado <strong data-start=\"1757\" data-end=\"1778\">Momento II&#x2122;<\/strong> ofrece una programaci\u00f3n inteligente a trav\u00e9s de la aplicaci\u00f3n PAX o un funcionamiento manual sencillo. Compacto, de pared y apto para entornos de ba\u00f1o, este calentador de toallas el\u00e9ctrico ofrece un calor fiable, un uso flexible y confort diario.   <\/p>\n<p>&nbsp;<\/p>\n<ul>\n<li data-start=\"3854\" data-end=\"3915\">\n<p data-start=\"3856\" data-end=\"3915\">Toallero el\u00e9ctrico con mayor capacidad de secado<\/p>\n<\/li>\n<li data-start=\"3916\" data-end=\"3968\">\n<p data-start=\"3918\" data-end=\"3968\">Tres brazos pivotantes para una colocaci\u00f3n flexible de las toallas<\/p>\n<\/li>\n<li data-start=\"3969\" data-end=\"4023\">\n<p data-start=\"3971\" data-end=\"4023\">Temporizador inteligente Momento II con control por aplicaci\u00f3n y manual<\/p>\n<\/li>\n<li data-start=\"4024\" data-end=\"4055\">\n<p data-start=\"4026\" data-end=\"4055\">Dise\u00f1o compacto de pared<\/p>\n<\/li>\n<li data-start=\"4056\" data-end=\"4093\">\n<p data-start=\"4058\" data-end=\"4093\">Apto para uso regular en el ba\u00f1o<\/p>\n<\/li>\n<\/ul>\n","protected":false},"featured_media":4761,"comment_status":"open","ping_status":"closed","template":"","meta":{"_et_pb_use_builder":"","_et_pb_old_content":"","_et_gb_content_width":""},"product_brand":[134],"product_cat":[76],"product_tag":[],"class_list":{"0":"post-5175","1":"product","2":"type-product","3":"status-publish","4":"has-post-thumbnail","6":"product_brand-pax","7":"product_cat-calienta-toallas","8":"product_shipping_class-calentador-de-toallas-con-envio-gratis","9":"pa_product-type-toallero-calefactable","11":"first","12":"instock","13":"taxable","14":"shipping-taxable","15":"purchasable","16":"product-type-simple"},"jetpack_sharing_enabled":true,"_links":{"self":[{"href":"https:\/\/paxspain.com\/es\/wp-json\/wp\/v2\/product\/5175","targetHints":{"allow":["GET"]}}],"collection":[{"href":"https:\/\/paxspain.com\/es\/wp-json\/wp\/v2\/product"}],"about":[{"href":"https:\/\/paxspain.com\/es\/wp-json\/wp\/v2\/types\/product"}],"replies":[{"embeddable":true,"href":"https:\/\/paxspain.com\/es\/wp-json\/wp\/v2\/comments?post=5175"}],"wp:featuredmedia":[{"embeddable":true,"href":"https:\/\/paxspain.com\/es\/wp-json\/wp\/v2\/media\/4761"}],"wp:attachment":[{"href":"https:\/\/paxspain.com\/es\/wp-json\/wp\/v2\/media?parent=5175"}],"wp:term":[{"taxonomy":"product_brand","embeddable":true,"href":"https:\/\/paxspain.com\/es\/wp-json\/wp\/v2\/product_brand?post=5175"},{"taxonomy":"product_cat","embeddable":true,"href":"https:\/\/paxspain.com\/es\/wp-json\/wp\/v2\/product_cat?post=5175"},{"taxonomy":"product_tag","embeddable":true,"href":"https:\/\/paxspain.com\/es\/wp-json\/wp\/v2\/product_tag?post=5175"}],"curies":[{"name":"wp","href":"https:\/\/api.w.org\/{rel}","templated":true}]}}