{"id":5179,"date":"2023-04-04T22:18:07","date_gmt":"2023-04-04T20:18:07","guid":{"rendered":"https:\/\/paxspain.com\/product\/intellivent-2-0-negro\/"},"modified":"2026-03-18T17:37:31","modified_gmt":"2026-03-18T16:37:31","slug":"intellivent-2-0-negro","status":"publish","type":"product","link":"https:\/\/paxspain.com\/es\/producto\/intellivent-2-0-negro\/","title":{"rendered":"Intellivent 2.0 Negro"},"content":{"rendered":"<p data-start=\"2077\" data-end=\"2470\">El ventilador extractor para ba\u00f1os <strong>Fresh Intellivent 2.0 Black<\/strong> ofrece una ventilaci\u00f3n totalmente autom\u00e1tica que responde de forma inteligente a las condiciones interiores en tiempo real. Dise\u00f1ado para ba\u00f1os y cuartos h\u00famedos, supervisa continuamente tanto los <strong data-start=\"2293\" data-end=\"2323\">niveles de humedad como los olores<\/strong>, ajustando el flujo de aire con precisi\u00f3n cuando es necesario. Esto elimina las conjeturas de la ventilaci\u00f3n y ayuda a proteger su espacio de los problemas relacionados con la humedad.  <\/p>\n<p data-start=\"2472\" data-end=\"2859\">A diferencia de los ventiladores extractores est\u00e1ndar que se basan en temporizadores b\u00e1sicos o interruptores manuales, Intellivent 2.0 aprende y se adapta. Sus sensores integrados detectan el aumento de la humedad de las duchas o los ba\u00f1os, as\u00ed como los olores no deseados, activando la ventilaci\u00f3n solo cuando es necesario. A medida que las condiciones se normalizan, el ventilador reduce autom\u00e1ticamente el flujo de aire, lo que favorece un funcionamiento energ\u00e9ticamente eficiente sin comprometer la calidad del aire.  <\/p>\n<p data-start=\"2861\" data-end=\"3143\">Este enfoque de control inteligente ayuda a minimizar la <strong data-start=\"2904\" data-end=\"2941\">condensaci\u00f3n, el riesgo de moho y la humedad<\/strong>, al tiempo que mantiene un ambiente de ba\u00f1o confortable. Debido a que el sistema responde din\u00e1micamente, evita la sobreventilaci\u00f3n innecesaria, lo que lo hace adecuado tanto para el uso frecuente como ocasional del ba\u00f1o. <\/p>\n<p data-start=\"3145\" data-end=\"3419\"><strong>El acabado en negro<\/strong> le da al ventilador extractor <strong>Intellivent 2.0<\/strong> un aspecto atractivo que complementa los interiores modernos, ofreciendo una alternativa a los ventiladores extractores blancos tradicionales. La instalaci\u00f3n es sencilla para las configuraciones est\u00e1ndar de ventilaci\u00f3n de ba\u00f1os, y una vez instalado, el ventilador funciona en gran medida en segundo plano. No es necesario ajustar la configuraci\u00f3n diariamente, ya que Intellivent 2.0 gestiona autom\u00e1ticamente los cambios en los niveles de humedad y olor, lo que lo hace ideal para los hogares que desean una ventilaci\u00f3n fiable con una m\u00ednima intervenci\u00f3n del usuario.  <\/p>\n<p data-start=\"3765\" data-end=\"3790\"><strong data-start=\"3765\" data-end=\"3790\">Las principales ventajas incluyen:<\/strong><\/p>\n<ul data-start=\"3791\" data-end=\"4152\">\n<li data-start=\"3791\" data-end=\"3881\">\n<p data-start=\"3793\" data-end=\"3881\"><strong data-start=\"3793\" data-end=\"3817\">Funcionamiento autom\u00e1tico:<\/strong> Responde a los cambios de humedad y olor sin control manual<\/p>\n<\/li>\n<li data-start=\"3882\" data-end=\"3943\">\n<p data-start=\"3884\" data-end=\"3943\"><strong data-start=\"3884\" data-end=\"3908\">Sensores inteligentes:<\/strong> Ajusta el flujo de aire solo cuando es necesario<\/p>\n<\/li>\n<li data-start=\"3944\" data-end=\"4014\">\n<p data-start=\"3946\" data-end=\"4014\"><strong data-start=\"3946\" data-end=\"3969\">Ayuda a prevenir la humedad:<\/strong> Reduce la condensaci\u00f3n y la acumulaci\u00f3n de humedad<\/p>\n<\/li>\n<li data-start=\"4015\" data-end=\"4087\">\n<p data-start=\"4017\" data-end=\"4087\"><strong data-start=\"4017\" data-end=\"4050\">Rendimiento silencioso y eficiente:<\/strong> Adecuado para el uso diario en el ba\u00f1o<\/p>\n<\/li>\n<li data-start=\"4088\" data-end=\"4152\">\n<p data-start=\"4090\" data-end=\"4152\"><strong data-start=\"4090\" data-end=\"4114\">Acabado negro moderno:<\/strong> Dise\u00f1ado para interiores contempor\u00e1neos<\/p>\n<\/li>\n<\/ul>\n<p data-start=\"4154\" data-end=\"4346\">El ventilador extractor para ba\u00f1os <strong data-start=\"4158\" data-end=\"4183\">Intellivent 2.0 Black<\/strong> es una soluci\u00f3n fiable para mantener los ba\u00f1os frescos y secos sin tener que preocuparse.<\/p>\n<p><strong>Informaci\u00f3n del producto:<\/strong><\/p>\n<p>N\u00famero de art\u00edculo<br \/>\n197278<\/p>\n<p>Fase de alimentaci\u00f3n el\u00e9ctrica<br \/>\n1-Fase<\/p>\n<p>Protecci\u00f3n IP<br \/>\nIP 44<\/p>\n<p>Clase de aislamiento<br \/>\nII<\/p>\n<p>Capacidad m\u00e1xima (m3\/h)<br \/>\n134<\/p>\n<p>Nivel de presi\u00f3n ac\u00fastica 3 m dB(A)<br \/>\n21<\/p>\n<p>Material<br \/>\nPl\u00e1stico<\/p>\n<p>Presi\u00f3n m\u00e1xima (Pa)<br \/>\n33<\/p>\n<p>Anchura (mm)<br \/>\n202<\/p>\n<p>Profundidad (mm)<br \/>\n64<\/p>\n<p>Altura (mm)<br \/>\n152<\/p>\n<p>Tipo de instalaci\u00f3n<br \/>\nHorizontal, Vertical<\/p>\n<p>Nombre del producto<br \/>\nIntellivent 2.0 black Exp<\/p>\n<p>Consumo de energ\u00eda(W)<br \/>\n5,5<\/p>\n<p>Funciones<br \/>\nHumidostato inteligente, Temporizador de retardo, Funcionamiento con temporizador, Pullcord, Volumen constante, Interruptor Live<\/p>\n<p>Tensi\u00f3n de alimentaci\u00f3n (V)<br \/>\n100 V CA, 110 V CA, 230 V CA<\/p>\n<p>Tipo de motor<br \/>\nEC<\/p>\n<p>Detalle del material pl\u00e1stico<br \/>\nABS<\/p>\n<p>C\u00f3digo Etim<br \/>\nEC001141<\/p>\n<p>EAN 13<br \/>\n7318111972783<\/p>\n","protected":false},"excerpt":{"rendered":"<p>Intellivent\u00ae 2.0, conocido en algunos mercados como IQ, est\u00e1 disponible en blanco y negro de serie, y hay otros colores de cubierta frontal disponibles como extras. Puede instalarse en canales de di\u00e1metro 100 y 125, se incluye un adaptador de conexi\u00f3n para ambas dimensiones. Adecuado tanto para montaje en pared como en techo.<\/p>\n<p>Un modelo &#8211; todas las funciones<br \/>\nNo puede ser m\u00e1s sencillo para el electricista. Intellivent\u00ae 2.0 solo est\u00e1 disponible en un dise\u00f1o, repleto de caracter\u00edsticas. Cuatro puntos de anclaje y cuatro entradas de cable garantizan una instalaci\u00f3n flexible.<\/p>\n<p>Control de humedad inteligente y autoajustable<br \/>\nIntellivent\u00ae 2.0 cuenta con un sistema de control avanzado con varias funciones. Control de humedad totalmente autom\u00e1tico, lo que significa que el ventilador aprende los h\u00e1bitos de cada familia.<\/p>\n<p>Tanto \u00d8100 como \u00d8125 en el mismo ventilador<br \/>\nIntellivent\u00ae 2.0 se puede conectar a conductos de extracci\u00f3n de aire con un di\u00e1metro de<br \/>\n98-100 mm o 118-125 mm utilizando los dos adaptadores suministrados con el ventilador.<br \/>\nEl adaptador para el conducto de 125 mm aumenta la capacidad y reduce a\u00fan m\u00e1s el nivel de ruido<br \/>\n.<\/p>\n<p>Silencioso y potente<br \/>\nIntellivent\u00ae 2.0 se percibe como muy silencioso con solo 21 dB y tiene una alta capacidad de presi\u00f3n.<\/p>\n<p>F\u00e1cil de limpiar<br \/>\nIntellivent\u00ae 2.0 es f\u00e1cil de limpiar. Salvo que el ventilador est\u00e1 provisto de una funci\u00f3n \u00abbasculante\u00bb -que permite acceder libremente al canal-, el impulsor puede extraerse f\u00e1cilmente para su limpieza.<\/p>\n<p>M\u00e1s funciones inteligentes<br \/>\nFunci\u00f3n r\u00e1pida para un funcionamiento constante. Elige f\u00e1cilmente entre la funci\u00f3n de temporizador y el funcionamiento constante con s\u00f3lo pulsar un bot\u00f3n. Otra soluci\u00f3n inteligente es la funci\u00f3n de circulaci\u00f3n autom\u00e1tica, que mantiene fresco el cuarto de ba\u00f1o incluso cuando no hay nadie en casa.<\/p>\n<p>Larga vida \u00fatil<br \/>\nEl motor es una unidad de bajo consumo equipada con rodamientos dobles de bolas para una larga vida \u00fatil. Estamos tan seguros de la calidad de Intellivent\u00ae 2.0 que ofrecemos una garant\u00eda de cinco a\u00f1os.<\/p>\n<p><a href=\"https:\/\/paxspain.com\/wp-content\/uploads\/2023\/04\/Intellivent-2-Product-Sheet.pdf\">Descargar la Hoja de Producto Intellivent 2.0<\/a><br \/>\n<a href=\"https:\/\/paxspain.com\/wp-content\/uploads\/2023\/04\/Folder-Intellivent-2.0-EN.pdf\">Descargar cat\u00e1logo Intellivent 2.0 &#8211; Ingl\u00e9s<\/a><br \/>\n<a href=\"https:\/\/paxspain.com\/wp-content\/uploads\/2023\/04\/Logo-Espanol-VENTILAIR-2.0-.pdf\">Descargar cat\u00e1logo Intellivent 2.0 &#8211; Espa\u00f1ol<\/a><br \/>\n<a href=\"https:\/\/paxspain.com\/wp-content\/uploads\/2023\/04\/Manual-Bathroom-fan-Intellivent-2.0-Exp.pdf\">Descargar Manual Intellivent 2.0<\/a><\/p>\n<p><iframe loading=\"lazy\" title=\"Intellivent 2.0 - M\u00e1s silencioso, m\u00e1s fuerte, m\u00e1s inteligente\" src=\"https:\/\/www.youtube.com\/embed\/uzZuVe1IKg0\" width=\"560\" height=\"315\" frameborder=\"0\" allowfullscreen=\"allowfullscreen\"><\/iframe><\/p>\n<p>&nbsp;<\/p>\n","protected":false},"featured_media":4771,"comment_status":"open","ping_status":"closed","template":"","meta":{"_et_pb_use_builder":"","_et_pb_old_content":"","_et_gb_content_width":""},"product_brand":[168],"product_cat":[80,81],"product_tag":[],"class_list":{"0":"post-5179","1":"product","2":"type-product","3":"status-publish","4":"has-post-thumbnail","6":"product_brand-fresh","7":"product_cat-edicion-negra","8":"product_cat-productos-de-ventilacion","9":"pa_product-type-ventilador-de-bano","11":"first","12":"instock","13":"taxable","14":"shipping-taxable","15":"purchasable","16":"product-type-simple"},"jetpack_sharing_enabled":true,"_links":{"self":[{"href":"https:\/\/paxspain.com\/es\/wp-json\/wp\/v2\/product\/5179","targetHints":{"allow":["GET"]}}],"collection":[{"href":"https:\/\/paxspain.com\/es\/wp-json\/wp\/v2\/product"}],"about":[{"href":"https:\/\/paxspain.com\/es\/wp-json\/wp\/v2\/types\/product"}],"replies":[{"embeddable":true,"href":"https:\/\/paxspain.com\/es\/wp-json\/wp\/v2\/comments?post=5179"}],"wp:featuredmedia":[{"embeddable":true,"href":"https:\/\/paxspain.com\/es\/wp-json\/wp\/v2\/media\/4771"}],"wp:attachment":[{"href":"https:\/\/paxspain.com\/es\/wp-json\/wp\/v2\/media?parent=5179"}],"wp:term":[{"taxonomy":"product_brand","embeddable":true,"href":"https:\/\/paxspain.com\/es\/wp-json\/wp\/v2\/product_brand?post=5179"},{"taxonomy":"product_cat","embeddable":true,"href":"https:\/\/paxspain.com\/es\/wp-json\/wp\/v2\/product_cat?post=5179"},{"taxonomy":"product_tag","embeddable":true,"href":"https:\/\/paxspain.com\/es\/wp-json\/wp\/v2\/product_tag?post=5179"}],"curies":[{"name":"wp","href":"https:\/\/api.w.org\/{rel}","templated":true}]}}