{"id":5225,"date":"2023-04-10T23:19:55","date_gmt":"2023-04-10T21:19:55","guid":{"rendered":"https:\/\/paxspain.com\/product\/intellivent-ice\/"},"modified":"2026-04-07T15:31:08","modified_gmt":"2026-04-07T13:31:08","slug":"intellivent-ice","status":"publish","type":"product","link":"https:\/\/paxspain.com\/es\/producto\/intellivent-ice\/","title":{"rendered":"Intellivent ICE"},"content":{"rendered":"<p data-start=\"2089\" data-end=\"2502\">El extractor de ba\u00f1o <strong data-start=\"2093\" data-end=\"2112\">Intellivent ICE<\/strong> est\u00e1 dise\u00f1ado para proporcionar ventilaci\u00f3n autom\u00e1tica y fiable en entornos donde la temperatura fluct\u00faa o la calefacci\u00f3n se utiliza de forma intermitente. Los extractores est\u00e1ndar suelen basarse en umbrales de humedad fijos o temporizadores simples, que pueden funcionar mal en ba\u00f1os fr\u00edos. Intellivent ICE aborda este desaf\u00edo con detecci\u00f3n inteligente que se adapta a las condiciones cambiantes.  <\/p>\n<p data-start=\"2504\" data-end=\"2929\">Mediante <strong data-start=\"2521\" data-end=\"2551\">sensores integrados de humedad y olor<\/strong>, Intellivent ICE monitoriza continuamente el ambiente del ba\u00f1o. En lugar de reaccionar \u00fanicamente a los niveles absolutos de humedad, interpreta los cambios a lo largo del tiempo, lo que le permite ventilar eficazmente incluso cuando la temperatura de la habitaci\u00f3n es baja. Esto lo hace especialmente adecuado para ba\u00f1os en ampliaciones, ba\u00f1os de invitados, viviendas vacacionales y otros espacios que no se mantienen calientes todo el d\u00eda.  <\/p>\n<p data-start=\"2931\" data-end=\"3303\">Cuando los niveles de humedad aumentan durante la ducha o el ba\u00f1o, el extractor incrementa autom\u00e1ticamente el flujo de aire para eliminar el exceso de humedad antes de que se produzca condensaci\u00f3n. Si se detectan olores, la ventilaci\u00f3n se activa sin necesidad de interruptores manuales. Una vez que las condiciones se estabilizan, Intellivent ICE reduce el flujo de aire autom\u00e1ticamente, manteniendo el confort y evitando un consumo energ\u00e9tico innecesario.  <\/p>\n<p data-start=\"3305\" data-end=\"3593\">Este enfoque inteligente y autorregulador ayuda a proteger los ba\u00f1os de <strong data-start=\"3377\" data-end=\"3414\">la condensaci\u00f3n, la humedad y el riesgo de moho<\/strong>, incluso en entornos m\u00e1s fr\u00edos donde la humedad puede persistir durante m\u00e1s tiempo. Debido a que el ventilador solo funciona cuando es necesario, permite un funcionamiento eficiente al tiempo que mantiene una buena calidad del aire interior. <\/p>\n<p data-start=\"3595\" data-end=\"3865\">El dise\u00f1o es discreto y pr\u00e1ctico, lo que lo hace adecuado para una amplia variedad de estilos de ba\u00f1o. Una vez instalado, Intellivent ICE requiere una intervenci\u00f3n m\u00ednima del usuario. No hay ajustes diarios ni configuraciones complejas que gestionar, ya que el extractor se adapta continuamente en segundo plano.  <\/p>\n<p data-start=\"3867\" data-end=\"3892\"><strong data-start=\"3867\" data-end=\"3892\">Las principales ventajas incluyen:<\/strong><\/p>\n<ul data-start=\"3893\" data-end=\"4260\">\n<li data-start=\"3893\" data-end=\"3972\">\n<p data-start=\"3895\" data-end=\"3972\"><strong data-start=\"3895\" data-end=\"3925\">Optimizado para espacios fr\u00edos:<\/strong> Dise\u00f1ado para ba\u00f1os con calefacci\u00f3n intermitente<\/p>\n<\/li>\n<li data-start=\"3973\" data-end=\"4046\">\n<p data-start=\"3975\" data-end=\"4046\"><strong data-start=\"3975\" data-end=\"4016\">Detecci\u00f3n autom\u00e1tica de humedad y olores:<\/strong> Ventila solo cuando es necesario<\/p>\n<\/li>\n<li data-start=\"4047\" data-end=\"4113\">\n<p data-start=\"4049\" data-end=\"4113\"><strong data-start=\"4049\" data-end=\"4072\">Funcionamiento adaptativo:<\/strong> Responde a los cambios ambientales reales<\/p>\n<\/li>\n<li data-start=\"4114\" data-end=\"4186\">\n<p data-start=\"4116\" data-end=\"4186\"><strong data-start=\"4116\" data-end=\"4139\">Ayuda a prevenir la humedad:<\/strong> Controla la humedad antes de que se acumule la condensaci\u00f3n<\/p>\n<\/li>\n<li data-start=\"4187\" data-end=\"4260\">\n<p data-start=\"4189\" data-end=\"4260\"><strong data-start=\"4189\" data-end=\"4220\">Silencioso y de bajo consumo:<\/strong> Adecuado para uso residencial diario<\/p>\n<\/li>\n<\/ul>\n<p data-start=\"4262\" data-end=\"4449\">El ventilador extractor de ba\u00f1o <strong data-start=\"4266\" data-end=\"4285\">IntelliVent ICE<\/strong> es una soluci\u00f3n fiable para entornos de ba\u00f1o dif\u00edciles, que ofrece un rendimiento de ventilaci\u00f3n inteligente donde los ventiladores est\u00e1ndar se quedan cortos.<\/p>\n<p><strong>Informaci\u00f3n del producto:<\/strong><\/p>\n<p>N\u00famero de art\u00edculo<br \/>\n197406<\/p>\n<p>Fase de alimentaci\u00f3n el\u00e9ctrica<br \/>\n1-Fase<\/p>\n<p>Protecci\u00f3nIP<br \/>\nIP 44<\/p>\n<p>Clase de aislamiento<br \/>\nII<\/p>\n<p>Capacidad m\u00e1xima (m3\/h)<br \/>\n140<\/p>\n<p>Nivel de presi\u00f3n ac\u00fastica 3 m dB(A)<br \/>\n19<\/p>\n<p>Material<br \/>\nPl\u00e1stico<\/p>\n<p>Presi\u00f3n m\u00e1xima (Pa)<br \/>\n57<\/p>\n<p>Anchura (mm)<br \/>\n185<\/p>\n<p>Profundidad (mm)<br \/>\n67<\/p>\n<p>Altura (mm)<br \/>\n160<\/p>\n<p>Tipo de instalaci\u00f3n<br \/>\nHorizontal, Vertical<\/p>\n<p>Nombre del producto<br \/>\nIntellivent ICE<\/p>\n<p>Consumo de energ\u00eda(W)<br \/>\n5<\/p>\n<p>Funciones<br \/>\nHumidostato Inteligente, Sensor de Luz, Sensor de Olores, Temporizador de Retraso, Temporizador de Funcionamiento, Volumen Constante, Conmutar en Directo<\/p>\n<p>Tensi\u00f3n de alimentaci\u00f3n (V)<br \/>\n100 V CA, 110 V CA, 230 V CA<\/p>\n<p>Opci\u00f3n inal\u00e1mbrica<br \/>\nBluetooth LE<\/p>\n<p>Tipo de motor<br \/>\nEC<\/p>\n<p>Detalle del material pl\u00e1stico<br \/>\nABS<\/p>\n<p>C\u00f3digo Etim<br \/>\nEC001141<\/p>\n<p>EAN 13<br \/>\n7318111974060<\/p>\n","protected":false},"excerpt":{"rendered":"<p><strong>Ventilaci\u00f3n inteligente<\/strong><br \/>\nCon un sensor de olores \u00fanico, una capacidad de extracci\u00f3n inigualable y un control de la humedad avanzado, <strong>Intellivent ICE<\/strong>, vendido en algunos mercados como <strong>PureAir Sense<\/strong>, <strong>Svensa<\/strong>, <strong>Aviant<\/strong> o <strong>K2<\/strong>, est\u00e1 optimizado para producir un clima de ba\u00f1o fresco y confortable.<\/p>\n<p><strong>Sensor de calidad del aire<\/strong><br \/>\nIntellivent ICE es el \u00fanico ventilador de ba\u00f1o del mundo equipado con un sensor de calidad del aire capaz de detectar olores fuertes. Cuando el sensor detecta un olor fuerte,<br \/>\naumenta la velocidad del ventilador y neutraliza r\u00e1pidamente el olor para que el aire siempre resulte fresco. <\/p>\n<p><strong>Rendimiento de presi\u00f3n superior<\/strong><br \/>\nEl ventilador no tiene rival en cuanto a capacidad de extracci\u00f3n, lo que significa que puede hacer frente a conductos largos y curvas sin comprometer la ventilaci\u00f3n.<\/p>\n<p><strong>Control de humedad autoajustable<\/strong><br \/>\nIntellivent ICE tiene un control de humedad totalmente autom\u00e1tico, lo que significa que se activa autom\u00e1ticamente cuando detecta un nivel de humedad elevado.Cuando aumenta la humedad de la habitaci\u00f3n, el ventilador aumenta su caudal de aire para garantizar que el clima del cuarto de ba\u00f1o siga siendo agradable.<\/p>\n<p><strong>Extremadamente silencioso<\/strong><br \/>\nAunque Intellivent ICE est\u00e1 equipado con un nuevo motor mucho m\u00e1s potente que todos sus predecesores, el ventilador es casi silencioso.<\/p>\n<p><strong>Aut\u00f3nomo<\/strong><br \/>\nOtra de las funciones inteligentes de Intellivent ICE es su sensor de luz. El ventilador reconoce cuando entras en una habitaci\u00f3n y se activa.<br \/>\nEsto significa que, junto con el programa de aireaci\u00f3n que se inicia despu\u00e9s de que el ventilador haya estado inactivo durante 26 horas, el ventilador es totalmente aut\u00f3nomo.<br \/>\nEl ventilador es, por tanto, ideal para cualquier zona sometida a humedad y olores.  Perfecto para cuartos de ba\u00f1o, s\u00f3tanos o casas de verano.<\/p>\n<p>Pantalla t\u00e1ctil<strong><\/strong>Una pantalla t\u00e1ctil intuitiva y \u00fanica se activa cuando tocas el bot\u00f3n de Encendido\/Apagado. Desde aqu\u00ed se pueden controlar las funciones m\u00e1s importantes del ventilador.<br \/>\nCuando terminas, la pantalla se aten\u00faa y vuelve a ser pr\u00e1cticamente invisible.  Y el ventilador puede restaurarse a los ajustes predeterminados de f\u00e1brica con s\u00f3lo pulsar un bot\u00f3n.<\/p>\n<p><strong>Ajuste fino mediante la App<\/strong><br \/>\nCon nuestra aplicaci\u00f3n Bluetooth Fresh Ventilation, puede personalizar m\u00faltiples funciones seg\u00fan sus condiciones particulares.<br \/>\nEsto es muy pr\u00e1ctico si el ventilador est\u00e1 montado en el techo y la pantalla t\u00e1ctil es dif\u00edcil de alcanzar.<\/p>\n<p><strong>Instalaci\u00f3n sencilla<\/strong><br \/>\nGracias a su pr\u00e1ctico dise\u00f1o y a los conectores r\u00e1pidos de los cables, Intellivent ICE es f\u00e1cil tanto de montar como de instalar.Cuando quieras limpiar el ventilador, el impulsor se puede extraer f\u00e1cilmente con una sola mano. El ventilador est\u00e1 homologado para su instalaci\u00f3n tanto en el techo como en la pared.<\/p>\n<p><strong>Desarrollado, dise\u00f1ado y fabricado en SueciaI<\/strong><br \/>\nIntellivent ICE es el ventilador de ba\u00f1o del futuro, y es el producto de una artesan\u00eda experta,experiencia pasada, exactitud y precisi\u00f3n. Calidad de fabricaci\u00f3n sueca con tecnolog\u00eda y dise\u00f1o en perfecta armon\u00eda.<\/p>\n<p><strong>Frontal de dise\u00f1o<\/strong><br \/>\nEl frontal de dise\u00f1o se coloca f\u00e1cilmente en el ventilador mediante fijaci\u00f3n magn\u00e9tica.<\/p>\n<p><a href=\"https:\/\/paxspain.com\/wp-content\/uploads\/2023\/04\/Manual_008751_ICE.pdf\">Descargar Manual Intellivent ICE<\/a><br \/>\n<a href=\"https:\/\/paxspain.com\/wp-content\/uploads\/2023\/04\/Intellivent-ICE_quickguide.pdf\">Descargar Gu\u00eda R\u00e1pida Intellivent ICE en ingl\u00e9s<\/a><br \/>\n<a href=\"https:\/\/paxspain.com\/wp-content\/uploads\/2023\/04\/ICE-Product-Sheet.pdf\">Descargar Ficha de Producto Intellivent ICE en ingl\u00e9s<\/a><br \/>\n<a href=\"https:\/\/paxspain.com\/wp-content\/uploads\/2023\/04\/Intellivent-ICE-Product-sheet-Spanish.pdf\">Descargar Ficha de Producto Intellivent ICE en espa\u00f1ol<\/a><br \/>\n<a href=\"https:\/\/paxspain.com\/wp-content\/uploads\/2023\/04\/Logo-Espanol-VENTILAIR-ICE.pdf\">Descargar Cat\u00e1logo Intellivent ICE en espa\u00f1ol<\/a><\/p>\n<div style=\"width: 480px;\" class=\"wp-video\"><video class=\"wp-video-shortcode\" id=\"video-5225-1\" width=\"480\" height=\"848\" preload=\"metadata\" controls=\"controls\"><source type=\"video\/mp4\" src=\"https:\/\/paxspain.com\/wp-content\/uploads\/2026\/01\/VID-20260115-WA0002.mp4?_=1\" \/><a href=\"https:\/\/paxspain.com\/wp-content\/uploads\/2026\/01\/VID-20260115-WA0002.mp4\">https:\/\/paxspain.com\/wp-content\/uploads\/2026\/01\/VID-20260115-WA0002.mp4<\/a><\/video><\/div>\n","protected":false},"featured_media":4807,"comment_status":"open","ping_status":"closed","template":"","meta":{"_et_pb_use_builder":"","_et_pb_old_content":"","_et_gb_content_width":""},"product_brand":[168],"product_cat":[81],"product_tag":[],"class_list":{"0":"post-5225","1":"product","2":"type-product","3":"status-publish","4":"has-post-thumbnail","6":"product_brand-fresh","7":"product_cat-productos-de-ventilacion","8":"pa_product-type-ventilador-de-bano","10":"first","11":"instock","12":"taxable","13":"shipping-taxable","14":"purchasable","15":"product-type-simple"},"jetpack_sharing_enabled":true,"_links":{"self":[{"href":"https:\/\/paxspain.com\/es\/wp-json\/wp\/v2\/product\/5225","targetHints":{"allow":["GET"]}}],"collection":[{"href":"https:\/\/paxspain.com\/es\/wp-json\/wp\/v2\/product"}],"about":[{"href":"https:\/\/paxspain.com\/es\/wp-json\/wp\/v2\/types\/product"}],"replies":[{"embeddable":true,"href":"https:\/\/paxspain.com\/es\/wp-json\/wp\/v2\/comments?post=5225"}],"wp:featuredmedia":[{"embeddable":true,"href":"https:\/\/paxspain.com\/es\/wp-json\/wp\/v2\/media\/4807"}],"wp:attachment":[{"href":"https:\/\/paxspain.com\/es\/wp-json\/wp\/v2\/media?parent=5225"}],"wp:term":[{"taxonomy":"product_brand","embeddable":true,"href":"https:\/\/paxspain.com\/es\/wp-json\/wp\/v2\/product_brand?post=5225"},{"taxonomy":"product_cat","embeddable":true,"href":"https:\/\/paxspain.com\/es\/wp-json\/wp\/v2\/product_cat?post=5225"},{"taxonomy":"product_tag","embeddable":true,"href":"https:\/\/paxspain.com\/es\/wp-json\/wp\/v2\/product_tag?post=5225"}],"curies":[{"name":"wp","href":"https:\/\/api.w.org\/{rel}","templated":true}]}}