{"id":5232,"date":"2023-04-10T23:51:28","date_gmt":"2023-04-10T21:51:28","guid":{"rendered":"https:\/\/paxspain.com\/product\/pax-passad-30\/"},"modified":"2026-03-12T11:20:29","modified_gmt":"2026-03-12T10:20:29","slug":"pax-passad-30","status":"publish","type":"product","link":"https:\/\/paxspain.com\/es\/producto\/pax-passad-30\/","title":{"rendered":"Passad 30"},"content":{"rendered":"<div class=\"row attribute-categories js-hide-row \" data-rowid=\"191\">\n<div class=\"col-sm-12 \" data-columnid=\"310\">\n<section id=\"section_443\" class=\"section section_Content section_443 \" data-lazysection-routevalues=\"{\"sectionid\":443}\" data-lazyload=\"false\" data-action=\"Home\/ContentSection\" data-sectionid=\"443\" data-view=\"Content\/_ContentDetail\">\n<h3>C\u00f3digos de los art\u00edculos<\/h3>\n<\/section>\n<section id=\"section_579\" class=\"section section_ProductAttributes section_579 \" data-lazysection-routevalues=\"{\"sectionid\":579}\" data-lazyload=\"false\" data-action=\"ProductDetail\/AttributeSection\" data-sectionid=\"579\" data-view=\"ProductDetail\/_AttributePlaceholders_Single_List\">\n<div class=\"product-additional-content\">\n<dl class=\"dl-horizontal\">\n<dt>N\u00ba art:<\/dt>\n<dd>1855-1<\/dd>\n<dt>EAN 13:<\/dt>\n<dd>7391477185516<\/dd>\n<dt>ETIM:<\/dt>\n<dd>EC001141<\/dd>\n<\/dl>\n<\/div>\n<\/section>\n<\/div>\n<\/div>\n<div class=\"row attribute-categories js-hide-row \" data-rowid=\"192\">\n<div class=\"col-sm-12 \" data-columnid=\"312\">\n<section id=\"section_444\" class=\"section section_Content section_444 \" data-lazysection-routevalues=\"{\"sectionid\":444}\" data-lazyload=\"false\" data-action=\"Home\/ContentSection\" data-sectionid=\"444\" data-view=\"Content\/_ContentDetail\">\n<h3>Medidas<\/h3>\n<\/section>\n<section id=\"section_440\" class=\"section section_ProductAttributes section_440 \" data-lazysection-routevalues=\"{\"sectionid\":440}\" data-lazyload=\"false\" data-action=\"ProductDetail\/AttributeSection\" data-sectionid=\"440\" data-view=\"ProductDetail\/_AttributePlaceholders_Single_List\">\n<div class=\"product-additional-content\">\n<dl class=\"dl-horizontal\">\n<dt>Dimensi\u00f3n del canal \u00d8 :<\/dt>\n<dd>100 mm<\/dd>\n<dt>Anchura del producto:<\/dt>\n<dd>172 mm<\/dd>\n<dt>Altura del producto:<\/dt>\n<dd>210 mm<\/dd>\n<dt>Profundidad del producto:<\/dt>\n<dd>142 mm<\/dd>\n<dt>Peso del producto:<\/dt>\n<dd>0,6 kg<\/dd>\n<\/dl>\n<\/div>\n<\/section>\n<\/div>\n<\/div>\n<div class=\"row attribute-categories js-hide-row \" data-rowid=\"193\">\n<div class=\"col-sm-12 \" data-columnid=\"314\">\n<section id=\"section_445\" class=\"section section_Content section_445 \" data-lazysection-routevalues=\"{\"sectionid\":445}\" data-lazyload=\"false\" data-action=\"Home\/ContentSection\" data-sectionid=\"445\" data-view=\"Content\/_ContentDetail\">\n<h3>Caracter\u00edsticas<\/h3>\n<\/section>\n<section id=\"section_442\" class=\"section section_ProductAttributes section_442 \" data-lazysection-routevalues=\"{\"sectionid\":442}\" data-lazyload=\"false\" data-action=\"ProductDetail\/AttributeSection\" data-sectionid=\"442\" data-view=\"ProductDetail\/_AttributePlaceholders_Single_List\">\n<div class=\"product-additional-content\">\n<dl class=\"dl-horizontal\">\n<dt>Funciones:<\/dt>\n<dd>Humidostato, Sensor de luz, Temporizador, Interruptor en directo<\/dd>\n<dt>Tipo de instalaci\u00f3n, pared, techo, etc:<\/dt>\n<dd>Horizontal, Vertical<\/dd>\n<dt>Presi\u00f3n m\u00e1xima:<\/dt>\n<dd>25 Pa<\/dd>\n<dt>M\u00e1ximo de aire libre (m3\/h):<\/dt>\n<dd>95 m\u00b3\/h<\/dd>\n<dt>Vatios m\u00e1ximos (W):<\/dt>\n<dd>5 W<\/dd>\n<dt>Tensi\u00f3n de alimentaci\u00f3n (12V-400V):<\/dt>\n<dd>230 V CA<\/dd>\n<dt>Fase de alimentaci\u00f3n el\u00e9ctrica:<\/dt>\n<dd>1-Fase<\/dd>\n<dt>Clase de aislamiento:<\/dt>\n<dd>II (no estar\u00e1 conectado a tierra de forma protectora)<\/dd>\n<dt>Tipo de motor:<\/dt>\n<dd>CA<\/dd>\n<dt>Protecci\u00f3n ( Ip ):<\/dt>\n<dd>IP 44<\/dd>\n<dt>Acabado:<\/dt>\n<dd>Mate<\/dd>\n<dt>Color:<\/dt>\n<dd>Blanco<\/dd>\n<dt>Material:<\/dt>\n<dd>Pl\u00e1stico<\/dd>\n<dt>Material Pl\u00e1stico Detalle:<\/dt>\n<dd>PP<\/dd>\n<dt>Temperatura m\u00e1xima de funcionamiento:<\/dt>\n<dd>35 \u00b0C<\/dd>\n<dt>Temperatura m\u00ednima de funcionamiento:<\/dt>\n<dd>5 \u00b0C<\/dd>\n<dt>Certificado medioambiental:<\/dt>\n<dd>SundaHus<\/dd>\n<dt>N\u00famero de a\u00f1os de garant\u00eda:<\/dt>\n<dd>5 a\u00f1os<\/dd>\n<\/dl>\n<\/div>\n<\/section>\n<\/div>\n<\/div>\n","protected":false},"excerpt":{"rendered":"<p>El Pax Passad 30 es perfecto para el ba\u00f1o en hogares con ventilaci\u00f3n natural (techo), o en casas donde el sistema de extracci\u00f3n mec\u00e1nica necesita ser complementado (pero a trav\u00e9s de su propio conducto). El ventilador se pone en marcha mediante un sensor de presencia ajustable, o cuando el nivel de humedad supera el valor ajustado.<span class=\"Apple-converted-space\"> <\/span><\/p>\n<p><strong>Experiencia y tecnolog\u00eda inteligente<\/strong><br \/>\n Hemos desarrollado la serie Pax Passad para que pueda encontrar f\u00e1cilmente un modelo que garantice la ventilaci\u00f3n en su hogar.<span class=\"Apple-converted-space\"> <\/span><\/p>\n<p><strong>Uso sin preocupaciones<\/strong><br \/>\n El ventilador Pax Passad est\u00e1 dise\u00f1ado principalmente para amplificar el flujo de aire de extracci\u00f3n en hogares con ventilaci\u00f3n natural. Son muy sencillos tanto de instalar como de utilizar. El espacio suficiente en la parte del marco facilita el trabajo del instalador y la limpieza se realiza con una simple operaci\u00f3n, sin necesidad de herramientas.<br \/>\nLas funciones inteligentes de los ventiladores te proporcionan una ventilaci\u00f3n sin preocupaciones y ayudan autom\u00e1ticamente a que tu casa \u00abrespire\u00bb cuando m\u00e1s se necesita. El resultado es un ambiente interior que os hace sentir bien tanto a ti como a la casa.<span class=\"Apple-converted-space\"> <\/span><\/p>\n<p><strong>Modelos<\/strong><br \/>\n Las caracter\u00edsticas distintivas de todos los ventiladores de la serie Pax Passad son que son extremadamente silenciosos, altamente eficientes, est\u00e1n fabricados con materiales respetuosos con el medio ambiente y tienen un consumo energ\u00e9tico m\u00ednimo. Obviamente, los ventiladores est\u00e1n homologados para su instalaci\u00f3n en zonas h\u00famedas.<\/p>\n<p><strong>Seguro &#8211; Protegido &#8211; Ecol\u00f3gico<\/strong><br \/>\n La serie Pax Passad se fabrica con materiales seleccionados por su muy bajo impacto ambiental. Los ventiladores son obviamente reciclables. Pax Passad es un producto recomendado por Sunda Hus, entre otros, por motivos medioambientales.<span class=\"Apple-converted-space\"> <\/span>Para su seguridad, cada ventilador Pax se somete a pruebas de calidad y seguridad muy exhaustivas. Para enfatizar nuestro compromiso con la calidad, ofrecemos una garant\u00eda de cinco a\u00f1os para Pax Passad.<\/p>\n<p><strong>Pax Passad<\/strong><br \/>\n1. Valor a 3 m de 27,9 dB(A)<br \/>\n2. Eficiente, 95 m\u00b3\/h de flujo libre<br \/>\n3. F\u00e1cil de instalar y usar<br \/>\n4. Eficiencia energ\u00e9tica, m\u00e1x. 5 W<br \/>\n5. Respetuoso con el medio ambiente, completamente reciclable<br \/>\n6. Seguro: cada ventilador se somete a pruebas de calidad y seguridad<br \/>\n7. Desarrollado y fabricado en Suecia<br \/>\n8. 5 a\u00f1os de garant\u00eda.<\/p>\n<p><a href=\"https:\/\/paxspain.com\/wp-content\/uploads\/2024\/09\/Manual-Bathroom-fan-Passad.pdf\">Descargar Manual de Producto Passad<\/a><br \/>\n<a href=\"https:\/\/paxspain.com\/wp-content\/uploads\/2023\/04\/English-PAX-Passad-30-Product-Sheet-.pdf\">Descargar Ficha de Producto Pax Passad &#8211; Ingl\u00e9s<\/a><br \/>\n<a href=\"https:\/\/paxspain.com\/wp-content\/uploads\/2023\/04\/Spanish-PAX-Passad-30-Product-Sheet.pdf\">Descargar Ficha de Producto Pax Passad &#8211; Espa\u00f1ol<\/a><\/p>\n","protected":false},"featured_media":5766,"comment_status":"open","ping_status":"closed","template":"","meta":{"_et_pb_use_builder":"off","_et_pb_old_content":"<ul>\n \t<li>\n<div>N\u00famero de art\u00edculo<\/div>\n<div>1860-1<\/div><\/li>\n \t<li>\n<div>Fase de alimentaci\u00f3n el\u00e9ctrica<\/div>\n<div>1-Fase<\/div><\/li>\n \t<li>\n<div>Protecci\u00f3nIP<\/div>\n<div>IP 44<\/div><\/li>\n \t<li>\n<div>AislamientoClase<\/div>\n<div>II<\/div><\/li>\n \t<li>\n<div>Capacidad m\u00e1xima (m3\/h)<\/div>\n<div>95<\/div><\/li>\n \t<li>\n<div>Nivel de presi\u00f3n ac\u00fastica 3 m dB(A)<\/div>\n<div>27,9<\/div><\/li>\n \t<li>\n<div>Material<\/div>\n<div>Pl\u00e1stico<\/div><\/li>\n \t<li>\n<div>Presi\u00f3n m\u00e1xima (Pa)<\/div>\n<div>25<\/div><\/li>\n \t<li>\n<div>Anchura (mm)<\/div>\n<div>172<\/div><\/li>\n \t<li>\n<div>Profundidad (mm)<\/div>\n<div>142<\/div><\/li>\n \t<li>\n<div>Altura (mm)<\/div>\n<div>210<\/div><\/li>\n \t<li>\n<div>Tipo de instalaci\u00f3n<\/div>\n<div>Horizontal , Vertical<\/div><\/li>\n \t<li>\n<div>Nombre del producto<\/div>\n<div>Pax Passad 31<\/div><\/li>\n \t<li>\n<div>Consumo de energ\u00eda (W)<\/div>\n<div>5<\/div><\/li>\n \t<li>\n<div>Funciones<\/div>\n<div>Humidostato, Sensor de Luz, Funcionamiento con Temporizador, Conmutar en Directo<\/div><\/li>\n \t<li>\n<div>Certificado medioambiental<\/div>\n<div>SundaHus, RAEE, REACH<\/div><\/li>\n \t<li>\n<div>Tensi\u00f3n de alimentaci\u00f3n (V)<\/div>\n<div>230 V CA<\/div><\/li>\n \t<li>\n<div>Tipo de motor<\/div>\n<div>CA<\/div><\/li>\n \t<li>\n<div>Detalle del material pl\u00e1stico<\/div>\n<div>PP<\/div><\/li>\n \t<li>\n<div>EtimCode<\/div>\n<div>EC001141<\/div><\/li>\n \t<li>\n<div>EAN 13<\/div>\n<div>7391477186018<\/div><\/li>\n<\/ul>","_et_gb_content_width":""},"product_brand":[134],"product_cat":[81],"product_tag":[],"class_list":{"0":"post-5232","1":"product","2":"type-product","3":"status-publish","4":"has-post-thumbnail","6":"product_brand-pax","7":"product_cat-productos-de-ventilacion","8":"pa_product-type-ventilador-extractor","10":"first","11":"instock","12":"taxable","13":"shipping-taxable","14":"purchasable","15":"product-type-simple"},"jetpack_sharing_enabled":true,"_links":{"self":[{"href":"https:\/\/paxspain.com\/es\/wp-json\/wp\/v2\/product\/5232","targetHints":{"allow":["GET"]}}],"collection":[{"href":"https:\/\/paxspain.com\/es\/wp-json\/wp\/v2\/product"}],"about":[{"href":"https:\/\/paxspain.com\/es\/wp-json\/wp\/v2\/types\/product"}],"replies":[{"embeddable":true,"href":"https:\/\/paxspain.com\/es\/wp-json\/wp\/v2\/comments?post=5232"}],"wp:featuredmedia":[{"embeddable":true,"href":"https:\/\/paxspain.com\/es\/wp-json\/wp\/v2\/media\/5766"}],"wp:attachment":[{"href":"https:\/\/paxspain.com\/es\/wp-json\/wp\/v2\/media?parent=5232"}],"wp:term":[{"taxonomy":"product_brand","embeddable":true,"href":"https:\/\/paxspain.com\/es\/wp-json\/wp\/v2\/product_brand?post=5232"},{"taxonomy":"product_cat","embeddable":true,"href":"https:\/\/paxspain.com\/es\/wp-json\/wp\/v2\/product_cat?post=5232"},{"taxonomy":"product_tag","embeddable":true,"href":"https:\/\/paxspain.com\/es\/wp-json\/wp\/v2\/product_tag?post=5232"}],"curies":[{"name":"wp","href":"https:\/\/api.w.org\/{rel}","templated":true}]}}