{"id":5233,"date":"2023-10-27T16:03:04","date_gmt":"2023-10-27T14:03:04","guid":{"rendered":"https:\/\/paxspain.com\/product\/deshumidificador-d-800\/"},"modified":"2026-03-18T17:37:10","modified_gmt":"2026-03-18T16:37:10","slug":"deshumidificador-d-800","status":"publish","type":"product","link":"https:\/\/paxspain.com\/es\/producto\/deshumidificador-d-800\/","title":{"rendered":"D-800"},"content":{"rendered":"<p>El<strong> Fresh<\/strong> <strong data-start=\"1626\" data-end=\"1648\">Deshumidificador D-800<\/strong> es un deshumidificador de sorci\u00f3n compacto dise\u00f1ado para espacios peque\u00f1os donde el aire h\u00famedo y fr\u00edo causa problemas de humedad continuos. A diferencia de las unidades de condensaci\u00f3n tradicionales, funciona de forma fiable a bajas temperaturas y elimina la humedad continuamente a trav\u00e9s de una manguera de escape, \u00a1lo que significa que no hay que vaciar ning\u00fan dep\u00f3sito de agua! Ligero y f\u00e1cil de colocar, el D-800 es ideal para espacios de arrastre, \u00e1ticos, s\u00f3tanos, lavaderos y propiedades vacacionales. Su funcionamiento silencioso y sus opciones de instalaci\u00f3n flexibles lo convierten en una elecci\u00f3n pr\u00e1ctica para mantener niveles de humedad m\u00e1s saludables sin atenci\u00f3n constante.   <\/p>\n<p>El deshumidificador puede fijarse a cualquier superficie plana, como una pared, el suelo o el techo. Una funci\u00f3n de reinicio autom\u00e1tico asegura que la unidad reanude su funcionamiento despu\u00e9s de una interrupci\u00f3n del suministro el\u00e9ctrico, una caracter\u00edstica importante para la gesti\u00f3n de la humedad a largo plazo en propiedades estacionales o remotas.<\/p>\n<div data-rowid=\"191\">\n<div data-columnid=\"310\">\n<section data-lazysection-routevalues=\"{\"sectionid\":443}\" data-lazyload=\"false\" data-action=\"Home\/ContentSection\" data-sectionid=\"443\" data-view=\"Content\/_ContentDetail\">\n<h3>Especificaciones clave<\/h3>\n<\/section>\n<section data-lazysection-routevalues=\"{\"sectionid\":579}\" data-lazyload=\"false\" data-action=\"ProductDetail\/AttributeSection\" data-sectionid=\"579\" data-view=\"ProductDetail\/_AttributePlaceholders_Single_List\">\n<div>\n<dl>\n<dt>EAN 13: 7318117200163<\/dt>\n<dt>ETIM: EC011727<\/dt>\n<\/dl>\n<\/div>\n<\/section>\n<\/div>\n<\/div>\n<div data-rowid=\"192\">\n<div data-columnid=\"312\">\n<section data-lazysection-routevalues=\"{\"sectionid\":444}\" data-lazyload=\"false\" data-action=\"Home\/ContentSection\" data-sectionid=\"444\" data-view=\"Content\/_ContentDetail\">\n<h3>Medidas<\/h3>\n<\/section>\n<section data-lazysection-routevalues=\"{\"sectionid\":440}\" data-lazyload=\"false\" data-action=\"ProductDetail\/AttributeSection\" data-sectionid=\"440\" data-view=\"ProductDetail\/_AttributePlaceholders_Single_List\">\n<div>\n<dl>\n<dt>Anchura del producto: 200 mm<\/dt>\n<dt>Altura del producto: 200 mm<\/dt>\n<dt>Profundidad del producto: 200 mm<\/dt>\n<dt>Peso del producto: 4,5 kg<\/dt>\n<\/dl>\n<\/div>\n<\/section>\n<\/div>\n<\/div>\n<div data-rowid=\"193\">\n<div data-columnid=\"314\">\n<section data-lazysection-routevalues=\"{\"sectionid\":445}\" data-lazyload=\"false\" data-action=\"Home\/ContentSection\" data-sectionid=\"445\" data-view=\"Content\/_ContentDetail\">\n<h3>Caracter\u00edsticas<\/h3>\n<\/section>\n<section data-lazysection-routevalues=\"{\"sectionid\":442}\" data-lazyload=\"false\" data-action=\"ProductDetail\/AttributeSection\" data-sectionid=\"442\" data-view=\"ProductDetail\/_AttributePlaceholders_Single_List\">\n<div>\n<dl>\n<dt>Funciones: Humidostato<\/dt>\n<dt>Tensi\u00f3n de alimentaci\u00f3n (12V-400V): 230V CA<\/dt>\n<dt>Fase de suministro el\u00e9ctrico: 1 fase<\/dt>\n<dt>Tipo de motor CA<\/dt>\n<\/dl>\n<\/div>\n<\/section>\n<\/div>\n<\/div>\n","protected":false},"excerpt":{"rendered":"<p>El deshumidificador Fresh D-800 est\u00e1 dise\u00f1ado para espacios donde el control de la humedad es esencial, pero las condiciones hacen que los deshumidificadores est\u00e1ndar sean ineficaces. Utilizando tecnolog\u00eda de sorci\u00f3n en lugar de condensaci\u00f3n, sigue funcionando en ambientes m\u00e1s fr\u00edos donde las unidades tradicionales tienen dificultades o se apagan. Este potente deshumidificador de sorci\u00f3n D-800 es adecuado para espacios de hasta 80 m\u00b2 y puede deshumidificar a bajas temperaturas, muy por debajo de +\/- 0\u00b0C.  <\/p>\n<h3>Para todos los espacios h\u00famedos.<\/h3>\n<ul>\n<li>Rango de funcionamiento -20\u00b0C a +40\u00b0C<\/li>\n<li>Instalaci\u00f3n flexible: pared, suelo o techo<\/li>\n<li>Funcionamiento silencioso con restablecimiento autom\u00e1tico del funcionamiento tras un corte de corriente<\/li>\n<li>Port\u00e1til y f\u00e1cil de colocar<\/li>\n<\/ul>\n<p><a href=\"https:\/\/paxspain.com\/wp-content\/uploads\/2023\/10\/008675-Fresh-avfuktare-D800_D1200_A4_EN.pdf\">Descargar cat\u00e1logo D-800 &amp; D-1200 &#8211; Ingl\u00e9s<\/a><br \/>\n<a href=\"https:\/\/paxspain.com\/wp-content\/uploads\/2023\/10\/Sales-sheet-fresh-dehumidifier-d800-d1200_es.pdf\">Descargar cat\u00e1logo D-800 &amp; D-1200 &#8211; Espa\u00f1ol<\/a><br \/>\n<a href=\"https:\/\/paxspain.com\/wp-content\/uploads\/2023\/10\/Manual-D-800_D-1200.pdf\">Descargar manual D-800 &amp; D-1200 &#8211; Ingl\u00e9s<\/a><br \/>\n<a href=\"https:\/\/paxspain.com\/wp-content\/uploads\/2023\/10\/English-D800-D1200-Product-sheet.pdf\">Descargar ficha t\u00e9cnica D-800 &amp; D-1200 &#8211; Ingl\u00e9s<\/a><br \/>\n<a href=\"https:\/\/paxspain.com\/wp-content\/uploads\/2023\/10\/Spanish-D800-D1200-Product-sheet.pdf\">Descargar ficha t\u00e9cnica D-800 &amp; D-1200 &#8211; Espa\u00f1ol<\/a><\/p>\n","protected":false},"featured_media":4819,"comment_status":"closed","ping_status":"closed","template":"","meta":{"_et_pb_use_builder":"","_et_pb_old_content":"","_et_gb_content_width":""},"product_brand":[168],"product_cat":[88],"product_tag":[],"class_list":{"0":"post-5233","1":"product","2":"type-product","3":"status-publish","4":"has-post-thumbnail","6":"product_brand-fresh","7":"product_cat-deshumidificadores","8":"pa_product-type-deshumidificador","10":"first","11":"instock","12":"taxable","13":"shipping-taxable","14":"purchasable","15":"product-type-simple"},"jetpack_sharing_enabled":true,"_links":{"self":[{"href":"https:\/\/paxspain.com\/es\/wp-json\/wp\/v2\/product\/5233","targetHints":{"allow":["GET"]}}],"collection":[{"href":"https:\/\/paxspain.com\/es\/wp-json\/wp\/v2\/product"}],"about":[{"href":"https:\/\/paxspain.com\/es\/wp-json\/wp\/v2\/types\/product"}],"replies":[{"embeddable":true,"href":"https:\/\/paxspain.com\/es\/wp-json\/wp\/v2\/comments?post=5233"}],"wp:featuredmedia":[{"embeddable":true,"href":"https:\/\/paxspain.com\/es\/wp-json\/wp\/v2\/media\/4819"}],"wp:attachment":[{"href":"https:\/\/paxspain.com\/es\/wp-json\/wp\/v2\/media?parent=5233"}],"wp:term":[{"taxonomy":"product_brand","embeddable":true,"href":"https:\/\/paxspain.com\/es\/wp-json\/wp\/v2\/product_brand?post=5233"},{"taxonomy":"product_cat","embeddable":true,"href":"https:\/\/paxspain.com\/es\/wp-json\/wp\/v2\/product_cat?post=5233"},{"taxonomy":"product_tag","embeddable":true,"href":"https:\/\/paxspain.com\/es\/wp-json\/wp\/v2\/product_tag?post=5233"}],"curies":[{"name":"wp","href":"https:\/\/api.w.org\/{rel}","templated":true}]}}