{"id":5241,"date":"2023-10-27T16:06:20","date_gmt":"2023-10-27T14:06:20","guid":{"rendered":"https:\/\/paxspain.com\/product\/deshumidificador-d-1200\/"},"modified":"2026-03-09T15:23:02","modified_gmt":"2026-03-09T14:23:02","slug":"deshumidificador-d-1200","status":"publish","type":"product","link":"https:\/\/paxspain.com\/es\/producto\/deshumidificador-d-1200\/","title":{"rendered":"D-1200"},"content":{"rendered":"<p>El <strong>deshumidificador D-1200 <\/strong>de Fresh es un deshumidificador por sorci\u00f3n compacto pero potente, dise\u00f1ado para un control eficaz de la humedad en una amplia variedad de entornos de hasta <strong data-start=\"2518\" data-end=\"2528\">120 m\u00b2<\/strong>. Tanto si necesita eliminar humedad persistente como gestionar la humedad ambiental, esta unidad ofrece un rendimiento fiable incluso en condiciones exigentes, incluidas temperaturas muy por debajo de 0 \u00b0C. <\/p>\n<p>El deshumidificador por sorci\u00f3n Fresh es uno de los deshumidificadores sin dep\u00f3sito m\u00e1s peque\u00f1os del mercado y una muy buena soluci\u00f3n para deshumidificar c\u00e1maras sanitarias y \u00e1ticos. El deshumidificador tambi\u00e9n es adecuado para otros espacios h\u00famedos, como lavaderos, casas de vacaciones, barcos y caravanas.<\/p>\n<p>A diferencia de los deshumidificadores tradicionales que dependen de la condensaci\u00f3n y de dep\u00f3sitos de agua, el D-1200 utiliza deshumidificaci\u00f3n por sorci\u00f3n. El aire h\u00famedo se aspira a trav\u00e9s de la unidad, la humedad se absorbe y se libera en un flujo de aire d\u00e9bil, saliendo por una manguera de extracci\u00f3n. Esto significa <em data-start=\"3132\" data-end=\"3161\">que no hay dep\u00f3sito de agua que vaciar<\/em> y una eliminaci\u00f3n continua de la humedad. Es ideal para espacios donde vaciar el dep\u00f3sito manualmente no es pr\u00e1ctico.   <\/p>\n<p>El deshumidificador puede fijarse a cualquier superficie plana, como una pared, el suelo o el techo.<\/p>\n<div data-rowid=\"191\">\n<div data-columnid=\"310\">\n<section data-lazysection-routevalues=\"{\"sectionid\":443}\" data-lazyload=\"false\" data-action=\"Home\/ContentSection\" data-sectionid=\"443\" data-view=\"Content\/_ContentDetail\">\n<h3>Especificaciones clave<\/h3>\n<\/section>\n<section data-lazysection-routevalues=\"{\"sectionid\":579}\" data-lazyload=\"false\" data-action=\"ProductDetail\/AttributeSection\" data-sectionid=\"579\" data-view=\"ProductDetail\/_AttributePlaceholders_Single_List\">\n<div>\n<dl>\n<dt>EAN 13: 7318117200163<\/dt>\n<dt>ETIM: EC011727<\/dt>\n<\/dl>\n<\/div>\n<\/section>\n<\/div>\n<\/div>\n<div data-rowid=\"192\">\n<div data-columnid=\"312\">\n<section data-lazysection-routevalues=\"{\"sectionid\":444}\" data-lazyload=\"false\" data-action=\"Home\/ContentSection\" data-sectionid=\"444\" data-view=\"Content\/_ContentDetail\">\n<h3>Medidas<\/h3>\n<\/section>\n<section data-lazysection-routevalues=\"{\"sectionid\":440}\" data-lazyload=\"false\" data-action=\"ProductDetail\/AttributeSection\" data-sectionid=\"440\" data-view=\"ProductDetail\/_AttributePlaceholders_Single_List\">\n<div>\n<dl>\n<dt>Anchura del producto: 200 mm<\/dt>\n<dt>Altura del producto: 200 mm<\/dt>\n<dt>Profundidad del producto: 200 mm<\/dt>\n<dt>Peso del producto: 4,5 kg<\/dt>\n<\/dl>\n<\/div>\n<\/section>\n<\/div>\n<\/div>\n<div data-rowid=\"193\">\n<div data-columnid=\"314\">\n<section data-lazysection-routevalues=\"{\"sectionid\":445}\" data-lazyload=\"false\" data-action=\"Home\/ContentSection\" data-sectionid=\"445\" data-view=\"Content\/_ContentDetail\">\n<h3>Caracter\u00edsticas<\/h3>\n<\/section>\n<section data-lazysection-routevalues=\"{\"sectionid\":442}\" data-lazyload=\"false\" data-action=\"ProductDetail\/AttributeSection\" data-sectionid=\"442\" data-view=\"ProductDetail\/_AttributePlaceholders_Single_List\">\n<div>\n<dl>\n<dt>Funciones: Humidostato<\/dt>\n<dt>Tensi\u00f3n de alimentaci\u00f3n (12V-400V): 230V CA<\/dt>\n<dt>Fase de suministro el\u00e9ctrico: 1 fase<\/dt>\n<dt>Tipo de motor CA<\/dt>\n<\/dl>\n<\/div>\n<\/section>\n<\/div>\n<\/div>\n","protected":false},"excerpt":{"rendered":"<p>El deshumidificador Fresh D-1200 es adecuado para espacios de hasta 120 m\u00b2 y puede deshumidificar a bajas temperaturas, muy por debajo de +\/- 0 \u00b0C.<\/p>\n<h3>Para todos los espacios h\u00famedos.<\/h3>\n<ul>\n<li>Rango de funcionamiento -20\u00b0C a +40\u00b0C<\/li>\n<li>Instalaci\u00f3n flexible: pared, suelo o techo<\/li>\n<li>Funcionamiento silencioso con restablecimiento autom\u00e1tico del funcionamiento tras un corte de corriente<\/li>\n<li>Port\u00e1til y f\u00e1cil de colocar<\/li>\n<\/ul>\n<p><a href=\"https:\/\/paxspain.com\/wp-content\/uploads\/2023\/10\/008675-Fresh-avfuktare-D800_D1200_A4_EN.pdf\">Descargar Cat\u00e1logo D-800 y D-1200 &#8211; Ingl\u00e9s<\/a><br \/>\n<a href=\"https:\/\/paxspain.com\/wp-content\/uploads\/2023\/10\/Sales-sheet-fresh-dehumidifier-d800-d1200_es.pdf\">Descargar Cat\u00e1logo D-800 y D-1200 &#8211; Espa\u00f1ol<\/a><br \/>\n<a href=\"https:\/\/paxspain.com\/wp-content\/uploads\/2023\/10\/Manual-D-800_D-1200.pdf\">Descargar Manual D-800 y D-1200 &#8211; Ingl\u00e9s<\/a><br \/>\n<a href=\"https:\/\/paxspain.com\/wp-content\/uploads\/2023\/10\/English-D800-D1200-Product-sheet.pdf\">Descargar Ficha de Producto D-800 y D-1200 &#8211; Ingl\u00e9s<\/a><br \/>\n<a href=\"https:\/\/paxspain.com\/wp-content\/uploads\/2023\/10\/Spanish-D800-D1200-Product-sheet.pdf\">Descargar Ficha de Producto D-800 y D-1200 &#8211; Espa\u00f1ol<\/a><\/p>\n","protected":false},"featured_media":4831,"comment_status":"closed","ping_status":"closed","template":"","meta":{"_et_pb_use_builder":"","_et_pb_old_content":"","_et_gb_content_width":""},"product_brand":[168],"product_cat":[88],"product_tag":[],"class_list":{"0":"post-5241","1":"product","2":"type-product","3":"status-publish","4":"has-post-thumbnail","6":"product_brand-fresh","7":"product_cat-deshumidificadores","8":"pa_product-type-deshumidificador","10":"first","11":"instock","12":"taxable","13":"shipping-taxable","14":"purchasable","15":"product-type-simple"},"jetpack_sharing_enabled":true,"_links":{"self":[{"href":"https:\/\/paxspain.com\/es\/wp-json\/wp\/v2\/product\/5241","targetHints":{"allow":["GET"]}}],"collection":[{"href":"https:\/\/paxspain.com\/es\/wp-json\/wp\/v2\/product"}],"about":[{"href":"https:\/\/paxspain.com\/es\/wp-json\/wp\/v2\/types\/product"}],"replies":[{"embeddable":true,"href":"https:\/\/paxspain.com\/es\/wp-json\/wp\/v2\/comments?post=5241"}],"wp:featuredmedia":[{"embeddable":true,"href":"https:\/\/paxspain.com\/es\/wp-json\/wp\/v2\/media\/4831"}],"wp:attachment":[{"href":"https:\/\/paxspain.com\/es\/wp-json\/wp\/v2\/media?parent=5241"}],"wp:term":[{"taxonomy":"product_brand","embeddable":true,"href":"https:\/\/paxspain.com\/es\/wp-json\/wp\/v2\/product_brand?post=5241"},{"taxonomy":"product_cat","embeddable":true,"href":"https:\/\/paxspain.com\/es\/wp-json\/wp\/v2\/product_cat?post=5241"},{"taxonomy":"product_tag","embeddable":true,"href":"https:\/\/paxspain.com\/es\/wp-json\/wp\/v2\/product_tag?post=5241"}],"curies":[{"name":"wp","href":"https:\/\/api.w.org\/{rel}","templated":true}]}}