{"id":5242,"date":"2023-10-27T17:06:45","date_gmt":"2023-10-27T15:06:45","guid":{"rendered":"https:\/\/paxspain.com\/product\/ventilacion-mural-tl80c-dbs-acustica\/"},"modified":"2026-03-03T17:20:09","modified_gmt":"2026-03-03T16:20:09","slug":"ventilacion-mural-tl80c-dbs-acustica","status":"publish","type":"product","link":"https:\/\/paxspain.com\/es\/producto\/ventilacion-mural-tl80c-dbs-acustica\/","title":{"rendered":"TL80C dBs &#8211; Ac\u00fastico"},"content":{"rendered":"<p>El Fresh TL 80C dBs es un kit completo de ventilaci\u00f3n de pared. Contiene la parte interna, el tubo de pared reductor de ruido, el casete filtrante y la rejilla externa. La rejilla de ventilaci\u00f3n mural TL C tiene una eficaz protecci\u00f3n contra la condensaci\u00f3n y una entrada de aire regulable.<\/p>\n<p>TL 80C dBs con tubo de pared fonoabsorbente es una opci\u00f3n excelente para ti, a quien molestan los ruidos del exterior de la casa. El tubo fonoabsorbente es f\u00e1cil de cortar a la longitud adecuada con una navaja plegable.<\/p>\n<p>El dise\u00f1o inteligente de la rejilla de ventilaci\u00f3n de pared toma aire fresco y proporciona una difusi\u00f3n confortable en la habitaci\u00f3n, sin causar corrientes de aire fr\u00edo. El aire exterior se toma tanto por la parte superior como por los laterales de la parte interna del respiradero de pared. El aire fresco se mezcla entonces eficazmente con el aire de la habitaci\u00f3n y alcanza r\u00e1pidamente una temperatura agradable. El caudal de aire se ajusta f\u00e1cilmente con un mando de precisi\u00f3n oculto bajo la tapa.<\/p>\n<p>Montaje y colocaci\u00f3n<br \/>\nInstala tu ventilaci\u00f3n mural Fresh en el dormitorio, el sal\u00f3n, el despacho y otras habitaciones que necesiten suministro de aire. Una regla emp\u00edrica para asegurar el n\u00famero adecuado de rejillas de ventilaci\u00f3n es una en cada dormitorio y dos en el sal\u00f3n. En algunos casos, conviene aumentar el n\u00famero de respiraderos, por ejemplo, si duermen varias personas en el mismo dormitorio o si el espacio total de la vivienda es mayor de lo habitual.<\/p>\n<p>Coloca la rejilla de ventilaci\u00f3n en lo alto de la pared, a unos 220 cm del suelo o con el borde superior de la rejilla de ventilaci\u00f3n a una distancia m\u00ednima de 10 cm del techo.<\/p>\n<p>Filtro y cuidado<br \/>\nMant\u00e9n la buena calidad del aire interior cambiando y limpiando los filtros con regularidad. Varios de nuestros filtros encajan en el respiradero TL C, elige la soluci\u00f3n de filtrado que se adapte a tus necesidades.<\/p>\n<p>Dise\u00f1o y calidad suecos<br \/>\nLa rejilla de ventilaci\u00f3n mural de la serie TL C se desarrolla, dise\u00f1a y fabrica en Suecia. Una ventilaci\u00f3n mural de Fresh te proporciona un clima interior bien ventilado. TL C tiene un dise\u00f1o elegante y suave desarrollado para los hogares n\u00f3rdicos.<\/p>\n<p>&nbsp;<\/p>\n<section>\n<section>\n<div>\n<div>\n<section>\n<h3>Especificaciones clave<\/h3>\n<\/section>\n<section>\n<div>\n<dl>\n<dt>EAN 13:<\/dt>\n<dd>7318116298260<\/dd>\n<dt>ETIM:<\/dt>\n<dd>EC011497<\/dd>\n<dt>Acabado:<\/dt>\n<dd>Matt<\/dd>\n<dt>Color:<\/dt>\n<dd>Blanco<\/dd>\n<dt>Material:<\/dt>\n<dd>Pl\u00e1stico<\/dd>\n<dt>Material Pl\u00e1stico Detalle:<\/dt>\n<dd>PE, PP<\/dd>\n<\/dl>\n<\/div>\n<\/section>\n<\/div>\n<\/div>\n<div>\n<div>\n<section>\n<h3>Medidas<\/h3>\n<\/section>\n<section>\n<div>\n<dl>\n<dt>Tipo de instalaci\u00f3n, pared, techo, etc:<\/dt>\n<dd>Pared exterior<\/dd>\n<dt>Dimensi\u00f3n kanal \u00d8 nominal<\/dt>\n<dd>80 mm<\/dd>\n<dt>Anchura del producto:<\/dt>\n<dd>176 mm<\/dd>\n<dt>Altura del producto:<\/dt>\n<dd>186 mm<\/dd>\n<dt>Profundidad del producto:<\/dt>\n<dd>441 mm<\/dd>\n<dt>Peso del producto:<\/dt>\n<dd>0,505 kg<\/dd>\n<\/dl>\n<\/div>\n<\/section>\n<\/div>\n<\/div>\n<div>\n<div>\n<section>\n<h3>Caracter\u00edsticas<\/h3>\n<\/section>\n<section>\n<div>\n<dl>\n<dt>Funciones:<\/dt>\n<dd>Filtro, Protecci\u00f3n contra la condensaci\u00f3n, Reducci\u00f3n del ruido<\/dd>\n<dt>Tipo de instalaci\u00f3n, pared, techo, etc:<\/dt>\n<dd>Pared exterior<\/dd>\n<dt>Acabado:<\/dt>\n<dd>Matt<\/dd>\n<dt>Color:<\/dt>\n<dd>Blanco<\/dd>\n<dt>Material:<\/dt>\n<dd>Pl\u00e1stico<\/dd>\n<dt>Material Pl\u00e1stico Detalle:<\/dt>\n<dd>PE, PP<\/dd>\n<\/dl>\n<\/div>\n<\/section>\n<\/div>\n<\/div>\n<\/section>\n<\/section>\n","protected":false},"excerpt":{"rendered":"<p>TL 80C dBs es una rejilla de ventilaci\u00f3n de pared reductora del ruido con un dise\u00f1o suave y elegante que proporciona una c\u00f3moda distribuci\u00f3n del aire en tu hogar.<\/p>\n<p>El respiradero tiene una protecci\u00f3n contra la condensaci\u00f3n muy eficaz, una entrada de aire regulable y un tubo de pared que reduce el ruido.<\/p>\n<ul>\n<li>Protecci\u00f3n extra fuerte contra la condensaci\u00f3n<\/li>\n<li>Distribuci\u00f3n c\u00f3moda del aire<\/li>\n<li>Reducci\u00f3n de ruido<\/li>\n<li>Fabricado en Suecia<\/li>\n<li>F\u00e1cil instalaci\u00f3n<\/li>\n<\/ul>\n<p><a href=\"https:\/\/paxspain.com\/wp-content\/uploads\/2023\/10\/Sales-sheet-wall-vent-TL-C-EN.pdf\">Descargar detalles del producto Rejilla de ventilaci\u00f3n TL Serie C &#8211; Ingl\u00e9s<\/a><br \/>\n<a href=\"https:\/\/paxspain.com\/wp-content\/uploads\/2023\/10\/Spanish-TL-C-Product-Sheet.pdf\">Descargar ficha del producto Rejilla de ventilaci\u00f3n TL Serie C &#8211; Espa\u00f1ol<\/a><br \/>\n<a href=\"https:\/\/paxspain.com\/wp-content\/uploads\/2023\/10\/Manual-TL80C-dBs.pdf\">Descargar Manual TL80C dBs<\/a><\/p>\n","protected":false},"featured_media":4869,"comment_status":"open","ping_status":"closed","template":"","meta":{"_et_pb_use_builder":"","_et_pb_old_content":"","_et_gb_content_width":""},"product_brand":[168],"product_cat":[84],"product_tag":[],"class_list":{"0":"post-5242","1":"product","2":"type-product","3":"status-publish","4":"has-post-thumbnail","6":"product_brand-fresh","7":"product_cat-rejillas-de-ventilacion","8":"pa_product-type-rejilla-de-pared","10":"first","11":"instock","12":"taxable","13":"shipping-taxable","14":"purchasable","15":"product-type-simple"},"jetpack_sharing_enabled":true,"_links":{"self":[{"href":"https:\/\/paxspain.com\/es\/wp-json\/wp\/v2\/product\/5242","targetHints":{"allow":["GET"]}}],"collection":[{"href":"https:\/\/paxspain.com\/es\/wp-json\/wp\/v2\/product"}],"about":[{"href":"https:\/\/paxspain.com\/es\/wp-json\/wp\/v2\/types\/product"}],"replies":[{"embeddable":true,"href":"https:\/\/paxspain.com\/es\/wp-json\/wp\/v2\/comments?post=5242"}],"wp:featuredmedia":[{"embeddable":true,"href":"https:\/\/paxspain.com\/es\/wp-json\/wp\/v2\/media\/4869"}],"wp:attachment":[{"href":"https:\/\/paxspain.com\/es\/wp-json\/wp\/v2\/media?parent=5242"}],"wp:term":[{"taxonomy":"product_brand","embeddable":true,"href":"https:\/\/paxspain.com\/es\/wp-json\/wp\/v2\/product_brand?post=5242"},{"taxonomy":"product_cat","embeddable":true,"href":"https:\/\/paxspain.com\/es\/wp-json\/wp\/v2\/product_cat?post=5242"},{"taxonomy":"product_tag","embeddable":true,"href":"https:\/\/paxspain.com\/es\/wp-json\/wp\/v2\/product_tag?post=5242"}],"curies":[{"name":"wp","href":"https:\/\/api.w.org\/{rel}","templated":true}]}}