{"id":5246,"date":"2023-10-27T17:16:45","date_gmt":"2023-10-27T15:16:45","guid":{"rendered":"https:\/\/paxspain.com\/product\/flujo-fdx\/"},"modified":"2026-03-18T17:37:06","modified_gmt":"2026-03-18T16:37:06","slug":"flujo-fdx","status":"publish","type":"product","link":"https:\/\/paxspain.com\/es\/producto\/flujo-fdx\/","title":{"rendered":"Flow FDX"},"content":{"rendered":"<p>Unidad de ventilaci\u00f3n con recuperaci\u00f3n de calor<br \/>\nFresh Flow recupera el calor saliente de la casa y reutiliza hasta el 85% para calentar el aire fresco entrante. Esto convierte a Fresh Flow en una inversi\u00f3n inteligente para el clima, tanto para usted como para el medio ambiente. <\/p>\n<p>C\u00f3mo funciona Fresh Flow<br \/>\nFresh Flow funciona mejor en parejas montadas en paredes exteriores para separar habitaciones de una misma vivienda.<br \/>\nEl potente ventilador Xenion de Fresh Flow funciona continuamente y cambia autom\u00e1ticamente la direcci\u00f3n del aire cada 70 segundos. Cuando el ventilador extrae el aire viciado del interior, una gran parte de la energ\u00eda t\u00e9rmica del aire de salida se capta y se almacena en el acumulador cer\u00e1mico integrado. A continuaci\u00f3n, el ventilador cambia de direcci\u00f3n durante los 70 segundos siguientes para ventilar el aire fresco exterior que pasa por el acumulador cer\u00e1mico calentado. El aire fr\u00edo del exterior se calienta al pasar por la cer\u00e1mica y se convierte en aire caliente y fresco que se distribuye por el sal\u00f3n o el dormitorio, por ejemplo.<\/p>\n<p>Para un beneficio \u00f3ptimo, se pueden conectar f\u00e1cilmente dos unidades Fresh Flow mediante emparejamiento inal\u00e1mbrico para ventilar con presi\u00f3n neutra y direcci\u00f3n de aire alterna.<\/p>\n<p>Sin necesidad de conductos<br \/>\nPara llegar a todas las habitaciones que necesitan intercambio de aire, las unidades de ventilaci\u00f3n tradicionales utilizan conductos, que ocupan mucho espacio. Los trabajos de instalaci\u00f3n suelen ser extensos y los costes elevados. Por eso, instalar una unidad centralizada tradicional en muchas casas antiguas es caro, complicado y a menudo puede parecer \u00abdesesperante\u00bb.<\/p>\n<p>Con Fresh Flow, adoptamos un enfoque diferente. Fresh Flow permite un intercambio de aire saludable y energ\u00e9ticamente inteligente, sin necesidad de tender un solo metro de conducto de ventilaci\u00f3n.  Las unidades de habitaci\u00f3n pueden instalarse f\u00e1cilmente en las habitaciones \u00absecas\u00bb de la propiedad. En otras palabras, directamente en las habitaciones que necesitan ventilaci\u00f3n.<br \/>\nEl sistema da como resultado una casa perfecta con ventilaci\u00f3n pasiva, y tiene m\u00faltiples funciones autom\u00e1ticas que trabajan continuamente para conseguir una ventilaci\u00f3n \u00f3ptima.<\/p>\n<p>Fresh Flow est\u00e1 especialmente dise\u00f1ado para el mercado n\u00f3rdico y es adecuado para paredes con un grosor de 185-310 mm, tanto en casas de madera como de ladrillo. La parte interior puede incluso empapelarse y pintarse.<\/p>\n<p>Funciona mejor por parejas<br \/>\nComo medida espec\u00edfica en determinadas habitaciones, recomendamos utilizar dos unidades Fresh Flow, que funcionan mejor por parejas. Alternativamente, varios pares de unidades pueden trabajar juntos para ventilar todas las \u00abhabitaciones secas\u00bb de la vivienda. Las estancias de higiene personal de la vivienda se ventilan de forma independiente mediante un ventilador de ba\u00f1o, como el Fresh Intellivent Sky, adem\u00e1s de equilibrar el aire exterior mediante un conducto de ventilaci\u00f3n en un pasillo adyacente o una habitaci\u00f3n auxiliar.<br \/>\nEl sistema es f\u00e1cil de instalar y ampliar: se pueden controlar hasta 16 unidades en la vivienda mediante un panel de control. Regla general: una unidad por habitaci\u00f3n o el equivalente a 15m2.<br \/>\nEl flujo realiza la misma funci\u00f3n como unidad individual que cuando se instala por parejas. <\/p>\n<p>Control y comunicaci\u00f3n inal\u00e1mbricos<br \/>\nFresh Flow se controla de forma inal\u00e1mbrica a trav\u00e9s de la aplicaci\u00f3n Fresh Ventilation o mediante el accesorio Fresh Control Panel.<br \/>\nLa frecuencia de 868 MHz en la red inal\u00e1mbrica del sistema permite la comunicaci\u00f3n entre las unidades de ventilaci\u00f3n individuales. La frecuencia est\u00e1 separada de otras redes RF\/Wi-Fi y tiene un alcance excelente. 20 metros en interiores hasta 250 metros en exteriores.<\/p>\n<p>Tanto la aplicaci\u00f3n como el panel de control te ofrecen un control total sobre tu sistema Fresh Flow, lo que significa que puedes controlar tus unidades para que funcionen seg\u00fan una serie de programas de funcionamiento predeterminados. Esto te permite personalizar f\u00e1cilmente el Fresh Flow para conseguir un intercambio de aire \u00f3ptimo en el entorno que quieras ventilar. Tambi\u00e9n puedes programar un programa de ventilaci\u00f3n individual para las distintas zonas en las que est\u00e9 instalada la unidad.<br \/>\nCuando quieras que las unidades Fresh Flow trabajen juntas, no es necesario instalar complicados conductos.   Toda la comunicaci\u00f3n entre los dispositivos tiene lugar de forma totalmente inal\u00e1mbrica.<\/p>\n<p>F\u00e1cil instalaci\u00f3n<br \/>\nPuedes realizar t\u00fa mismo la mayor parte de la instalaci\u00f3n, pero la instalaci\u00f3n el\u00e9ctrica debe realizarla un electricista autorizado. La instalaci\u00f3n el\u00e9ctrica se realiza en el armario interior y no se necesitan otros cables o dispositivos de control para poner en marcha el sistema. El armario interior, que contiene sensores para medir la humedad y la temperatura ambiente, puede montarse en el exterior o empotrado en la pared.<\/p>\n<p>Tambi\u00e9n puedes realizar t\u00fa mismo todo el mantenimiento y la limpieza.<\/p>\n<p>Accesorios de Fresh Connect<br \/>\nComo todas las casas, oficinas y edificios son diferentes, ofrecemos numerosos accesorios y extras opcionales para que puedas personalizar el sistema seg\u00fan tus condiciones particulares. Consulta los extras opcionales para Fresh Flow en la pesta\u00f1a \u00abAccesorios\u00bb. <\/p>\n<p>La unidad es muy eficiente energ\u00e9ticamente (3 W\/en espera 1 W), y fiable (hasta -20 \u00b0C).<\/p>\n<p>&nbsp;<\/p>\n<section>\n<section>\n<section>\n<div>\n<div>\n<section>\n<h3>Especificaciones clave<\/h3>\n<\/section>\n<section>\n<div>\n<dl>\n<dt>EAN 13:<\/dt>\n<dd>7318118100011<\/dd>\n<dt>ETIM:<\/dt>\n<dd>EC011286<\/dd>\n<dt>Color:<\/dt>\n<dd>Blanco<\/dd>\n<dt>Material:<\/dt>\n<dd>Cer\u00e1mica, pl\u00e1stico, acero inoxidable<\/dd>\n<\/dl>\n<\/div>\n<\/section>\n<\/div>\n<\/div>\n<div>\n<div>\n<section>\n<h3>Medidas<\/h3>\n<\/section>\n<section>\n<div>\n<dl>\n<dt>Tipo de instalaci\u00f3n, pared, techo, etc:<\/dt>\n<dd>Horizontal, Pared<\/dd>\n<dt>Dimensi\u00f3n kanal \u00d8 nominal<\/dt>\n<dd>160 mm<\/dd>\n<dt>Anchura del producto:<\/dt>\n<dd>270 mm<\/dd>\n<dt>Altura del producto:<\/dt>\n<dd>306 mm<\/dd>\n<dt>Profundidad del producto:<\/dt>\n<dd>430 mm<\/dd>\n<dt>Peso del producto:<\/dt>\n<dd>5,8 kg<\/dd>\n<\/dl>\n<\/div>\n<\/section>\n<\/div>\n<\/div>\n<div>\n<div>\n<section>\n<h3>Caracter\u00edsticas<\/h3>\n<\/section>\n<section>\n<div>\n<dl>\n<dt>Funciones:<\/dt>\n<dd>Volumen constante, tiempo de funcionamiento<\/dd>\n<dt>Tipo de instalaci\u00f3n, pared, techo, etc:<\/dt>\n<dd>Horizontal, Pared<\/dd>\n<dt>M\u00e1ximo de aire libre (m3\/h):<\/dt>\n<dd>43 m\u00b3\/h<\/dd>\n<dt>Vatios m\u00e1ximos (W):<\/dt>\n<dd>3 W<\/dd>\n<dt>Tensi\u00f3n de alimentaci\u00f3n (12V-400V):<\/dt>\n<dd>230 V CA<\/dd>\n<dt>Fase de alimentaci\u00f3n el\u00e9ctrica:<\/dt>\n<dd>1-Fase<\/dd>\n<dt>Clase de aislamiento:<\/dt>\n<dd>II<\/dd>\n<dt>Tipo de motor:<\/dt>\n<dd>CE<\/dd>\n<dt>Opci\u00f3n de control inal\u00e1mbrico:<\/dt>\n<dd>Bluetooth, RF868<\/dd>\n<dt>Protecci\u00f3n ( Ip ):<\/dt>\n<dd>IP 20<\/dd>\n<dt>Color:<\/dt>\n<dd>Blanco<\/dd>\n<dt>Material:<\/dt>\n<dd>Cer\u00e1mica, pl\u00e1stico, acero inoxidable<\/dd>\n<dt>Temperatura m\u00e1xima de funcionamiento:<\/dt>\n<dd>50 \u00b0C<\/dd>\n<dt>Temperatura m\u00ednima de funcionamiento:<\/dt>\n<dd>-20 \u00b0C<\/dd>\n<\/dl>\n<\/div>\n<\/section>\n<\/div>\n<\/div>\n<\/section>\n<\/section>\n<\/section>\n","protected":false},"excerpt":{"rendered":"<p>Unidad de ventilaci\u00f3n descentralizada con recuperaci\u00f3n de calor sin conductos. Controlado mediante la aplicaci\u00f3n o el accesorio <a href=\"https:\/\/paxspain.com\/product\/fresh-connect-control-panel\/\">Fresh Control Panel<\/a>.<\/p>\n<ul>\n<li>Controlado &#8211; mediante App o Panel de Control<\/li>\n<li>Instalaci\u00f3n en la pared exterior: no se necesitan conductos adicionales<\/li>\n<li>Muy eficiente energ\u00e9ticamente &#8211; 3 W (en espera 1 W)<\/li>\n<li>Fiable &#8211; hasta -20 \u00b0C<\/li>\n<li>Recuperaci\u00f3n de calor: hasta el 85<\/li>\n<\/ul>\n<p><a href=\"https:\/\/paxspain.com\/wp-content\/uploads\/2023\/10\/Sales-sheet-Heat-recovery-units-Flow.pdf\">Descargar Fresh Flow FDX PDF de detalles del producto &#8211; Ingl\u00e9s<\/a><br \/>\n<a href=\"https:\/\/paxspain.com\/wp-content\/uploads\/2023\/10\/ESPANOL-Fresh-Flow-Recuperador-Calor.pdf\">Descargar Folleto Fresh Flow FDX &#8211; Espa\u00f1ol<\/a><br \/>\n<a href=\"https:\/\/paxspain.com\/wp-content\/uploads\/2023\/10\/008648-B-Flow-FDX-201006_web.pdf\">Descargar Manual Fresh Flow FDX en PDF &#8211; Multiling\u00fce<\/a><\/p>\n<p><iframe loading=\"lazy\" title=\"Reproductor de v\u00eddeo de YouTube\" src=\"https:\/\/www.youtube.com\/embed\/TdbXK8tnKE4?si=j51osNTR5HBQmVay\" width=\"560\" height=\"315\" frameborder=\"0\" allowfullscreen=\"allowfullscreen\"><\/iframe><\/p>\n","protected":false},"featured_media":4873,"comment_status":"open","ping_status":"closed","template":"","meta":{"_et_pb_use_builder":"on","_et_pb_old_content":"Unidad de ventilaci\u00f3n con recuperaci\u00f3n de calor\nFresh Flow recupera el calor saliente de la casa y reutiliza hasta el 85% para calentar el aire fresco entrante. Esto convierte a Fresh Flow en una inversi\u00f3n inteligente para el clima, tanto para usted como para el medio ambiente. \n\nC\u00f3mo funciona Fresh Flow\nFresh Flow funciona mejor en parejas montadas en paredes exteriores para separar habitaciones de una misma vivienda.\nEl potente ventilador Xenion de Fresh Flow funciona continuamente y cambia autom\u00e1ticamente la direcci\u00f3n del aire cada 70 segundos. Cuando el ventilador extrae el aire viciado del interior, una gran parte de la energ\u00eda t\u00e9rmica del aire de salida se capta y se almacena en el acumulador cer\u00e1mico integrado. A continuaci\u00f3n, el ventilador cambia de direcci\u00f3n durante los 70 segundos siguientes para ventilar el aire fresco exterior que pasa por el acumulador cer\u00e1mico calentado. El aire fr\u00edo del exterior se calienta al pasar por la cer\u00e1mica y se convierte en aire caliente y fresco que se distribuye por el sal\u00f3n o el dormitorio, por ejemplo.\n\nPara un beneficio \u00f3ptimo, se pueden conectar f\u00e1cilmente dos unidades Fresh Flow mediante emparejamiento inal\u00e1mbrico para ventilar con presi\u00f3n neutra y direcci\u00f3n de aire alterna.\n\nSin necesidad de conductos\nPara llegar a todas las habitaciones que necesitan intercambio de aire, las unidades de ventilaci\u00f3n tradicionales utilizan conductos, que ocupan mucho espacio. Los trabajos de instalaci\u00f3n suelen ser extensos y los costes elevados. Por eso, instalar una unidad centralizada tradicional en muchas casas antiguas es caro, complicado y a menudo puede parecer \"desesperante\".\n\nCon Fresh Flow, adoptamos un enfoque diferente. Fresh Flow permite un intercambio de aire saludable y energ\u00e9ticamente inteligente, sin necesidad de tender un solo metro de conducto de ventilaci\u00f3n.  Las unidades de habitaci\u00f3n pueden instalarse f\u00e1cilmente en las habitaciones \"secas\" de la propiedad. En otras palabras, directamente en las habitaciones que necesitan ventilaci\u00f3n.\nEl sistema da como resultado una casa perfecta con ventilaci\u00f3n pasiva, y tiene m\u00faltiples funciones autom\u00e1ticas que trabajan continuamente para conseguir una ventilaci\u00f3n \u00f3ptima.\n\nFresh Flow est\u00e1 especialmente dise\u00f1ado para el mercado n\u00f3rdico y es adecuado para paredes con un grosor de 185-310 mm, tanto en casas de madera como de ladrillo. La parte interior puede incluso empapelarse y pintarse.\n\nFunciona mejor por parejas\nComo medida espec\u00edfica en determinadas habitaciones, recomendamos utilizar dos unidades Fresh Flow, que funcionan mejor por parejas. Alternativamente, varios pares de unidades pueden trabajar juntos para ventilar todas las \"habitaciones secas\" de la vivienda. Las estancias de higiene personal de la vivienda se ventilan de forma independiente mediante un ventilador de ba\u00f1o, como el Fresh Intellivent Sky, adem\u00e1s de equilibrar el aire exterior mediante un conducto de ventilaci\u00f3n en un pasillo adyacente o una habitaci\u00f3n auxiliar.\nEl sistema es f\u00e1cil de instalar y ampliar: se pueden controlar hasta 16 unidades en la vivienda mediante un panel de control. Regla general: una unidad por habitaci\u00f3n o el equivalente a 15m2.\nEl flujo realiza la misma funci\u00f3n como unidad individual que cuando se instala por parejas. \n\nControl y comunicaci\u00f3n inal\u00e1mbricos\nFresh Flow se controla de forma inal\u00e1mbrica a trav\u00e9s de la aplicaci\u00f3n Fresh Ventilation o mediante el accesorio Fresh Control Panel.\nLa frecuencia de 868 MHz en la red inal\u00e1mbrica del sistema permite la comunicaci\u00f3n entre las unidades de ventilaci\u00f3n individuales. La frecuencia est\u00e1 separada de otras redes RF\/Wi-Fi y tiene un alcance excelente. 20 metros en interiores hasta 250 metros en exteriores.\n\nTanto la aplicaci\u00f3n como el panel de control te ofrecen un control total sobre tu sistema Fresh Flow, lo que significa que puedes controlar tus unidades para que funcionen seg\u00fan una serie de programas de funcionamiento predeterminados. Esto te permite personalizar f\u00e1cilmente el Fresh Flow para conseguir un intercambio de aire \u00f3ptimo en el entorno que quieras ventilar. Tambi\u00e9n puedes programar un programa de ventilaci\u00f3n individual para las distintas zonas en las que est\u00e9 instalada la unidad.\nCuando quieras que las unidades Fresh Flow trabajen juntas, no es necesario instalar complicados conductos.   Toda la comunicaci\u00f3n entre los dispositivos tiene lugar de forma totalmente inal\u00e1mbrica.\n\nF\u00e1cil instalaci\u00f3n\nPuedes realizar t\u00fa mismo la mayor parte de la instalaci\u00f3n, pero la instalaci\u00f3n el\u00e9ctrica debe realizarla un electricista autorizado. La instalaci\u00f3n el\u00e9ctrica se realiza en el armario interior y no se necesitan otros cables o dispositivos de control para poner en marcha el sistema. El armario interior, que contiene sensores para medir la humedad y la temperatura ambiente, puede montarse en el exterior o empotrado en la pared.\n\nTambi\u00e9n puedes realizar t\u00fa mismo todo el mantenimiento y la limpieza.\n\nAccesorios de Fresh Connect\nComo todas las casas, oficinas y edificios son diferentes, ofrecemos numerosos accesorios y extras opcionales para que puedas personalizar el sistema seg\u00fan tus condiciones particulares. Consulta los extras opcionales para Fresh Flow en la pesta\u00f1a \"Accesorios\". \n\nLa unidad es muy eficiente energ\u00e9ticamente (3 W\/en espera 1 W), y fiable (hasta -20 \u00b0C).\n\n\u00a0\n\n<section><section><section>\n<div>\n<div><section>\n<h3>Especificaciones clave<\/h3>\n<\/section><section>\n<div>\n<dl>\n \t<dt>EAN 13:<\/dt>\n \t<dd>7318118100011<\/dd>\n \t<dt>ETIM:<\/dt>\n \t<dd>EC011286<\/dd>\n \t<dt>Color:<\/dt>\n \t<dd>Blanco<\/dd>\n \t<dt>Material:<\/dt>\n \t<dd>Cer\u00e1mica, pl\u00e1stico, acero inoxidable<\/dd>\n<\/dl>\n<\/div>\n<\/section><\/div>\n<\/div>\n<div>\n<div><section>\n<h3>Medidas<\/h3>\n<\/section><section>\n<div>\n<dl>\n \t<dt>Tipo de instalaci\u00f3n, pared, techo, etc:<\/dt>\n \t<dd>Horizontal, Pared<\/dd>\n \t<dt>Dimensi\u00f3n kanal \u00d8 nominal<\/dt>\n \t<dd>160 mm<\/dd>\n \t<dt>Anchura del producto:<\/dt>\n \t<dd>270 mm<\/dd>\n \t<dt>Altura del producto:<\/dt>\n \t<dd>306 mm<\/dd>\n \t<dt>Profundidad del producto:<\/dt>\n \t<dd>430 mm<\/dd>\n \t<dt>Peso del producto:<\/dt>\n \t<dd>5,8 kg<\/dd>\n<\/dl>\n<\/div>\n<\/section><\/div>\n<\/div>\n<div>\n<div><section>\n<h3>Caracter\u00edsticas<\/h3>\n<\/section><section>\n<div>\n<dl>\n \t<dt>Funciones:<\/dt>\n \t<dd>Volumen constante, tiempo de funcionamiento<\/dd>\n \t<dt>Tipo de instalaci\u00f3n, pared, techo, etc:<\/dt>\n \t<dd>Horizontal, Pared<\/dd>\n \t<dt>M\u00e1ximo de aire libre (m3\/h):<\/dt>\n \t<dd>43 m\u00b3\/h<\/dd>\n \t<dt>Vatios m\u00e1ximos (W):<\/dt>\n \t<dd>3 W<\/dd>\n \t<dt>Tensi\u00f3n de alimentaci\u00f3n (12V-400V):<\/dt>\n \t<dd>230 V CA<\/dd>\n \t<dt>Fase de alimentaci\u00f3n el\u00e9ctrica:<\/dt>\n \t<dd>1-Fase<\/dd>\n \t<dt>Clase de aislamiento:<\/dt>\n \t<dd>II<\/dd>\n \t<dt>Tipo de motor:<\/dt>\n \t<dd>CE<\/dd>\n \t<dt>Opci\u00f3n de control inal\u00e1mbrico:<\/dt>\n \t<dd>Bluetooth, RF868<\/dd>\n \t<dt>Protecci\u00f3n ( Ip ):<\/dt>\n \t<dd>IP 20<\/dd>\n \t<dt>Color:<\/dt>\n \t<dd>Blanco<\/dd>\n \t<dt>Material:<\/dt>\n \t<dd>Cer\u00e1mica, pl\u00e1stico, acero inoxidable<\/dd>\n \t<dt>Temperatura m\u00e1xima de funcionamiento:<\/dt>\n \t<dd>50 \u00b0C<\/dd>\n \t<dt>Temperatura m\u00ednima de funcionamiento:<\/dt>\n \t<dd>-20 \u00b0C<\/dd>\n<\/dl>\n<\/div>\n<\/section><\/div>\n<\/div>\n<\/section><\/section><\/section>","_et_gb_content_width":""},"product_brand":[168],"product_cat":[105,90],"product_tag":[],"class_list":{"0":"post-5246","1":"product","2":"type-product","3":"status-publish","4":"has-post-thumbnail","6":"product_brand-fresh","7":"product_cat-recuperacion-descentralizada-de-calor","8":"product_cat-unidades-de-recuperacion-de-calor","9":"pa_product-type-ventilador-de-recuperacion-de-calor-descentralizado","11":"first","12":"instock","13":"taxable","14":"shipping-taxable","15":"purchasable","16":"product-type-simple"},"jetpack_sharing_enabled":true,"_links":{"self":[{"href":"https:\/\/paxspain.com\/es\/wp-json\/wp\/v2\/product\/5246","targetHints":{"allow":["GET"]}}],"collection":[{"href":"https:\/\/paxspain.com\/es\/wp-json\/wp\/v2\/product"}],"about":[{"href":"https:\/\/paxspain.com\/es\/wp-json\/wp\/v2\/types\/product"}],"replies":[{"embeddable":true,"href":"https:\/\/paxspain.com\/es\/wp-json\/wp\/v2\/comments?post=5246"}],"wp:featuredmedia":[{"embeddable":true,"href":"https:\/\/paxspain.com\/es\/wp-json\/wp\/v2\/media\/4873"}],"wp:attachment":[{"href":"https:\/\/paxspain.com\/es\/wp-json\/wp\/v2\/media?parent=5246"}],"wp:term":[{"taxonomy":"product_brand","embeddable":true,"href":"https:\/\/paxspain.com\/es\/wp-json\/wp\/v2\/product_brand?post=5246"},{"taxonomy":"product_cat","embeddable":true,"href":"https:\/\/paxspain.com\/es\/wp-json\/wp\/v2\/product_cat?post=5246"},{"taxonomy":"product_tag","embeddable":true,"href":"https:\/\/paxspain.com\/es\/wp-json\/wp\/v2\/product_tag?post=5246"}],"curies":[{"name":"wp","href":"https:\/\/api.w.org\/{rel}","templated":true}]}}