{"id":5252,"date":"2023-10-27T17:49:19","date_gmt":"2023-10-27T15:49:19","guid":{"rendered":"https:\/\/paxspain.com\/product\/sensor-temperatura-humedad-exterior\/"},"modified":"2026-03-18T17:37:48","modified_gmt":"2026-03-18T16:37:48","slug":"sensor-temperatura-humedad-exterior","status":"publish","type":"product","link":"https:\/\/paxspain.com\/es\/producto\/sensor-temperatura-humedad-exterior\/","title":{"rendered":"Sensor de Temperatura\/Humedad Exterior"},"content":{"rendered":"<section>\n<section>\n<section>\n<section>\n<section>\n<section>\n<div class=\"row attribute-categories js-hide-row \" data-rowid=\"191\">\n<div class=\"col-sm-12 \" data-columnid=\"310\">\n<section id=\"section_443\" class=\"section section_Content section_443 \" data-lazysection-routevalues=\"{\"sectionid\":443}\" data-lazyload=\"false\" data-action=\"Home\/ContentSection\" data-sectionid=\"443\" data-view=\"Content\/_ContentDetail\">\n<div>\n<div>\n<section>Mejore su sistema de ventilaci\u00f3n inteligente con una detecci\u00f3n clim\u00e1tica exterior fiable, optimizada para el rendimiento, la eficiencia y el uso a largo plazo.\u2022 <strong data-start=\"2931\" data-end=\"2963\">Monitorizaci\u00f3n clim\u00e1tica precisa:<\/strong> mide continuamente los niveles de temperatura y humedad exterior, ayudando a que su sistema de ventilaci\u00f3n se adapte en tiempo real. <br data-start=\"3116\" data-end=\"3119\">\u2022 <strong data-start=\"3121\" data-end=\"3147\">Conectividad inal\u00e1mbrica:<\/strong> utiliza comunicaci\u00f3n RF 868 MHz y Bluetooth LE para una integraci\u00f3n perfecta con sistemas PAX compatibles y aplicaciones m\u00f3viles. <br data-start=\"3301\" data-end=\"3304\">\u2022 <strong data-start=\"3306\" data-end=\"3331\">Dise\u00f1o resistente a la intemperie:<\/strong> dise\u00f1ado para instalaci\u00f3n en pared exterior con <strong data-start=\"3376\" data-end=\"3395\">protecci\u00f3n IP67<\/strong>, garantizando el rendimiento incluso en condiciones clim\u00e1ticas adversas. <br data-start=\"3489\" data-end=\"3492\">\u2022 <strong data-start=\"3494\" data-end=\"3516\">Compacto y duradero:<\/strong> su carcasa de pl\u00e1stico ligero con acabado brillante facilita la instalaci\u00f3n y el uso a largo plazo.<\/p>\n<h3>Especificaciones clave<\/h3>\n<\/section>\n<section>\n<div>\n<dl>\n<dt>EAN 13:<\/dt>\n<dd>7318118100530<\/dd>\n<dt>ETIM:<\/dt>\n<dd>EC011606<\/dd>\n<dt>Acabado:<\/dt>\n<dd>Brillo<\/dd>\n<dt>Color:<\/dt>\n<dd>Blanco<\/dd>\n<dt>Material:<\/dt>\n<dd>Pl\u00e1stico<\/dd>\n<\/dl>\n<\/div>\n<\/section>\n<\/div>\n<\/div>\n<div>\n<div>\n<section>\n<h3>Medidas<\/h3>\n<\/section>\n<section>\n<div>\n<dl>\n<dt>Tipo de instalaci\u00f3n, pared, techo, etc:<\/dt>\n<dd>Pared exterior<\/dd>\n<dt>Anchura del producto:<\/dt>\n<dd>115 mm<\/dd>\n<dt>Altura del producto:<\/dt>\n<dd>126 mm<\/dd>\n<dt>Profundidad del producto:<\/dt>\n<dd>40 mm<\/dd>\n<dt>Peso del producto:<\/dt>\n<dd>0,156 kg<\/dd>\n<\/dl>\n<\/div>\n<\/section>\n<\/div>\n<\/div>\n<div>\n<div>\n<section>\n<h3>Caracter\u00edsticas<\/h3>\n<\/section>\n<section>\n<div>\n<dl>\n<dt>Funciones:<\/dt>\n<dd>Humidostato, Sensor de temperatura<\/dd>\n<dt>Tipo de instalaci\u00f3n, pared, techo, etc:<\/dt>\n<dd>Pared exterior<\/dd>\n<dt>Clase de aislamiento:<\/dt>\n<dd>II<\/dd>\n<dt>Opci\u00f3n de control inal\u00e1mbrico:<\/dt>\n<dd>Bluetooth LE<\/dd>\n<dt>Protecci\u00f3n ( Ip ):<\/dt>\n<dd>IP 67<\/dd>\n<dt>Acabado:<\/dt>\n<dd>Brillo<\/dd>\n<dt>Color:<\/dt>\n<dd>Blanco<\/dd>\n<dt>Material:<\/dt>\n<dd>Pl\u00e1stico<\/dd>\n<dt>Temperatura m\u00e1xima de funcionamiento:<\/dt>\n<dd>50 \u00b0C<\/dd>\n<dt>Certificado medioambiental:<\/dt>\n<dd>RAEE<\/dd>\n<\/dl>\n<\/div>\n<\/section>\n<\/div>\n<\/div>\n<\/section>\n<\/div>\n<\/div>\n<\/section>\n<\/section>\n<\/section>\n<\/section>\n<\/section>\n<\/section>\n","protected":false},"excerpt":{"rendered":"<p>Obtenga un control clim\u00e1tico exterior preciso con este <strong data-start=\"1718\" data-end=\"1770\">sensor inal\u00e1mbrico de temperatura y humedad exterior<\/strong> de PAX Espa\u00f1a. Dise\u00f1ado para instalaci\u00f3n en pared exterior, monitoriza continuamente la temperatura y humedad exterior y env\u00eda datos v\u00eda <strong data-start=\"1905\" data-end=\"1930\">Bluetooth (RF868 MHz)<\/strong> a su sistema de ventilaci\u00f3n. Fabricado con <strong data-start=\"1970\" data-end=\"2021\">materiales resistentes a la intemperie y protecci\u00f3n IP67<\/strong>, funciona a la perfecci\u00f3n con sistemas de recuperaci\u00f3n de calor y ventilaci\u00f3n inteligente compatibles para optimizar el rendimiento y la eficiencia energ\u00e9tica. Su discreto dise\u00f1o blanco y f\u00e1cil configuraci\u00f3n lo hacen ideal para instalaciones de ventilaci\u00f3n residenciales o comerciales.   <\/p>\n<ul>\n<li>Comunicaci\u00f3n inal\u00e1mbrica (RF868 MHz)<\/li>\n<li>F\u00e1cil conexi\u00f3n a la app mediante Bluetooth<\/li>\n<\/ul>\n<p><a href=\"https:\/\/paxspain.com\/wp-content\/uploads\/2023\/10\/Manual-Decentralized-heat-recovery-accessories.pdf\">Manual Accesorios de recuperaci\u00f3n de calor descentralizada<\/a><\/p>\n","protected":false},"featured_media":4899,"comment_status":"closed","ping_status":"closed","template":"","meta":{"_et_pb_use_builder":"","_et_pb_old_content":"","_et_gb_content_width":""},"product_brand":[168],"product_cat":[108,93,90],"product_tag":[],"class_list":{"0":"post-5252","1":"product","2":"type-product","3":"status-publish","4":"has-post-thumbnail","6":"product_brand-fresh","7":"product_cat-accesorios-flow-fdx","8":"product_cat-accesorios-recuperadores-de-calor","9":"product_cat-unidades-de-recuperacion-de-calor","11":"first","12":"instock","13":"taxable","14":"shipping-taxable","15":"purchasable","16":"product-type-simple"},"jetpack_sharing_enabled":true,"_links":{"self":[{"href":"https:\/\/paxspain.com\/es\/wp-json\/wp\/v2\/product\/5252","targetHints":{"allow":["GET"]}}],"collection":[{"href":"https:\/\/paxspain.com\/es\/wp-json\/wp\/v2\/product"}],"about":[{"href":"https:\/\/paxspain.com\/es\/wp-json\/wp\/v2\/types\/product"}],"replies":[{"embeddable":true,"href":"https:\/\/paxspain.com\/es\/wp-json\/wp\/v2\/comments?post=5252"}],"wp:featuredmedia":[{"embeddable":true,"href":"https:\/\/paxspain.com\/es\/wp-json\/wp\/v2\/media\/4899"}],"wp:attachment":[{"href":"https:\/\/paxspain.com\/es\/wp-json\/wp\/v2\/media?parent=5252"}],"wp:term":[{"taxonomy":"product_brand","embeddable":true,"href":"https:\/\/paxspain.com\/es\/wp-json\/wp\/v2\/product_brand?post=5252"},{"taxonomy":"product_cat","embeddable":true,"href":"https:\/\/paxspain.com\/es\/wp-json\/wp\/v2\/product_cat?post=5252"},{"taxonomy":"product_tag","embeddable":true,"href":"https:\/\/paxspain.com\/es\/wp-json\/wp\/v2\/product_tag?post=5252"}],"curies":[{"name":"wp","href":"https:\/\/api.w.org\/{rel}","templated":true}]}}