{"id":5255,"date":"2023-10-30T10:35:12","date_gmt":"2023-10-30T09:35:12","guid":{"rendered":"https:\/\/paxspain.com\/product\/pax-eos-100h\/"},"modified":"2026-02-22T13:58:59","modified_gmt":"2026-02-22T12:58:59","slug":"pax-eos-100h","status":"publish","type":"product","link":"https:\/\/paxspain.com\/es\/producto\/pax-eos-100h\/","title":{"rendered":"Eos 100H"},"content":{"rendered":"<p>El EOS de Pax con precalentamiento proporciona una ventaja a\u00f1adida cuando hace fr\u00edo fuera. Antes de que el aire fr\u00edo del exterior entre en la casa, se precalienta al menos a 18 \u00b0C, para que est\u00e9 cerca de la temperatura ambiente ordinaria desde el principio. Es bonito y ahorra energ\u00eda.<\/p>\n<p>Si quieres que el Eos funcione autom\u00e1ticamente de la forma m\u00e1s econ\u00f3mica posible cuando hace fr\u00edo en el exterior, activa el modo Eco. Si, en cambio, quieres que el autom\u00e1tico proporcione una entrada uniforme de aire artificial rojo y confortable, cambia al modo Confort.<\/p>\n<p>Para las condiciones escandinavas, Pax Eos es un edificio s\u00f3lido, equipado para las condiciones escandinavas. Por supuesto, est\u00e1 probada y tiene la marca S, doble aislamiento y clasificaci\u00f3n IP24. Tiene un motor EC, es decir, un motor de corriente continua sin escobillas que es incre\u00edblemente fiable. Sin purgador de condensaci\u00f3n Eos no necesita purgador de condensaci\u00f3n, porque el control inteligente regula los flujos de aire para que no se produzca condensaci\u00f3n.<\/p>\n<p>Sustituci\u00f3n del filtro Para garantizar una calidad del aire y un funcionamiento realmente buenos, Eos tiene filtros dobles. Son f\u00e1ciles de cambiar ellos mismos, lo que debe hacerse una vez cada seis meses: Eos se avisa a s\u00ed mismo cuando llega el momento. Los filtros est\u00e1ndar se pueden adquirir a trav\u00e9s de nuestros distribuidores.<\/p>\n<p><strong>\u00bfMal espacio en el ba\u00f1o?<\/strong>  \u00bfTienes poco espacio para montar el Eos en el cuarto de ba\u00f1o o en el lavadero? PAX Eos puede equiparse con un conducto de extracci\u00f3n para extraer aire de la habitaci\u00f3n deseada. De esta manera, Eos puede colocarse, por ejemplo, en un armario adyacente. <a href=\"https:\/\/paxspain.com\/contact\/\" target=\"_blank\" rel=\"noopener\">Cont\u00e1ctenos<\/a> para hablar sobre sus necesidades de ventilaci\u00f3n. <\/p>\n<p>&nbsp;<\/p>\n<div>\n<div>\n<section>\n<h3>Especificaciones clave<\/h3>\n<\/section>\n<section>\n<div>\n<dl>\n<dt>EAN 13:<\/dt>\n<dd>7391477111027<\/dd>\n<dt>ETIM:<\/dt>\n<dd>EC011286<\/dd>\n<dt>Color:<\/dt>\n<dd>Blanco<\/dd>\n<dt>Material:<\/dt>\n<dd>Pl\u00e1stico<\/dd>\n<dt>Material Pl\u00e1stico Detalle:<\/dt>\n<dd>ABS<\/dd>\n<\/dl>\n<\/div>\n<\/section>\n<\/div>\n<\/div>\n<div>\n<div>\n<section>\n<h3>Medidas<\/h3>\n<\/section>\n<section>\n<div>\n<dl>\n<dt>Tipo de instalaci\u00f3n, pared, techo, etc:<\/dt>\n<dd>Techo vac\u00edo, Techo, Pared<\/dd>\n<dt>Dimensi\u00f3n kanal \u00d8 nominal<\/dt>\n<dd>100 mm<\/dd>\n<dt>Anchura del producto:<\/dt>\n<dd>720 mm<\/dd>\n<dt>Altura del producto:<\/dt>\n<dd>191 mm<\/dd>\n<dt>Profundidad del producto:<\/dt>\n<dd>340 mm<\/dd>\n<dt>Peso del producto:<\/dt>\n<dd>9,5 kg<\/dd>\n<\/dl>\n<\/div>\n<\/section>\n<\/div>\n<\/div>\n<div>\n<div>\n<section>\n<h3>Caracter\u00edsticas<\/h3>\n<\/section>\n<section>\n<div>\n<dl>\n<dt>Funciones:<\/dt>\n<dd>Sensor de flujo de aire, Humidostato<\/dd>\n<dt>Tipo de instalaci\u00f3n, pared, techo, etc:<\/dt>\n<dd>Techo vac\u00edo, Techo, Pared<\/dd>\n<dt>M\u00e1ximo de aire libre (m3\/h):<\/dt>\n<dd>90 m\u00b3\/h<\/dd>\n<dt>Vatios m\u00e1ximos (W):<\/dt>\n<dd>25 W<\/dd>\n<dt>Tensi\u00f3n de alimentaci\u00f3n (12V-400V):<\/dt>\n<dd>230 V CA<\/dd>\n<dt>Fase de alimentaci\u00f3n el\u00e9ctrica:<\/dt>\n<dd>1-Fase<\/dd>\n<dt>Clase de aislamiento:<\/dt>\n<dd>II<\/dd>\n<dt>Tipo de motor:<\/dt>\n<dd>CE<\/dd>\n<dt>Protecci\u00f3n ( Ip ):<\/dt>\n<dd>IP 24<\/dd>\n<dt>Color:<\/dt>\n<dd>Blanco<\/dd>\n<dt>Material:<\/dt>\n<dd>Pl\u00e1stico<\/dd>\n<dt>Material Pl\u00e1stico Detalle:<\/dt>\n<dd>ABS<\/dd>\n<\/dl>\n<\/div>\n<\/section>\n<\/div>\n<\/div>\n","protected":false},"excerpt":{"rendered":"<p><strong>Unidad de ventilaci\u00f3n con recuperaci\u00f3n de calor.<\/strong><\/p>\n<p>Equipado con precalentador, sensor de humedad y mando a distancia. Para instalaci\u00f3n fija.<\/p>\n<ul>\n<li>Sustituye el aire y retiene el calor<\/li>\n<li>Ahorra calor y dinero<\/li>\n<li>Instalaci\u00f3n sencilla y atractiva<\/li>\n<\/ul>\n<p><a href=\"https:\/\/paxspain.com\/wp-content\/uploads\/2023\/10\/PAX-Eos-100H-manual.pdf\">Descargar manual PAX Eos 100H &#8211; Ingl\u00e9s<\/a><br \/>\n<a href=\"https:\/\/paxspain.com\/wp-content\/uploads\/2023\/10\/Brochure-Heat-recovery-units-Eos-EN.pdf\">Descargar folleto PAX Eos 100H &#8211; Ingl\u00e9s<\/a><br \/>\n<a href=\"https:\/\/paxspain.com\/wp-content\/uploads\/2023\/10\/Spanish-PAX-Eos.pdf\">Descargar ficha de producto PAX Eos 100H &#8211; Espa\u00f1ol<\/a><\/p>\n<p>&nbsp;<\/p>\n<p>&nbsp;<\/p>\n<p><iframe loading=\"lazy\" title=\"Reproductor de v\u00eddeo de YouTube\" src=\"https:\/\/www.youtube.com\/embed\/ZfXKczEatN0?si=wkAOa6d4e9KXLyTk\" width=\"560\" height=\"315\" frameborder=\"0\" allowfullscreen=\"allowfullscreen\"><\/iframe><\/p>\n","protected":false},"featured_media":4905,"comment_status":"open","ping_status":"closed","template":"","meta":{"_et_pb_use_builder":"","_et_pb_old_content":"","_et_gb_content_width":""},"product_brand":[134],"product_cat":[156],"product_tag":[],"class_list":{"0":"post-5255","1":"product","2":"type-product","3":"status-publish","4":"has-post-thumbnail","6":"product_brand-pax","7":"product_cat-recuperacion-de-calor-centralizada","8":"pa_product-type-ventilador-centralizado-de-recuperacion-de-calor","10":"first","11":"instock","12":"taxable","13":"shipping-taxable","14":"purchasable","15":"product-type-simple"},"jetpack_sharing_enabled":true,"_links":{"self":[{"href":"https:\/\/paxspain.com\/es\/wp-json\/wp\/v2\/product\/5255","targetHints":{"allow":["GET"]}}],"collection":[{"href":"https:\/\/paxspain.com\/es\/wp-json\/wp\/v2\/product"}],"about":[{"href":"https:\/\/paxspain.com\/es\/wp-json\/wp\/v2\/types\/product"}],"replies":[{"embeddable":true,"href":"https:\/\/paxspain.com\/es\/wp-json\/wp\/v2\/comments?post=5255"}],"wp:featuredmedia":[{"embeddable":true,"href":"https:\/\/paxspain.com\/es\/wp-json\/wp\/v2\/media\/4905"}],"wp:attachment":[{"href":"https:\/\/paxspain.com\/es\/wp-json\/wp\/v2\/media?parent=5255"}],"wp:term":[{"taxonomy":"product_brand","embeddable":true,"href":"https:\/\/paxspain.com\/es\/wp-json\/wp\/v2\/product_brand?post=5255"},{"taxonomy":"product_cat","embeddable":true,"href":"https:\/\/paxspain.com\/es\/wp-json\/wp\/v2\/product_cat?post=5255"},{"taxonomy":"product_tag","embeddable":true,"href":"https:\/\/paxspain.com\/es\/wp-json\/wp\/v2\/product_tag?post=5255"}],"curies":[{"name":"wp","href":"https:\/\/api.w.org\/{rel}","templated":true}]}}