{"id":5256,"date":"2023-10-27T17:40:02","date_gmt":"2023-10-27T15:40:02","guid":{"rendered":"https:\/\/paxspain.com\/product\/sensor-co2-incl-sensor-de-temperatura-humedad\/"},"modified":"2026-02-26T18:58:07","modified_gmt":"2026-02-26T17:58:07","slug":"sensor-co2-incl-sensor-de-temperatura-humedad","status":"publish","type":"product","link":"https:\/\/paxspain.com\/es\/producto\/sensor-co2-incl-sensor-de-temperatura-humedad\/","title":{"rendered":"Sensor de CO2 (incl. sensor de temperatura\/humedad)"},"content":{"rendered":"<section>\n<section>\n<section>\n<section>\n<section>\n<div>\n<div>\n<section>\n<p data-start=\"1600\" data-end=\"2259\">El <strong data-start=\"1604\" data-end=\"1652\">sensor de CO\u2082 PAX con temperatura y humedad<\/strong> est\u00e1 dise\u00f1ado para una ventilaci\u00f3n inteligente controlada por demanda. Al monitorizar continuamente la calidad del aire interior, la temperatura y los niveles de humedad, ayuda a que los sistemas de ventilaci\u00f3n conectados respondan solo cuando sea necesario. Este enfoque espec\u00edfico mejora el confort y evita el uso innecesario de energ\u00eda. Ideal para entornos residenciales y comerciales ligeros, el sensor se integra perfectamente con soluciones de ventilaci\u00f3n PAX compatibles, incluidos los sistemas utilizados junto con un <strong data-start=\"2108\" data-end=\"2136\">recuperador de calor<\/strong> o un <strong data-start=\"2140\" data-end=\"2166\">extractor de ba\u00f1o<\/strong>. Una opci\u00f3n pr\u00e1ctica para mantener un aire interior m\u00e1s saludable sin ajustes manuales constantes.    <\/p>\n<h3>Especificaciones clave<\/h3>\n<\/section>\n<section>\n<div>\n<dl>\n<dt>EAN 13:<\/dt>\n<dd>7318118100516<\/dd>\n<dt>ETIM:<\/dt>\n<dd>EC011606<\/dd>\n<dt>Acabado:<\/dt>\n<dd>Brillo<\/dd>\n<dt>Color:<\/dt>\n<dd>Blanco<\/dd>\n<dt>Material:<\/dt>\n<dd>Pl\u00e1stico<\/dd>\n<\/dl>\n<\/div>\n<\/section>\n<\/div>\n<\/div>\n<div>\n<div>\n<section>\n<h3>Medidas<\/h3>\n<\/section>\n<section>\n<div>\n<dl>\n<dt>Tipo de instalaci\u00f3n, pared, techo, etc:<\/dt>\n<dd>Pared<\/dd>\n<dt>Anchura del producto:<\/dt>\n<dd>88 mm<\/dd>\n<dt>Altura del producto:<\/dt>\n<dd>88 mm<\/dd>\n<dt>Profundidad del producto:<\/dt>\n<dd>9 mm<\/dd>\n<dt>Peso del producto:<\/dt>\n<dd>0,106 kg<\/dd>\n<\/dl>\n<\/div>\n<\/section>\n<\/div>\n<\/div>\n<div>\n<div>\n<section>\n<h3>Caracter\u00edsticas<\/h3>\n<\/section>\n<section>\n<div>\n<dl>\n<dt>Funciones:<\/dt>\n<dd>Sensor de CO2, Humidostato, Sensor de temperatura<\/dd>\n<dt>Tipo de instalaci\u00f3n, pared, techo, etc:<\/dt>\n<dd>Pared<\/dd>\n<dt>Tensi\u00f3n de alimentaci\u00f3n (12V-400V):<\/dt>\n<dd>230 V CA<\/dd>\n<dt>Fase de alimentaci\u00f3n el\u00e9ctrica:<\/dt>\n<dd>1-Fase<\/dd>\n<dt>Clase de aislamiento:<\/dt>\n<dd>II<\/dd>\n<dt>Opci\u00f3n de control inal\u00e1mbrico:<\/dt>\n<dd>Bluetooth LE<\/dd>\n<dt>Acabado:<\/dt>\n<dd>Brillo<\/dd>\n<dt>Color:<\/dt>\n<dd>Blanco<\/dd>\n<dt>Material:<\/dt>\n<dd>Pl\u00e1stico<\/dd>\n<dt>Temperatura m\u00e1xima de funcionamiento:<\/dt>\n<dd>50 \u00b0C<\/dd>\n<\/dl>\n<\/div>\n<\/section>\n<\/div>\n<\/div>\n<\/section>\n<\/section>\n<\/section>\n<\/section>\n<\/section>\n","protected":false},"excerpt":{"rendered":"<p>Sensor inal\u00e1mbrico que controla el contenido de di\u00f3xido de carbono, la temperatura y la humedad, y ajusta la ventilaci\u00f3n si es necesario.<\/p>\n<ul>\n<li>Comunicaci\u00f3n inal\u00e1mbrica (RF868 MHz)<\/li>\n<li>Sensor de CO2 y temperatura\/humedad<\/li>\n<li>F\u00e1cil conexi\u00f3n a la app mediante Bluetooth<\/li>\n<\/ul>\n<p><a href=\"https:\/\/paxspain.com\/wp-content\/uploads\/2023\/10\/Manual-Fresh-Connect-Kontrollpanel-och-CO2-sensor-1.pdf\">Manual Fresh Connect Kontrollpanel y sensor de CO2 (1)<\/a><\/p>\n","protected":false},"featured_media":4889,"comment_status":"closed","ping_status":"closed","template":"","meta":{"_et_pb_use_builder":"","_et_pb_old_content":"","_et_gb_content_width":""},"product_brand":[168],"product_cat":[108,93],"product_tag":[],"class_list":{"0":"post-5256","1":"product","2":"type-product","3":"status-publish","4":"has-post-thumbnail","6":"product_brand-fresh","7":"product_cat-accesorios-flow-fdx","8":"product_cat-accesorios-recuperadores-de-calor","10":"first","11":"instock","12":"taxable","13":"shipping-taxable","14":"purchasable","15":"product-type-simple"},"jetpack_sharing_enabled":true,"_links":{"self":[{"href":"https:\/\/paxspain.com\/es\/wp-json\/wp\/v2\/product\/5256","targetHints":{"allow":["GET"]}}],"collection":[{"href":"https:\/\/paxspain.com\/es\/wp-json\/wp\/v2\/product"}],"about":[{"href":"https:\/\/paxspain.com\/es\/wp-json\/wp\/v2\/types\/product"}],"replies":[{"embeddable":true,"href":"https:\/\/paxspain.com\/es\/wp-json\/wp\/v2\/comments?post=5256"}],"wp:featuredmedia":[{"embeddable":true,"href":"https:\/\/paxspain.com\/es\/wp-json\/wp\/v2\/media\/4889"}],"wp:attachment":[{"href":"https:\/\/paxspain.com\/es\/wp-json\/wp\/v2\/media?parent=5256"}],"wp:term":[{"taxonomy":"product_brand","embeddable":true,"href":"https:\/\/paxspain.com\/es\/wp-json\/wp\/v2\/product_brand?post=5256"},{"taxonomy":"product_cat","embeddable":true,"href":"https:\/\/paxspain.com\/es\/wp-json\/wp\/v2\/product_cat?post=5256"},{"taxonomy":"product_tag","embeddable":true,"href":"https:\/\/paxspain.com\/es\/wp-json\/wp\/v2\/product_tag?post=5256"}],"curies":[{"name":"wp","href":"https:\/\/api.w.org\/{rel}","templated":true}]}}