{"id":5259,"date":"2023-10-27T17:45:22","date_gmt":"2023-10-27T15:45:22","guid":{"rendered":"https:\/\/paxspain.com\/product\/sensor-temperatura-humedad-interior\/"},"modified":"2026-02-26T18:58:08","modified_gmt":"2026-02-26T17:58:08","slug":"sensor-temperatura-humedad-interior","status":"publish","type":"product","link":"https:\/\/paxspain.com\/es\/producto\/sensor-temperatura-humedad-interior\/","title":{"rendered":"Sensor de temperatura\/humedad de interior"},"content":{"rendered":"<section>\n<section>\n<section>\n<section>\n<section>\n<section>\n<div class=\"row attribute-categories js-hide-row \" data-rowid=\"191\">\n<div class=\"col-sm-12 \" data-columnid=\"310\">\n<section id=\"section_443\" class=\"section section_Content section_443 \" data-lazysection-routevalues=\"{\"sectionid\":443}\" data-lazyload=\"false\" data-action=\"Home\/ContentSection\" data-sectionid=\"443\" data-view=\"Content\/_ContentDetail\">El <strong data-start=\"1496\" data-end=\"1540\">sensor de temperatura y humedad de interior PAX<\/strong> est\u00e1 dise\u00f1ado para admitir una ventilaci\u00f3n inteligente controlada por la demanda. La medici\u00f3n continua de la temperatura ambiente y los niveles de humedad ayuda a que los sistemas de ventilaci\u00f3n compatibles respondan solo cuando las condiciones lo requieren. Este enfoque espec\u00edfico mejora el confort al tiempo que reduce el uso innecesario de energ\u00eda. Ideal para interiores residenciales, el sensor funciona a la perfecci\u00f3n dentro de las configuraciones de ventilaci\u00f3n PAX, incluidos los sistemas combinados con un <strong data-start=\"1956\" data-end=\"1984\">recuperador de calor<\/strong> o un <strong data-start=\"1988\" data-end=\"2014\">extractor de ba\u00f1o<\/strong>. Una soluci\u00f3n discreta y pr\u00e1ctica para mantener unas condiciones interiores equilibradas sin necesidad de ajustes manuales constantes.    <\/p>\n<h3>Especificaciones clave<\/h3>\n<\/section>\n<section id=\"section_579\" class=\"section section_ProductAttributes section_579 \" data-lazysection-routevalues=\"{\"sectionid\":579}\" data-lazyload=\"false\" data-action=\"ProductDetail\/AttributeSection\" data-sectionid=\"579\" data-view=\"ProductDetail\/_AttributePlaceholders_Single_List\">\n<div class=\"product-additional-content\">\n<dl class=\"dl-horizontal\">\n<dt>EAN 13:<\/dt>\n<dd>7318118100523<\/dd>\n<dt>ETIM:<\/dt>\n<dd>EC011606<\/dd>\n<dt>Acabado:<\/dt>\n<dd>Brillo<\/dd>\n<dt>Color:<\/dt>\n<dd>Blanco<\/dd>\n<dt>Material:<\/dt>\n<dd>Pl\u00e1stico<\/dd>\n<\/dl>\n<\/div>\n<\/section>\n<\/div>\n<\/div>\n<div class=\"row attribute-categories js-hide-row \" data-rowid=\"192\">\n<div class=\"col-sm-12 \" data-columnid=\"312\">\n<section id=\"section_444\" class=\"section section_Content section_444 \" data-lazysection-routevalues=\"{\"sectionid\":444}\" data-lazyload=\"false\" data-action=\"Home\/ContentSection\" data-sectionid=\"444\" data-view=\"Content\/_ContentDetail\">\n<h3>Medidas<\/h3>\n<\/section>\n<section id=\"section_440\" class=\"section section_ProductAttributes section_440 \" data-lazysection-routevalues=\"{\"sectionid\":440}\" data-lazyload=\"false\" data-action=\"ProductDetail\/AttributeSection\" data-sectionid=\"440\" data-view=\"ProductDetail\/_AttributePlaceholders_Single_List\">\n<div class=\"product-additional-content\">\n<dl class=\"dl-horizontal\">\n<dt>Tipo de instalaci\u00f3n, pared, techo, etc:<\/dt>\n<dd>Pared<\/dd>\n<dt>Anchura del producto:<\/dt>\n<dd>54 mm<\/dd>\n<dt>Altura del producto:<\/dt>\n<dd>54 mm<\/dd>\n<dt>Profundidad del producto:<\/dt>\n<dd>22 mm<\/dd>\n<dt>Peso del producto:<\/dt>\n<dd>0,036 kg<\/dd>\n<\/dl>\n<\/div>\n<\/section>\n<\/div>\n<\/div>\n<div class=\"row attribute-categories js-hide-row \" data-rowid=\"193\">\n<div class=\"col-sm-12 \" data-columnid=\"314\">\n<section id=\"section_445\" class=\"section section_Content section_445 \" data-lazysection-routevalues=\"{\"sectionid\":445}\" data-lazyload=\"false\" data-action=\"Home\/ContentSection\" data-sectionid=\"445\" data-view=\"Content\/_ContentDetail\">\n<h3>Caracter\u00edsticas<\/h3>\n<\/section>\n<section id=\"section_442\" class=\"section section_ProductAttributes section_442 \" data-lazysection-routevalues=\"{\"sectionid\":442}\" data-lazyload=\"false\" data-action=\"ProductDetail\/AttributeSection\" data-sectionid=\"442\" data-view=\"ProductDetail\/_AttributePlaceholders_Single_List\">\n<div class=\"product-additional-content\">\n<dl class=\"dl-horizontal\">\n<dt>Funciones:<\/dt>\n<dd>Humidostato, Sensor de temperatura<\/dd>\n<dt>Tipo de instalaci\u00f3n, pared, techo, etc:<\/dt>\n<dd>Pared<\/dd>\n<dt>Clase de aislamiento:<\/dt>\n<dd>II<\/dd>\n<dt>Opci\u00f3n de control inal\u00e1mbrico:<\/dt>\n<dd>Bluetooth LE<\/dd>\n<dt>Acabado:<\/dt>\n<dd>Brillo<\/dd>\n<dt>Color:<\/dt>\n<dd>Blanco<\/dd>\n<dt>Material:<\/dt>\n<dd>Pl\u00e1stico<\/dd>\n<dt>Temperatura m\u00e1xima de funcionamiento:<\/dt>\n<dd>50 \u00b0C<\/dd>\n<dt>Certificado medioambiental:<\/dt>\n<dd>RAEE<\/dd>\n<\/dl>\n<\/div>\n<\/section>\n<\/div>\n<\/div>\n<\/section>\n<\/section>\n<\/section>\n<\/section>\n<\/section>\n<\/section>\n","protected":false},"excerpt":{"rendered":"<p>Sensor inal\u00e1mbrico para uso en interiores que controla la temperatura y la humedad y ajusta la ventilaci\u00f3n si es necesario.<\/p>\n<ul>\n<li>Comunicaci\u00f3n inal\u00e1mbrica (RF868 MHz)<\/li>\n<li>F\u00e1cil conexi\u00f3n a la app mediante Bluetooth<\/li>\n<\/ul>\n<p><a href=\"https:\/\/paxspain.com\/wp-content\/uploads\/2023\/10\/Manual-Decentralized-heat-recovery-accessories.pdf\">Manual Accesorios de recuperaci\u00f3n de calor descentralizada<\/a><br \/>\n<a href=\"https:\/\/paxspain.com\/wp-content\/uploads\/2023\/10\/Installationsmanual-skotsel-Fresh-Connect-RH_temp-inne-ute.pdf\">Manual de instalaci\u00f3n del Fresh Connect RH_temp en casa<\/a><\/p>\n","protected":false},"featured_media":4893,"comment_status":"closed","ping_status":"closed","template":"","meta":{"_et_pb_use_builder":"","_et_pb_old_content":"","_et_gb_content_width":""},"product_brand":[168],"product_cat":[108,93],"product_tag":[],"class_list":{"0":"post-5259","1":"product","2":"type-product","3":"status-publish","4":"has-post-thumbnail","6":"product_brand-fresh","7":"product_cat-accesorios-flow-fdx","8":"product_cat-accesorios-recuperadores-de-calor","10":"first","11":"instock","12":"taxable","13":"shipping-taxable","14":"purchasable","15":"product-type-simple"},"jetpack_sharing_enabled":true,"_links":{"self":[{"href":"https:\/\/paxspain.com\/es\/wp-json\/wp\/v2\/product\/5259","targetHints":{"allow":["GET"]}}],"collection":[{"href":"https:\/\/paxspain.com\/es\/wp-json\/wp\/v2\/product"}],"about":[{"href":"https:\/\/paxspain.com\/es\/wp-json\/wp\/v2\/types\/product"}],"replies":[{"embeddable":true,"href":"https:\/\/paxspain.com\/es\/wp-json\/wp\/v2\/comments?post=5259"}],"wp:featuredmedia":[{"embeddable":true,"href":"https:\/\/paxspain.com\/es\/wp-json\/wp\/v2\/media\/4893"}],"wp:attachment":[{"href":"https:\/\/paxspain.com\/es\/wp-json\/wp\/v2\/media?parent=5259"}],"wp:term":[{"taxonomy":"product_brand","embeddable":true,"href":"https:\/\/paxspain.com\/es\/wp-json\/wp\/v2\/product_brand?post=5259"},{"taxonomy":"product_cat","embeddable":true,"href":"https:\/\/paxspain.com\/es\/wp-json\/wp\/v2\/product_cat?post=5259"},{"taxonomy":"product_tag","embeddable":true,"href":"https:\/\/paxspain.com\/es\/wp-json\/wp\/v2\/product_tag?post=5259"}],"curies":[{"name":"wp","href":"https:\/\/api.w.org\/{rel}","templated":true}]}}