{"id":5261,"date":"2023-10-30T10:48:21","date_gmt":"2023-10-30T09:48:21","guid":{"rendered":"https:\/\/paxspain.com\/product\/paquete-de-accesorios-pax-eos\/"},"modified":"2026-02-26T18:58:17","modified_gmt":"2026-02-26T17:58:17","slug":"paquete-de-accesorios-pax-eos","status":"publish","type":"product","link":"https:\/\/paxspain.com\/es\/producto\/paquete-de-accesorios-pax-eos\/","title":{"rendered":"Paquete de accesorios para PAX Eos"},"content":{"rendered":"<section>\n<div>\n<div>\n<section>\n<p data-start=\"2318\" data-end=\"2601\">La instalaci\u00f3n de un recuperador de calor para una sola estancia suele requerir algo m\u00e1s que la unidad principal. El <strong data-start=\"2417\" data-end=\"2446\">Paquete de accesorios PAX EOS<\/strong> est\u00e1 dise\u00f1ado para facilitar la instalaci\u00f3n y configuraci\u00f3n de los recuperadores de calor PAX EOS, garantizando un montaje limpio, compatible y pr\u00e1ctico. <\/p>\n<p data-start=\"2603\" data-end=\"3024\">Este paquete de accesorios est\u00e1 destinado exclusivamente a la gama PAX EOS. No funciona como un sistema de ventilaci\u00f3n independiente, sino que complementa a la unidad de recuperaci\u00f3n de calor principal aportando los componentes adicionales necesarios para la instalaci\u00f3n o el acabado. Esto resulta especialmente \u00fatil para instaladores que gestionen requisitos espec\u00edficos de la obra o proyectos de renovaci\u00f3n donde las configuraciones est\u00e1ndar requieran ajustes.  <\/p>\n<p data-start=\"3026\" data-end=\"3434\">Los recuperadores de calor para una sola estancia suelen elegirse para proyectos en los que los sistemas de ventilaci\u00f3n mec\u00e1nica con recuperaci\u00f3n de calor (VMC) centralizados no son adecuados. En estos casos, contar con accesorios dise\u00f1ados por el fabricante ayuda a mantener la coherencia y compatibilidad en todas las instalaciones. El paquete de accesorios EOS lo hace posible al ofrecer componentes dise\u00f1ados para adaptarse perfectamente a las dimensiones y requisitos de montaje de la unidad.  <\/p>\n<p data-start=\"3436\" data-end=\"3781\">El uso de accesorios espec\u00edficos tambi\u00e9n ayuda a lograr un acabado m\u00e1s discreto y profesional. El ajuste y la alineaci\u00f3n correctos son importantes no solo por est\u00e9tica, sino tambi\u00e9n para la fiabilidad a largo plazo y la facilidad de mantenimiento. Los accesorios dise\u00f1ados para la unidad espec\u00edfica reducen el riesgo de piezas incompatibles o modificaciones innecesarias durante la instalaci\u00f3n.  <\/p>\n<p data-start=\"3783\" data-end=\"4101\">El <strong data-start=\"3787\" data-end=\"3816\">Paquete de accesorios PAX EOS<\/strong> es adecuado para entornos residenciales y comerciales ligeros donde se instalen recuperadores de calor para una sola estancia en ba\u00f1os, aseos o espacios habitables. Puede utilizarse tanto en proyectos de reforma como de obra nueva, ofreciendo flexibilidad en diferentes escenarios de instalaci\u00f3n. <\/p>\n<p data-start=\"4103\" data-end=\"4341\">Para los instaladores, el paquete garantiza que los componentes son compatibles con el sistema PAX EOS. Para los propietarios, permite una instalaci\u00f3n m\u00e1s limpia y ayuda a asegurar que el recuperador de calor funcione seg\u00fan lo previsto una vez instalado. <\/p>\n<p data-start=\"4343\" data-end=\"4550\">Si va a instalar o actualizar un <strong data-start=\"4377\" data-end=\"4413\">recuperador de calor PAX EOS<\/strong>, este paquete de accesorios ofrece una forma sencilla de completar la instalaci\u00f3n con componentes dise\u00f1ados espec\u00edficamente para el sistema.<\/p>\n<h3>Especificaciones clave<\/h3>\n<\/section>\n<section>\n<div>\n<dl>\n<dt>EAN 13:<\/dt>\n<dd>7391477840415<\/dd>\n<dt>ETIM:<\/dt>\n<dd>EC011606<\/dd>\n<dt>Color:<\/dt>\n<dd>Blanco<\/dd>\n<\/dl>\n<\/div>\n<\/section>\n<\/div>\n<\/div>\n<div>\n<div>\n<section>\n<h3>Medidas<\/h3>\n<\/section>\n<section>\n<div>\n<dl>\n<dt>Tipo de instalaci\u00f3n, pared, techo, etc:<\/dt>\n<dd>Pared<\/dd>\n<dt>Dimensi\u00f3n kanal \u00d8 nominal<\/dt>\n<dd>100 mm<\/dd>\n<dt>Peso del producto:<\/dt>\n<dd>2,8 kg<\/dd>\n<\/dl>\n<\/div>\n<\/section>\n<\/div>\n<\/div>\n<div>\n<div>\n<section>\n<h3>Caracter\u00edsticas<\/h3>\n<\/section>\n<section>\n<div>\n<dl>\n<dt>Tipo de Instalaci\u00f3n, Pared, Celos\u00eda, etc:<\/dt>\n<dd>Pared<\/dd>\n<dt>Color:<\/dt>\n<\/dl>\n<\/div>\n<\/section>\n<\/div>\n<\/div>\n<\/section>\n","protected":false},"excerpt":{"rendered":"<p>El <strong data-start=\"1774\" data-end=\"1803\">Paquete de accesorios PAX EOS<\/strong> est\u00e1 dise\u00f1ado para complementar la gama PAX EOS de recuperadores de calor para una sola estancia. Este kit de accesorios facilita la instalaci\u00f3n y el acabado, garantizando la compatibilidad y un montaje final impecable. Destinado a utilizarse junto con una unidad de recuperaci\u00f3n de calor PAX EOS, proporciona una soluci\u00f3n pr\u00e1ctica para instaladores y propietarios que realicen un proyecto de ventilaci\u00f3n. Adecuado para reformas o nuevas instalaciones, el paquete ofrece mayor flexibilidad al configurar un sistema PAX EOS.   <\/p>\n","protected":false},"featured_media":4919,"comment_status":"open","ping_status":"closed","template":"","meta":{"_et_pb_use_builder":"","_et_pb_old_content":"","_et_gb_content_width":""},"product_brand":[134],"product_cat":[94],"product_tag":[],"class_list":{"0":"post-5261","1":"product","2":"type-product","3":"status-publish","4":"has-post-thumbnail","6":"product_brand-pax","7":"product_cat-pax-eos-es","9":"first","10":"instock","11":"taxable","12":"shipping-taxable","13":"purchasable","14":"product-type-simple"},"jetpack_sharing_enabled":true,"_links":{"self":[{"href":"https:\/\/paxspain.com\/es\/wp-json\/wp\/v2\/product\/5261","targetHints":{"allow":["GET"]}}],"collection":[{"href":"https:\/\/paxspain.com\/es\/wp-json\/wp\/v2\/product"}],"about":[{"href":"https:\/\/paxspain.com\/es\/wp-json\/wp\/v2\/types\/product"}],"replies":[{"embeddable":true,"href":"https:\/\/paxspain.com\/es\/wp-json\/wp\/v2\/comments?post=5261"}],"wp:featuredmedia":[{"embeddable":true,"href":"https:\/\/paxspain.com\/es\/wp-json\/wp\/v2\/media\/4919"}],"wp:attachment":[{"href":"https:\/\/paxspain.com\/es\/wp-json\/wp\/v2\/media?parent=5261"}],"wp:term":[{"taxonomy":"product_brand","embeddable":true,"href":"https:\/\/paxspain.com\/es\/wp-json\/wp\/v2\/product_brand?post=5261"},{"taxonomy":"product_cat","embeddable":true,"href":"https:\/\/paxspain.com\/es\/wp-json\/wp\/v2\/product_cat?post=5261"},{"taxonomy":"product_tag","embeddable":true,"href":"https:\/\/paxspain.com\/es\/wp-json\/wp\/v2\/product_tag?post=5261"}],"curies":[{"name":"wp","href":"https:\/\/api.w.org\/{rel}","templated":true}]}}