{"id":5264,"date":"2023-10-30T17:46:14","date_gmt":"2023-10-30T16:46:14","guid":{"rendered":"https:\/\/paxspain.com\/product\/filtro-de-luz-d94\/"},"modified":"2026-02-26T18:58:24","modified_gmt":"2026-02-26T17:58:24","slug":"filtro-de-luz-d94","status":"publish","type":"product","link":"https:\/\/paxspain.com\/es\/producto\/filtro-de-luz-d94\/","title":{"rendered":"Flimmerfilter D94"},"content":{"rendered":"<p>Hay diferentes opciones de filtro disponibles para adaptarse a su ventilaci\u00f3n de pared Fresh particular. El Flimmerfilter es ultraeficaz y es adecuado para los modelos TL100-DE, TL80DE dBs, TL98F y TL-C. Filtra casi el 100% de todas las part\u00edculas de polen y tiene una larga vida \u00fatil. Si tiene un modelo m\u00e1s antiguo, por ejemplo, F80 o F90, puede utilizar nuestro filtro de polen. Tenga en cuenta que los filtros de electreto de haz de fibra y los filtros de polen no se pueden limpiar. Deben reemplazarse cuando sea necesario. Flimmerfilter es un dise\u00f1o de filtro sueco, patentado a nivel mundial. Es un filtro de alto rendimiento con una larga vida \u00fatil.       <\/p>\n<div class=\"row attribute-categories js-hide-row \" data-rowid=\"191\">\n<div class=\"col-sm-12 \" data-columnid=\"310\">\n<section id=\"section_443\" class=\"section section_Content section_443 \" data-lazysection-routevalues=\"{\"sectionid\":443}\" data-lazyload=\"false\" data-action=\"Home\/ContentSection\" data-sectionid=\"443\" data-view=\"Content\/_ContentDetail\">\n<h3>C\u00f3digos de los art\u00edculos<\/h3>\n<\/section>\n<section id=\"section_579\" class=\"section section_ProductAttributes section_579 \" data-lazysection-routevalues=\"{\"sectionid\":579}\" data-lazyload=\"false\" data-action=\"ProductDetail\/AttributeSection\" data-sectionid=\"579\" data-view=\"ProductDetail\/_AttributePlaceholders_Single_List\">\n<div class=\"product-additional-content\">\n<dl class=\"dl-horizontal\">\n<dt>N\u00ba art:<\/dt>\n<dd>423778<\/dd>\n<dt>EAN 13:<\/dt>\n<dd>7318114237780<\/dd>\n<dt>ETIM:<\/dt>\n<dd>EC011238<\/dd>\n<\/dl>\n<\/div>\n<\/section>\n<\/div>\n<\/div>\n<div class=\"row attribute-categories js-hide-row \" data-rowid=\"192\">\n<div class=\"col-sm-12 \" data-columnid=\"312\">\n<section id=\"section_444\" class=\"section section_Content section_444 \" data-lazysection-routevalues=\"{\"sectionid\":444}\" data-lazyload=\"false\" data-action=\"Home\/ContentSection\" data-sectionid=\"444\" data-view=\"Content\/_ContentDetail\">\n<h3>Medidas<\/h3>\n<\/section>\n<section id=\"section_440\" class=\"section section_ProductAttributes section_440 \" data-lazysection-routevalues=\"{\"sectionid\":440}\" data-lazyload=\"false\" data-action=\"ProductDetail\/AttributeSection\" data-sectionid=\"440\" data-view=\"ProductDetail\/_AttributePlaceholders_Single_List\">\n<div class=\"product-additional-content\">\n<dl class=\"dl-horizontal\">\n<dt>Anchura del producto:<\/dt>\n<dd>102 mm<\/dd>\n<dt>Altura del producto:<\/dt>\n<dd>93 mm<\/dd>\n<dt>Profundidad del producto:<\/dt>\n<dd>93 mm<\/dd>\n<dt>Peso del producto:<\/dt>\n<dd>0,076 kg<\/dd>\n<\/dl>\n<\/div>\n<\/section>\n<\/div>\n<\/div>\n<div class=\"row attribute-categories js-hide-row \" data-rowid=\"193\">\n<div class=\"col-sm-12 \" data-columnid=\"314\">\n<section id=\"section_445\" class=\"section section_Content section_445 \" data-lazysection-routevalues=\"{\"sectionid\":445}\" data-lazyload=\"false\" data-action=\"Home\/ContentSection\" data-sectionid=\"445\" data-view=\"Content\/_ContentDetail\">\n<h3>Caracter\u00edsticas<\/h3>\n<\/section>\n<section id=\"section_442\" class=\"section section_ProductAttributes section_442 \" data-lazysection-routevalues=\"{\"sectionid\":442}\" data-lazyload=\"false\" data-action=\"ProductDetail\/AttributeSection\" data-sectionid=\"442\" data-view=\"ProductDetail\/_AttributePlaceholders_Single_List\">\n<div class=\"product-additional-content\">\n<dl class=\"dl-horizontal\">\n<dt>Color:<\/dt>\n<dd>Blanco<\/dd>\n<dt>Material:<\/dt>\n<dd>Pl\u00e1stico<\/dd>\n<dt>Material Pl\u00e1stico Detalle:<\/dt>\n<dd>PP<\/dd>\n<\/dl>\n<\/div>\n<\/section>\n<\/div>\n<\/div>\n","protected":false},"excerpt":{"rendered":"<p><strong>El Flimmerfilter D94 es un filtro de ventilaci\u00f3n de repuesto de alto rendimiento dise\u00f1ado para modelos de ventilaci\u00f3n de pared seleccionados, incluyendo TL100DE, TL80DE dBs y TL98F.<\/strong><\/p>\n<ul>\n<li>Filtro de acci\u00f3n prolongada de alta eficacia para instalaci\u00f3n en conducto<\/li>\n<li>Separaci\u00f3n en profundidad a lo largo de las fibras<\/li>\n<li>Ca\u00edda de presi\u00f3n baja y constante durante todo el tiempo de funcionamiento<\/li>\n<li>Largo tiempo de funcionamiento, 1-2 a\u00f1os entre cambios de filtro<\/li>\n<li>El filtro es totalmente ecol\u00f3gico, es decir, combustible<\/li>\n<\/ul>\n<p><a href=\"https:\/\/paxspain.com\/wp-content\/uploads\/2023\/10\/Productsheet_Flimmerfilter_EN.pdf\">Descargar Ficha de Producto Flimmerfilter &#8211; Ingl\u00e9s<\/a><\/p>\n<p><iframe loading=\"lazy\" title=\"Reproductor de v\u00eddeo de YouTube\" src=\"https:\/\/www.youtube.com\/embed\/RUfns8FylQs?si=cP2emgjF6VNH7Paz\" width=\"560\" height=\"315\" frameborder=\"0\" allowfullscreen=\"allowfullscreen\"><\/iframe><\/p>\n","protected":false},"featured_media":4947,"comment_status":"closed","ping_status":"closed","template":"","meta":{"_et_pb_use_builder":"","_et_pb_old_content":"","_et_gb_content_width":""},"product_brand":[168],"product_cat":[72],"product_tag":[],"class_list":{"0":"post-5264","1":"product","2":"type-product","3":"status-publish","4":"has-post-thumbnail","6":"product_brand-fresh","7":"product_cat-accesorios-de-ventilacion-de-pared","8":"pa_product-type-filtro-de-ventilacion-de-pared","10":"first","11":"instock","12":"taxable","13":"shipping-taxable","14":"purchasable","15":"product-type-simple"},"jetpack_sharing_enabled":true,"_links":{"self":[{"href":"https:\/\/paxspain.com\/es\/wp-json\/wp\/v2\/product\/5264","targetHints":{"allow":["GET"]}}],"collection":[{"href":"https:\/\/paxspain.com\/es\/wp-json\/wp\/v2\/product"}],"about":[{"href":"https:\/\/paxspain.com\/es\/wp-json\/wp\/v2\/types\/product"}],"replies":[{"embeddable":true,"href":"https:\/\/paxspain.com\/es\/wp-json\/wp\/v2\/comments?post=5264"}],"wp:featuredmedia":[{"embeddable":true,"href":"https:\/\/paxspain.com\/es\/wp-json\/wp\/v2\/media\/4947"}],"wp:attachment":[{"href":"https:\/\/paxspain.com\/es\/wp-json\/wp\/v2\/media?parent=5264"}],"wp:term":[{"taxonomy":"product_brand","embeddable":true,"href":"https:\/\/paxspain.com\/es\/wp-json\/wp\/v2\/product_brand?post=5264"},{"taxonomy":"product_cat","embeddable":true,"href":"https:\/\/paxspain.com\/es\/wp-json\/wp\/v2\/product_cat?post=5264"},{"taxonomy":"product_tag","embeddable":true,"href":"https:\/\/paxspain.com\/es\/wp-json\/wp\/v2\/product_tag?post=5264"}],"curies":[{"name":"wp","href":"https:\/\/api.w.org\/{rel}","templated":true}]}}